{"id":7129,"date":"2026-03-15T22:12:43","date_gmt":"2026-03-15T21:12:43","guid":{"rendered":"https:\/\/bio-senf.ch\/?post_type=product&#038;p=7129"},"modified":"2026-03-15T22:12:44","modified_gmt":"2026-03-15T21:12:44","slug":"apfelsenf","status":"publish","type":"product","link":"https:\/\/bio-senf.ch\/fr\/shop\/apfelsenf\/","title":{"rendered":"Apfelsenf"},"content":{"rendered":"<p><strong>Apfelsenf : Neue Senfsorte ab 2026<\/strong><\/p>\n<p>Ein frischer, s\u00fcsslicher Apfelsenf erwartet dich.<\/p>\n<p>Die erntefrischen Fr\u00fcchte werden ged\u00f6rrt. Danach im Apfelsaft, Essig und Wasser zusammen mit den anderen Zutaten direkt in der Senfm\u00fchle gemahlen.<\/p>\n<p>Der Apfelsenf erf\u00fcllt s\u00e4mtliche Vorgaben f\u00fcr vegetarische und vegane Kost. Seine S\u00e4fte sind ungefiltert und er ist auch zuckerfrei.<br \/>\nDie Slow Food Freunde finden hier einen Senf, der selbst gemahlen wurde. D.h. das ganze Senfkorn wird f\u00fcr diesen Senf im Kaltmahlverfahren vermahlt.<\/p>\n<p>Verwendung: Bratlinge, Gem\u00fcse, Risotto, Gschwellte Kartoffeln, K\u00e4se, Fleisch oder in die Salatsauce. Er ist sehr geeignet als W\u00fcrzmittel f\u00fcr die vegane und vegetarische K\u00fcche.<\/p>\n<p>Zutaten: Apfelteile* 60% (Apfels\u00fcssmost, Apfelessig, Apfel ged\u00f6rrt), <strong>Senfk\u00f6rner*<\/strong>, Wasser, Verjus*, Alpensalz, Kurkuma<br \/>\n* = CH<\/p>\n<p>Alle Zutaten landwirtschaftlichen Ursprungs Schweiz sind biologisch produziert aus Schweizer Landwirtschaft.<\/p>\n<p>Inhalt: 150g<\/p>\n<p>inkl. 2.6% MwSt<\/p>\n<p><strong>N\u00e4hrwerte pro 100 g<\/strong><\/p>\n<p>Energie 681 kJ \/ 182 kcal<\/p>\n<p>Fett 7.1 g, davon ges\u00e4ttigte Fetts\u00e4uren 0.5 g<\/p>\n<p>Kohlenhydrate 16.2 g, davon (Frucht-) Zucker 10 g<\/p>\n<p>Eiweiss 6 g<\/p>\n<p>Salz 1 g<\/p>\n<p>&nbsp;<\/p>\n","protected":false},"excerpt":{"rendered":"<p>Apfelsenf : Neue Senfsorte ab 2026 Ein frischer, s\u00fcsslicher Apfelsenf erwartet dich. Die erntefrischen Fr\u00fcchte werden ged\u00f6rrt. Danach im Apfelsaft, Essig und Wasser zusammen mit den anderen Zutaten direkt in der Senfm\u00fchle gemahlen. Der Apfelsenf erf\u00fcllt s\u00e4mtliche Vorgaben f\u00fcr vegetarische und vegane Kost. Seine S\u00e4fte sind ungefiltert und er ist auch zuckerfrei. Die Slow Food [&hellip;]<\/p>\n","protected":false},"featured_media":7130,"template":"","meta":[],"product_brand":[],"product_cat":[331],"product_tag":[891,441,893,892],"class_list":{"0":"post-7129","1":"product","2":"type-product","3":"status-publish","4":"has-post-thumbnail","6":"product_cat-frucht","7":"product_tag-apfel-senf","8":"product_tag-apfelsenf","9":"product_tag-bio-apfel-senf","10":"product_tag-bio-apfelsenf","12":"first","13":"instock","14":"taxable","15":"shipping-taxable","16":"purchasable","17":"product-type-simple"},"yoast_head":"<!-- This site is optimized with the Yoast SEO plugin v27.5 - https:\/\/yoast.com\/product\/yoast-seo-wordpress\/ -->\n<title>Apfelsenf - Bio-Senf<\/title>\n<meta name=\"description\" content=\"Feiner s\u00fcsslicher Apfelsenf mit 60% Anteilen von \u00c4pfeln. Frischer Apfelsenf zur W\u00fcrzung deiner Speisen. Ungefilterter Apfelsaft und Apfelessig.\" \/>\n<meta name=\"robots\" content=\"index, follow, max-snippet:-1, max-image-preview:large, max-video-preview:-1\" \/>\n<link rel=\"canonical\" href=\"https:\/\/bio-senf.ch\/fr\/shop\/apfelsenf\/\" \/>\n<meta property=\"og:locale\" content=\"fr_FR\" \/>\n<meta property=\"og:type\" content=\"article\" \/>\n<meta property=\"og:title\" content=\"Apfelsenf - Bio-Senf\" \/>\n<meta property=\"og:description\" content=\"Feiner s\u00fcsslicher Apfelsenf mit 60% Anteilen von \u00c4pfeln. Frischer Apfelsenf zur W\u00fcrzung deiner Speisen. Ungefilterter Apfelsaft und Apfelessig.\" \/>\n<meta property=\"og:url\" content=\"https:\/\/bio-senf.ch\/fr\/shop\/apfelsenf\/\" \/>\n<meta property=\"og:site_name\" content=\"Bio-Senf\" \/>\n<meta property=\"article:modified_time\" content=\"2026-03-15T21:12:44+00:00\" \/>\n<meta property=\"og:image\" content=\"https:\/\/bio-senf.ch\/wp-content\/uploads\/Apfel-scaled-e1773609082770.jpg\" \/>\n\t<meta property=\"og:image:width\" content=\"800\" \/>\n\t<meta property=\"og:image:height\" content=\"1067\" \/>\n\t<meta property=\"og:image:type\" content=\"image\/jpeg\" \/>\n<meta name=\"twitter:card\" content=\"summary_large_image\" \/>\n<meta name=\"twitter:label1\" content=\"Dur\u00e9e de lecture estim\u00e9e\" \/>\n\t<meta name=\"twitter:data1\" content=\"1 minute\" \/>\n<script type=\"application\/ld+json\" class=\"yoast-schema-graph\">{\"@context\":\"https:\\\/\\\/schema.org\",\"@graph\":[{\"@type\":\"WebPage\",\"@id\":\"https:\\\/\\\/bio-senf.ch\\\/fr\\\/shop\\\/apfelsenf\\\/\",\"url\":\"https:\\\/\\\/bio-senf.ch\\\/fr\\\/shop\\\/apfelsenf\\\/\",\"name\":\"Apfelsenf - Bio-Senf\",\"isPartOf\":{\"@id\":\"https:\\\/\\\/bio-senf.ch\\\/fr\\\/#website\"},\"primaryImageOfPage\":{\"@id\":\"https:\\\/\\\/bio-senf.ch\\\/fr\\\/shop\\\/apfelsenf\\\/#primaryimage\"},\"image\":{\"@id\":\"https:\\\/\\\/bio-senf.ch\\\/fr\\\/shop\\\/apfelsenf\\\/#primaryimage\"},\"thumbnailUrl\":\"https:\\\/\\\/bio-senf.ch\\\/wp-content\\\/uploads\\\/Apfel-scaled-e1773609082770.jpg\",\"datePublished\":\"2026-03-15T21:12:43+00:00\",\"dateModified\":\"2026-03-15T21:12:44+00:00\",\"description\":\"Feiner s\u00fcsslicher Apfelsenf mit 60% Anteilen von \u00c4pfeln. Frischer Apfelsenf zur W\u00fcrzung deiner Speisen. Ungefilterter Apfelsaft und Apfelessig.\",\"breadcrumb\":{\"@id\":\"https:\\\/\\\/bio-senf.ch\\\/fr\\\/shop\\\/apfelsenf\\\/#breadcrumb\"},\"inLanguage\":\"fr-FR\",\"potentialAction\":[{\"@type\":\"ReadAction\",\"target\":[\"https:\\\/\\\/bio-senf.ch\\\/fr\\\/shop\\\/apfelsenf\\\/\"]}]},{\"@type\":\"ImageObject\",\"inLanguage\":\"fr-FR\",\"@id\":\"https:\\\/\\\/bio-senf.ch\\\/fr\\\/shop\\\/apfelsenf\\\/#primaryimage\",\"url\":\"https:\\\/\\\/bio-senf.ch\\\/wp-content\\\/uploads\\\/Apfel-scaled-e1773609082770.jpg\",\"contentUrl\":\"https:\\\/\\\/bio-senf.ch\\\/wp-content\\\/uploads\\\/Apfel-scaled-e1773609082770.jpg\",\"width\":800,\"height\":1067,\"caption\":\"Apfelsenf\"},{\"@type\":\"BreadcrumbList\",\"@id\":\"https:\\\/\\\/bio-senf.ch\\\/fr\\\/shop\\\/apfelsenf\\\/#breadcrumb\",\"itemListElement\":[{\"@type\":\"ListItem\",\"position\":1,\"name\":\"Startseite\",\"item\":\"https:\\\/\\\/bio-senf.ch\\\/fr\\\/\"},{\"@type\":\"ListItem\",\"position\":2,\"name\":\"Boutique\",\"item\":\"https:\\\/\\\/bio-senf.ch\\\/boutique\\\/?lang=fr\"},{\"@type\":\"ListItem\",\"position\":3,\"name\":\"Apfelsenf\"}]},{\"@type\":\"WebSite\",\"@id\":\"https:\\\/\\\/bio-senf.ch\\\/fr\\\/#website\",\"url\":\"https:\\\/\\\/bio-senf.ch\\\/fr\\\/\",\"name\":\"Bio-Senf\",\"description\":\"Wir geben \u00fcberall unseren Senf dazu\",\"potentialAction\":[{\"@type\":\"SearchAction\",\"target\":{\"@type\":\"EntryPoint\",\"urlTemplate\":\"https:\\\/\\\/bio-senf.ch\\\/fr\\\/?s={search_term_string}\"},\"query-input\":{\"@type\":\"PropertyValueSpecification\",\"valueRequired\":true,\"valueName\":\"search_term_string\"}}],\"inLanguage\":\"fr-FR\"}]}<\/script>\n<!-- \/ Yoast SEO plugin. -->","yoast_head_json":{"title":"Apfelsenf - Bio-Senf","description":"Feiner s\u00fcsslicher Apfelsenf mit 60% Anteilen von \u00c4pfeln. Frischer Apfelsenf zur W\u00fcrzung deiner Speisen. Ungefilterter Apfelsaft und Apfelessig.","robots":{"index":"index","follow":"follow","max-snippet":"max-snippet:-1","max-image-preview":"max-image-preview:large","max-video-preview":"max-video-preview:-1"},"canonical":"https:\/\/bio-senf.ch\/fr\/shop\/apfelsenf\/","og_locale":"fr_FR","og_type":"article","og_title":"Apfelsenf - Bio-Senf","og_description":"Feiner s\u00fcsslicher Apfelsenf mit 60% Anteilen von \u00c4pfeln. Frischer Apfelsenf zur W\u00fcrzung deiner Speisen. Ungefilterter Apfelsaft und Apfelessig.","og_url":"https:\/\/bio-senf.ch\/fr\/shop\/apfelsenf\/","og_site_name":"Bio-Senf","article_modified_time":"2026-03-15T21:12:44+00:00","og_image":[{"width":800,"height":1067,"url":"https:\/\/bio-senf.ch\/wp-content\/uploads\/Apfel-scaled-e1773609082770.jpg","type":"image\/jpeg"}],"twitter_card":"summary_large_image","twitter_misc":{"Dur\u00e9e de lecture estim\u00e9e":"1 minute"},"schema":{"@context":"https:\/\/schema.org","@graph":[{"@type":"WebPage","@id":"https:\/\/bio-senf.ch\/fr\/shop\/apfelsenf\/","url":"https:\/\/bio-senf.ch\/fr\/shop\/apfelsenf\/","name":"Apfelsenf - Bio-Senf","isPartOf":{"@id":"https:\/\/bio-senf.ch\/fr\/#website"},"primaryImageOfPage":{"@id":"https:\/\/bio-senf.ch\/fr\/shop\/apfelsenf\/#primaryimage"},"image":{"@id":"https:\/\/bio-senf.ch\/fr\/shop\/apfelsenf\/#primaryimage"},"thumbnailUrl":"https:\/\/bio-senf.ch\/wp-content\/uploads\/Apfel-scaled-e1773609082770.jpg","datePublished":"2026-03-15T21:12:43+00:00","dateModified":"2026-03-15T21:12:44+00:00","description":"Feiner s\u00fcsslicher Apfelsenf mit 60% Anteilen von \u00c4pfeln. Frischer Apfelsenf zur W\u00fcrzung deiner Speisen. Ungefilterter Apfelsaft und Apfelessig.","breadcrumb":{"@id":"https:\/\/bio-senf.ch\/fr\/shop\/apfelsenf\/#breadcrumb"},"inLanguage":"fr-FR","potentialAction":[{"@type":"ReadAction","target":["https:\/\/bio-senf.ch\/fr\/shop\/apfelsenf\/"]}]},{"@type":"ImageObject","inLanguage":"fr-FR","@id":"https:\/\/bio-senf.ch\/fr\/shop\/apfelsenf\/#primaryimage","url":"https:\/\/bio-senf.ch\/wp-content\/uploads\/Apfel-scaled-e1773609082770.jpg","contentUrl":"https:\/\/bio-senf.ch\/wp-content\/uploads\/Apfel-scaled-e1773609082770.jpg","width":800,"height":1067,"caption":"Apfelsenf"},{"@type":"BreadcrumbList","@id":"https:\/\/bio-senf.ch\/fr\/shop\/apfelsenf\/#breadcrumb","itemListElement":[{"@type":"ListItem","position":1,"name":"Startseite","item":"https:\/\/bio-senf.ch\/fr\/"},{"@type":"ListItem","position":2,"name":"Boutique","item":"https:\/\/bio-senf.ch\/boutique\/?lang=fr"},{"@type":"ListItem","position":3,"name":"Apfelsenf"}]},{"@type":"WebSite","@id":"https:\/\/bio-senf.ch\/fr\/#website","url":"https:\/\/bio-senf.ch\/fr\/","name":"Bio-Senf","description":"Wir geben \u00fcberall unseren Senf dazu","potentialAction":[{"@type":"SearchAction","target":{"@type":"EntryPoint","urlTemplate":"https:\/\/bio-senf.ch\/fr\/?s={search_term_string}"},"query-input":{"@type":"PropertyValueSpecification","valueRequired":true,"valueName":"search_term_string"}}],"inLanguage":"fr-FR"}]}},"_links":{"self":[{"href":"https:\/\/bio-senf.ch\/fr\/wp-json\/wp\/v2\/product\/7129","targetHints":{"allow":["GET"]}}],"collection":[{"href":"https:\/\/bio-senf.ch\/fr\/wp-json\/wp\/v2\/product"}],"about":[{"href":"https:\/\/bio-senf.ch\/fr\/wp-json\/wp\/v2\/types\/product"}],"wp:featuredmedia":[{"embeddable":true,"href":"https:\/\/bio-senf.ch\/fr\/wp-json\/wp\/v2\/media\/7130"}],"wp:attachment":[{"href":"https:\/\/bio-senf.ch\/fr\/wp-json\/wp\/v2\/media?parent=7129"}],"wp:term":[{"taxonomy":"product_brand","embeddable":true,"href":"https:\/\/bio-senf.ch\/fr\/wp-json\/wp\/v2\/product_brand?post=7129"},{"taxonomy":"product_cat","embeddable":true,"href":"https:\/\/bio-senf.ch\/fr\/wp-json\/wp\/v2\/product_cat?post=7129"},{"taxonomy":"product_tag","embeddable":true,"href":"https:\/\/bio-senf.ch\/fr\/wp-json\/wp\/v2\/product_tag?post=7129"}],"curies":[{"name":"wp","href":"https:\/\/api.w.org\/{rel}","templated":true}]}}