{"id":6507,"date":"2025-02-03T11:06:59","date_gmt":"2025-02-03T10:06:59","guid":{"rendered":"https:\/\/bio-senf.ch\/?post_type=product&#038;p=6507"},"modified":"2025-02-03T11:25:33","modified_gmt":"2025-02-03T10:25:33","slug":"peche_de_vigne","status":"publish","type":"product","link":"https:\/\/bio-senf.ch\/fr\/shop\/peche_de_vigne\/","title":{"rendered":"P\u00eache de vigne piquante"},"content":{"rendered":"<p>P\u00eache de vigne &#8211; Moutarde piquante : nouvelle vari\u00e9t\u00e9 de moutarde depuis 2025<\/p>\n<p>La p\u00eache de vigne rouge aime, comme son nom l&rsquo;indique, un climat semblable \u00e0 celui de la vigne : chaud, avec un sol perm\u00e9able. Cette ancienne vari\u00e9t\u00e9 est peu sensible \u00e0 la maladie de la frisure et pr\u00e9sente une belle coloration automnale. D\u00e8s le mois d&rsquo;avril, elle est un plaisir pour les yeux avec ses nombreuses fleurs roses et parfum\u00e9es qui donnent naissance \u00e0 des fruits de taille moyenne, \u00e0 la pilosit\u00e9 dense et de couleur rouge fonc\u00e9. La &lsquo;p\u00eache de vigne rouge&rsquo;, dite p\u00eache sanguine, est connue pour sa chair juteuse d&rsquo;un blanc rouge\u00e2tre \u00e0 rouge profond et sa peau rouge sang. Le go\u00fbt et l&rsquo;ar\u00f4me de la p\u00eache de vigne sont plus \u00e2pres, plus intenses et moins sucr\u00e9s que ceux des p\u00eaches de table. C&rsquo;est pourquoi elle se pr\u00eate moins \u00e0 la consommation fra\u00eeche qu&rsquo;\u00e0 la transformation en compotes, confitures, eaux-de-vie, liqueurs ou moutardes. Elle se pr\u00eate \u00e0 la cuisson ou \u00e0 l&rsquo;\u00e9tuvage. C&rsquo;est alors que cette p\u00eache d\u00e9veloppe son d\u00e9licieux ar\u00f4me.<\/p>\n<p>Ici, dans la moutarde bio, les fruits de la p\u00eache de vigne sont trait\u00e9s \u00e0 froid. C&rsquo;est-\u00e0-dire que les fruits fra\u00eechement r\u00e9colt\u00e9s sont moulus directement dans le moulin \u00e0 moutarde avec les autres ingr\u00e9dients. Les fruits du p\u00eacher de vigne proviennent d&rsquo;un arbre pro specie rara \u00e0 basse tige.<\/p>\n<p>La moutarde bio \u00e0 la p\u00eache de vigne piquante r\u00e9pond \u00e0 toutes les exigences des r\u00e9gimes v\u00e9g\u00e9tariens et v\u00e9g\u00e9taliens. Ses jus ne sont pas filtr\u00e9s et elle est \u00e9galement sans sucre.<br \/>\nLes amateurs de Slow Food trouveront ici une moutarde moulue par leurs soins. C&rsquo;est-\u00e0-dire que le grain de moutarde entier est moulu \u00e0 froid pour cette moutarde.<\/p>\n<p>Utilisation : R\u00f4tis, l\u00e9gumes, risotto, pommes de terre en robe des champs, fromage, viande ou dans la sauce \u00e0 salade.<\/p>\n<p>Ingr\u00e9dients : P\u00eache de vigne (53%), vinaigre de cidre, graines de moutarde, jus de poire, verjus, sel des Alpes, \u00e9pices.<\/p>\n<p>Tous les ingr\u00e9dients d&rsquo;origine agricole suisse sont issus de l&rsquo;agriculture biologique.<\/p>\n<p>Contenu : 150 g<\/p>\n<p>CH-Bio-038<\/p>\n<p>TVA de 2.6 % incluse<\/p>\n<p>Valeurs nutritives pour 100 g<\/p>\n<p>\u00c9nergie 531 kJ \/ 127 kcal<br \/>\nGraisse 5.4 g<br \/>\ndont acides gras satur\u00e9s 0.3 g<br \/>\nHydrates de carbone 11.6 g<br \/>\ndont sucre (de fruits) 7.6 g<br \/>\nProt\u00e9ines 4.8 g<br \/>\nSel 1.5 g<\/p>\n<p>&nbsp;<\/p>\n","protected":false},"excerpt":{"rendered":"<p>P\u00eache de vigne &#8211; Moutarde piquante : nouvelle vari\u00e9t\u00e9 de moutarde depuis 2025 La p\u00eache de vigne rouge aime, comme son nom l&rsquo;indique, un climat semblable \u00e0 celui de la vigne : chaud, avec un sol perm\u00e9able. Cette ancienne vari\u00e9t\u00e9 est peu sensible \u00e0 la maladie de la frisure et pr\u00e9sente une belle coloration automnale. [&hellip;]<\/p>\n","protected":false},"featured_media":6501,"template":"","meta":[],"product_brand":[],"product_cat":[576,561],"product_tag":[793,620,621,538,618],"class_list":{"0":"post-6507","1":"product","2":"type-product","3":"status-publish","4":"has-post-thumbnail","6":"product_cat-moutardes-fruits-et-noix","7":"product_cat-spezielle-fr","8":"product_tag-bio-fr","9":"product_tag-bio-senf-fr","10":"product_tag-biosenf-fr","11":"product_tag-bourgeon-fr","12":"product_tag-moutarde-fr","14":"first","15":"instock","16":"taxable","17":"shipping-taxable","18":"purchasable","19":"product-type-simple"},"yoast_head":"<!-- This site is optimized with the Yoast SEO plugin v27.5 - https:\/\/yoast.com\/product\/yoast-seo-wordpress\/ -->\n<title>P\u00eache de vigne piquante - Bio-Senf<\/title>\n<meta name=\"description\" content=\"Moutarde-bio fine aux fruits de la p\u00eache de vigne. En plus de cette moutarde, tu trouveras 25 autres vari\u00e9t\u00e9s sur www.bio-senf.ch.\" \/>\n<meta name=\"robots\" content=\"index, follow, max-snippet:-1, max-image-preview:large, max-video-preview:-1\" \/>\n<link rel=\"canonical\" href=\"https:\/\/bio-senf.ch\/fr\/shop\/peche_de_vigne\/\" \/>\n<meta property=\"og:locale\" content=\"fr_FR\" \/>\n<meta property=\"og:type\" content=\"article\" \/>\n<meta property=\"og:title\" content=\"P\u00eache de vigne piquante - Bio-Senf\" \/>\n<meta property=\"og:description\" content=\"Moutarde-bio fine aux fruits de la p\u00eache de vigne. En plus de cette moutarde, tu trouveras 25 autres vari\u00e9t\u00e9s sur www.bio-senf.ch.\" \/>\n<meta property=\"og:url\" content=\"https:\/\/bio-senf.ch\/fr\/shop\/peche_de_vigne\/\" \/>\n<meta property=\"og:site_name\" content=\"Bio-Senf\" \/>\n<meta property=\"article:modified_time\" content=\"2025-02-03T10:25:33+00:00\" \/>\n<meta property=\"og:image\" content=\"https:\/\/bio-senf.ch\/wp-content\/uploads\/20250129_142533-scaled-e1738576657946.jpg\" \/>\n\t<meta property=\"og:image:width\" content=\"1920\" \/>\n\t<meta property=\"og:image:height\" content=\"2560\" \/>\n\t<meta property=\"og:image:type\" content=\"image\/jpeg\" \/>\n<meta name=\"twitter:card\" content=\"summary_large_image\" \/>\n<script type=\"application\/ld+json\" class=\"yoast-schema-graph\">{\"@context\":\"https:\\\/\\\/schema.org\",\"@graph\":[{\"@type\":\"WebPage\",\"@id\":\"https:\\\/\\\/bio-senf.ch\\\/fr\\\/shop\\\/peche_de_vigne\\\/\",\"url\":\"https:\\\/\\\/bio-senf.ch\\\/fr\\\/shop\\\/peche_de_vigne\\\/\",\"name\":\"P\u00eache de vigne piquante - Bio-Senf\",\"isPartOf\":{\"@id\":\"https:\\\/\\\/bio-senf.ch\\\/fr\\\/#website\"},\"primaryImageOfPage\":{\"@id\":\"https:\\\/\\\/bio-senf.ch\\\/fr\\\/shop\\\/peche_de_vigne\\\/#primaryimage\"},\"image\":{\"@id\":\"https:\\\/\\\/bio-senf.ch\\\/fr\\\/shop\\\/peche_de_vigne\\\/#primaryimage\"},\"thumbnailUrl\":\"https:\\\/\\\/bio-senf.ch\\\/wp-content\\\/uploads\\\/20250129_142533-scaled-e1738576657946.jpg\",\"datePublished\":\"2025-02-03T10:06:59+00:00\",\"dateModified\":\"2025-02-03T10:25:33+00:00\",\"description\":\"Moutarde-bio fine aux fruits de la p\u00eache de vigne. En plus de cette moutarde, tu trouveras 25 autres vari\u00e9t\u00e9s sur www.bio-senf.ch.\",\"breadcrumb\":{\"@id\":\"https:\\\/\\\/bio-senf.ch\\\/fr\\\/shop\\\/peche_de_vigne\\\/#breadcrumb\"},\"inLanguage\":\"fr-FR\",\"potentialAction\":[{\"@type\":\"ReadAction\",\"target\":[\"https:\\\/\\\/bio-senf.ch\\\/fr\\\/shop\\\/peche_de_vigne\\\/\"]}]},{\"@type\":\"ImageObject\",\"inLanguage\":\"fr-FR\",\"@id\":\"https:\\\/\\\/bio-senf.ch\\\/fr\\\/shop\\\/peche_de_vigne\\\/#primaryimage\",\"url\":\"https:\\\/\\\/bio-senf.ch\\\/wp-content\\\/uploads\\\/20250129_142533-scaled-e1738576657946.jpg\",\"contentUrl\":\"https:\\\/\\\/bio-senf.ch\\\/wp-content\\\/uploads\\\/20250129_142533-scaled-e1738576657946.jpg\",\"width\":1920,\"height\":2560,\"caption\":\"Weinbergpfirsich\"},{\"@type\":\"BreadcrumbList\",\"@id\":\"https:\\\/\\\/bio-senf.ch\\\/fr\\\/shop\\\/peche_de_vigne\\\/#breadcrumb\",\"itemListElement\":[{\"@type\":\"ListItem\",\"position\":1,\"name\":\"Startseite\",\"item\":\"https:\\\/\\\/bio-senf.ch\\\/fr\\\/\"},{\"@type\":\"ListItem\",\"position\":2,\"name\":\"Boutique\",\"item\":\"https:\\\/\\\/bio-senf.ch\\\/boutique\\\/?lang=fr\"},{\"@type\":\"ListItem\",\"position\":3,\"name\":\"P\u00eache de vigne piquante\"}]},{\"@type\":\"WebSite\",\"@id\":\"https:\\\/\\\/bio-senf.ch\\\/fr\\\/#website\",\"url\":\"https:\\\/\\\/bio-senf.ch\\\/fr\\\/\",\"name\":\"Bio-Senf\",\"description\":\"Wir geben \u00fcberall unseren Senf dazu\",\"potentialAction\":[{\"@type\":\"SearchAction\",\"target\":{\"@type\":\"EntryPoint\",\"urlTemplate\":\"https:\\\/\\\/bio-senf.ch\\\/fr\\\/?s={search_term_string}\"},\"query-input\":{\"@type\":\"PropertyValueSpecification\",\"valueRequired\":true,\"valueName\":\"search_term_string\"}}],\"inLanguage\":\"fr-FR\"}]}<\/script>\n<!-- \/ Yoast SEO plugin. -->","yoast_head_json":{"title":"P\u00eache de vigne piquante - Bio-Senf","description":"Moutarde-bio fine aux fruits de la p\u00eache de vigne. En plus de cette moutarde, tu trouveras 25 autres vari\u00e9t\u00e9s sur www.bio-senf.ch.","robots":{"index":"index","follow":"follow","max-snippet":"max-snippet:-1","max-image-preview":"max-image-preview:large","max-video-preview":"max-video-preview:-1"},"canonical":"https:\/\/bio-senf.ch\/fr\/shop\/peche_de_vigne\/","og_locale":"fr_FR","og_type":"article","og_title":"P\u00eache de vigne piquante - Bio-Senf","og_description":"Moutarde-bio fine aux fruits de la p\u00eache de vigne. En plus de cette moutarde, tu trouveras 25 autres vari\u00e9t\u00e9s sur www.bio-senf.ch.","og_url":"https:\/\/bio-senf.ch\/fr\/shop\/peche_de_vigne\/","og_site_name":"Bio-Senf","article_modified_time":"2025-02-03T10:25:33+00:00","og_image":[{"width":1920,"height":2560,"url":"https:\/\/bio-senf.ch\/wp-content\/uploads\/20250129_142533-scaled-e1738576657946.jpg","type":"image\/jpeg"}],"twitter_card":"summary_large_image","schema":{"@context":"https:\/\/schema.org","@graph":[{"@type":"WebPage","@id":"https:\/\/bio-senf.ch\/fr\/shop\/peche_de_vigne\/","url":"https:\/\/bio-senf.ch\/fr\/shop\/peche_de_vigne\/","name":"P\u00eache de vigne piquante - Bio-Senf","isPartOf":{"@id":"https:\/\/bio-senf.ch\/fr\/#website"},"primaryImageOfPage":{"@id":"https:\/\/bio-senf.ch\/fr\/shop\/peche_de_vigne\/#primaryimage"},"image":{"@id":"https:\/\/bio-senf.ch\/fr\/shop\/peche_de_vigne\/#primaryimage"},"thumbnailUrl":"https:\/\/bio-senf.ch\/wp-content\/uploads\/20250129_142533-scaled-e1738576657946.jpg","datePublished":"2025-02-03T10:06:59+00:00","dateModified":"2025-02-03T10:25:33+00:00","description":"Moutarde-bio fine aux fruits de la p\u00eache de vigne. En plus de cette moutarde, tu trouveras 25 autres vari\u00e9t\u00e9s sur www.bio-senf.ch.","breadcrumb":{"@id":"https:\/\/bio-senf.ch\/fr\/shop\/peche_de_vigne\/#breadcrumb"},"inLanguage":"fr-FR","potentialAction":[{"@type":"ReadAction","target":["https:\/\/bio-senf.ch\/fr\/shop\/peche_de_vigne\/"]}]},{"@type":"ImageObject","inLanguage":"fr-FR","@id":"https:\/\/bio-senf.ch\/fr\/shop\/peche_de_vigne\/#primaryimage","url":"https:\/\/bio-senf.ch\/wp-content\/uploads\/20250129_142533-scaled-e1738576657946.jpg","contentUrl":"https:\/\/bio-senf.ch\/wp-content\/uploads\/20250129_142533-scaled-e1738576657946.jpg","width":1920,"height":2560,"caption":"Weinbergpfirsich"},{"@type":"BreadcrumbList","@id":"https:\/\/bio-senf.ch\/fr\/shop\/peche_de_vigne\/#breadcrumb","itemListElement":[{"@type":"ListItem","position":1,"name":"Startseite","item":"https:\/\/bio-senf.ch\/fr\/"},{"@type":"ListItem","position":2,"name":"Boutique","item":"https:\/\/bio-senf.ch\/boutique\/?lang=fr"},{"@type":"ListItem","position":3,"name":"P\u00eache de vigne piquante"}]},{"@type":"WebSite","@id":"https:\/\/bio-senf.ch\/fr\/#website","url":"https:\/\/bio-senf.ch\/fr\/","name":"Bio-Senf","description":"Wir geben \u00fcberall unseren Senf dazu","potentialAction":[{"@type":"SearchAction","target":{"@type":"EntryPoint","urlTemplate":"https:\/\/bio-senf.ch\/fr\/?s={search_term_string}"},"query-input":{"@type":"PropertyValueSpecification","valueRequired":true,"valueName":"search_term_string"}}],"inLanguage":"fr-FR"}]}},"_links":{"self":[{"href":"https:\/\/bio-senf.ch\/fr\/wp-json\/wp\/v2\/product\/6507","targetHints":{"allow":["GET"]}}],"collection":[{"href":"https:\/\/bio-senf.ch\/fr\/wp-json\/wp\/v2\/product"}],"about":[{"href":"https:\/\/bio-senf.ch\/fr\/wp-json\/wp\/v2\/types\/product"}],"wp:featuredmedia":[{"embeddable":true,"href":"https:\/\/bio-senf.ch\/fr\/wp-json\/wp\/v2\/media\/6501"}],"wp:attachment":[{"href":"https:\/\/bio-senf.ch\/fr\/wp-json\/wp\/v2\/media?parent=6507"}],"wp:term":[{"taxonomy":"product_brand","embeddable":true,"href":"https:\/\/bio-senf.ch\/fr\/wp-json\/wp\/v2\/product_brand?post=6507"},{"taxonomy":"product_cat","embeddable":true,"href":"https:\/\/bio-senf.ch\/fr\/wp-json\/wp\/v2\/product_cat?post=6507"},{"taxonomy":"product_tag","embeddable":true,"href":"https:\/\/bio-senf.ch\/fr\/wp-json\/wp\/v2\/product_tag?post=6507"}],"curies":[{"name":"wp","href":"https:\/\/api.w.org\/{rel}","templated":true}]}}