{"id":5668,"date":"2023-11-24T06:02:25","date_gmt":"2023-11-24T05:02:25","guid":{"rendered":"https:\/\/bio-senf.ch\/?post_type=product&#038;p=5668"},"modified":"2023-12-31T15:12:31","modified_gmt":"2023-12-31T14:12:31","slug":"zitronen-ingwer-sirup","status":"publish","type":"product","link":"https:\/\/bio-senf.ch\/fr\/shop\/zitronen-ingwer-sirup\/","title":{"rendered":"Ingwer-Zitronen &#8211; Sirup"},"content":{"rendered":"<section class='av_textblock_section av-lpc6d5z6-09107f1b97667103d6880b7ac3c0da91 ' itemscope=\"itemscope\" itemtype=\"https:\/\/schema.org\/CreativeWork\" ><div class='avia_textblock' itemprop=\"text\" ><p>Ingwer-Zitronen &#8211; Sirup<\/p>\n<p>Ingwer auf Vorrat zu haben, ist in der kalten Jahreszeit ein Genuss.<br \/>\nEbenso stiessen mich Kundinnen an, neben meinen anderen Sommersirupen, einen guten Wintersirup herzustellen. Perfektes Getr\u00e4nk, um kalt oder warm den Gaumen zu verw\u00f6hnen. Nat\u00fcrliche Ingwer-W\u00e4rme bei erk\u00e4ltetem Hals &#8211; er hilft. Dieser kann in vielen Rezeptvarianten gebraucht werden.<\/p>\n<p>Feiner Zitronen-Ingwer Sirup f\u00fcr heiss oder kalt &#8211; Getr\u00e4nk; Topping auf Glace, im M\u00fcesli; als W\u00fcrze oder Marinieren<\/p>\n<p>Als Getr\u00e4nk: Sirup mit kaltem oder heissem Wasser verd\u00fcnnen; als erfrischender Ap\u00e9ro im Weisswein oder Wasser.<br \/>\nAls S\u00fcssungsmittel: Im M\u00fcesli, als Topping auf der Vanille &#8211; Glace; im Fr\u00fcchtesalat<br \/>\nAls W\u00fcrze: bei Grilladen oder in der Marinade<\/p>\n<p>Zutaten: Zucker, Zitronensaft, Ingwersaft (von der ganzen Wurzel), Wasser<\/p>\n<p>250 ml<\/p>\n<p>CHF 7.50 inkl. MwSt<\/p>\n<p>Bio-Zertifizierung: CH-Bio-038<\/p>\n<table style=\"border-collapse: collapse; width: 26.7897%; height: 113px;\">\n<tbody>\n<tr style=\"height: 18px;\">\n<td style=\"width: 9.09091%; height: 18px;\">N\u00e4hrwerte pro 100g<\/td>\n<td style=\"width: 17.6988%; height: 18px;\"><\/td>\n<\/tr>\n<tr style=\"height: 19px;\">\n<td style=\"width: 9.09091%; height: 19px;\">Energie<\/td>\n<td style=\"width: 17.6988%; height: 19px;\">1040 kJ \/ 245 kcal<\/td>\n<\/tr>\n<tr style=\"height: 19px;\">\n<td style=\"width: 9.09091%; height: 19px;\">Fett<\/td>\n<td style=\"width: 17.6988%; height: 19px;\">0.0 g<\/td>\n<\/tr>\n<tr style=\"height: 19px;\">\n<td style=\"width: 9.09091%; height: 19px;\">Kohlenhydrate<\/td>\n<td style=\"width: 17.6988%; height: 19px;\">60.0 g<\/td>\n<\/tr>\n<tr style=\"height: 19px;\">\n<td style=\"width: 9.09091%; height: 19px;\">Eiweiss<\/td>\n<td style=\"width: 17.6988%; height: 19px;\">0.0 g<\/td>\n<\/tr>\n<tr style=\"height: 19px;\">\n<td style=\"width: 9.09091%; height: 19px;\">Salz<\/td>\n<td style=\"width: 17.6988%; height: 19px;\">0.0 g<\/td>\n<\/tr>\n<\/tbody>\n<\/table>\n<\/div><\/section>\n","protected":false},"excerpt":{"rendered":"","protected":false},"featured_media":5671,"template":"","meta":[],"product_brand":[],"product_cat":[339],"product_tag":[55,871,865,869,870,867,863,866,868,435],"class_list":{"0":"post-5668","1":"product","2":"type-product","3":"status-publish","4":"has-post-thumbnail","6":"product_cat-spezielle","7":"product_tag-bio-sirup","8":"product_tag-biosirup","9":"product_tag-ingwer","10":"product_tag-ingwer-zitronen","11":"product_tag-ingwer-zitronensirup","12":"product_tag-ingwersirup","13":"product_tag-sirup","14":"product_tag-zitrone","15":"product_tag-zitronensirup","16":"product_tag-zofinger-spezialitaet","18":"first","19":"instock","20":"taxable","21":"shipping-taxable","22":"purchasable","23":"product-type-simple"},"yoast_head":"<!-- This site is optimized with the Yoast SEO plugin v27.1.1 - https:\/\/yoast.com\/product\/yoast-seo-wordpress\/ -->\n<title>Ingwer-Zitronen - Sirup - Bio-Senf<\/title>\n<meta name=\"description\" content=\"Feiner Zitronen-Ingwer Sirup f\u00fcr heiss oder kalt - Getr\u00e4nk; Topping auf Glace, im M\u00fcesli; als W\u00fcrze oder Marinieren; als Getr\u00e4nk oder S\u00fcssmittel\" \/>\n<meta name=\"robots\" content=\"index, follow, max-snippet:-1, max-image-preview:large, max-video-preview:-1\" \/>\n<link rel=\"canonical\" href=\"https:\/\/bio-senf.ch\/fr\/shop\/zitronen-ingwer-sirup\/\" \/>\n<meta property=\"og:locale\" content=\"fr_FR\" \/>\n<meta property=\"og:type\" content=\"article\" \/>\n<meta property=\"og:title\" content=\"Ingwer-Zitronen - Sirup - Bio-Senf\" \/>\n<meta property=\"og:description\" content=\"Feiner Zitronen-Ingwer Sirup f\u00fcr heiss oder kalt - Getr\u00e4nk; Topping auf Glace, im M\u00fcesli; als W\u00fcrze oder Marinieren; als Getr\u00e4nk oder S\u00fcssmittel\" \/>\n<meta property=\"og:url\" content=\"https:\/\/bio-senf.ch\/fr\/shop\/zitronen-ingwer-sirup\/\" \/>\n<meta property=\"og:site_name\" content=\"Bio-Senf\" \/>\n<meta property=\"article:modified_time\" content=\"2023-12-31T14:12:31+00:00\" \/>\n<meta property=\"og:image\" content=\"https:\/\/bio-senf.ch\/wp-content\/uploads\/793789_web_R_by_fotoART-by-Thommy-Sabine-Weiss_pixelio.de_.jpg\" \/>\n\t<meta property=\"og:image:width\" content=\"318\" \/>\n\t<meta property=\"og:image:height\" content=\"400\" \/>\n\t<meta property=\"og:image:type\" content=\"image\/jpeg\" \/>\n<meta name=\"twitter:card\" content=\"summary_large_image\" \/>\n<meta name=\"twitter:label1\" content=\"Dur\u00e9e de lecture estim\u00e9e\" \/>\n\t<meta name=\"twitter:data1\" content=\"1 minute\" \/>\n<script type=\"application\/ld+json\" class=\"yoast-schema-graph\">{\"@context\":\"https:\/\/schema.org\",\"@graph\":[{\"@type\":\"WebPage\",\"@id\":\"https:\/\/bio-senf.ch\/fr\/shop\/zitronen-ingwer-sirup\/\",\"url\":\"https:\/\/bio-senf.ch\/fr\/shop\/zitronen-ingwer-sirup\/\",\"name\":\"Ingwer-Zitronen - Sirup - Bio-Senf\",\"isPartOf\":{\"@id\":\"https:\/\/bio-senf.ch\/fr\/#website\"},\"primaryImageOfPage\":{\"@id\":\"https:\/\/bio-senf.ch\/fr\/shop\/zitronen-ingwer-sirup\/#primaryimage\"},\"image\":{\"@id\":\"https:\/\/bio-senf.ch\/fr\/shop\/zitronen-ingwer-sirup\/#primaryimage\"},\"thumbnailUrl\":\"https:\/\/bio-senf.ch\/wp-content\/uploads\/793789_web_R_by_fotoART-by-Thommy-Sabine-Weiss_pixelio.de_.jpg\",\"datePublished\":\"2023-11-24T05:02:25+00:00\",\"dateModified\":\"2023-12-31T14:12:31+00:00\",\"description\":\"Feiner Zitronen-Ingwer Sirup f\u00fcr heiss oder kalt - Getr\u00e4nk; Topping auf Glace, im M\u00fcesli; als W\u00fcrze oder Marinieren; als Getr\u00e4nk oder S\u00fcssmittel\",\"breadcrumb\":{\"@id\":\"https:\/\/bio-senf.ch\/fr\/shop\/zitronen-ingwer-sirup\/#breadcrumb\"},\"inLanguage\":\"fr-FR\",\"potentialAction\":[{\"@type\":\"ReadAction\",\"target\":[\"https:\/\/bio-senf.ch\/fr\/shop\/zitronen-ingwer-sirup\/\"]}]},{\"@type\":\"ImageObject\",\"inLanguage\":\"fr-FR\",\"@id\":\"https:\/\/bio-senf.ch\/fr\/shop\/zitronen-ingwer-sirup\/#primaryimage\",\"url\":\"https:\/\/bio-senf.ch\/wp-content\/uploads\/793789_web_R_by_fotoART-by-Thommy-Sabine-Weiss_pixelio.de_.jpg\",\"contentUrl\":\"https:\/\/bio-senf.ch\/wp-content\/uploads\/793789_web_R_by_fotoART-by-Thommy-Sabine-Weiss_pixelio.de_.jpg\",\"width\":318,\"height\":400,\"caption\":\"Zitronen-Ingwer-Sirup\"},{\"@type\":\"BreadcrumbList\",\"@id\":\"https:\/\/bio-senf.ch\/fr\/shop\/zitronen-ingwer-sirup\/#breadcrumb\",\"itemListElement\":[{\"@type\":\"ListItem\",\"position\":1,\"name\":\"Startseite\",\"item\":\"https:\/\/bio-senf.ch\/fr\/\"},{\"@type\":\"ListItem\",\"position\":2,\"name\":\"Boutique\",\"item\":\"https:\/\/bio-senf.ch\/boutique\/?lang=fr\"},{\"@type\":\"ListItem\",\"position\":3,\"name\":\"Ingwer-Zitronen &#8211; Sirup\"}]},{\"@type\":\"WebSite\",\"@id\":\"https:\/\/bio-senf.ch\/fr\/#website\",\"url\":\"https:\/\/bio-senf.ch\/fr\/\",\"name\":\"Bio-Senf\",\"description\":\"Wir geben \u00fcberall unseren Senf dazu\",\"potentialAction\":[{\"@type\":\"SearchAction\",\"target\":{\"@type\":\"EntryPoint\",\"urlTemplate\":\"https:\/\/bio-senf.ch\/fr\/?s={search_term_string}\"},\"query-input\":{\"@type\":\"PropertyValueSpecification\",\"valueRequired\":true,\"valueName\":\"search_term_string\"}}],\"inLanguage\":\"fr-FR\"}]}<\/script>\n<!-- \/ Yoast SEO plugin. -->","yoast_head_json":{"title":"Ingwer-Zitronen - Sirup - Bio-Senf","description":"Feiner Zitronen-Ingwer Sirup f\u00fcr heiss oder kalt - Getr\u00e4nk; Topping auf Glace, im M\u00fcesli; als W\u00fcrze oder Marinieren; als Getr\u00e4nk oder S\u00fcssmittel","robots":{"index":"index","follow":"follow","max-snippet":"max-snippet:-1","max-image-preview":"max-image-preview:large","max-video-preview":"max-video-preview:-1"},"canonical":"https:\/\/bio-senf.ch\/fr\/shop\/zitronen-ingwer-sirup\/","og_locale":"fr_FR","og_type":"article","og_title":"Ingwer-Zitronen - Sirup - Bio-Senf","og_description":"Feiner Zitronen-Ingwer Sirup f\u00fcr heiss oder kalt - Getr\u00e4nk; Topping auf Glace, im M\u00fcesli; als W\u00fcrze oder Marinieren; als Getr\u00e4nk oder S\u00fcssmittel","og_url":"https:\/\/bio-senf.ch\/fr\/shop\/zitronen-ingwer-sirup\/","og_site_name":"Bio-Senf","article_modified_time":"2023-12-31T14:12:31+00:00","og_image":[{"width":318,"height":400,"url":"https:\/\/bio-senf.ch\/wp-content\/uploads\/793789_web_R_by_fotoART-by-Thommy-Sabine-Weiss_pixelio.de_.jpg","type":"image\/jpeg"}],"twitter_card":"summary_large_image","twitter_misc":{"Dur\u00e9e de lecture estim\u00e9e":"1 minute"},"schema":{"@context":"https:\/\/schema.org","@graph":[{"@type":"WebPage","@id":"https:\/\/bio-senf.ch\/fr\/shop\/zitronen-ingwer-sirup\/","url":"https:\/\/bio-senf.ch\/fr\/shop\/zitronen-ingwer-sirup\/","name":"Ingwer-Zitronen - Sirup - Bio-Senf","isPartOf":{"@id":"https:\/\/bio-senf.ch\/fr\/#website"},"primaryImageOfPage":{"@id":"https:\/\/bio-senf.ch\/fr\/shop\/zitronen-ingwer-sirup\/#primaryimage"},"image":{"@id":"https:\/\/bio-senf.ch\/fr\/shop\/zitronen-ingwer-sirup\/#primaryimage"},"thumbnailUrl":"https:\/\/bio-senf.ch\/wp-content\/uploads\/793789_web_R_by_fotoART-by-Thommy-Sabine-Weiss_pixelio.de_.jpg","datePublished":"2023-11-24T05:02:25+00:00","dateModified":"2023-12-31T14:12:31+00:00","description":"Feiner Zitronen-Ingwer Sirup f\u00fcr heiss oder kalt - Getr\u00e4nk; Topping auf Glace, im M\u00fcesli; als W\u00fcrze oder Marinieren; als Getr\u00e4nk oder S\u00fcssmittel","breadcrumb":{"@id":"https:\/\/bio-senf.ch\/fr\/shop\/zitronen-ingwer-sirup\/#breadcrumb"},"inLanguage":"fr-FR","potentialAction":[{"@type":"ReadAction","target":["https:\/\/bio-senf.ch\/fr\/shop\/zitronen-ingwer-sirup\/"]}]},{"@type":"ImageObject","inLanguage":"fr-FR","@id":"https:\/\/bio-senf.ch\/fr\/shop\/zitronen-ingwer-sirup\/#primaryimage","url":"https:\/\/bio-senf.ch\/wp-content\/uploads\/793789_web_R_by_fotoART-by-Thommy-Sabine-Weiss_pixelio.de_.jpg","contentUrl":"https:\/\/bio-senf.ch\/wp-content\/uploads\/793789_web_R_by_fotoART-by-Thommy-Sabine-Weiss_pixelio.de_.jpg","width":318,"height":400,"caption":"Zitronen-Ingwer-Sirup"},{"@type":"BreadcrumbList","@id":"https:\/\/bio-senf.ch\/fr\/shop\/zitronen-ingwer-sirup\/#breadcrumb","itemListElement":[{"@type":"ListItem","position":1,"name":"Startseite","item":"https:\/\/bio-senf.ch\/fr\/"},{"@type":"ListItem","position":2,"name":"Boutique","item":"https:\/\/bio-senf.ch\/boutique\/?lang=fr"},{"@type":"ListItem","position":3,"name":"Ingwer-Zitronen &#8211; Sirup"}]},{"@type":"WebSite","@id":"https:\/\/bio-senf.ch\/fr\/#website","url":"https:\/\/bio-senf.ch\/fr\/","name":"Bio-Senf","description":"Wir geben \u00fcberall unseren Senf dazu","potentialAction":[{"@type":"SearchAction","target":{"@type":"EntryPoint","urlTemplate":"https:\/\/bio-senf.ch\/fr\/?s={search_term_string}"},"query-input":{"@type":"PropertyValueSpecification","valueRequired":true,"valueName":"search_term_string"}}],"inLanguage":"fr-FR"}]}},"_links":{"self":[{"href":"https:\/\/bio-senf.ch\/fr\/wp-json\/wp\/v2\/product\/5668","targetHints":{"allow":["GET"]}}],"collection":[{"href":"https:\/\/bio-senf.ch\/fr\/wp-json\/wp\/v2\/product"}],"about":[{"href":"https:\/\/bio-senf.ch\/fr\/wp-json\/wp\/v2\/types\/product"}],"wp:featuredmedia":[{"embeddable":true,"href":"https:\/\/bio-senf.ch\/fr\/wp-json\/wp\/v2\/media\/5671"}],"wp:attachment":[{"href":"https:\/\/bio-senf.ch\/fr\/wp-json\/wp\/v2\/media?parent=5668"}],"wp:term":[{"taxonomy":"product_brand","embeddable":true,"href":"https:\/\/bio-senf.ch\/fr\/wp-json\/wp\/v2\/product_brand?post=5668"},{"taxonomy":"product_cat","embeddable":true,"href":"https:\/\/bio-senf.ch\/fr\/wp-json\/wp\/v2\/product_cat?post=5668"},{"taxonomy":"product_tag","embeddable":true,"href":"https:\/\/bio-senf.ch\/fr\/wp-json\/wp\/v2\/product_tag?post=5668"}],"curies":[{"name":"wp","href":"https:\/\/api.w.org\/{rel}","templated":true}]}}