{"id":5502,"date":"2023-07-18T23:25:49","date_gmt":"2023-07-18T21:25:49","guid":{"rendered":"https:\/\/bio-senf.ch\/?post_type=product&#038;p=5502"},"modified":"2023-12-31T15:13:57","modified_gmt":"2023-12-31T14:13:57","slug":"erdbeer-sirup-aerdbeeri-sauce","status":"publish","type":"product","link":"https:\/\/bio-senf.ch\/fr\/shop\/erdbeer-sirup-aerdbeeri-sauce\/","title":{"rendered":"Erdbeer &#8211; Sirup ( \u00c4rdbeeri Sauce )"},"content":{"rendered":"<p><span style=\"display: inline-block; width: 0px; overflow: hidden; line-height: 0;\" data-mce-type=\"bookmark\" class=\"mce_SELRES_start\"><span style=\"display: inline-block; width: 0px; overflow: hidden; line-height: 0;\" data-mce-type=\"bookmark\" class=\"mce_SELRES_start\"><\/span><\/span>Erdbeer &#8211; Sirup bzw. \u00c4rdbeeri Sauce<\/p>\n<p>Feiner dickfl\u00fcssiger Erdbeer &#8211; Sirup oder eben in Mundart: \u00c4rdbeeri Sauce<\/p>\n<p>Dieser Sirup ist entstanden, weil ich einen Erdbeersenf kreieren wollte. Nach vielem Probieren und entsprechenden Fehlproduktionen habe ich dieses Projekt begraben.<br \/>\nIch hatte gross gedacht und sehr viele Erdbeeren an Lager genommen. Diese mussten nun anderweitig gebraucht werden.<br \/>\nIch pr\u00f6belte etwas und heraus kam ein feiner, dickfl\u00fcssiger Sirup. Dieser kann zu vielen Rezeptvarianten gebraucht werden.<br \/>\nSelbstverst\u00e4ndlich sind die urspr\u00fcnglichen an Lager genommene Erdbeeren schon l\u00e4ngst gebraucht &#8211; die \u00c4rdbeeri Sauce ist zu einem vielfach genutzten Hit geworden.<\/p>\n<p>Als Getr\u00e4nk: Erdbeer Sirup mit Wasser verd\u00fcnnen; als erfrischender Ap\u00e9ro im Weisswein oder als Erdbeer &#8211; Frapp\u00e9.<br \/>\nAls S\u00fcssungsmittel: Im M\u00fcesli, als Topping auf der Vanille &#8211; Glace; im Fr\u00fcchtesalat<br \/>\nAls W\u00fcrze: bei Grilladen von Vegan bis klassisch mit Fleisch, auf der Bratwurst oder in der Marinade<\/p>\n<p>Zutaten: Zucker, Erdbeeren, Zitronensaft<\/p>\n<p>250 ml<\/p>\n<p>CHF 7.50 inkl. MwSt<\/p>\n<p>Bio-Zertifizierung: CH-Bio-038<\/p>\n<table style=\"border-collapse: collapse; width: 26.7897%; height: 113px;\">\n<tbody>\n<tr style=\"height: 18px;\">\n<td style=\"width: 9.09091%; height: 18px;\">N\u00e4hrwerte pro 100g<\/td>\n<td style=\"width: 17.6988%; height: 18px;\"><\/td>\n<\/tr>\n<tr style=\"height: 19px;\">\n<td style=\"width: 9.09091%; height: 19px;\">Energie<\/td>\n<td style=\"width: 17.6988%; height: 19px;\">1040 kJ \/ 245 kcal<\/td>\n<\/tr>\n<tr style=\"height: 19px;\">\n<td style=\"width: 9.09091%; height: 19px;\">Fett<\/td>\n<td style=\"width: 17.6988%; height: 19px;\">0.0 g<\/td>\n<\/tr>\n<tr style=\"height: 19px;\">\n<td style=\"width: 9.09091%; height: 19px;\">Kohlenhydrate<\/td>\n<td style=\"width: 17.6988%; height: 19px;\">60.0 g<\/td>\n<\/tr>\n<tr style=\"height: 19px;\">\n<td style=\"width: 9.09091%; height: 19px;\">Eiweiss<\/td>\n<td style=\"width: 17.6988%; height: 19px;\">0.0 g<\/td>\n<\/tr>\n<tr style=\"height: 19px;\">\n<td style=\"width: 9.09091%; height: 19px;\">Salz<\/td>\n<td style=\"width: 17.6988%; height: 19px;\">0.0 g<\/td>\n<\/tr>\n<\/tbody>\n<\/table>\n","protected":false},"excerpt":{"rendered":"<p>Erdbeer &#8211; Sirup bzw. \u00c4rdbeeri Sauce Feiner dickfl\u00fcssiger Erdbeer &#8211; Sirup oder eben in Mundart: \u00c4rdbeeri Sauce Dieser Sirup ist entstanden, weil ich einen Erdbeersenf kreieren wollte. Nach vielem Probieren und entsprechenden Fehlproduktionen habe ich dieses Projekt begraben. Ich hatte gross gedacht und sehr viele Erdbeeren an Lager genommen. Diese mussten nun anderweitig gebraucht werden. [&hellip;]<\/p>\n","protected":false},"featured_media":5503,"template":"","meta":[],"product_brand":[],"product_cat":[339],"product_tag":[861,862,173,174,860,859,864,863,435],"class_list":{"0":"post-5502","1":"product","2":"type-product","3":"status-publish","4":"has-post-thumbnail","6":"product_cat-spezielle","7":"product_tag-aerdbeeri","8":"product_tag-aerdbeeri-sauce","9":"product_tag-beeren","10":"product_tag-beerensirup","11":"product_tag-erdbeer-sirup","12":"product_tag-erdbeersirup","13":"product_tag-sauce","14":"product_tag-sirup","15":"product_tag-zofinger-spezialitaet","17":"first","18":"instock","19":"taxable","20":"shipping-taxable","21":"purchasable","22":"product-type-simple"},"yoast_head":"<!-- This site is optimized with the Yoast SEO plugin v27.1.1 - https:\/\/yoast.com\/product\/yoast-seo-wordpress\/ -->\n<title>Erdbeer - Sirup ( \u00c4rdbeeri Sauce ) - Bio-Senf<\/title>\n<meta name=\"description\" content=\"Feiner Erdbeer Sirup oder \u00c4rdbeeri Sauce als Topping auf Glace, im M\u00fcesli; als W\u00fcrze beim Grillieren oder Marinieren; als Getr\u00e4nk oder S\u00fcssmittel\" \/>\n<meta name=\"robots\" content=\"index, follow, max-snippet:-1, max-image-preview:large, max-video-preview:-1\" \/>\n<link rel=\"canonical\" href=\"https:\/\/bio-senf.ch\/fr\/shop\/erdbeer-sirup-aerdbeeri-sauce\/\" \/>\n<meta property=\"og:locale\" content=\"fr_FR\" \/>\n<meta property=\"og:type\" content=\"article\" \/>\n<meta property=\"og:title\" content=\"Erdbeer - Sirup ( \u00c4rdbeeri Sauce ) - Bio-Senf\" \/>\n<meta property=\"og:description\" content=\"Feiner Erdbeer Sirup oder \u00c4rdbeeri Sauce als Topping auf Glace, im M\u00fcesli; als W\u00fcrze beim Grillieren oder Marinieren; als Getr\u00e4nk oder S\u00fcssmittel\" \/>\n<meta property=\"og:url\" content=\"https:\/\/bio-senf.ch\/fr\/shop\/erdbeer-sirup-aerdbeeri-sauce\/\" \/>\n<meta property=\"og:site_name\" content=\"Bio-Senf\" \/>\n<meta property=\"article:modified_time\" content=\"2023-12-31T14:13:57+00:00\" \/>\n<meta property=\"og:image\" content=\"https:\/\/bio-senf.ch\/wp-content\/uploads\/0-Aerdbeerisauce-773x1030.jpg\" \/>\n\t<meta property=\"og:image:width\" content=\"773\" \/>\n\t<meta property=\"og:image:height\" content=\"1030\" \/>\n\t<meta property=\"og:image:type\" content=\"image\/jpeg\" \/>\n<meta name=\"twitter:card\" content=\"summary_large_image\" \/>\n<script type=\"application\/ld+json\" class=\"yoast-schema-graph\">{\"@context\":\"https:\/\/schema.org\",\"@graph\":[{\"@type\":\"WebPage\",\"@id\":\"https:\/\/bio-senf.ch\/fr\/shop\/erdbeer-sirup-aerdbeeri-sauce\/\",\"url\":\"https:\/\/bio-senf.ch\/fr\/shop\/erdbeer-sirup-aerdbeeri-sauce\/\",\"name\":\"Erdbeer - Sirup ( \u00c4rdbeeri Sauce ) - Bio-Senf\",\"isPartOf\":{\"@id\":\"https:\/\/bio-senf.ch\/fr\/#website\"},\"primaryImageOfPage\":{\"@id\":\"https:\/\/bio-senf.ch\/fr\/shop\/erdbeer-sirup-aerdbeeri-sauce\/#primaryimage\"},\"image\":{\"@id\":\"https:\/\/bio-senf.ch\/fr\/shop\/erdbeer-sirup-aerdbeeri-sauce\/#primaryimage\"},\"thumbnailUrl\":\"https:\/\/bio-senf.ch\/wp-content\/uploads\/0-Aerdbeerisauce-scaled-e1689715412942.jpg\",\"datePublished\":\"2023-07-18T21:25:49+00:00\",\"dateModified\":\"2023-12-31T14:13:57+00:00\",\"description\":\"Feiner Erdbeer Sirup oder \u00c4rdbeeri Sauce als Topping auf Glace, im M\u00fcesli; als W\u00fcrze beim Grillieren oder Marinieren; als Getr\u00e4nk oder S\u00fcssmittel\",\"breadcrumb\":{\"@id\":\"https:\/\/bio-senf.ch\/fr\/shop\/erdbeer-sirup-aerdbeeri-sauce\/#breadcrumb\"},\"inLanguage\":\"fr-FR\",\"potentialAction\":[{\"@type\":\"ReadAction\",\"target\":[\"https:\/\/bio-senf.ch\/fr\/shop\/erdbeer-sirup-aerdbeeri-sauce\/\"]}]},{\"@type\":\"ImageObject\",\"inLanguage\":\"fr-FR\",\"@id\":\"https:\/\/bio-senf.ch\/fr\/shop\/erdbeer-sirup-aerdbeeri-sauce\/#primaryimage\",\"url\":\"https:\/\/bio-senf.ch\/wp-content\/uploads\/0-Aerdbeerisauce-scaled-e1689715412942.jpg\",\"contentUrl\":\"https:\/\/bio-senf.ch\/wp-content\/uploads\/0-Aerdbeerisauce-scaled-e1689715412942.jpg\",\"width\":500,\"height\":667,\"caption\":\"Erdbeer Sirup\"},{\"@type\":\"BreadcrumbList\",\"@id\":\"https:\/\/bio-senf.ch\/fr\/shop\/erdbeer-sirup-aerdbeeri-sauce\/#breadcrumb\",\"itemListElement\":[{\"@type\":\"ListItem\",\"position\":1,\"name\":\"Startseite\",\"item\":\"https:\/\/bio-senf.ch\/fr\/\"},{\"@type\":\"ListItem\",\"position\":2,\"name\":\"Boutique\",\"item\":\"https:\/\/bio-senf.ch\/boutique\/?lang=fr\"},{\"@type\":\"ListItem\",\"position\":3,\"name\":\"Erdbeer &#8211; Sirup ( \u00c4rdbeeri Sauce )\"}]},{\"@type\":\"WebSite\",\"@id\":\"https:\/\/bio-senf.ch\/fr\/#website\",\"url\":\"https:\/\/bio-senf.ch\/fr\/\",\"name\":\"Bio-Senf\",\"description\":\"Wir geben \u00fcberall unseren Senf dazu\",\"potentialAction\":[{\"@type\":\"SearchAction\",\"target\":{\"@type\":\"EntryPoint\",\"urlTemplate\":\"https:\/\/bio-senf.ch\/fr\/?s={search_term_string}\"},\"query-input\":{\"@type\":\"PropertyValueSpecification\",\"valueRequired\":true,\"valueName\":\"search_term_string\"}}],\"inLanguage\":\"fr-FR\"}]}<\/script>\n<!-- \/ Yoast SEO plugin. -->","yoast_head_json":{"title":"Erdbeer - Sirup ( \u00c4rdbeeri Sauce ) - Bio-Senf","description":"Feiner Erdbeer Sirup oder \u00c4rdbeeri Sauce als Topping auf Glace, im M\u00fcesli; als W\u00fcrze beim Grillieren oder Marinieren; als Getr\u00e4nk oder S\u00fcssmittel","robots":{"index":"index","follow":"follow","max-snippet":"max-snippet:-1","max-image-preview":"max-image-preview:large","max-video-preview":"max-video-preview:-1"},"canonical":"https:\/\/bio-senf.ch\/fr\/shop\/erdbeer-sirup-aerdbeeri-sauce\/","og_locale":"fr_FR","og_type":"article","og_title":"Erdbeer - Sirup ( \u00c4rdbeeri Sauce ) - Bio-Senf","og_description":"Feiner Erdbeer Sirup oder \u00c4rdbeeri Sauce als Topping auf Glace, im M\u00fcesli; als W\u00fcrze beim Grillieren oder Marinieren; als Getr\u00e4nk oder S\u00fcssmittel","og_url":"https:\/\/bio-senf.ch\/fr\/shop\/erdbeer-sirup-aerdbeeri-sauce\/","og_site_name":"Bio-Senf","article_modified_time":"2023-12-31T14:13:57+00:00","og_image":[{"width":773,"height":1030,"url":"https:\/\/bio-senf.ch\/wp-content\/uploads\/0-Aerdbeerisauce-773x1030.jpg","type":"image\/jpeg"}],"twitter_card":"summary_large_image","schema":{"@context":"https:\/\/schema.org","@graph":[{"@type":"WebPage","@id":"https:\/\/bio-senf.ch\/fr\/shop\/erdbeer-sirup-aerdbeeri-sauce\/","url":"https:\/\/bio-senf.ch\/fr\/shop\/erdbeer-sirup-aerdbeeri-sauce\/","name":"Erdbeer - Sirup ( \u00c4rdbeeri Sauce ) - Bio-Senf","isPartOf":{"@id":"https:\/\/bio-senf.ch\/fr\/#website"},"primaryImageOfPage":{"@id":"https:\/\/bio-senf.ch\/fr\/shop\/erdbeer-sirup-aerdbeeri-sauce\/#primaryimage"},"image":{"@id":"https:\/\/bio-senf.ch\/fr\/shop\/erdbeer-sirup-aerdbeeri-sauce\/#primaryimage"},"thumbnailUrl":"https:\/\/bio-senf.ch\/wp-content\/uploads\/0-Aerdbeerisauce-scaled-e1689715412942.jpg","datePublished":"2023-07-18T21:25:49+00:00","dateModified":"2023-12-31T14:13:57+00:00","description":"Feiner Erdbeer Sirup oder \u00c4rdbeeri Sauce als Topping auf Glace, im M\u00fcesli; als W\u00fcrze beim Grillieren oder Marinieren; als Getr\u00e4nk oder S\u00fcssmittel","breadcrumb":{"@id":"https:\/\/bio-senf.ch\/fr\/shop\/erdbeer-sirup-aerdbeeri-sauce\/#breadcrumb"},"inLanguage":"fr-FR","potentialAction":[{"@type":"ReadAction","target":["https:\/\/bio-senf.ch\/fr\/shop\/erdbeer-sirup-aerdbeeri-sauce\/"]}]},{"@type":"ImageObject","inLanguage":"fr-FR","@id":"https:\/\/bio-senf.ch\/fr\/shop\/erdbeer-sirup-aerdbeeri-sauce\/#primaryimage","url":"https:\/\/bio-senf.ch\/wp-content\/uploads\/0-Aerdbeerisauce-scaled-e1689715412942.jpg","contentUrl":"https:\/\/bio-senf.ch\/wp-content\/uploads\/0-Aerdbeerisauce-scaled-e1689715412942.jpg","width":500,"height":667,"caption":"Erdbeer Sirup"},{"@type":"BreadcrumbList","@id":"https:\/\/bio-senf.ch\/fr\/shop\/erdbeer-sirup-aerdbeeri-sauce\/#breadcrumb","itemListElement":[{"@type":"ListItem","position":1,"name":"Startseite","item":"https:\/\/bio-senf.ch\/fr\/"},{"@type":"ListItem","position":2,"name":"Boutique","item":"https:\/\/bio-senf.ch\/boutique\/?lang=fr"},{"@type":"ListItem","position":3,"name":"Erdbeer &#8211; Sirup ( \u00c4rdbeeri Sauce )"}]},{"@type":"WebSite","@id":"https:\/\/bio-senf.ch\/fr\/#website","url":"https:\/\/bio-senf.ch\/fr\/","name":"Bio-Senf","description":"Wir geben \u00fcberall unseren Senf dazu","potentialAction":[{"@type":"SearchAction","target":{"@type":"EntryPoint","urlTemplate":"https:\/\/bio-senf.ch\/fr\/?s={search_term_string}"},"query-input":{"@type":"PropertyValueSpecification","valueRequired":true,"valueName":"search_term_string"}}],"inLanguage":"fr-FR"}]}},"_links":{"self":[{"href":"https:\/\/bio-senf.ch\/fr\/wp-json\/wp\/v2\/product\/5502","targetHints":{"allow":["GET"]}}],"collection":[{"href":"https:\/\/bio-senf.ch\/fr\/wp-json\/wp\/v2\/product"}],"about":[{"href":"https:\/\/bio-senf.ch\/fr\/wp-json\/wp\/v2\/types\/product"}],"wp:featuredmedia":[{"embeddable":true,"href":"https:\/\/bio-senf.ch\/fr\/wp-json\/wp\/v2\/media\/5503"}],"wp:attachment":[{"href":"https:\/\/bio-senf.ch\/fr\/wp-json\/wp\/v2\/media?parent=5502"}],"wp:term":[{"taxonomy":"product_brand","embeddable":true,"href":"https:\/\/bio-senf.ch\/fr\/wp-json\/wp\/v2\/product_brand?post=5502"},{"taxonomy":"product_cat","embeddable":true,"href":"https:\/\/bio-senf.ch\/fr\/wp-json\/wp\/v2\/product_cat?post=5502"},{"taxonomy":"product_tag","embeddable":true,"href":"https:\/\/bio-senf.ch\/fr\/wp-json\/wp\/v2\/product_tag?post=5502"}],"curies":[{"name":"wp","href":"https:\/\/api.w.org\/{rel}","templated":true}]}}