{"id":4942,"date":"2016-03-07T17:32:01","date_gmt":"2016-03-07T16:32:01","guid":{"rendered":"https:\/\/bio-senf.ch\/shop\/zofiger-bio-senf-feige-mild\/"},"modified":"2025-01-31T09:34:00","modified_gmt":"2025-01-31T08:34:00","slug":"moutarde-bio-figue-douce","status":"publish","type":"product","link":"https:\/\/bio-senf.ch\/fr\/shop\/moutarde-bio-figue-douce\/","title":{"rendered":"Moutarde bio \u00e0 la figue douce"},"content":{"rendered":"<p>Moutarde bio \u00e0 la figue douce<br \/>\nDes figues s\u00e9ch\u00e9es en bourgeon, m\u00fbries au soleil, conf\u00e8rent \u00e0 cette moutarde son ar\u00f4me fruit\u00e9.<br \/>\nDoux et sucr\u00e9 &#8211; \u00e0 consommer \u00e9galement par les enfants.<\/p>\n<p>L&rsquo;assaisonnement id\u00e9al pour le fromage, le tofu, les viandes froides, la fondue \u00e0 la viande, le bouilli, les saucisses blanches et \u00e0 r\u00f4tir et pour les sauces \u00e0 salade<br \/>\nParfait sur une tranche de pain (frais ou grill\u00e9).<\/p>\n<p>La moutarde bio \u00e0 la figue douce de Zofingue r\u00e9pond \u00e0 toutes les exigences des r\u00e9gimes v\u00e9g\u00e9tariens et v\u00e9g\u00e9taliens. Ses jus ne sont pas filtr\u00e9s et il est \u00e9galement sans sucre.<br \/>\nLes amateurs de Slow Food y trouveront une moutarde moulue par leurs soins. C&rsquo;est-\u00e0-dire que le grain de moutarde entier est moulu pour cette moutarde.<\/p>\n<p>Vinaigre de cidre, jus de pomme, figues, <strong>graines de moutarde <\/strong>jaunes, sel des Alpes, \u00e9pices<\/p>\n<p>Contenu : 150 g<\/p>\n<p>CH-Bio-038<\/p>\n<p>incl. 2.6% de TVA<\/p>\n<p><strong>Valeurs nutritives pour 100 g<\/strong><\/p>\n<p>\u00c9nergie 696 kJ \/ 166 kcal<br \/>\nMati\u00e8re grasse 5,4 g<br \/>\ndont satur\u00e9s acides gras 0.3 g<br \/>\nGlucides 21,7 g<br \/>\ndont sucre (de fruits) 17.9 g<br \/>\nProt\u00e9ines 5,2 g<br \/>\nsel 1,3 g<\/p>\n<p><span style=\"color: #ff0000;\"><strong>R\u00c9COMPENSE<\/strong><\/span><br \/>\nConcours suisse des produits du terroir 2015 : M\u00e9daille d&rsquo;argent<\/p>\n<p>&nbsp;<\/p>\n","protected":false},"excerpt":{"rendered":"<p>Moutarde aux figues douce et sucr\u00e9e &#8211; pour assaisonner le fromage, la charcuterie, les sandwichs, etc.<\/p>\n","protected":false},"featured_media":6264,"template":"","meta":[],"product_brand":[],"product_cat":[576,560],"product_tag":[535,620,552,556,557,652,537,622,706,723,720,724,725,726,536,575,546,549,573,542,548],"class_list":{"0":"post-4942","1":"product","2":"type-product","3":"status-publish","4":"has-post-thumbnail","6":"product_cat-moutardes-fruits-et-noix","7":"product_cat-prix-du-concours","8":"product_tag-aargauer-spezalitaet-fr","9":"product_tag-bio-senf-fr","10":"product_tag-cadeau-fr","11":"product_tag-cadeau-pour-les-employes-fr","12":"product_tag-cadeau-pour-les-employes-fr-3","13":"product_tag-concours-terroirs","14":"product_tag-delikatesssenf-fr","15":"product_tag-feige-fr","16":"product_tag-idee-cadeau","17":"product_tag-moutarde-aux-figues-bio","18":"product_tag-bio-feigensenf-fr","19":"product_tag-moutarde-aux-fruits","20":"product_tag-moutarde-bio-primee","21":"product_tag-moutarde-bio-primee-fr","22":"product_tag-moutarde-fine-fr","23":"product_tag-moutarde-sans-sucre-fr","24":"product_tag-moutarde-bio-de-zofingue","25":"product_tag-zuckerfrei-fr","26":"product_tag-slow-food-fr","27":"product_tag-specialite-a-la-moutarde","28":"product_tag-specialite-de-zofingue","30":"first","31":"instock","32":"taxable","33":"shipping-taxable","34":"purchasable","35":"product-type-simple"},"yoast_head":"<!-- This site is optimized with the Yoast SEO plugin v27.1.1 - https:\/\/yoast.com\/product\/yoast-seo-wordpress\/ -->\n<title>Moutarde bio \u00e0 la figue douce - Bio-Senf<\/title>\n<meta name=\"description\" content=\"Moutarde bio \u00e0 la figue douce. Chez Bio-Senf, il y a plus de 25 sortes de moutarde Bourgeon. \u00c0 commander ici en ligne dans la boutique. .\" \/>\n<meta name=\"robots\" content=\"index, follow, max-snippet:-1, max-image-preview:large, max-video-preview:-1\" \/>\n<link rel=\"canonical\" href=\"https:\/\/bio-senf.ch\/fr\/shop\/moutarde-bio-figue-douce\/\" \/>\n<meta property=\"og:locale\" content=\"fr_FR\" \/>\n<meta property=\"og:type\" content=\"article\" \/>\n<meta property=\"og:title\" content=\"Moutarde bio \u00e0 la figue douce - Bio-Senf\" \/>\n<meta property=\"og:description\" content=\"Moutarde bio \u00e0 la figue douce. Chez Bio-Senf, il y a plus de 25 sortes de moutarde Bourgeon. \u00c0 commander ici en ligne dans la boutique. .\" \/>\n<meta property=\"og:url\" content=\"https:\/\/bio-senf.ch\/fr\/shop\/moutarde-bio-figue-douce\/\" \/>\n<meta property=\"og:site_name\" content=\"Bio-Senf\" \/>\n<meta property=\"article:modified_time\" content=\"2025-01-31T08:34:00+00:00\" \/>\n<meta property=\"og:image\" content=\"https:\/\/bio-senf.ch\/wp-content\/uploads\/20250129_141901-scaled.jpg\" \/>\n\t<meta property=\"og:image:width\" content=\"1920\" \/>\n\t<meta property=\"og:image:height\" content=\"2560\" \/>\n\t<meta property=\"og:image:type\" content=\"image\/jpeg\" \/>\n<meta name=\"twitter:card\" content=\"summary_large_image\" \/>\n<meta name=\"twitter:label1\" content=\"Dur\u00e9e de lecture estim\u00e9e\" \/>\n\t<meta name=\"twitter:data1\" content=\"2 minutes\" \/>\n<script type=\"application\/ld+json\" class=\"yoast-schema-graph\">{\"@context\":\"https:\/\/schema.org\",\"@graph\":[{\"@type\":\"WebPage\",\"@id\":\"https:\/\/bio-senf.ch\/fr\/shop\/moutarde-bio-figue-douce\/\",\"url\":\"https:\/\/bio-senf.ch\/fr\/shop\/moutarde-bio-figue-douce\/\",\"name\":\"Moutarde bio \u00e0 la figue douce - Bio-Senf\",\"isPartOf\":{\"@id\":\"https:\/\/bio-senf.ch\/fr\/#website\"},\"primaryImageOfPage\":{\"@id\":\"https:\/\/bio-senf.ch\/fr\/shop\/moutarde-bio-figue-douce\/#primaryimage\"},\"image\":{\"@id\":\"https:\/\/bio-senf.ch\/fr\/shop\/moutarde-bio-figue-douce\/#primaryimage\"},\"thumbnailUrl\":\"https:\/\/bio-senf.ch\/wp-content\/uploads\/20250129_141901-scaled.jpg\",\"datePublished\":\"2016-03-07T16:32:01+00:00\",\"dateModified\":\"2025-01-31T08:34:00+00:00\",\"description\":\"Moutarde bio \u00e0 la figue douce. Chez Bio-Senf, il y a plus de 25 sortes de moutarde Bourgeon. \u00c0 commander ici en ligne dans la boutique. .\",\"breadcrumb\":{\"@id\":\"https:\/\/bio-senf.ch\/fr\/shop\/moutarde-bio-figue-douce\/#breadcrumb\"},\"inLanguage\":\"fr-FR\",\"potentialAction\":[{\"@type\":\"ReadAction\",\"target\":[\"https:\/\/bio-senf.ch\/fr\/shop\/moutarde-bio-figue-douce\/\"]}]},{\"@type\":\"ImageObject\",\"inLanguage\":\"fr-FR\",\"@id\":\"https:\/\/bio-senf.ch\/fr\/shop\/moutarde-bio-figue-douce\/#primaryimage\",\"url\":\"https:\/\/bio-senf.ch\/wp-content\/uploads\/20250129_141901-scaled.jpg\",\"contentUrl\":\"https:\/\/bio-senf.ch\/wp-content\/uploads\/20250129_141901-scaled.jpg\",\"width\":1920,\"height\":2560,\"caption\":\"Moutarde bio aux figues\"},{\"@type\":\"BreadcrumbList\",\"@id\":\"https:\/\/bio-senf.ch\/fr\/shop\/moutarde-bio-figue-douce\/#breadcrumb\",\"itemListElement\":[{\"@type\":\"ListItem\",\"position\":1,\"name\":\"Startseite\",\"item\":\"https:\/\/bio-senf.ch\/fr\/\"},{\"@type\":\"ListItem\",\"position\":2,\"name\":\"Boutique\",\"item\":\"https:\/\/bio-senf.ch\/boutique\/?lang=fr\"},{\"@type\":\"ListItem\",\"position\":3,\"name\":\"Moutarde bio \u00e0 la figue douce\"}]},{\"@type\":\"WebSite\",\"@id\":\"https:\/\/bio-senf.ch\/fr\/#website\",\"url\":\"https:\/\/bio-senf.ch\/fr\/\",\"name\":\"Bio-Senf\",\"description\":\"Wir geben \u00fcberall unseren Senf dazu\",\"potentialAction\":[{\"@type\":\"SearchAction\",\"target\":{\"@type\":\"EntryPoint\",\"urlTemplate\":\"https:\/\/bio-senf.ch\/fr\/?s={search_term_string}\"},\"query-input\":{\"@type\":\"PropertyValueSpecification\",\"valueRequired\":true,\"valueName\":\"search_term_string\"}}],\"inLanguage\":\"fr-FR\"}]}<\/script>\n<!-- \/ Yoast SEO plugin. -->","yoast_head_json":{"title":"Moutarde bio \u00e0 la figue douce - Bio-Senf","description":"Moutarde bio \u00e0 la figue douce. Chez Bio-Senf, il y a plus de 25 sortes de moutarde Bourgeon. \u00c0 commander ici en ligne dans la boutique. .","robots":{"index":"index","follow":"follow","max-snippet":"max-snippet:-1","max-image-preview":"max-image-preview:large","max-video-preview":"max-video-preview:-1"},"canonical":"https:\/\/bio-senf.ch\/fr\/shop\/moutarde-bio-figue-douce\/","og_locale":"fr_FR","og_type":"article","og_title":"Moutarde bio \u00e0 la figue douce - Bio-Senf","og_description":"Moutarde bio \u00e0 la figue douce. Chez Bio-Senf, il y a plus de 25 sortes de moutarde Bourgeon. \u00c0 commander ici en ligne dans la boutique. .","og_url":"https:\/\/bio-senf.ch\/fr\/shop\/moutarde-bio-figue-douce\/","og_site_name":"Bio-Senf","article_modified_time":"2025-01-31T08:34:00+00:00","og_image":[{"width":1920,"height":2560,"url":"https:\/\/bio-senf.ch\/wp-content\/uploads\/20250129_141901-scaled.jpg","type":"image\/jpeg"}],"twitter_card":"summary_large_image","twitter_misc":{"Dur\u00e9e de lecture estim\u00e9e":"2 minutes"},"schema":{"@context":"https:\/\/schema.org","@graph":[{"@type":"WebPage","@id":"https:\/\/bio-senf.ch\/fr\/shop\/moutarde-bio-figue-douce\/","url":"https:\/\/bio-senf.ch\/fr\/shop\/moutarde-bio-figue-douce\/","name":"Moutarde bio \u00e0 la figue douce - Bio-Senf","isPartOf":{"@id":"https:\/\/bio-senf.ch\/fr\/#website"},"primaryImageOfPage":{"@id":"https:\/\/bio-senf.ch\/fr\/shop\/moutarde-bio-figue-douce\/#primaryimage"},"image":{"@id":"https:\/\/bio-senf.ch\/fr\/shop\/moutarde-bio-figue-douce\/#primaryimage"},"thumbnailUrl":"https:\/\/bio-senf.ch\/wp-content\/uploads\/20250129_141901-scaled.jpg","datePublished":"2016-03-07T16:32:01+00:00","dateModified":"2025-01-31T08:34:00+00:00","description":"Moutarde bio \u00e0 la figue douce. Chez Bio-Senf, il y a plus de 25 sortes de moutarde Bourgeon. \u00c0 commander ici en ligne dans la boutique. .","breadcrumb":{"@id":"https:\/\/bio-senf.ch\/fr\/shop\/moutarde-bio-figue-douce\/#breadcrumb"},"inLanguage":"fr-FR","potentialAction":[{"@type":"ReadAction","target":["https:\/\/bio-senf.ch\/fr\/shop\/moutarde-bio-figue-douce\/"]}]},{"@type":"ImageObject","inLanguage":"fr-FR","@id":"https:\/\/bio-senf.ch\/fr\/shop\/moutarde-bio-figue-douce\/#primaryimage","url":"https:\/\/bio-senf.ch\/wp-content\/uploads\/20250129_141901-scaled.jpg","contentUrl":"https:\/\/bio-senf.ch\/wp-content\/uploads\/20250129_141901-scaled.jpg","width":1920,"height":2560,"caption":"Moutarde bio aux figues"},{"@type":"BreadcrumbList","@id":"https:\/\/bio-senf.ch\/fr\/shop\/moutarde-bio-figue-douce\/#breadcrumb","itemListElement":[{"@type":"ListItem","position":1,"name":"Startseite","item":"https:\/\/bio-senf.ch\/fr\/"},{"@type":"ListItem","position":2,"name":"Boutique","item":"https:\/\/bio-senf.ch\/boutique\/?lang=fr"},{"@type":"ListItem","position":3,"name":"Moutarde bio \u00e0 la figue douce"}]},{"@type":"WebSite","@id":"https:\/\/bio-senf.ch\/fr\/#website","url":"https:\/\/bio-senf.ch\/fr\/","name":"Bio-Senf","description":"Wir geben \u00fcberall unseren Senf dazu","potentialAction":[{"@type":"SearchAction","target":{"@type":"EntryPoint","urlTemplate":"https:\/\/bio-senf.ch\/fr\/?s={search_term_string}"},"query-input":{"@type":"PropertyValueSpecification","valueRequired":true,"valueName":"search_term_string"}}],"inLanguage":"fr-FR"}]}},"_links":{"self":[{"href":"https:\/\/bio-senf.ch\/fr\/wp-json\/wp\/v2\/product\/4942","targetHints":{"allow":["GET"]}}],"collection":[{"href":"https:\/\/bio-senf.ch\/fr\/wp-json\/wp\/v2\/product"}],"about":[{"href":"https:\/\/bio-senf.ch\/fr\/wp-json\/wp\/v2\/types\/product"}],"wp:featuredmedia":[{"embeddable":true,"href":"https:\/\/bio-senf.ch\/fr\/wp-json\/wp\/v2\/media\/6264"}],"wp:attachment":[{"href":"https:\/\/bio-senf.ch\/fr\/wp-json\/wp\/v2\/media?parent=4942"}],"wp:term":[{"taxonomy":"product_brand","embeddable":true,"href":"https:\/\/bio-senf.ch\/fr\/wp-json\/wp\/v2\/product_brand?post=4942"},{"taxonomy":"product_cat","embeddable":true,"href":"https:\/\/bio-senf.ch\/fr\/wp-json\/wp\/v2\/product_cat?post=4942"},{"taxonomy":"product_tag","embeddable":true,"href":"https:\/\/bio-senf.ch\/fr\/wp-json\/wp\/v2\/product_tag?post=4942"}],"curies":[{"name":"wp","href":"https:\/\/api.w.org\/{rel}","templated":true}]}}