{"id":4940,"date":"2016-03-07T18:27:02","date_gmt":"2016-03-07T17:27:02","guid":{"rendered":"https:\/\/bio-senf.ch\/shop\/zofiger-bio-senf-birne-scharf\/"},"modified":"2025-01-31T09:27:51","modified_gmt":"2025-01-31T08:27:51","slug":"moutarde-bio-poire-forte","status":"publish","type":"product","link":"https:\/\/bio-senf.ch\/fr\/shop\/moutarde-bio-poire-forte\/","title":{"rendered":"Moutarde bio \u00e0 la poire forte"},"content":{"rendered":"<p><strong>Moutarde bio \u00e0 la poire forte au sel des Alpes<\/strong><br \/>\nDes poires Bourgeon fra\u00eeches de Roggliswil (LU) sont transform\u00e9es chez moi en poires s\u00e9ch\u00e9es Bourgeon et s\u00e9ch\u00e9es.<br \/>\nLe jus de poire provient de la commune voisine de Brittnau (AG) et le vinaigre de poire du Knonauer Amt (ZH). Le chili provient d&rsquo;Altb\u00fcron (LU). Les graines de moutarde sont cultiv\u00e9es par des agriculteurs suisses. Et tout nouveau : <strong>le sel provient des Alpes suisses<\/strong>.<br \/>\nLe r\u00e9sultat est une moutarde \u00e0 la poire raffin\u00e9e qui s&rsquo;accorde avec beaucoup de choses. Quelques possibilit\u00e9s sont pr\u00e9sent\u00e9es ci-dessous.<\/p>\n<p>L&rsquo;assaisonnement id\u00e9al pour le fromage, le tofu, les viandes froides, la fondue de viande, le bouilli, le saumon, la volaille et pour les sauces \u00e0 salade pour ceux qui aiment les plats un peu plus chauds (plus \u00e9pic\u00e9s).<br \/>\nIl se marie \u00e9galement \u00e0 merveille avec des pommes de terre chaudes, du risotto. L&rsquo;id\u00e9al est de n&rsquo;ajouter la moutarde qu&rsquo;apr\u00e8s la cuisson.<\/p>\n<p>La moutarde bio \u00e0 la poire forte de Zofingue r\u00e9pond \u00e0 toutes les exigences d&rsquo;une alimentation v\u00e9g\u00e9tarienne et v\u00e9g\u00e9talienne. Ses jus ne sont pas filtr\u00e9s et il est \u00e9galement sans sucre.<br \/>\nLes amateurs de Slow Food y trouveront une moutarde moulue par leurs soins. C&rsquo;est-\u00e0-dire que le grain de moutarde entier est moulu pour cette moutarde.<\/p>\n<p>Vinaigre de poire, jus de poire, poires s\u00e9ch\u00e9es, graines de moutarde jaune + brune, sel des Alpes, piment suisse, poivre, curcuma<\/p>\n<p>Contenu : 150 g<\/p>\n<p>CH-Bio-038<\/p>\n<p>incl. 2.6% de TVA<\/p>\n<p><strong>Valeurs nutritives pour 100 g<\/strong><\/p>\n<p>\u00c9nergie 744 kJ \/ 177 kcal<br \/>\nMati\u00e8re grasse 8.0 g<br \/>\ndont satur\u00e9s acides gras 0.4g<br \/>\nGlucides 17,7 g<br \/>\ndont sucre (de fruits) 10.8 g<br \/>\nProt\u00e9ines 7,0 g<br \/>\nsel 1.0 g<\/p>\n<p><strong>R\u00c9COMPENSE<\/strong><br \/>\nConcours suisse des produits du terroir 2015 : m\u00e9daille de bronze<\/p>\n","protected":false},"excerpt":{"rendered":"<p>Moutarde \u00e0 la poire fine, piquante et sucr\u00e9e associ\u00e9e au fromage &#8211; un r\u00eave<\/p>\n","protected":false},"featured_media":6284,"template":"","meta":[],"product_brand":[],"product_cat":[576,560],"product_tag":[535,538,652,537,539,577,536,719,575,549,573,542,548],"class_list":{"0":"post-4940","1":"product","2":"type-product","3":"status-publish","4":"has-post-thumbnail","6":"product_cat-moutardes-fruits-et-noix","7":"product_cat-prix-du-concours","8":"product_tag-aargauer-spezalitaet-fr","9":"product_tag-bourgeon-fr","10":"product_tag-concours-terroirs","11":"product_tag-delikatesssenf-fr","12":"product_tag-knospensenf-fr","13":"product_tag-moutarde-aux-poires-bio","14":"product_tag-moutarde-fine-fr","15":"product_tag-moutarde-forte-aux-poires-bio","16":"product_tag-moutarde-sans-sucre-fr","17":"product_tag-zuckerfrei-fr","18":"product_tag-slow-food-fr","19":"product_tag-specialite-a-la-moutarde","20":"product_tag-specialite-de-zofingue","22":"first","23":"instock","24":"taxable","25":"shipping-taxable","26":"purchasable","27":"product-type-simple"},"yoast_head":"<!-- This site is optimized with the Yoast SEO plugin v27.1.1 - https:\/\/yoast.com\/product\/yoast-seo-wordpress\/ -->\n<title>Moutarde bio \u00e0 la poire forte - Bio-Senf<\/title>\n<meta name=\"description\" content=\"Moutarde Poire forte. Moutarde fine aux poires et au piment - parfaite pour le fromage, les sauces \u00e0 salade, le tofu, la marinade de viande.\" \/>\n<meta name=\"robots\" content=\"index, follow, max-snippet:-1, max-image-preview:large, max-video-preview:-1\" \/>\n<link rel=\"canonical\" href=\"https:\/\/bio-senf.ch\/fr\/shop\/moutarde-bio-poire-forte\/\" \/>\n<meta property=\"og:locale\" content=\"fr_FR\" \/>\n<meta property=\"og:type\" content=\"article\" \/>\n<meta property=\"og:title\" content=\"Moutarde bio \u00e0 la poire forte - Bio-Senf\" \/>\n<meta property=\"og:description\" content=\"Moutarde Poire forte. Moutarde fine aux poires et au piment - parfaite pour le fromage, les sauces \u00e0 salade, le tofu, la marinade de viande.\" \/>\n<meta property=\"og:url\" content=\"https:\/\/bio-senf.ch\/fr\/shop\/moutarde-bio-poire-forte\/\" \/>\n<meta property=\"og:site_name\" content=\"Bio-Senf\" \/>\n<meta property=\"article:modified_time\" content=\"2025-01-31T08:27:51+00:00\" \/>\n<meta property=\"og:image\" content=\"https:\/\/bio-senf.ch\/wp-content\/uploads\/20250129_1428270-scaled-e1738307317812.jpg\" \/>\n\t<meta property=\"og:image:width\" content=\"1000\" \/>\n\t<meta property=\"og:image:height\" content=\"1333\" \/>\n\t<meta property=\"og:image:type\" content=\"image\/jpeg\" \/>\n<meta name=\"twitter:card\" content=\"summary_large_image\" \/>\n<meta name=\"twitter:label1\" content=\"Dur\u00e9e de lecture estim\u00e9e\" \/>\n\t<meta name=\"twitter:data1\" content=\"2 minutes\" \/>\n<script type=\"application\/ld+json\" class=\"yoast-schema-graph\">{\"@context\":\"https:\/\/schema.org\",\"@graph\":[{\"@type\":\"WebPage\",\"@id\":\"https:\/\/bio-senf.ch\/fr\/shop\/moutarde-bio-poire-forte\/\",\"url\":\"https:\/\/bio-senf.ch\/fr\/shop\/moutarde-bio-poire-forte\/\",\"name\":\"Moutarde bio \u00e0 la poire forte - Bio-Senf\",\"isPartOf\":{\"@id\":\"https:\/\/bio-senf.ch\/fr\/#website\"},\"primaryImageOfPage\":{\"@id\":\"https:\/\/bio-senf.ch\/fr\/shop\/moutarde-bio-poire-forte\/#primaryimage\"},\"image\":{\"@id\":\"https:\/\/bio-senf.ch\/fr\/shop\/moutarde-bio-poire-forte\/#primaryimage\"},\"thumbnailUrl\":\"https:\/\/bio-senf.ch\/wp-content\/uploads\/20250129_1428270-scaled-e1738307317812.jpg\",\"datePublished\":\"2016-03-07T17:27:02+00:00\",\"dateModified\":\"2025-01-31T08:27:51+00:00\",\"description\":\"Moutarde Poire forte. Moutarde fine aux poires et au piment - parfaite pour le fromage, les sauces \u00e0 salade, le tofu, la marinade de viande.\",\"breadcrumb\":{\"@id\":\"https:\/\/bio-senf.ch\/fr\/shop\/moutarde-bio-poire-forte\/#breadcrumb\"},\"inLanguage\":\"fr-FR\",\"potentialAction\":[{\"@type\":\"ReadAction\",\"target\":[\"https:\/\/bio-senf.ch\/fr\/shop\/moutarde-bio-poire-forte\/\"]}]},{\"@type\":\"ImageObject\",\"inLanguage\":\"fr-FR\",\"@id\":\"https:\/\/bio-senf.ch\/fr\/shop\/moutarde-bio-poire-forte\/#primaryimage\",\"url\":\"https:\/\/bio-senf.ch\/wp-content\/uploads\/20250129_1428270-scaled-e1738307317812.jpg\",\"contentUrl\":\"https:\/\/bio-senf.ch\/wp-content\/uploads\/20250129_1428270-scaled-e1738307317812.jpg\",\"width\":1000,\"height\":1333,\"caption\":\"Moutarde bio aux poires forte\"},{\"@type\":\"BreadcrumbList\",\"@id\":\"https:\/\/bio-senf.ch\/fr\/shop\/moutarde-bio-poire-forte\/#breadcrumb\",\"itemListElement\":[{\"@type\":\"ListItem\",\"position\":1,\"name\":\"Startseite\",\"item\":\"https:\/\/bio-senf.ch\/fr\/\"},{\"@type\":\"ListItem\",\"position\":2,\"name\":\"Boutique\",\"item\":\"https:\/\/bio-senf.ch\/boutique\/?lang=fr\"},{\"@type\":\"ListItem\",\"position\":3,\"name\":\"Moutarde bio \u00e0 la poire forte\"}]},{\"@type\":\"WebSite\",\"@id\":\"https:\/\/bio-senf.ch\/fr\/#website\",\"url\":\"https:\/\/bio-senf.ch\/fr\/\",\"name\":\"Bio-Senf\",\"description\":\"Wir geben \u00fcberall unseren Senf dazu\",\"potentialAction\":[{\"@type\":\"SearchAction\",\"target\":{\"@type\":\"EntryPoint\",\"urlTemplate\":\"https:\/\/bio-senf.ch\/fr\/?s={search_term_string}\"},\"query-input\":{\"@type\":\"PropertyValueSpecification\",\"valueRequired\":true,\"valueName\":\"search_term_string\"}}],\"inLanguage\":\"fr-FR\"}]}<\/script>\n<!-- \/ Yoast SEO plugin. -->","yoast_head_json":{"title":"Moutarde bio \u00e0 la poire forte - Bio-Senf","description":"Moutarde Poire forte. Moutarde fine aux poires et au piment - parfaite pour le fromage, les sauces \u00e0 salade, le tofu, la marinade de viande.","robots":{"index":"index","follow":"follow","max-snippet":"max-snippet:-1","max-image-preview":"max-image-preview:large","max-video-preview":"max-video-preview:-1"},"canonical":"https:\/\/bio-senf.ch\/fr\/shop\/moutarde-bio-poire-forte\/","og_locale":"fr_FR","og_type":"article","og_title":"Moutarde bio \u00e0 la poire forte - Bio-Senf","og_description":"Moutarde Poire forte. Moutarde fine aux poires et au piment - parfaite pour le fromage, les sauces \u00e0 salade, le tofu, la marinade de viande.","og_url":"https:\/\/bio-senf.ch\/fr\/shop\/moutarde-bio-poire-forte\/","og_site_name":"Bio-Senf","article_modified_time":"2025-01-31T08:27:51+00:00","og_image":[{"width":1000,"height":1333,"url":"https:\/\/bio-senf.ch\/wp-content\/uploads\/20250129_1428270-scaled-e1738307317812.jpg","type":"image\/jpeg"}],"twitter_card":"summary_large_image","twitter_misc":{"Dur\u00e9e de lecture estim\u00e9e":"2 minutes"},"schema":{"@context":"https:\/\/schema.org","@graph":[{"@type":"WebPage","@id":"https:\/\/bio-senf.ch\/fr\/shop\/moutarde-bio-poire-forte\/","url":"https:\/\/bio-senf.ch\/fr\/shop\/moutarde-bio-poire-forte\/","name":"Moutarde bio \u00e0 la poire forte - Bio-Senf","isPartOf":{"@id":"https:\/\/bio-senf.ch\/fr\/#website"},"primaryImageOfPage":{"@id":"https:\/\/bio-senf.ch\/fr\/shop\/moutarde-bio-poire-forte\/#primaryimage"},"image":{"@id":"https:\/\/bio-senf.ch\/fr\/shop\/moutarde-bio-poire-forte\/#primaryimage"},"thumbnailUrl":"https:\/\/bio-senf.ch\/wp-content\/uploads\/20250129_1428270-scaled-e1738307317812.jpg","datePublished":"2016-03-07T17:27:02+00:00","dateModified":"2025-01-31T08:27:51+00:00","description":"Moutarde Poire forte. Moutarde fine aux poires et au piment - parfaite pour le fromage, les sauces \u00e0 salade, le tofu, la marinade de viande.","breadcrumb":{"@id":"https:\/\/bio-senf.ch\/fr\/shop\/moutarde-bio-poire-forte\/#breadcrumb"},"inLanguage":"fr-FR","potentialAction":[{"@type":"ReadAction","target":["https:\/\/bio-senf.ch\/fr\/shop\/moutarde-bio-poire-forte\/"]}]},{"@type":"ImageObject","inLanguage":"fr-FR","@id":"https:\/\/bio-senf.ch\/fr\/shop\/moutarde-bio-poire-forte\/#primaryimage","url":"https:\/\/bio-senf.ch\/wp-content\/uploads\/20250129_1428270-scaled-e1738307317812.jpg","contentUrl":"https:\/\/bio-senf.ch\/wp-content\/uploads\/20250129_1428270-scaled-e1738307317812.jpg","width":1000,"height":1333,"caption":"Moutarde bio aux poires forte"},{"@type":"BreadcrumbList","@id":"https:\/\/bio-senf.ch\/fr\/shop\/moutarde-bio-poire-forte\/#breadcrumb","itemListElement":[{"@type":"ListItem","position":1,"name":"Startseite","item":"https:\/\/bio-senf.ch\/fr\/"},{"@type":"ListItem","position":2,"name":"Boutique","item":"https:\/\/bio-senf.ch\/boutique\/?lang=fr"},{"@type":"ListItem","position":3,"name":"Moutarde bio \u00e0 la poire forte"}]},{"@type":"WebSite","@id":"https:\/\/bio-senf.ch\/fr\/#website","url":"https:\/\/bio-senf.ch\/fr\/","name":"Bio-Senf","description":"Wir geben \u00fcberall unseren Senf dazu","potentialAction":[{"@type":"SearchAction","target":{"@type":"EntryPoint","urlTemplate":"https:\/\/bio-senf.ch\/fr\/?s={search_term_string}"},"query-input":{"@type":"PropertyValueSpecification","valueRequired":true,"valueName":"search_term_string"}}],"inLanguage":"fr-FR"}]}},"_links":{"self":[{"href":"https:\/\/bio-senf.ch\/fr\/wp-json\/wp\/v2\/product\/4940","targetHints":{"allow":["GET"]}}],"collection":[{"href":"https:\/\/bio-senf.ch\/fr\/wp-json\/wp\/v2\/product"}],"about":[{"href":"https:\/\/bio-senf.ch\/fr\/wp-json\/wp\/v2\/types\/product"}],"wp:featuredmedia":[{"embeddable":true,"href":"https:\/\/bio-senf.ch\/fr\/wp-json\/wp\/v2\/media\/6284"}],"wp:attachment":[{"href":"https:\/\/bio-senf.ch\/fr\/wp-json\/wp\/v2\/media?parent=4940"}],"wp:term":[{"taxonomy":"product_brand","embeddable":true,"href":"https:\/\/bio-senf.ch\/fr\/wp-json\/wp\/v2\/product_brand?post=4940"},{"taxonomy":"product_cat","embeddable":true,"href":"https:\/\/bio-senf.ch\/fr\/wp-json\/wp\/v2\/product_cat?post=4940"},{"taxonomy":"product_tag","embeddable":true,"href":"https:\/\/bio-senf.ch\/fr\/wp-json\/wp\/v2\/product_tag?post=4940"}],"curies":[{"name":"wp","href":"https:\/\/api.w.org\/{rel}","templated":true}]}}