{"id":4939,"date":"2016-03-07T18:37:21","date_gmt":"2016-03-07T17:37:21","guid":{"rendered":"https:\/\/bio-senf.ch\/shop\/zofiger-bio-senf-orangen\/"},"modified":"2025-01-31T09:23:57","modified_gmt":"2025-01-31T08:23:57","slug":"moutarde-bio-a-lorange","status":"publish","type":"product","link":"https:\/\/bio-senf.ch\/fr\/shop\/moutarde-bio-a-lorange\/","title":{"rendered":"Moutarde bio \u00e0 l&rsquo;orange"},"content":{"rendered":"<p><strong>Moutarde \u00e0 l&rsquo;orange bio<\/strong><\/p>\n<p>Des agrumes europ\u00e9ens frais et m\u00fbris au soleil.<span style=\"font-size: 14pt;\"><br \/>\n<strong>Oranges <\/strong><br \/>\n<\/span><br \/>\nLe piquant de la moutarde peut \u00eatre appr\u00e9ci\u00e9 par tous. Elle est obtenue uniquement gr\u00e2ce au m\u00e9lange de moutarde !<\/p>\n<p>Le compagnon id\u00e9al de la cuisine chaude et froide : pour le fromage, les grillades, les viandes froides et chaudes, la fondue de viande, le bouilli, le poisson, la volaille et aussi la sauce \u00e0 salade.<br \/>\nParfait aussi pour tartiner (pain frais ou grill\u00e9)<\/p>\n<p>La moutarde bio \u00e0 l&rsquo;orange de Zofingue r\u00e9pond \u00e0 toutes les exigences des r\u00e9gimes v\u00e9g\u00e9tariens et v\u00e9g\u00e9taliens. Ses jus ne sont pas filtr\u00e9s et il est \u00e9galement sans sucre.<br \/>\nLes amateurs de Slow Food y trouveront une moutarde moulue par leurs soins. C&rsquo;est-\u00e0-dire que le grain de moutarde entier est moulu pour cette moutarde.<\/p>\n<p>Vinaigre de poire, jus d&rsquo;orange, oranges, <strong>graines de moutarde<\/strong> jaunes + brunes, sel des Alpes, \u00e9pices<\/p>\n<p>Contenu : 150 g<\/p>\n<p>CH-Bio-038<\/p>\n<p>incl. 2.6% de TVA<\/p>\n<p><strong>Valeurs nutritives pour 100 g<\/strong><\/p>\n<p>\u00c9nergie 612 kJ \/ 146 kcal<br \/>\nMati\u00e8re grasse 7,3 g<br \/>\ndont satur\u00e9s acides gras 0.4 g<br \/>\nGlucides 12,3 g<br \/>\ndont sucre (de fruits) 7.1 g<br \/>\nProt\u00e9ines 6,4 g<br \/>\nsel 1,4 g<\/p>\n<p>L&rsquo;<b>orange<\/b> est un arbre \u00e0 feuilles persistantes, dont le fruit est \u00e9galement appel\u00e9 ainsi. Le nom botanique valide de l&rsquo;orange est <i>Citrus<\/i> \u00d7 <i>sinensis<\/i> L., ce qui signifie qu&rsquo;elle fait partie du genre<i>Citrus<\/i> dans la famille des Rutac\u00e9es (Rutaceae). Il est originaire de Chine ou d&rsquo;Asie du Sud-Est, o\u00f9 il est n\u00e9 d&rsquo;un croisement entre la mandarine<i>(Citrus reticulata<\/i>) et le pamplemousse<i>(Citrus maxima<\/i>).<\/p>\n<p>L&rsquo;orange am\u00e8re, issue des m\u00eames esp\u00e8ces parentales, est distingu\u00e9e des oranges douces en raison de son utilisation totalement diff\u00e9rente. Alors que l&rsquo;orange am\u00e8re est arriv\u00e9e en Italie au plus tard au 11e si\u00e8cle, la version sucr\u00e9e n&rsquo;a \u00e9t\u00e9 introduite en Europe qu&rsquo;au 15e si\u00e8cle, o\u00f9 elle a d&rsquo;abord \u00e9t\u00e9 cultiv\u00e9e presque exclusivement au Portugal. Aujourd&rsquo;hui, les oranges douces sont les agrumes les plus cultiv\u00e9s au monde.<\/p>\n<div id=\"toc\" class=\"toc\">\n<h2><span id=\"Verwendung\" class=\"mw-headline\">Utilisation<\/span><\/h2>\n<div class=\"thumbinner\">En Europe, les oranges sont r\u00e9colt\u00e9es d&rsquo;ao\u00fbt (vari\u00e9t\u00e9s pr\u00e9coces de S\u00e9ville) \u00e0 octobre (Valencia Lates de la r\u00e9gion de Valence). Le produit \u00e0 base d&rsquo;orange le plus important dans le commerce mondial est le jus d&rsquo;orange, qui provient en grande partie du Br\u00e9sil et est commercialis\u00e9 sous forme de concentr\u00e9 (sirop). Les oranges fra\u00eeches se sont \u00e9galement impos\u00e9es dans le paysage alimentaire de nombreux pays. Autrefois pour se prot\u00e9ger, aujourd&rsquo;hui \u00e0 des fins publicitaires, les oranges sont souvent propos\u00e9es \u00e0 la vente envelopp\u00e9es dans du papier d&rsquo;oranger.<\/div>\n<p>L&rsquo;orange est \u00e9galement une source de substances odorantes : Le terp\u00e8ne d-limon\u00e8ne est extrait de l&rsquo;\u00e9corce d&rsquo;orange et est largement utilis\u00e9 comme solvant biog\u00e8ne et mati\u00e8re premi\u00e8re pour l&rsquo;industrie de la parfumerie. L&rsquo;huile de n\u00e9roli \u00e0 l&rsquo;odeur raffin\u00e9e est obtenue par distillation \u00e0 la vapeur d&rsquo;eau des fleurs d&rsquo;oranger, mais la plupart du temps, ce ne sont pas les fleurs de <i>Citrus sinensis<\/i> qui sont utilis\u00e9es, mais celles de Pomeranze<i>(Citrus \u00d7 aurantium<\/i>).<\/p>\n<p>Des zestes d&rsquo;orange tr\u00e8s fins et sans substance am\u00e8re, tels qu&rsquo;ils sont n\u00e9cessaires pour aromatiser de nombreux plats, peuvent \u00eatre obtenus \u00e0 l&rsquo;aide d&rsquo;un zesteur (parfois aussi appel\u00e9 <i>zesteur<\/i> ). Les \u00e9corces d&rsquo;orange s\u00e9ch\u00e9es se retrouvent aussi souvent dans les m\u00e9langes de th\u00e9. Les fleurs peuvent \u00e9galement \u00eatre transform\u00e9es en infusion.<\/p>\n<p>Les tranches d&rsquo;orange, les fleurs et les \u00e9corces sont \u00e9galement utilis\u00e9es pour d\u00e9corer les plats et les boissons (Orangentwist).<\/p>\n<\/div>\n","protected":false},"excerpt":{"rendered":"<p>Moutarde \u00e0 l&rsquo;orange fra\u00eechement r\u00e9colt\u00e9e et m\u00fbrie au soleil<\/p>\n","protected":false},"featured_media":6470,"template":"","meta":[],"product_brand":[],"product_cat":[576],"product_tag":[535,538,537,706,539,718,716,617,536,575,717,549,573,542,548],"class_list":{"0":"post-4939","1":"product","2":"type-product","3":"status-publish","4":"has-post-thumbnail","6":"product_cat-moutardes-fruits-et-noix","7":"product_tag-aargauer-spezalitaet-fr","8":"product_tag-bourgeon-fr","9":"product_tag-delikatesssenf-fr","10":"product_tag-idee-cadeau","11":"product_tag-knospensenf-fr","12":"product_tag-moutarde-a-lorange-fr","13":"product_tag-moutarde-a-lorange-bio-fr","14":"product_tag-moutarde-du-saison","15":"product_tag-moutarde-fine-fr","16":"product_tag-moutarde-sans-sucre-fr","17":"product_tag-orange-fr","18":"product_tag-zuckerfrei-fr","19":"product_tag-slow-food-fr","20":"product_tag-specialite-a-la-moutarde","21":"product_tag-specialite-de-zofingue","23":"first","24":"instock","25":"taxable","26":"shipping-taxable","27":"purchasable","28":"product-type-simple"},"yoast_head":"<!-- This site is optimized with the Yoast SEO plugin v27.1.1 - https:\/\/yoast.com\/product\/yoast-seo-wordpress\/ -->\n<title>Moutarde bio \u00e0 l&#039;orange - Bio-Senf<\/title>\n<meta name=\"description\" content=\"Moutarde bio \u00e4 l&#039;orange. Chez Bio-Senf, il existe plus de 25 vari\u00e9t\u00e9s de moutarde Bourgeon. A commander ici en ligne dans la boutique.\" \/>\n<meta name=\"robots\" content=\"index, follow, max-snippet:-1, max-image-preview:large, max-video-preview:-1\" \/>\n<link rel=\"canonical\" href=\"https:\/\/bio-senf.ch\/fr\/shop\/moutarde-bio-a-lorange\/\" \/>\n<meta property=\"og:locale\" content=\"fr_FR\" \/>\n<meta property=\"og:type\" content=\"article\" \/>\n<meta property=\"og:title\" content=\"Moutarde bio \u00e0 l&#039;orange - Bio-Senf\" \/>\n<meta property=\"og:description\" content=\"Moutarde bio \u00e4 l&#039;orange. Chez Bio-Senf, il existe plus de 25 vari\u00e9t\u00e9s de moutarde Bourgeon. A commander ici en ligne dans la boutique.\" \/>\n<meta property=\"og:url\" content=\"https:\/\/bio-senf.ch\/fr\/shop\/moutarde-bio-a-lorange\/\" \/>\n<meta property=\"og:site_name\" content=\"Bio-Senf\" \/>\n<meta property=\"article:modified_time\" content=\"2025-01-31T08:23:57+00:00\" \/>\n<meta property=\"og:image\" content=\"https:\/\/bio-senf.ch\/wp-content\/uploads\/20250129_142754-1-scaled-e1738311796991.jpg\" \/>\n\t<meta property=\"og:image:width\" content=\"1000\" \/>\n\t<meta property=\"og:image:height\" content=\"1333\" \/>\n\t<meta property=\"og:image:type\" content=\"image\/jpeg\" \/>\n<meta name=\"twitter:card\" content=\"summary_large_image\" \/>\n<meta name=\"twitter:label1\" content=\"Dur\u00e9e de lecture estim\u00e9e\" \/>\n\t<meta name=\"twitter:data1\" content=\"4 minutes\" \/>\n<script type=\"application\/ld+json\" class=\"yoast-schema-graph\">{\"@context\":\"https:\/\/schema.org\",\"@graph\":[{\"@type\":\"WebPage\",\"@id\":\"https:\/\/bio-senf.ch\/fr\/shop\/moutarde-bio-a-lorange\/\",\"url\":\"https:\/\/bio-senf.ch\/fr\/shop\/moutarde-bio-a-lorange\/\",\"name\":\"Moutarde bio \u00e0 l'orange - Bio-Senf\",\"isPartOf\":{\"@id\":\"https:\/\/bio-senf.ch\/fr\/#website\"},\"primaryImageOfPage\":{\"@id\":\"https:\/\/bio-senf.ch\/fr\/shop\/moutarde-bio-a-lorange\/#primaryimage\"},\"image\":{\"@id\":\"https:\/\/bio-senf.ch\/fr\/shop\/moutarde-bio-a-lorange\/#primaryimage\"},\"thumbnailUrl\":\"https:\/\/bio-senf.ch\/wp-content\/uploads\/20250129_142754-1-scaled-e1738311796991.jpg\",\"datePublished\":\"2016-03-07T17:37:21+00:00\",\"dateModified\":\"2025-01-31T08:23:57+00:00\",\"description\":\"Moutarde bio \u00e4 l'orange. Chez Bio-Senf, il existe plus de 25 vari\u00e9t\u00e9s de moutarde Bourgeon. A commander ici en ligne dans la boutique.\",\"breadcrumb\":{\"@id\":\"https:\/\/bio-senf.ch\/fr\/shop\/moutarde-bio-a-lorange\/#breadcrumb\"},\"inLanguage\":\"fr-FR\",\"potentialAction\":[{\"@type\":\"ReadAction\",\"target\":[\"https:\/\/bio-senf.ch\/fr\/shop\/moutarde-bio-a-lorange\/\"]}]},{\"@type\":\"ImageObject\",\"inLanguage\":\"fr-FR\",\"@id\":\"https:\/\/bio-senf.ch\/fr\/shop\/moutarde-bio-a-lorange\/#primaryimage\",\"url\":\"https:\/\/bio-senf.ch\/wp-content\/uploads\/20250129_142754-1-scaled-e1738311796991.jpg\",\"contentUrl\":\"https:\/\/bio-senf.ch\/wp-content\/uploads\/20250129_142754-1-scaled-e1738311796991.jpg\",\"width\":1000,\"height\":1333,\"caption\":\"Moutarde bio aux oranges\"},{\"@type\":\"BreadcrumbList\",\"@id\":\"https:\/\/bio-senf.ch\/fr\/shop\/moutarde-bio-a-lorange\/#breadcrumb\",\"itemListElement\":[{\"@type\":\"ListItem\",\"position\":1,\"name\":\"Startseite\",\"item\":\"https:\/\/bio-senf.ch\/fr\/\"},{\"@type\":\"ListItem\",\"position\":2,\"name\":\"Boutique\",\"item\":\"https:\/\/bio-senf.ch\/boutique\/?lang=fr\"},{\"@type\":\"ListItem\",\"position\":3,\"name\":\"Moutarde bio \u00e0 l&#8217;orange\"}]},{\"@type\":\"WebSite\",\"@id\":\"https:\/\/bio-senf.ch\/fr\/#website\",\"url\":\"https:\/\/bio-senf.ch\/fr\/\",\"name\":\"Bio-Senf\",\"description\":\"Wir geben \u00fcberall unseren Senf dazu\",\"potentialAction\":[{\"@type\":\"SearchAction\",\"target\":{\"@type\":\"EntryPoint\",\"urlTemplate\":\"https:\/\/bio-senf.ch\/fr\/?s={search_term_string}\"},\"query-input\":{\"@type\":\"PropertyValueSpecification\",\"valueRequired\":true,\"valueName\":\"search_term_string\"}}],\"inLanguage\":\"fr-FR\"}]}<\/script>\n<!-- \/ Yoast SEO plugin. -->","yoast_head_json":{"title":"Moutarde bio \u00e0 l'orange - Bio-Senf","description":"Moutarde bio \u00e4 l'orange. Chez Bio-Senf, il existe plus de 25 vari\u00e9t\u00e9s de moutarde Bourgeon. A commander ici en ligne dans la boutique.","robots":{"index":"index","follow":"follow","max-snippet":"max-snippet:-1","max-image-preview":"max-image-preview:large","max-video-preview":"max-video-preview:-1"},"canonical":"https:\/\/bio-senf.ch\/fr\/shop\/moutarde-bio-a-lorange\/","og_locale":"fr_FR","og_type":"article","og_title":"Moutarde bio \u00e0 l'orange - Bio-Senf","og_description":"Moutarde bio \u00e4 l'orange. Chez Bio-Senf, il existe plus de 25 vari\u00e9t\u00e9s de moutarde Bourgeon. A commander ici en ligne dans la boutique.","og_url":"https:\/\/bio-senf.ch\/fr\/shop\/moutarde-bio-a-lorange\/","og_site_name":"Bio-Senf","article_modified_time":"2025-01-31T08:23:57+00:00","og_image":[{"width":1000,"height":1333,"url":"https:\/\/bio-senf.ch\/wp-content\/uploads\/20250129_142754-1-scaled-e1738311796991.jpg","type":"image\/jpeg"}],"twitter_card":"summary_large_image","twitter_misc":{"Dur\u00e9e de lecture estim\u00e9e":"4 minutes"},"schema":{"@context":"https:\/\/schema.org","@graph":[{"@type":"WebPage","@id":"https:\/\/bio-senf.ch\/fr\/shop\/moutarde-bio-a-lorange\/","url":"https:\/\/bio-senf.ch\/fr\/shop\/moutarde-bio-a-lorange\/","name":"Moutarde bio \u00e0 l'orange - Bio-Senf","isPartOf":{"@id":"https:\/\/bio-senf.ch\/fr\/#website"},"primaryImageOfPage":{"@id":"https:\/\/bio-senf.ch\/fr\/shop\/moutarde-bio-a-lorange\/#primaryimage"},"image":{"@id":"https:\/\/bio-senf.ch\/fr\/shop\/moutarde-bio-a-lorange\/#primaryimage"},"thumbnailUrl":"https:\/\/bio-senf.ch\/wp-content\/uploads\/20250129_142754-1-scaled-e1738311796991.jpg","datePublished":"2016-03-07T17:37:21+00:00","dateModified":"2025-01-31T08:23:57+00:00","description":"Moutarde bio \u00e4 l'orange. Chez Bio-Senf, il existe plus de 25 vari\u00e9t\u00e9s de moutarde Bourgeon. A commander ici en ligne dans la boutique.","breadcrumb":{"@id":"https:\/\/bio-senf.ch\/fr\/shop\/moutarde-bio-a-lorange\/#breadcrumb"},"inLanguage":"fr-FR","potentialAction":[{"@type":"ReadAction","target":["https:\/\/bio-senf.ch\/fr\/shop\/moutarde-bio-a-lorange\/"]}]},{"@type":"ImageObject","inLanguage":"fr-FR","@id":"https:\/\/bio-senf.ch\/fr\/shop\/moutarde-bio-a-lorange\/#primaryimage","url":"https:\/\/bio-senf.ch\/wp-content\/uploads\/20250129_142754-1-scaled-e1738311796991.jpg","contentUrl":"https:\/\/bio-senf.ch\/wp-content\/uploads\/20250129_142754-1-scaled-e1738311796991.jpg","width":1000,"height":1333,"caption":"Moutarde bio aux oranges"},{"@type":"BreadcrumbList","@id":"https:\/\/bio-senf.ch\/fr\/shop\/moutarde-bio-a-lorange\/#breadcrumb","itemListElement":[{"@type":"ListItem","position":1,"name":"Startseite","item":"https:\/\/bio-senf.ch\/fr\/"},{"@type":"ListItem","position":2,"name":"Boutique","item":"https:\/\/bio-senf.ch\/boutique\/?lang=fr"},{"@type":"ListItem","position":3,"name":"Moutarde bio \u00e0 l&#8217;orange"}]},{"@type":"WebSite","@id":"https:\/\/bio-senf.ch\/fr\/#website","url":"https:\/\/bio-senf.ch\/fr\/","name":"Bio-Senf","description":"Wir geben \u00fcberall unseren Senf dazu","potentialAction":[{"@type":"SearchAction","target":{"@type":"EntryPoint","urlTemplate":"https:\/\/bio-senf.ch\/fr\/?s={search_term_string}"},"query-input":{"@type":"PropertyValueSpecification","valueRequired":true,"valueName":"search_term_string"}}],"inLanguage":"fr-FR"}]}},"_links":{"self":[{"href":"https:\/\/bio-senf.ch\/fr\/wp-json\/wp\/v2\/product\/4939","targetHints":{"allow":["GET"]}}],"collection":[{"href":"https:\/\/bio-senf.ch\/fr\/wp-json\/wp\/v2\/product"}],"about":[{"href":"https:\/\/bio-senf.ch\/fr\/wp-json\/wp\/v2\/types\/product"}],"wp:featuredmedia":[{"embeddable":true,"href":"https:\/\/bio-senf.ch\/fr\/wp-json\/wp\/v2\/media\/6470"}],"wp:attachment":[{"href":"https:\/\/bio-senf.ch\/fr\/wp-json\/wp\/v2\/media?parent=4939"}],"wp:term":[{"taxonomy":"product_brand","embeddable":true,"href":"https:\/\/bio-senf.ch\/fr\/wp-json\/wp\/v2\/product_brand?post=4939"},{"taxonomy":"product_cat","embeddable":true,"href":"https:\/\/bio-senf.ch\/fr\/wp-json\/wp\/v2\/product_cat?post=4939"},{"taxonomy":"product_tag","embeddable":true,"href":"https:\/\/bio-senf.ch\/fr\/wp-json\/wp\/v2\/product_tag?post=4939"}],"curies":[{"name":"wp","href":"https:\/\/api.w.org\/{rel}","templated":true}]}}