{"id":4933,"date":"2016-03-07T19:09:11","date_gmt":"2016-03-07T18:09:11","guid":{"rendered":"https:\/\/bio-senf.ch\/shop\/zofiger-bio-senf-walnuss\/"},"modified":"2025-01-31T08:51:36","modified_gmt":"2025-01-31T07:51:36","slug":"moutarde-bio-noix","status":"publish","type":"product","link":"https:\/\/bio-senf.ch\/fr\/shop\/moutarde-bio-noix\/","title":{"rendered":"Moutarde bio aux noix"},"content":{"rendered":"<p><strong>Moutarde bio aux noix <\/strong><br \/>\nDe fines noix suisses (noix de la Suisse) conf\u00e8rent \u00e0 cette moutarde son ar\u00f4me particulier.<br \/>\nSa l\u00e9g\u00e8re douceur est obtenue gr\u00e2ce au jus de poire. Cette moutarde peut d\u00e9velopper une note am\u00e8re, car la peau de la noix n&rsquo;est pas d\u00e9cortiqu\u00e9e.<br \/>\nMoutarde compl\u00e8te moyennement forte, c&rsquo;est-\u00e0-dire dont le piquant peut \u00eatre appr\u00e9ci\u00e9 par tous. Elle est obtenue gr\u00e2ce au m\u00e9lange de moutarde !<\/p>\n<p>L&rsquo;assaisonnement id\u00e9al pour le fromage, les viandes froides, la fondue chinoise ou bourguignonne \u00e0 la viande, le bouilli, les saucisses blanches et \u00e0 r\u00f4tir, les grillades, le canard et le gibier.<br \/>\nParfait \u00e9galement pour la sauce \u00e0 salade ou sur une tranche de pain (frais ou grill\u00e9).<\/p>\n<p>La moutarde bio aux noix de Zofingue r\u00e9pond \u00e0 toutes les exigences des r\u00e9gimes v\u00e9g\u00e9tariens et v\u00e9g\u00e9taliens. Ses jus ne sont pas filtr\u00e9s et il est \u00e9galement sans sucre.<br \/>\nLes amateurs de Slow Food y trouveront une moutarde moulue par leurs soins. C&rsquo;est-\u00e0-dire que le grain de moutarde entier, accompagn\u00e9 de la noix non d\u00e9cortiqu\u00e9e, est lentement moulu dans un moulin \u00e0 pierre pour cette moutarde.<\/p>\n<p>Ingr\u00e9dients : jus de poire, vinaigre de poire, <strong>graines de moutarde<\/strong> jaune + brune, <strong>noix<\/strong> (21 %), sel des Alpes, poivre, curcuma<\/p>\n<p>Contenu : 150 g<\/p>\n<p>incl. 2.6% de TVA<\/p>\n<p>CH-Bio-038<\/p>\n<table style=\"width: 27.6239%;\">\n<tbody>\n<tr>\n<td style=\"width: 14.7959%;\"><strong>Valeurs nutritives<\/strong><\/td>\n<td style=\"width: 12.2449%;\">pour 100g<\/td>\n<\/tr>\n<tr>\n<td style=\"width: 14.7959%;\">Valeur \u00e9nerg\u00e9tique<\/td>\n<td style=\"width: 12.2449%;\">1047 kJ \/ 250 kcal<\/td>\n<\/tr>\n<tr>\n<td style=\"width: 14.7959%;\">Graisse, total<\/td>\n<td style=\"width: 12.2449%;\">18.9 g<\/td>\n<\/tr>\n<tr>\n<td style=\"width: 14.7959%;\">dont satur\u00e9s acides gras<\/td>\n<td style=\"width: 12.2449%;\">11.9 g<\/td>\n<\/tr>\n<tr>\n<td style=\"width: 14.7959%;\">Glucides<\/td>\n<td style=\"width: 12.2449%;\">21.75 g<\/td>\n<\/tr>\n<tr>\n<td style=\"width: 14.7959%;\">dont sucre (de fruits)<\/td>\n<td style=\"width: 12.2449%;\">7.27 g<\/td>\n<\/tr>\n<tr>\n<td style=\"width: 14.7959%;\">Prot\u00e9ine<\/td>\n<td style=\"width: 12.2449%;\">7.16 g<\/td>\n<\/tr>\n<tr>\n<td style=\"width: 14.7959%;\">Sel<\/td>\n<td style=\"width: 12.2449%;\">0.78 g<\/td>\n<\/tr>\n<\/tbody>\n<\/table>\n<p>La <b>noix v\u00e9ritable<\/b><i>(Juglans regia<\/i>) est un arbre \u00e0 feuilles caduques de la famille des Juglandac\u00e9es. Il est g\u00e9n\u00e9ralement appel\u00e9 famili\u00e8rement simplement <b>noyer<\/b> ou <b>noix<\/b>, ou encore <b>noix de welsch<\/b> (Autriche) ou <b>noix d&rsquo;arbre<\/b> (Suisse par exemple). En anglais, elle s&rsquo;appelle <i>Persian Walnut<\/i>, du vieil anglais <i>walhnutu<\/i><i>(wealh<\/i> + <i>hnutu<\/i>, \u00ab noix \u00e9trang\u00e8re \u00bb), d&rsquo;o\u00f9 l&rsquo;allemand occasionnellement <i>Persian Walnuss<\/i>, le danois <i>Valn\u00f8d<\/i>, le su\u00e9dois <i>Valn\u00f6t<\/i>. Le nom signifie \u00e0 l&rsquo;origine \u00ab noix romande \u00bb (c&rsquo;est-\u00e0-dire \u00ab venant des Romains \u00bb), car elle est arriv\u00e9e en Allemagne par la France ou l&rsquo;Italie. Leurs fruits sont les fameuses noix. Le bois de noyer est consid\u00e9r\u00e9 comme le plus recherch\u00e9 et le plus pr\u00e9cieux de la for\u00eat d&rsquo;Europe centrale.<sup id=\"cite_ref-Enz_d_Holzgew_3-0\" class=\"reference\"><\/sup><\/p>\n<div id=\"toc\" class=\"toc\"><\/div>\n","protected":false},"excerpt":{"rendered":"<p>Des noix fines ou des noix de Grenoble donnent \u00e0 cette moutarde son ar\u00f4me discret.<\/p>\n","protected":false},"featured_media":6272,"template":"","meta":[],"product_brand":[],"product_cat":[576,561],"product_tag":[697,700,701,538,704,539,702,699,698,575,549,573,543,703,705,608],"class_list":{"0":"post-4933","1":"product","2":"type-product","3":"status-publish","4":"has-post-thumbnail","6":"product_cat-moutardes-fruits-et-noix","7":"product_cat-spezielle-fr","8":"product_tag-bio-baumnusssenf-fr","9":"product_tag-bio-senf-walnuss-fr","10":"product_tag-bio-walnusssenf-fr","11":"product_tag-bourgeon-fr","12":"product_tag-cadeau-vegane-fr-2","13":"product_tag-knospensenf-fr","14":"product_tag-moutarde-aux-noix-fr","15":"product_tag-moutarde-aux-noix-bio","16":"product_tag-moutarde-aux-noix-bio-fr","17":"product_tag-moutarde-sans-sucre-fr","18":"product_tag-zuckerfrei-fr","19":"product_tag-slow-food-fr","20":"product_tag-vegane","21":"product_tag-vegetaliens","22":"product_tag-vegetariens-fr","23":"product_tag-vegetariens-fr-2","25":"first","26":"instock","27":"taxable","28":"shipping-taxable","29":"purchasable","30":"product-type-simple"},"yoast_head":"<!-- This site is optimized with the Yoast SEO plugin v27.5 - https:\/\/yoast.com\/product\/yoast-seo-wordpress\/ -->\n<title>Moutarde bio aux noix - Bio-Senf<\/title>\n<meta name=\"description\" content=\"Moutarde bio aux noix. Chez Bio-Senf, il existe plus de 25 vari\u00e9t\u00e9s de moutarde Bourgeon. A commander ici en ligne dans la boutique.\" \/>\n<meta name=\"robots\" content=\"index, follow, max-snippet:-1, max-image-preview:large, max-video-preview:-1\" \/>\n<link rel=\"canonical\" href=\"https:\/\/bio-senf.ch\/fr\/shop\/moutarde-bio-noix\/\" \/>\n<meta property=\"og:locale\" content=\"fr_FR\" \/>\n<meta property=\"og:type\" content=\"article\" \/>\n<meta property=\"og:title\" content=\"Moutarde bio aux noix - Bio-Senf\" \/>\n<meta property=\"og:description\" content=\"Moutarde bio aux noix. Chez Bio-Senf, il existe plus de 25 vari\u00e9t\u00e9s de moutarde Bourgeon. A commander ici en ligne dans la boutique.\" \/>\n<meta property=\"og:url\" content=\"https:\/\/bio-senf.ch\/fr\/shop\/moutarde-bio-noix\/\" \/>\n<meta property=\"og:site_name\" content=\"Bio-Senf\" \/>\n<meta property=\"article:modified_time\" content=\"2025-01-31T07:51:36+00:00\" \/>\n<meta property=\"og:image\" content=\"https:\/\/bio-senf.ch\/wp-content\/uploads\/20250129_142110-scaled-e1738306481533.jpg\" \/>\n\t<meta property=\"og:image:width\" content=\"1000\" \/>\n\t<meta property=\"og:image:height\" content=\"1333\" \/>\n\t<meta property=\"og:image:type\" content=\"image\/jpeg\" \/>\n<meta name=\"twitter:card\" content=\"summary_large_image\" \/>\n<script type=\"application\/ld+json\" class=\"yoast-schema-graph\">{\"@context\":\"https:\\\/\\\/schema.org\",\"@graph\":[{\"@type\":\"WebPage\",\"@id\":\"https:\\\/\\\/bio-senf.ch\\\/fr\\\/shop\\\/moutarde-bio-noix\\\/\",\"url\":\"https:\\\/\\\/bio-senf.ch\\\/fr\\\/shop\\\/moutarde-bio-noix\\\/\",\"name\":\"Moutarde bio aux noix - Bio-Senf\",\"isPartOf\":{\"@id\":\"https:\\\/\\\/bio-senf.ch\\\/fr\\\/#website\"},\"primaryImageOfPage\":{\"@id\":\"https:\\\/\\\/bio-senf.ch\\\/fr\\\/shop\\\/moutarde-bio-noix\\\/#primaryimage\"},\"image\":{\"@id\":\"https:\\\/\\\/bio-senf.ch\\\/fr\\\/shop\\\/moutarde-bio-noix\\\/#primaryimage\"},\"thumbnailUrl\":\"https:\\\/\\\/bio-senf.ch\\\/wp-content\\\/uploads\\\/20250129_142110-scaled-e1738306481533.jpg\",\"datePublished\":\"2016-03-07T18:09:11+00:00\",\"dateModified\":\"2025-01-31T07:51:36+00:00\",\"description\":\"Moutarde bio aux noix. Chez Bio-Senf, il existe plus de 25 vari\u00e9t\u00e9s de moutarde Bourgeon. A commander ici en ligne dans la boutique.\",\"breadcrumb\":{\"@id\":\"https:\\\/\\\/bio-senf.ch\\\/fr\\\/shop\\\/moutarde-bio-noix\\\/#breadcrumb\"},\"inLanguage\":\"fr-FR\",\"potentialAction\":[{\"@type\":\"ReadAction\",\"target\":[\"https:\\\/\\\/bio-senf.ch\\\/fr\\\/shop\\\/moutarde-bio-noix\\\/\"]}]},{\"@type\":\"ImageObject\",\"inLanguage\":\"fr-FR\",\"@id\":\"https:\\\/\\\/bio-senf.ch\\\/fr\\\/shop\\\/moutarde-bio-noix\\\/#primaryimage\",\"url\":\"https:\\\/\\\/bio-senf.ch\\\/wp-content\\\/uploads\\\/20250129_142110-scaled-e1738306481533.jpg\",\"contentUrl\":\"https:\\\/\\\/bio-senf.ch\\\/wp-content\\\/uploads\\\/20250129_142110-scaled-e1738306481533.jpg\",\"width\":1000,\"height\":1333,\"caption\":\"Moutarde bio aux noix\"},{\"@type\":\"BreadcrumbList\",\"@id\":\"https:\\\/\\\/bio-senf.ch\\\/fr\\\/shop\\\/moutarde-bio-noix\\\/#breadcrumb\",\"itemListElement\":[{\"@type\":\"ListItem\",\"position\":1,\"name\":\"Startseite\",\"item\":\"https:\\\/\\\/bio-senf.ch\\\/fr\\\/\"},{\"@type\":\"ListItem\",\"position\":2,\"name\":\"Boutique\",\"item\":\"https:\\\/\\\/bio-senf.ch\\\/boutique\\\/?lang=fr\"},{\"@type\":\"ListItem\",\"position\":3,\"name\":\"Moutarde bio aux noix\"}]},{\"@type\":\"WebSite\",\"@id\":\"https:\\\/\\\/bio-senf.ch\\\/fr\\\/#website\",\"url\":\"https:\\\/\\\/bio-senf.ch\\\/fr\\\/\",\"name\":\"Bio-Senf\",\"description\":\"Wir geben \u00fcberall unseren Senf dazu\",\"potentialAction\":[{\"@type\":\"SearchAction\",\"target\":{\"@type\":\"EntryPoint\",\"urlTemplate\":\"https:\\\/\\\/bio-senf.ch\\\/fr\\\/?s={search_term_string}\"},\"query-input\":{\"@type\":\"PropertyValueSpecification\",\"valueRequired\":true,\"valueName\":\"search_term_string\"}}],\"inLanguage\":\"fr-FR\"}]}<\/script>\n<!-- \/ Yoast SEO plugin. -->","yoast_head_json":{"title":"Moutarde bio aux noix - Bio-Senf","description":"Moutarde bio aux noix. Chez Bio-Senf, il existe plus de 25 vari\u00e9t\u00e9s de moutarde Bourgeon. A commander ici en ligne dans la boutique.","robots":{"index":"index","follow":"follow","max-snippet":"max-snippet:-1","max-image-preview":"max-image-preview:large","max-video-preview":"max-video-preview:-1"},"canonical":"https:\/\/bio-senf.ch\/fr\/shop\/moutarde-bio-noix\/","og_locale":"fr_FR","og_type":"article","og_title":"Moutarde bio aux noix - Bio-Senf","og_description":"Moutarde bio aux noix. Chez Bio-Senf, il existe plus de 25 vari\u00e9t\u00e9s de moutarde Bourgeon. A commander ici en ligne dans la boutique.","og_url":"https:\/\/bio-senf.ch\/fr\/shop\/moutarde-bio-noix\/","og_site_name":"Bio-Senf","article_modified_time":"2025-01-31T07:51:36+00:00","og_image":[{"width":1000,"height":1333,"url":"https:\/\/bio-senf.ch\/wp-content\/uploads\/20250129_142110-scaled-e1738306481533.jpg","type":"image\/jpeg"}],"twitter_card":"summary_large_image","schema":{"@context":"https:\/\/schema.org","@graph":[{"@type":"WebPage","@id":"https:\/\/bio-senf.ch\/fr\/shop\/moutarde-bio-noix\/","url":"https:\/\/bio-senf.ch\/fr\/shop\/moutarde-bio-noix\/","name":"Moutarde bio aux noix - Bio-Senf","isPartOf":{"@id":"https:\/\/bio-senf.ch\/fr\/#website"},"primaryImageOfPage":{"@id":"https:\/\/bio-senf.ch\/fr\/shop\/moutarde-bio-noix\/#primaryimage"},"image":{"@id":"https:\/\/bio-senf.ch\/fr\/shop\/moutarde-bio-noix\/#primaryimage"},"thumbnailUrl":"https:\/\/bio-senf.ch\/wp-content\/uploads\/20250129_142110-scaled-e1738306481533.jpg","datePublished":"2016-03-07T18:09:11+00:00","dateModified":"2025-01-31T07:51:36+00:00","description":"Moutarde bio aux noix. Chez Bio-Senf, il existe plus de 25 vari\u00e9t\u00e9s de moutarde Bourgeon. A commander ici en ligne dans la boutique.","breadcrumb":{"@id":"https:\/\/bio-senf.ch\/fr\/shop\/moutarde-bio-noix\/#breadcrumb"},"inLanguage":"fr-FR","potentialAction":[{"@type":"ReadAction","target":["https:\/\/bio-senf.ch\/fr\/shop\/moutarde-bio-noix\/"]}]},{"@type":"ImageObject","inLanguage":"fr-FR","@id":"https:\/\/bio-senf.ch\/fr\/shop\/moutarde-bio-noix\/#primaryimage","url":"https:\/\/bio-senf.ch\/wp-content\/uploads\/20250129_142110-scaled-e1738306481533.jpg","contentUrl":"https:\/\/bio-senf.ch\/wp-content\/uploads\/20250129_142110-scaled-e1738306481533.jpg","width":1000,"height":1333,"caption":"Moutarde bio aux noix"},{"@type":"BreadcrumbList","@id":"https:\/\/bio-senf.ch\/fr\/shop\/moutarde-bio-noix\/#breadcrumb","itemListElement":[{"@type":"ListItem","position":1,"name":"Startseite","item":"https:\/\/bio-senf.ch\/fr\/"},{"@type":"ListItem","position":2,"name":"Boutique","item":"https:\/\/bio-senf.ch\/boutique\/?lang=fr"},{"@type":"ListItem","position":3,"name":"Moutarde bio aux noix"}]},{"@type":"WebSite","@id":"https:\/\/bio-senf.ch\/fr\/#website","url":"https:\/\/bio-senf.ch\/fr\/","name":"Bio-Senf","description":"Wir geben \u00fcberall unseren Senf dazu","potentialAction":[{"@type":"SearchAction","target":{"@type":"EntryPoint","urlTemplate":"https:\/\/bio-senf.ch\/fr\/?s={search_term_string}"},"query-input":{"@type":"PropertyValueSpecification","valueRequired":true,"valueName":"search_term_string"}}],"inLanguage":"fr-FR"}]}},"_links":{"self":[{"href":"https:\/\/bio-senf.ch\/fr\/wp-json\/wp\/v2\/product\/4933","targetHints":{"allow":["GET"]}}],"collection":[{"href":"https:\/\/bio-senf.ch\/fr\/wp-json\/wp\/v2\/product"}],"about":[{"href":"https:\/\/bio-senf.ch\/fr\/wp-json\/wp\/v2\/types\/product"}],"wp:featuredmedia":[{"embeddable":true,"href":"https:\/\/bio-senf.ch\/fr\/wp-json\/wp\/v2\/media\/6272"}],"wp:attachment":[{"href":"https:\/\/bio-senf.ch\/fr\/wp-json\/wp\/v2\/media?parent=4933"}],"wp:term":[{"taxonomy":"product_brand","embeddable":true,"href":"https:\/\/bio-senf.ch\/fr\/wp-json\/wp\/v2\/product_brand?post=4933"},{"taxonomy":"product_cat","embeddable":true,"href":"https:\/\/bio-senf.ch\/fr\/wp-json\/wp\/v2\/product_cat?post=4933"},{"taxonomy":"product_tag","embeddable":true,"href":"https:\/\/bio-senf.ch\/fr\/wp-json\/wp\/v2\/product_tag?post=4933"}],"curies":[{"name":"wp","href":"https:\/\/api.w.org\/{rel}","templated":true}]}}