{"id":4932,"date":"2016-03-08T15:49:16","date_gmt":"2016-03-08T14:49:16","guid":{"rendered":"https:\/\/bio-senf.ch\/shop\/zofiger-bio-senf-knoblauch\/"},"modified":"2025-01-30T22:12:46","modified_gmt":"2025-01-30T21:12:46","slug":"moutarde-bio-a-lail","status":"publish","type":"product","link":"https:\/\/bio-senf.ch\/fr\/shop\/moutarde-bio-a-lail\/","title":{"rendered":"Moutarde \u00e0 l&rsquo;ail bio"},"content":{"rendered":"<p><strong>Moutarde bio \u00e0 l&rsquo;ail bio<\/strong><br \/>\nMoutarde sp\u00e9ciale compos\u00e9e d&rsquo;un d\u00e9licat m\u00e9lange de moutarde avec de l&rsquo;ail suisse frais authentique provenant d&rsquo;Argovie.<br \/>\nUn merveilleux piquant de moutarde combin\u00e9 \u00e0 l&rsquo;ail se d\u00e9ploie dans la bouche et le palais.<\/p>\n<p>Le compagnon id\u00e9al du fromage, du tofu, des viandes froides et chaudes, du barbecue, de la fondue de viande, du bouilli, du poisson, de la volaille et pour la sauce \u00e0 salade.<\/p>\n<p>La moutarde bio \u00e0 l&rsquo;ail de Zofingue r\u00e9pond \u00e0 toutes les exigences des r\u00e9gimes v\u00e9g\u00e9tariens et v\u00e9g\u00e9taliens. Ses jus ne sont pas filtr\u00e9s et il est aussi cristal &#8211; sans sucre.<br \/>\nLes amateurs de Slow Food y trouveront une moutarde moulue par leurs soins. C&rsquo;est-\u00e0-dire que le grain de moutarde entier est moulu pour cette moutarde (moutarde compl\u00e8te).<\/p>\n<p>Vinaigre de cidre, <strong>graines de moutarde<\/strong> jaune + brune, jus de pomme sucr\u00e9, ail, sel des Alpes, poivre, curcuma<\/p>\n<p>Contenu : 150 g<\/p>\n<p>incl. 2.6% de TVA<\/p>\n<p>CH-Bio-038<\/p>\n<p>&nbsp;<\/p>\n<p>Cidre doux d&rsquo;Argovie, vinaigre de cidre d&rsquo;Argovie, ail d&rsquo;Argovie<\/p>\n<table style=\"width: 30.758%;\">\n<tbody>\n<tr>\n<td style=\"width: 19.9708%;\"><strong>N\u00e4hrwerte<\/strong><\/td>\n<td style=\"width: 10.2041%;\">pro 100g<\/td>\n<\/tr>\n<tr>\n<td style=\"width: 19.9708%;\">Energie<\/td>\n<td style=\"width: 10.2041%;\">883 kJ \/ 211 kcal<\/td>\n<\/tr>\n<tr>\n<td style=\"width: 19.9708%;\">Graisse, total<\/td>\n<td style=\"width: 10.2041%;\">9.54 g<\/td>\n<\/tr>\n<tr>\n<td style=\"width: 19.9708%;\">dont acides gras satur\u00e9s<\/td>\n<td style=\"width: 10.2041%;\">0.5 g<\/td>\n<\/tr>\n<tr>\n<td style=\"width: 19.9708%;\">hydrates de carbone<\/td>\n<td style=\"width: 10.2041%;\">17.0 g<\/td>\n<\/tr>\n<tr>\n<td style=\"width: 19.9708%;\">davon (Frucht-) Zucker<\/td>\n<td style=\"width: 10.2041%;\">7.0 g<\/td>\n<\/tr>\n<tr>\n<td style=\"width: 19.9708%;\">dont (fructose) sucre<\/td>\n<td style=\"width: 10.2041%;\">9.1 g<\/td>\n<\/tr>\n<tr>\n<td style=\"width: 19.9708%;\">Sel<\/td>\n<td style=\"width: 10.2041%;\">1.1 g<\/td>\n<\/tr>\n<\/tbody>\n<\/table>\n<p>L&rsquo;<b> ail<\/b><i>(Allium sativum<\/i>) est une esp\u00e8ce de plantes du genre poireau<i>(Allium<\/i>). Elle est utilis\u00e9e comme plante aromatique et m\u00e9dicinale.<\/p>\n<div id=\"toc\" class=\"toc\"><\/div>\n","protected":false},"excerpt":{"rendered":"<p>Un ail suisse fin de Brittnau associ\u00e9 \u00e0 un d\u00e9licat m\u00e9lange de moutarde suisse<\/p>\n","protected":false},"featured_media":6296,"template":"","meta":[],"product_brand":[],"product_cat":[609,561],"product_tag":[692,535,694,538,552,557,556,696,607,537,539,695,693,536,575,549,573,542,548,543],"class_list":{"0":"post-4932","1":"product","2":"type-product","3":"status-publish","4":"has-post-thumbnail","6":"product_cat-moutardes-herbes","7":"product_cat-spezielle-fr","8":"product_tag-aargauer-lebensmittel-fr","9":"product_tag-aargauer-spezalitaet-fr","10":"product_tag-ail","11":"product_tag-bourgeon-fr","12":"product_tag-cadeau-fr","13":"product_tag-cadeau-pour-les-employes-fr-3","14":"product_tag-cadeau-pour-les-employes-fr","15":"product_tag-cadeau-vegane-fr-3","16":"product_tag-cadeau-vegane","17":"product_tag-delikatesssenf-fr","18":"product_tag-knospensenf-fr","19":"product_tag-moutarde-a-lail","20":"product_tag-moutarde-a-lail-bio","21":"product_tag-moutarde-fine-fr","22":"product_tag-moutarde-sans-sucre-fr","23":"product_tag-zuckerfrei-fr","24":"product_tag-slow-food-fr","25":"product_tag-specialite-a-la-moutarde","26":"product_tag-specialite-de-zofingue","27":"product_tag-vegane","29":"first","30":"instock","31":"taxable","32":"shipping-taxable","33":"purchasable","34":"product-type-simple"},"yoast_head":"<!-- This site is optimized with the Yoast SEO plugin v27.5 - https:\/\/yoast.com\/product\/yoast-seo-wordpress\/ -->\n<title>Moutarde \u00e0 l&#039;ail bio - Bio-Senf<\/title>\n<meta name=\"description\" content=\"Moutarde bio \u00e0 l&#039;ail frais. Chez Bio-Senf, il existe plus de 25 vari\u00e9t\u00e9s de moutarde Bourgeon. A commander ici en ligne dans la boutique.\" \/>\n<meta name=\"robots\" content=\"index, follow, max-snippet:-1, max-image-preview:large, max-video-preview:-1\" \/>\n<link rel=\"canonical\" href=\"https:\/\/bio-senf.ch\/fr\/shop\/moutarde-bio-a-lail\/\" \/>\n<meta property=\"og:locale\" content=\"fr_FR\" \/>\n<meta property=\"og:type\" content=\"article\" \/>\n<meta property=\"og:title\" content=\"Moutarde \u00e0 l&#039;ail bio - Bio-Senf\" \/>\n<meta property=\"og:description\" content=\"Moutarde bio \u00e0 l&#039;ail frais. Chez Bio-Senf, il existe plus de 25 vari\u00e9t\u00e9s de moutarde Bourgeon. A commander ici en ligne dans la boutique.\" \/>\n<meta property=\"og:url\" content=\"https:\/\/bio-senf.ch\/fr\/shop\/moutarde-bio-a-lail\/\" \/>\n<meta property=\"og:site_name\" content=\"Bio-Senf\" \/>\n<meta property=\"article:modified_time\" content=\"2025-01-30T21:12:46+00:00\" \/>\n<meta property=\"og:image\" content=\"https:\/\/bio-senf.ch\/wp-content\/uploads\/20250129_143414-scaled-e1738271524788.jpg\" \/>\n\t<meta property=\"og:image:width\" content=\"1000\" \/>\n\t<meta property=\"og:image:height\" content=\"1333\" \/>\n\t<meta property=\"og:image:type\" content=\"image\/jpeg\" \/>\n<meta name=\"twitter:card\" content=\"summary_large_image\" \/>\n<meta name=\"twitter:label1\" content=\"Dur\u00e9e de lecture estim\u00e9e\" \/>\n\t<meta name=\"twitter:data1\" content=\"2 minutes\" \/>\n<script type=\"application\/ld+json\" class=\"yoast-schema-graph\">{\"@context\":\"https:\\\/\\\/schema.org\",\"@graph\":[{\"@type\":\"WebPage\",\"@id\":\"https:\\\/\\\/bio-senf.ch\\\/fr\\\/shop\\\/moutarde-bio-a-lail\\\/\",\"url\":\"https:\\\/\\\/bio-senf.ch\\\/fr\\\/shop\\\/moutarde-bio-a-lail\\\/\",\"name\":\"Moutarde \u00e0 l'ail bio - Bio-Senf\",\"isPartOf\":{\"@id\":\"https:\\\/\\\/bio-senf.ch\\\/fr\\\/#website\"},\"primaryImageOfPage\":{\"@id\":\"https:\\\/\\\/bio-senf.ch\\\/fr\\\/shop\\\/moutarde-bio-a-lail\\\/#primaryimage\"},\"image\":{\"@id\":\"https:\\\/\\\/bio-senf.ch\\\/fr\\\/shop\\\/moutarde-bio-a-lail\\\/#primaryimage\"},\"thumbnailUrl\":\"https:\\\/\\\/bio-senf.ch\\\/wp-content\\\/uploads\\\/20250129_143414-scaled-e1738271524788.jpg\",\"datePublished\":\"2016-03-08T14:49:16+00:00\",\"dateModified\":\"2025-01-30T21:12:46+00:00\",\"description\":\"Moutarde bio \u00e0 l'ail frais. Chez Bio-Senf, il existe plus de 25 vari\u00e9t\u00e9s de moutarde Bourgeon. A commander ici en ligne dans la boutique.\",\"breadcrumb\":{\"@id\":\"https:\\\/\\\/bio-senf.ch\\\/fr\\\/shop\\\/moutarde-bio-a-lail\\\/#breadcrumb\"},\"inLanguage\":\"fr-FR\",\"potentialAction\":[{\"@type\":\"ReadAction\",\"target\":[\"https:\\\/\\\/bio-senf.ch\\\/fr\\\/shop\\\/moutarde-bio-a-lail\\\/\"]}]},{\"@type\":\"ImageObject\",\"inLanguage\":\"fr-FR\",\"@id\":\"https:\\\/\\\/bio-senf.ch\\\/fr\\\/shop\\\/moutarde-bio-a-lail\\\/#primaryimage\",\"url\":\"https:\\\/\\\/bio-senf.ch\\\/wp-content\\\/uploads\\\/20250129_143414-scaled-e1738271524788.jpg\",\"contentUrl\":\"https:\\\/\\\/bio-senf.ch\\\/wp-content\\\/uploads\\\/20250129_143414-scaled-e1738271524788.jpg\",\"width\":1000,\"height\":1333,\"caption\":\"Moutarde bio \u00e0 l'ail\"},{\"@type\":\"BreadcrumbList\",\"@id\":\"https:\\\/\\\/bio-senf.ch\\\/fr\\\/shop\\\/moutarde-bio-a-lail\\\/#breadcrumb\",\"itemListElement\":[{\"@type\":\"ListItem\",\"position\":1,\"name\":\"Startseite\",\"item\":\"https:\\\/\\\/bio-senf.ch\\\/fr\\\/\"},{\"@type\":\"ListItem\",\"position\":2,\"name\":\"Boutique\",\"item\":\"https:\\\/\\\/bio-senf.ch\\\/boutique\\\/?lang=fr\"},{\"@type\":\"ListItem\",\"position\":3,\"name\":\"Moutarde \u00e0 l&#8217;ail bio\"}]},{\"@type\":\"WebSite\",\"@id\":\"https:\\\/\\\/bio-senf.ch\\\/fr\\\/#website\",\"url\":\"https:\\\/\\\/bio-senf.ch\\\/fr\\\/\",\"name\":\"Bio-Senf\",\"description\":\"Wir geben \u00fcberall unseren Senf dazu\",\"potentialAction\":[{\"@type\":\"SearchAction\",\"target\":{\"@type\":\"EntryPoint\",\"urlTemplate\":\"https:\\\/\\\/bio-senf.ch\\\/fr\\\/?s={search_term_string}\"},\"query-input\":{\"@type\":\"PropertyValueSpecification\",\"valueRequired\":true,\"valueName\":\"search_term_string\"}}],\"inLanguage\":\"fr-FR\"}]}<\/script>\n<!-- \/ Yoast SEO plugin. -->","yoast_head_json":{"title":"Moutarde \u00e0 l'ail bio - Bio-Senf","description":"Moutarde bio \u00e0 l'ail frais. Chez Bio-Senf, il existe plus de 25 vari\u00e9t\u00e9s de moutarde Bourgeon. A commander ici en ligne dans la boutique.","robots":{"index":"index","follow":"follow","max-snippet":"max-snippet:-1","max-image-preview":"max-image-preview:large","max-video-preview":"max-video-preview:-1"},"canonical":"https:\/\/bio-senf.ch\/fr\/shop\/moutarde-bio-a-lail\/","og_locale":"fr_FR","og_type":"article","og_title":"Moutarde \u00e0 l'ail bio - Bio-Senf","og_description":"Moutarde bio \u00e0 l'ail frais. Chez Bio-Senf, il existe plus de 25 vari\u00e9t\u00e9s de moutarde Bourgeon. A commander ici en ligne dans la boutique.","og_url":"https:\/\/bio-senf.ch\/fr\/shop\/moutarde-bio-a-lail\/","og_site_name":"Bio-Senf","article_modified_time":"2025-01-30T21:12:46+00:00","og_image":[{"width":1000,"height":1333,"url":"https:\/\/bio-senf.ch\/wp-content\/uploads\/20250129_143414-scaled-e1738271524788.jpg","type":"image\/jpeg"}],"twitter_card":"summary_large_image","twitter_misc":{"Dur\u00e9e de lecture estim\u00e9e":"2 minutes"},"schema":{"@context":"https:\/\/schema.org","@graph":[{"@type":"WebPage","@id":"https:\/\/bio-senf.ch\/fr\/shop\/moutarde-bio-a-lail\/","url":"https:\/\/bio-senf.ch\/fr\/shop\/moutarde-bio-a-lail\/","name":"Moutarde \u00e0 l'ail bio - Bio-Senf","isPartOf":{"@id":"https:\/\/bio-senf.ch\/fr\/#website"},"primaryImageOfPage":{"@id":"https:\/\/bio-senf.ch\/fr\/shop\/moutarde-bio-a-lail\/#primaryimage"},"image":{"@id":"https:\/\/bio-senf.ch\/fr\/shop\/moutarde-bio-a-lail\/#primaryimage"},"thumbnailUrl":"https:\/\/bio-senf.ch\/wp-content\/uploads\/20250129_143414-scaled-e1738271524788.jpg","datePublished":"2016-03-08T14:49:16+00:00","dateModified":"2025-01-30T21:12:46+00:00","description":"Moutarde bio \u00e0 l'ail frais. Chez Bio-Senf, il existe plus de 25 vari\u00e9t\u00e9s de moutarde Bourgeon. A commander ici en ligne dans la boutique.","breadcrumb":{"@id":"https:\/\/bio-senf.ch\/fr\/shop\/moutarde-bio-a-lail\/#breadcrumb"},"inLanguage":"fr-FR","potentialAction":[{"@type":"ReadAction","target":["https:\/\/bio-senf.ch\/fr\/shop\/moutarde-bio-a-lail\/"]}]},{"@type":"ImageObject","inLanguage":"fr-FR","@id":"https:\/\/bio-senf.ch\/fr\/shop\/moutarde-bio-a-lail\/#primaryimage","url":"https:\/\/bio-senf.ch\/wp-content\/uploads\/20250129_143414-scaled-e1738271524788.jpg","contentUrl":"https:\/\/bio-senf.ch\/wp-content\/uploads\/20250129_143414-scaled-e1738271524788.jpg","width":1000,"height":1333,"caption":"Moutarde bio \u00e0 l'ail"},{"@type":"BreadcrumbList","@id":"https:\/\/bio-senf.ch\/fr\/shop\/moutarde-bio-a-lail\/#breadcrumb","itemListElement":[{"@type":"ListItem","position":1,"name":"Startseite","item":"https:\/\/bio-senf.ch\/fr\/"},{"@type":"ListItem","position":2,"name":"Boutique","item":"https:\/\/bio-senf.ch\/boutique\/?lang=fr"},{"@type":"ListItem","position":3,"name":"Moutarde \u00e0 l&#8217;ail bio"}]},{"@type":"WebSite","@id":"https:\/\/bio-senf.ch\/fr\/#website","url":"https:\/\/bio-senf.ch\/fr\/","name":"Bio-Senf","description":"Wir geben \u00fcberall unseren Senf dazu","potentialAction":[{"@type":"SearchAction","target":{"@type":"EntryPoint","urlTemplate":"https:\/\/bio-senf.ch\/fr\/?s={search_term_string}"},"query-input":{"@type":"PropertyValueSpecification","valueRequired":true,"valueName":"search_term_string"}}],"inLanguage":"fr-FR"}]}},"_links":{"self":[{"href":"https:\/\/bio-senf.ch\/fr\/wp-json\/wp\/v2\/product\/4932","targetHints":{"allow":["GET"]}}],"collection":[{"href":"https:\/\/bio-senf.ch\/fr\/wp-json\/wp\/v2\/product"}],"about":[{"href":"https:\/\/bio-senf.ch\/fr\/wp-json\/wp\/v2\/types\/product"}],"wp:featuredmedia":[{"embeddable":true,"href":"https:\/\/bio-senf.ch\/fr\/wp-json\/wp\/v2\/media\/6296"}],"wp:attachment":[{"href":"https:\/\/bio-senf.ch\/fr\/wp-json\/wp\/v2\/media?parent=4932"}],"wp:term":[{"taxonomy":"product_brand","embeddable":true,"href":"https:\/\/bio-senf.ch\/fr\/wp-json\/wp\/v2\/product_brand?post=4932"},{"taxonomy":"product_cat","embeddable":true,"href":"https:\/\/bio-senf.ch\/fr\/wp-json\/wp\/v2\/product_cat?post=4932"},{"taxonomy":"product_tag","embeddable":true,"href":"https:\/\/bio-senf.ch\/fr\/wp-json\/wp\/v2\/product_tag?post=4932"}],"curies":[{"name":"wp","href":"https:\/\/api.w.org\/{rel}","templated":true}]}}