{"id":4931,"date":"2016-03-08T15:53:41","date_gmt":"2016-03-08T14:53:41","guid":{"rendered":"https:\/\/bio-senf.ch\/shop\/zofiger-bio-senf-meerrettich\/"},"modified":"2025-01-30T22:00:32","modified_gmt":"2025-01-30T21:00:32","slug":"moutarde-bio-raifort","status":"publish","type":"product","link":"https:\/\/bio-senf.ch\/fr\/shop\/moutarde-bio-raifort\/","title":{"rendered":"Moutarde bio au raifort"},"content":{"rendered":"<p><strong>Moutarde au raifort bio :<\/strong><br \/>\nSe compose d&rsquo;un d\u00e9licat m\u00e9lange de moutarde de raifort suisse de Willisau.<br \/>\nSon merveilleux piquant de moutarde combin\u00e9 au piquant du raifort se d\u00e9ploie dans la bouche et le palais.<\/p>\n<p>Le compagnon id\u00e9al de la cuisine froide et chaude : pour le fromage, le tofu, la viande froide et chaude, le lard, la fondue de viande, le bouilli, le poisson, la volaille et aussi la sauce \u00e0 salade.<br \/>\nPour les joues de t\u00eate de b\u0153uf brais\u00e9es et autres plats mijot\u00e9s, il convient \u00e0 merveille &#8211;&gt; Landliebe \u00e9dition 2\/2021 &#8211; si vous \u00eates int\u00e9ress\u00e9, je vous envoie le fichier PDF !<\/p>\n<p>Cette moutarde ne contient pas de sucre. Le vinaigre de cidre et le jus de pomme ne sont pas filtr\u00e9s, c&rsquo;est pourquoi ils r\u00e9pondent \u00e0 toutes les exigences de la cuisine v\u00e9g\u00e9tarienne et v\u00e9g\u00e9talienne.<br \/>\nLes amateurs de Slow Food y trouveront une moutarde moulue par leurs soins. C&rsquo;est-\u00e0-dire que le grain de moutarde entier est moulu pour cette moutarde et reste dans la moutarde.<\/p>\n<p>Ingr\u00e9dients : Vinaigre de cidre, graines de moutarde jaune et brune, jus de pomme, raifort en poudre (5%), sel des Alpes, \u00e9pices.<\/p>\n<p><strong>Valeurs nutritives pour 100 g<\/strong><\/p>\n<p>\u00c9nergie 590 kJ \/ 141 kcal<br \/>\nMati\u00e8re grasse 7,3 g<br \/>\ndont acides gras satur\u00e9s 0.4 g<br \/>\nGlucides 10,2 g<br \/>\ndont (fructose) sucre 4.8 g<br \/>\nProt\u00e9ines 6,5 g<br \/>\nSel 1,3 g<\/p>\n<p><span style=\"color: #ff0000;\"><strong>R\u00e9compenses<\/strong><\/span><\/p>\n<p><span style=\"color: #339966;\">BIO SUISSE BioGoumet Bourgeon 2017<\/span><\/p>\n<p>Contenu : 150 g<\/p>\n<p>incl. 2.6% de TVA<\/p>\n<p>CH-Bio-038<\/p>\n<p>Le raifort (\u00e9galement appel\u00e9 Kren ou Kree en Autriche) fait partie de la famille des Brassicac\u00e9es (Brassicaceae), tout comme les plantes de moutarde (genre Sinapis) et le colza (Brassica napus), par exemple.<br \/>\nEn raison de son piquant, la racine est souvent utilis\u00e9e r\u00e2p\u00e9e en accompagnement &#8211; tr\u00e8s savoureux avec une solide pause lard !<br \/>\nCe piquant est d\u00fb aux huiles de moutarde (glucosinolates) contenues dans la racine, qui ont \u00e9galement une importance m\u00e9dicale. Elles sont d\u00e9j\u00e0 utilis\u00e9es dans la m\u00e9decine monastique m\u00e9di\u00e9vale comme rem\u00e8de contre les infections des voies respiratoires sup\u00e9rieures et les infections urinaires et sont encore utilis\u00e9es aujourd&rsquo;hui dans des rem\u00e8des \u00e0 base de plantes.<\/p>\n","protected":false},"excerpt":{"rendered":"<p>Le raifort suisse associ\u00e9 \u00e0 la moutarde fine d\u00e9ploie une explosion de saveurs dans la bouche et le palais, ce qui fait la renomm\u00e9e de la moutarde bio au raifort de Zofingue.<\/p>\n","protected":false},"featured_media":6298,"template":"","meta":[],"product_brand":[],"product_cat":[609,561,560],"product_tag":[688,689,538,552,557,607,545,539,554,631,632,633,634,635,691,687,575,690,549,573,543],"class_list":{"0":"post-4931","1":"product","2":"type-product","3":"status-publish","4":"has-post-thumbnail","6":"product_cat-moutardes-herbes","7":"product_cat-spezielle-fr","8":"product_cat-prix-du-concours","9":"product_tag-bio-meerrettichsenf-fr","10":"product_tag-bio-senf-meerrettich-fr","11":"product_tag-bourgeon-fr","12":"product_tag-cadeau-fr","13":"product_tag-cadeau-pour-les-employes-fr-3","14":"product_tag-cadeau-vegane","15":"product_tag-cadeau-vegane-fr","16":"product_tag-knospensenf-fr","17":"product_tag-kundengeschenk-fr","18":"product_tag-landliebe-fr","19":"product_tag-landliebe-rezept-fr","20":"product_tag-landliebe-senf-fr","21":"product_tag-landlieberezept-fr","22":"product_tag-landliebesenf-fr","23":"product_tag-meerrettichsenf-fr","24":"product_tag-moutarde-au-raifort-bio","25":"product_tag-moutarde-sans-sucre-fr","26":"product_tag-raifort","27":"product_tag-zuckerfrei-fr","28":"product_tag-slow-food-fr","29":"product_tag-vegane","31":"first","32":"instock","33":"taxable","34":"shipping-taxable","35":"purchasable","36":"product-type-simple"},"yoast_head":"<!-- This site is optimized with the Yoast SEO plugin v27.5 - https:\/\/yoast.com\/product\/yoast-seo-wordpress\/ -->\n<title>Moutarde bio au raifort - Bio-Senf<\/title>\n<meta name=\"description\" content=\"Moutarde bio au raifort. Chez Bio-Senf, il existe plus de 25 vari\u00e9t\u00e9s de moutarde Bourgeon. A commander ici en ligne dans la boutique.\" \/>\n<meta name=\"robots\" content=\"index, follow, max-snippet:-1, max-image-preview:large, max-video-preview:-1\" \/>\n<link rel=\"canonical\" href=\"https:\/\/bio-senf.ch\/fr\/shop\/moutarde-bio-raifort\/\" \/>\n<meta property=\"og:locale\" content=\"fr_FR\" \/>\n<meta property=\"og:type\" content=\"article\" \/>\n<meta property=\"og:title\" content=\"Moutarde bio au raifort - Bio-Senf\" \/>\n<meta property=\"og:description\" content=\"Moutarde bio au raifort. Chez Bio-Senf, il existe plus de 25 vari\u00e9t\u00e9s de moutarde Bourgeon. A commander ici en ligne dans la boutique.\" \/>\n<meta property=\"og:url\" content=\"https:\/\/bio-senf.ch\/fr\/shop\/moutarde-bio-raifort\/\" \/>\n<meta property=\"og:site_name\" content=\"Bio-Senf\" \/>\n<meta property=\"article:modified_time\" content=\"2025-01-30T21:00:32+00:00\" \/>\n<meta property=\"og:image\" content=\"https:\/\/bio-senf.ch\/wp-content\/uploads\/20250129_143453-scaled-e1738270788637.jpg\" \/>\n\t<meta property=\"og:image:width\" content=\"1000\" \/>\n\t<meta property=\"og:image:height\" content=\"1333\" \/>\n\t<meta property=\"og:image:type\" content=\"image\/jpeg\" \/>\n<meta name=\"twitter:card\" content=\"summary_large_image\" \/>\n<meta name=\"twitter:label1\" content=\"Dur\u00e9e de lecture estim\u00e9e\" \/>\n\t<meta name=\"twitter:data1\" content=\"2 minutes\" \/>\n<script type=\"application\/ld+json\" class=\"yoast-schema-graph\">{\"@context\":\"https:\\\/\\\/schema.org\",\"@graph\":[{\"@type\":\"WebPage\",\"@id\":\"https:\\\/\\\/bio-senf.ch\\\/fr\\\/shop\\\/moutarde-bio-raifort\\\/\",\"url\":\"https:\\\/\\\/bio-senf.ch\\\/fr\\\/shop\\\/moutarde-bio-raifort\\\/\",\"name\":\"Moutarde bio au raifort - Bio-Senf\",\"isPartOf\":{\"@id\":\"https:\\\/\\\/bio-senf.ch\\\/fr\\\/#website\"},\"primaryImageOfPage\":{\"@id\":\"https:\\\/\\\/bio-senf.ch\\\/fr\\\/shop\\\/moutarde-bio-raifort\\\/#primaryimage\"},\"image\":{\"@id\":\"https:\\\/\\\/bio-senf.ch\\\/fr\\\/shop\\\/moutarde-bio-raifort\\\/#primaryimage\"},\"thumbnailUrl\":\"https:\\\/\\\/bio-senf.ch\\\/wp-content\\\/uploads\\\/20250129_143453-scaled-e1738270788637.jpg\",\"datePublished\":\"2016-03-08T14:53:41+00:00\",\"dateModified\":\"2025-01-30T21:00:32+00:00\",\"description\":\"Moutarde bio au raifort. Chez Bio-Senf, il existe plus de 25 vari\u00e9t\u00e9s de moutarde Bourgeon. A commander ici en ligne dans la boutique.\",\"breadcrumb\":{\"@id\":\"https:\\\/\\\/bio-senf.ch\\\/fr\\\/shop\\\/moutarde-bio-raifort\\\/#breadcrumb\"},\"inLanguage\":\"fr-FR\",\"potentialAction\":[{\"@type\":\"ReadAction\",\"target\":[\"https:\\\/\\\/bio-senf.ch\\\/fr\\\/shop\\\/moutarde-bio-raifort\\\/\"]}]},{\"@type\":\"ImageObject\",\"inLanguage\":\"fr-FR\",\"@id\":\"https:\\\/\\\/bio-senf.ch\\\/fr\\\/shop\\\/moutarde-bio-raifort\\\/#primaryimage\",\"url\":\"https:\\\/\\\/bio-senf.ch\\\/wp-content\\\/uploads\\\/20250129_143453-scaled-e1738270788637.jpg\",\"contentUrl\":\"https:\\\/\\\/bio-senf.ch\\\/wp-content\\\/uploads\\\/20250129_143453-scaled-e1738270788637.jpg\",\"width\":1000,\"height\":1333,\"caption\":\"Moutarde bio au raifort\"},{\"@type\":\"BreadcrumbList\",\"@id\":\"https:\\\/\\\/bio-senf.ch\\\/fr\\\/shop\\\/moutarde-bio-raifort\\\/#breadcrumb\",\"itemListElement\":[{\"@type\":\"ListItem\",\"position\":1,\"name\":\"Startseite\",\"item\":\"https:\\\/\\\/bio-senf.ch\\\/fr\\\/\"},{\"@type\":\"ListItem\",\"position\":2,\"name\":\"Boutique\",\"item\":\"https:\\\/\\\/bio-senf.ch\\\/boutique\\\/?lang=fr\"},{\"@type\":\"ListItem\",\"position\":3,\"name\":\"Moutarde bio au raifort\"}]},{\"@type\":\"WebSite\",\"@id\":\"https:\\\/\\\/bio-senf.ch\\\/fr\\\/#website\",\"url\":\"https:\\\/\\\/bio-senf.ch\\\/fr\\\/\",\"name\":\"Bio-Senf\",\"description\":\"Wir geben \u00fcberall unseren Senf dazu\",\"potentialAction\":[{\"@type\":\"SearchAction\",\"target\":{\"@type\":\"EntryPoint\",\"urlTemplate\":\"https:\\\/\\\/bio-senf.ch\\\/fr\\\/?s={search_term_string}\"},\"query-input\":{\"@type\":\"PropertyValueSpecification\",\"valueRequired\":true,\"valueName\":\"search_term_string\"}}],\"inLanguage\":\"fr-FR\"}]}<\/script>\n<!-- \/ Yoast SEO plugin. -->","yoast_head_json":{"title":"Moutarde bio au raifort - Bio-Senf","description":"Moutarde bio au raifort. Chez Bio-Senf, il existe plus de 25 vari\u00e9t\u00e9s de moutarde Bourgeon. A commander ici en ligne dans la boutique.","robots":{"index":"index","follow":"follow","max-snippet":"max-snippet:-1","max-image-preview":"max-image-preview:large","max-video-preview":"max-video-preview:-1"},"canonical":"https:\/\/bio-senf.ch\/fr\/shop\/moutarde-bio-raifort\/","og_locale":"fr_FR","og_type":"article","og_title":"Moutarde bio au raifort - Bio-Senf","og_description":"Moutarde bio au raifort. Chez Bio-Senf, il existe plus de 25 vari\u00e9t\u00e9s de moutarde Bourgeon. A commander ici en ligne dans la boutique.","og_url":"https:\/\/bio-senf.ch\/fr\/shop\/moutarde-bio-raifort\/","og_site_name":"Bio-Senf","article_modified_time":"2025-01-30T21:00:32+00:00","og_image":[{"width":1000,"height":1333,"url":"https:\/\/bio-senf.ch\/wp-content\/uploads\/20250129_143453-scaled-e1738270788637.jpg","type":"image\/jpeg"}],"twitter_card":"summary_large_image","twitter_misc":{"Dur\u00e9e de lecture estim\u00e9e":"2 minutes"},"schema":{"@context":"https:\/\/schema.org","@graph":[{"@type":"WebPage","@id":"https:\/\/bio-senf.ch\/fr\/shop\/moutarde-bio-raifort\/","url":"https:\/\/bio-senf.ch\/fr\/shop\/moutarde-bio-raifort\/","name":"Moutarde bio au raifort - Bio-Senf","isPartOf":{"@id":"https:\/\/bio-senf.ch\/fr\/#website"},"primaryImageOfPage":{"@id":"https:\/\/bio-senf.ch\/fr\/shop\/moutarde-bio-raifort\/#primaryimage"},"image":{"@id":"https:\/\/bio-senf.ch\/fr\/shop\/moutarde-bio-raifort\/#primaryimage"},"thumbnailUrl":"https:\/\/bio-senf.ch\/wp-content\/uploads\/20250129_143453-scaled-e1738270788637.jpg","datePublished":"2016-03-08T14:53:41+00:00","dateModified":"2025-01-30T21:00:32+00:00","description":"Moutarde bio au raifort. Chez Bio-Senf, il existe plus de 25 vari\u00e9t\u00e9s de moutarde Bourgeon. A commander ici en ligne dans la boutique.","breadcrumb":{"@id":"https:\/\/bio-senf.ch\/fr\/shop\/moutarde-bio-raifort\/#breadcrumb"},"inLanguage":"fr-FR","potentialAction":[{"@type":"ReadAction","target":["https:\/\/bio-senf.ch\/fr\/shop\/moutarde-bio-raifort\/"]}]},{"@type":"ImageObject","inLanguage":"fr-FR","@id":"https:\/\/bio-senf.ch\/fr\/shop\/moutarde-bio-raifort\/#primaryimage","url":"https:\/\/bio-senf.ch\/wp-content\/uploads\/20250129_143453-scaled-e1738270788637.jpg","contentUrl":"https:\/\/bio-senf.ch\/wp-content\/uploads\/20250129_143453-scaled-e1738270788637.jpg","width":1000,"height":1333,"caption":"Moutarde bio au raifort"},{"@type":"BreadcrumbList","@id":"https:\/\/bio-senf.ch\/fr\/shop\/moutarde-bio-raifort\/#breadcrumb","itemListElement":[{"@type":"ListItem","position":1,"name":"Startseite","item":"https:\/\/bio-senf.ch\/fr\/"},{"@type":"ListItem","position":2,"name":"Boutique","item":"https:\/\/bio-senf.ch\/boutique\/?lang=fr"},{"@type":"ListItem","position":3,"name":"Moutarde bio au raifort"}]},{"@type":"WebSite","@id":"https:\/\/bio-senf.ch\/fr\/#website","url":"https:\/\/bio-senf.ch\/fr\/","name":"Bio-Senf","description":"Wir geben \u00fcberall unseren Senf dazu","potentialAction":[{"@type":"SearchAction","target":{"@type":"EntryPoint","urlTemplate":"https:\/\/bio-senf.ch\/fr\/?s={search_term_string}"},"query-input":{"@type":"PropertyValueSpecification","valueRequired":true,"valueName":"search_term_string"}}],"inLanguage":"fr-FR"}]}},"_links":{"self":[{"href":"https:\/\/bio-senf.ch\/fr\/wp-json\/wp\/v2\/product\/4931","targetHints":{"allow":["GET"]}}],"collection":[{"href":"https:\/\/bio-senf.ch\/fr\/wp-json\/wp\/v2\/product"}],"about":[{"href":"https:\/\/bio-senf.ch\/fr\/wp-json\/wp\/v2\/types\/product"}],"wp:featuredmedia":[{"embeddable":true,"href":"https:\/\/bio-senf.ch\/fr\/wp-json\/wp\/v2\/media\/6298"}],"wp:attachment":[{"href":"https:\/\/bio-senf.ch\/fr\/wp-json\/wp\/v2\/media?parent=4931"}],"wp:term":[{"taxonomy":"product_brand","embeddable":true,"href":"https:\/\/bio-senf.ch\/fr\/wp-json\/wp\/v2\/product_brand?post=4931"},{"taxonomy":"product_cat","embeddable":true,"href":"https:\/\/bio-senf.ch\/fr\/wp-json\/wp\/v2\/product_cat?post=4931"},{"taxonomy":"product_tag","embeddable":true,"href":"https:\/\/bio-senf.ch\/fr\/wp-json\/wp\/v2\/product_tag?post=4931"}],"curies":[{"name":"wp","href":"https:\/\/api.w.org\/{rel}","templated":true}]}}