{"id":4930,"date":"2016-03-08T16:08:54","date_gmt":"2016-03-08T15:08:54","guid":{"rendered":"https:\/\/bio-senf.ch\/shop\/zofiger-bio-senf-haselnuss\/"},"modified":"2025-01-31T08:46:49","modified_gmt":"2025-01-31T07:46:49","slug":"moutarde-bio-noisette","status":"publish","type":"product","link":"https:\/\/bio-senf.ch\/fr\/shop\/moutarde-bio-noisette\/","title":{"rendered":"Moutarde bio \u00e0 la noisette"},"content":{"rendered":"<p><strong>Moutarde bio \u00e0 la noisette : <\/strong><br \/>\nDes noisettes l\u00e9g\u00e8rement grill\u00e9es et m\u00fbries au soleil conf\u00e8rent \u00e0 cette moutarde son ar\u00f4me d\u00e9licat.<br \/>\nMoutarde mi-forte, c&rsquo;est-\u00e0-dire dont le piquant peut \u00eatre appr\u00e9ci\u00e9 par tous. Elle est obtenue uniquement gr\u00e2ce au m\u00e9lange de moutarde ! Cette moutarde est \u00e9galement sans sucre !<\/p>\n<p>L&rsquo;assaisonnement id\u00e9al pour le fromage, les viandes froides, la fondue chinoise ou bourguignonne \u00e0 la viande, le bouilli, les saucisses blanches et \u00e0 r\u00f4tir, les grillades, le canard et le gibier.<br \/>\nParfait \u00e9galement pour la sauce \u00e0 salade ou sur une tranche de pain (frais ou grill\u00e9).<br \/>\nDans l&rsquo;\u00e9dition printemps 2021 de Landliebe, une d\u00e9licieuse glace a \u00e9t\u00e9 fabriqu\u00e9e avec cette moutarde &#8211; si cela vous int\u00e9resse, j&rsquo;envoie le fichier PDF de l&rsquo;article.<\/p>\n<p>La moutarde bio \u00e0 la noisette r\u00e9pond \u00e0 toutes les exigences de la cuisine v\u00e9g\u00e9tarienne et v\u00e9g\u00e9talienne. Bien entendu, le vinaigre de poire et le jus de poire ne sont pas filtr\u00e9s.<br \/>\nLes amateurs de Slow Food y trouveront une moutarde moulue par leurs soins. C&rsquo;est-\u00e0-dire que le grain de moutarde entier est moulu pour cette moutarde.<\/p>\n<p>Ingr\u00e9dients : jus de poire, vinaigre de poire, <strong>graines de moutarde<\/strong> jaune + brune, <strong>noisettes<\/strong> (24 %), eau, sel des Alpes, \u00e9pices<\/p>\n<p>Contenu : 150 g<\/p>\n<p>CH-Bio-038<\/p>\n<p>incl. 2.6% de TVA<\/p>\n<table style=\"width: 33.7464%;\">\n<tbody>\n<tr>\n<td style=\"width: 20.2624%;\"><strong>Valeurs nutritives<\/strong><\/td>\n<td style=\"width: 12.9009%;\">pro 100g<\/td>\n<\/tr>\n<tr>\n<td style=\"width: 20.2624%;\">Valeur \u00e9nerg\u00e9tique<\/td>\n<td style=\"width: 12.9009%;\">1173 kJ \/ 282 kcal<\/td>\n<\/tr>\n<tr>\n<td style=\"width: 20.2624%;\">Graisse, total<\/td>\n<td style=\"width: 12.9009%;\">20.2 g<\/td>\n<\/tr>\n<tr>\n<td style=\"width: 20.2624%;\">dont satur\u00e9s acides gras<\/td>\n<td style=\"width: 12.9009%;\">14.7 g<\/td>\n<\/tr>\n<tr>\n<td style=\"width: 20.2624%;\">Glucides<\/td>\n<td style=\"width: 12.9009%;\">11.7 g<\/td>\n<\/tr>\n<tr>\n<td style=\"width: 20.2624%;\">dont sucre (de fruits)<\/td>\n<td style=\"width: 12.9009%;\">6.65 g<\/td>\n<\/tr>\n<tr>\n<td style=\"width: 20.2624%;\">Prot\u00e9ine<\/td>\n<td style=\"width: 12.9009%;\">9.14 g<\/td>\n<\/tr>\n<tr>\n<td style=\"width: 20.2624%;\">Sel<\/td>\n<td style=\"width: 12.9009%;\">0.9 g<\/td>\n<\/tr>\n<\/tbody>\n<\/table>\n","protected":false},"excerpt":{"rendered":"<p>Moutarde fine aux noisettes bio de Zofingue au doux go\u00fbt de noisette et moyennement piquante<\/p>\n","protected":false},"featured_media":6270,"template":"","meta":[],"product_brand":[],"product_cat":[576,561],"product_tag":[535,683,684,538,537,539,631,634,686,682,536,575,685,549,573,542,548],"class_list":{"0":"post-4930","1":"product","2":"type-product","3":"status-publish","4":"has-post-thumbnail","6":"product_cat-moutardes-fruits-et-noix","7":"product_cat-spezielle-fr","8":"product_tag-aargauer-spezalitaet-fr","9":"product_tag-bio-haselnusssenf-fr","10":"product_tag-bio-senf-haselnuss-fr","11":"product_tag-bourgeon-fr","12":"product_tag-delikatesssenf-fr","13":"product_tag-knospensenf-fr","14":"product_tag-landliebe-fr","15":"product_tag-landlieberezept-fr","16":"product_tag-moutarde-aux-noisettes-fr","17":"product_tag-moutarde-aux-noisettes-bio","18":"product_tag-moutarde-fine-fr","19":"product_tag-moutarde-sans-sucre-fr","20":"product_tag-noisettes","21":"product_tag-zuckerfrei-fr","22":"product_tag-slow-food-fr","23":"product_tag-specialite-a-la-moutarde","24":"product_tag-specialite-de-zofingue","26":"first","27":"instock","28":"taxable","29":"shipping-taxable","30":"purchasable","31":"product-type-simple"},"yoast_head":"<!-- This site is optimized with the Yoast SEO plugin v27.5 - https:\/\/yoast.com\/product\/yoast-seo-wordpress\/ -->\n<title>Moutarde bio \u00e0 la noisette - Bio-Senf<\/title>\n<meta name=\"description\" content=\"Moutarde bio aux noisettes. Chez Bio-Senf, il y a plus de 25 sortes de moutarde Bourgeon. \u00c0 commander ici en ligne dans la boutique. .\" \/>\n<meta name=\"robots\" content=\"index, follow, max-snippet:-1, max-image-preview:large, max-video-preview:-1\" \/>\n<link rel=\"canonical\" href=\"https:\/\/bio-senf.ch\/fr\/shop\/moutarde-bio-noisette\/\" \/>\n<meta property=\"og:locale\" content=\"fr_FR\" \/>\n<meta property=\"og:type\" content=\"article\" \/>\n<meta property=\"og:title\" content=\"Moutarde bio \u00e0 la noisette - Bio-Senf\" \/>\n<meta property=\"og:description\" content=\"Moutarde bio aux noisettes. Chez Bio-Senf, il y a plus de 25 sortes de moutarde Bourgeon. \u00c0 commander ici en ligne dans la boutique. .\" \/>\n<meta property=\"og:url\" content=\"https:\/\/bio-senf.ch\/fr\/shop\/moutarde-bio-noisette\/\" \/>\n<meta property=\"og:site_name\" content=\"Bio-Senf\" \/>\n<meta property=\"article:modified_time\" content=\"2025-01-31T07:46:49+00:00\" \/>\n<meta property=\"og:image\" content=\"https:\/\/bio-senf.ch\/wp-content\/uploads\/20250129_142043-scaled-e1738305580519.jpg\" \/>\n\t<meta property=\"og:image:width\" content=\"1000\" \/>\n\t<meta property=\"og:image:height\" content=\"1333\" \/>\n\t<meta property=\"og:image:type\" content=\"image\/jpeg\" \/>\n<meta name=\"twitter:card\" content=\"summary_large_image\" \/>\n<script type=\"application\/ld+json\" class=\"yoast-schema-graph\">{\"@context\":\"https:\\\/\\\/schema.org\",\"@graph\":[{\"@type\":\"WebPage\",\"@id\":\"https:\\\/\\\/bio-senf.ch\\\/fr\\\/shop\\\/moutarde-bio-noisette\\\/\",\"url\":\"https:\\\/\\\/bio-senf.ch\\\/fr\\\/shop\\\/moutarde-bio-noisette\\\/\",\"name\":\"Moutarde bio \u00e0 la noisette - Bio-Senf\",\"isPartOf\":{\"@id\":\"https:\\\/\\\/bio-senf.ch\\\/fr\\\/#website\"},\"primaryImageOfPage\":{\"@id\":\"https:\\\/\\\/bio-senf.ch\\\/fr\\\/shop\\\/moutarde-bio-noisette\\\/#primaryimage\"},\"image\":{\"@id\":\"https:\\\/\\\/bio-senf.ch\\\/fr\\\/shop\\\/moutarde-bio-noisette\\\/#primaryimage\"},\"thumbnailUrl\":\"https:\\\/\\\/bio-senf.ch\\\/wp-content\\\/uploads\\\/20250129_142043-scaled-e1738305580519.jpg\",\"datePublished\":\"2016-03-08T15:08:54+00:00\",\"dateModified\":\"2025-01-31T07:46:49+00:00\",\"description\":\"Moutarde bio aux noisettes. Chez Bio-Senf, il y a plus de 25 sortes de moutarde Bourgeon. \u00c0 commander ici en ligne dans la boutique. .\",\"breadcrumb\":{\"@id\":\"https:\\\/\\\/bio-senf.ch\\\/fr\\\/shop\\\/moutarde-bio-noisette\\\/#breadcrumb\"},\"inLanguage\":\"fr-FR\",\"potentialAction\":[{\"@type\":\"ReadAction\",\"target\":[\"https:\\\/\\\/bio-senf.ch\\\/fr\\\/shop\\\/moutarde-bio-noisette\\\/\"]}]},{\"@type\":\"ImageObject\",\"inLanguage\":\"fr-FR\",\"@id\":\"https:\\\/\\\/bio-senf.ch\\\/fr\\\/shop\\\/moutarde-bio-noisette\\\/#primaryimage\",\"url\":\"https:\\\/\\\/bio-senf.ch\\\/wp-content\\\/uploads\\\/20250129_142043-scaled-e1738305580519.jpg\",\"contentUrl\":\"https:\\\/\\\/bio-senf.ch\\\/wp-content\\\/uploads\\\/20250129_142043-scaled-e1738305580519.jpg\",\"width\":1000,\"height\":1333,\"caption\":\"Moutarde bio aux noisettes\"},{\"@type\":\"BreadcrumbList\",\"@id\":\"https:\\\/\\\/bio-senf.ch\\\/fr\\\/shop\\\/moutarde-bio-noisette\\\/#breadcrumb\",\"itemListElement\":[{\"@type\":\"ListItem\",\"position\":1,\"name\":\"Startseite\",\"item\":\"https:\\\/\\\/bio-senf.ch\\\/fr\\\/\"},{\"@type\":\"ListItem\",\"position\":2,\"name\":\"Boutique\",\"item\":\"https:\\\/\\\/bio-senf.ch\\\/boutique\\\/?lang=fr\"},{\"@type\":\"ListItem\",\"position\":3,\"name\":\"Moutarde bio \u00e0 la noisette\"}]},{\"@type\":\"WebSite\",\"@id\":\"https:\\\/\\\/bio-senf.ch\\\/fr\\\/#website\",\"url\":\"https:\\\/\\\/bio-senf.ch\\\/fr\\\/\",\"name\":\"Bio-Senf\",\"description\":\"Wir geben \u00fcberall unseren Senf dazu\",\"potentialAction\":[{\"@type\":\"SearchAction\",\"target\":{\"@type\":\"EntryPoint\",\"urlTemplate\":\"https:\\\/\\\/bio-senf.ch\\\/fr\\\/?s={search_term_string}\"},\"query-input\":{\"@type\":\"PropertyValueSpecification\",\"valueRequired\":true,\"valueName\":\"search_term_string\"}}],\"inLanguage\":\"fr-FR\"}]}<\/script>\n<!-- \/ Yoast SEO plugin. -->","yoast_head_json":{"title":"Moutarde bio \u00e0 la noisette - Bio-Senf","description":"Moutarde bio aux noisettes. Chez Bio-Senf, il y a plus de 25 sortes de moutarde Bourgeon. \u00c0 commander ici en ligne dans la boutique. .","robots":{"index":"index","follow":"follow","max-snippet":"max-snippet:-1","max-image-preview":"max-image-preview:large","max-video-preview":"max-video-preview:-1"},"canonical":"https:\/\/bio-senf.ch\/fr\/shop\/moutarde-bio-noisette\/","og_locale":"fr_FR","og_type":"article","og_title":"Moutarde bio \u00e0 la noisette - Bio-Senf","og_description":"Moutarde bio aux noisettes. Chez Bio-Senf, il y a plus de 25 sortes de moutarde Bourgeon. \u00c0 commander ici en ligne dans la boutique. .","og_url":"https:\/\/bio-senf.ch\/fr\/shop\/moutarde-bio-noisette\/","og_site_name":"Bio-Senf","article_modified_time":"2025-01-31T07:46:49+00:00","og_image":[{"width":1000,"height":1333,"url":"https:\/\/bio-senf.ch\/wp-content\/uploads\/20250129_142043-scaled-e1738305580519.jpg","type":"image\/jpeg"}],"twitter_card":"summary_large_image","schema":{"@context":"https:\/\/schema.org","@graph":[{"@type":"WebPage","@id":"https:\/\/bio-senf.ch\/fr\/shop\/moutarde-bio-noisette\/","url":"https:\/\/bio-senf.ch\/fr\/shop\/moutarde-bio-noisette\/","name":"Moutarde bio \u00e0 la noisette - Bio-Senf","isPartOf":{"@id":"https:\/\/bio-senf.ch\/fr\/#website"},"primaryImageOfPage":{"@id":"https:\/\/bio-senf.ch\/fr\/shop\/moutarde-bio-noisette\/#primaryimage"},"image":{"@id":"https:\/\/bio-senf.ch\/fr\/shop\/moutarde-bio-noisette\/#primaryimage"},"thumbnailUrl":"https:\/\/bio-senf.ch\/wp-content\/uploads\/20250129_142043-scaled-e1738305580519.jpg","datePublished":"2016-03-08T15:08:54+00:00","dateModified":"2025-01-31T07:46:49+00:00","description":"Moutarde bio aux noisettes. Chez Bio-Senf, il y a plus de 25 sortes de moutarde Bourgeon. \u00c0 commander ici en ligne dans la boutique. .","breadcrumb":{"@id":"https:\/\/bio-senf.ch\/fr\/shop\/moutarde-bio-noisette\/#breadcrumb"},"inLanguage":"fr-FR","potentialAction":[{"@type":"ReadAction","target":["https:\/\/bio-senf.ch\/fr\/shop\/moutarde-bio-noisette\/"]}]},{"@type":"ImageObject","inLanguage":"fr-FR","@id":"https:\/\/bio-senf.ch\/fr\/shop\/moutarde-bio-noisette\/#primaryimage","url":"https:\/\/bio-senf.ch\/wp-content\/uploads\/20250129_142043-scaled-e1738305580519.jpg","contentUrl":"https:\/\/bio-senf.ch\/wp-content\/uploads\/20250129_142043-scaled-e1738305580519.jpg","width":1000,"height":1333,"caption":"Moutarde bio aux noisettes"},{"@type":"BreadcrumbList","@id":"https:\/\/bio-senf.ch\/fr\/shop\/moutarde-bio-noisette\/#breadcrumb","itemListElement":[{"@type":"ListItem","position":1,"name":"Startseite","item":"https:\/\/bio-senf.ch\/fr\/"},{"@type":"ListItem","position":2,"name":"Boutique","item":"https:\/\/bio-senf.ch\/boutique\/?lang=fr"},{"@type":"ListItem","position":3,"name":"Moutarde bio \u00e0 la noisette"}]},{"@type":"WebSite","@id":"https:\/\/bio-senf.ch\/fr\/#website","url":"https:\/\/bio-senf.ch\/fr\/","name":"Bio-Senf","description":"Wir geben \u00fcberall unseren Senf dazu","potentialAction":[{"@type":"SearchAction","target":{"@type":"EntryPoint","urlTemplate":"https:\/\/bio-senf.ch\/fr\/?s={search_term_string}"},"query-input":{"@type":"PropertyValueSpecification","valueRequired":true,"valueName":"search_term_string"}}],"inLanguage":"fr-FR"}]}},"_links":{"self":[{"href":"https:\/\/bio-senf.ch\/fr\/wp-json\/wp\/v2\/product\/4930","targetHints":{"allow":["GET"]}}],"collection":[{"href":"https:\/\/bio-senf.ch\/fr\/wp-json\/wp\/v2\/product"}],"about":[{"href":"https:\/\/bio-senf.ch\/fr\/wp-json\/wp\/v2\/types\/product"}],"wp:featuredmedia":[{"embeddable":true,"href":"https:\/\/bio-senf.ch\/fr\/wp-json\/wp\/v2\/media\/6270"}],"wp:attachment":[{"href":"https:\/\/bio-senf.ch\/fr\/wp-json\/wp\/v2\/media?parent=4930"}],"wp:term":[{"taxonomy":"product_brand","embeddable":true,"href":"https:\/\/bio-senf.ch\/fr\/wp-json\/wp\/v2\/product_brand?post=4930"},{"taxonomy":"product_cat","embeddable":true,"href":"https:\/\/bio-senf.ch\/fr\/wp-json\/wp\/v2\/product_cat?post=4930"},{"taxonomy":"product_tag","embeddable":true,"href":"https:\/\/bio-senf.ch\/fr\/wp-json\/wp\/v2\/product_tag?post=4930"}],"curies":[{"name":"wp","href":"https:\/\/api.w.org\/{rel}","templated":true}]}}