{"id":4884,"date":"2016-03-08T17:01:18","date_gmt":"2016-03-08T16:01:18","guid":{"rendered":"https:\/\/bio-senf.ch\/shop\/zofiger-bio-senf-wildkraeuter\/"},"modified":"2025-01-30T21:36:36","modified_gmt":"2025-01-30T20:36:36","slug":"zofiger-bio-moutarde-herbes-sauvages","status":"publish","type":"product","link":"https:\/\/bio-senf.ch\/fr\/shop\/zofiger-bio-moutarde-herbes-sauvages\/","title":{"rendered":"Moutarde bio aux herbes sauvages"},"content":{"rendered":"<p><strong>Moutarde bio aux herbes sauvages : <\/strong><br \/>\nUn m\u00e9lange d&rsquo;herbes s\u00e9ch\u00e9es de la vall\u00e9e argovienne d&rsquo;Uerkheim conf\u00e8re \u00e0 cette moutarde son ar\u00f4me particulier. La composition du m\u00e9lange d&rsquo;herbes est al\u00e9atoire. Les herbes que les cueilleurs trouvent donnent le m\u00e9lange. C&rsquo;est pourquoi chaque recette a un go\u00fbt l\u00e9g\u00e8rement diff\u00e9rent. Un changement constant est normal pour cette moutarde bio \u00e0 base d&rsquo;herbes sauvages !<br \/>\nLe piquant de la moutarde peut \u00eatre appr\u00e9ci\u00e9 par tous. Elle n&rsquo;est obtenue que par le m\u00e9lange de moutarde que l&rsquo;on moud soi-m\u00eame \u00e0 partir du grain de moutarde entier !<br \/>\nLa moutarde bio aux herbes sauvages ne contient pas de sucre. Le jus de pomme et le vinaigre de cidre ne sont pas filtr\u00e9s, c&rsquo;est pourquoi ils r\u00e9pondent \u00e0 toutes les exigences de la cuisine v\u00e9g\u00e9tarienne et v\u00e9g\u00e9talienne.<br \/>\nLes amateurs de Slow Food y trouveront une moutarde moulue par leurs soins. C&rsquo;est-\u00e0-dire que le grain de moutarde entier est moulu pour cette moutarde et reste dans la moutarde.<\/p>\n<p>L&rsquo;assaisonnement \u00e9quilibr\u00e9 pour un plateau de fromages soign\u00e9, du tofu, de la viande froide, des terrines, de la volaille et pour les sauces \u00e0 salade.<br \/>\nParfait pour accompagner les saucisses \u00e0 r\u00f4tir (de veau, de porc, de mouton et de lapin) ou les cervelas.<br \/>\nIl convient parfaitement \u00e0 la polenta &#8211;&gt; Landliebe \u00e9dition 2\/2021<\/p>\n<p>Bien s\u00fbr, c&rsquo;est aussi le condiment pour la cuisine v\u00e9g\u00e9talienne ou v\u00e9g\u00e9tarienne. Vous pouvez ainsi affiner vos plats. Osez l&rsquo;exp\u00e9rimentation.<\/p>\n<p>Ingr\u00e9dients : Vinaigre de cidre, jus de pomme, <strong>graines de mout<\/strong> arde jaunes, jus de poire, <strong>graines de moutarde<\/strong> brunes, herbes sauvages (2%), sel des Alpes, \u00e9pices.<\/p>\n<p>Contenu : 150 g<\/p>\n<p>incl. 2.6% de TVA<\/p>\n<p>CH-Bio-038<\/p>\n<p>Les herbes sont r\u00e9colt\u00e9es et s\u00e9ch\u00e9es par des sp\u00e9cialistes des herbes sauvages.<\/p>\n<p><strong>Valeurs nutritives pour 100 g<\/strong><\/p>\n<p>\u00c9nergie 612 kJ \/ 146 kcal<br \/>\nMati\u00e8re grasse 7,4 g<br \/>\ndont acides gras satur\u00e9s 0.4 g<br \/>\nGlucides 11,2 g<br \/>\ndont (fructose) sucre 3.6 g<br \/>\nProt\u00e9ines 6,6 g<br \/>\nSel 1,2 g<\/p>\n","protected":false},"excerpt":{"rendered":"<p>Des herbes sauvages argoviennes de la vall\u00e9e d&rsquo;Uerkem et un fin m\u00e9lange de moutarde donnent son d\u00e9licat assaisonnement.<\/p>\n","protected":false},"featured_media":6290,"template":"","meta":[],"product_brand":[],"product_cat":[609,561],"product_tag":[535,670,672,538,537,673,539,631,632,633,634,635,674,671,536,575,549,573,542,548],"class_list":{"0":"post-4884","1":"product","2":"type-product","3":"status-publish","4":"has-post-thumbnail","6":"product_cat-moutardes-herbes","7":"product_cat-spezielle-fr","8":"product_tag-aargauer-spezalitaet-fr","9":"product_tag-bio-wildkraeuter-fr","10":"product_tag-bio-senf-wildkraeuter-fr","11":"product_tag-bourgeon-fr","12":"product_tag-delikatesssenf-fr","13":"product_tag-herbes-aromatiques-sauvages","14":"product_tag-knospensenf-fr","15":"product_tag-landliebe-fr","16":"product_tag-landliebe-rezept-fr","17":"product_tag-landliebe-senf-fr","18":"product_tag-landlieberezept-fr","19":"product_tag-landliebesenf-fr","20":"product_tag-moutarde-aux-herbes-aromatiques-sauvages","21":"product_tag-moutarde-des-herbes-sauvages-bio","22":"product_tag-moutarde-fine-fr","23":"product_tag-moutarde-sans-sucre-fr","24":"product_tag-zuckerfrei-fr","25":"product_tag-slow-food-fr","26":"product_tag-specialite-a-la-moutarde","27":"product_tag-specialite-de-zofingue","29":"first","30":"instock","31":"taxable","32":"shipping-taxable","33":"purchasable","34":"product-type-simple"},"yoast_head":"<!-- This site is optimized with the Yoast SEO plugin v27.1.1 - https:\/\/yoast.com\/product\/yoast-seo-wordpress\/ -->\n<title>Moutarde bio aux herbes sauvages - Bio-Senf<\/title>\n<meta name=\"description\" content=\"Moutarde bio aux herbes sauvages - les herbes sont r\u00e9colt\u00e9es par un sp\u00e9cialiste. Chez Bio-Senf, il existe plus de 25 sortes de moutarde. \u00c0 commander ici en ligne dans la boutique.\" \/>\n<meta name=\"robots\" content=\"index, follow, max-snippet:-1, max-image-preview:large, max-video-preview:-1\" \/>\n<link rel=\"canonical\" href=\"https:\/\/bio-senf.ch\/fr\/shop\/zofiger-bio-moutarde-herbes-sauvages\/\" \/>\n<meta property=\"og:locale\" content=\"fr_FR\" \/>\n<meta property=\"og:type\" content=\"article\" \/>\n<meta property=\"og:title\" content=\"Moutarde bio aux herbes sauvages - Bio-Senf\" \/>\n<meta property=\"og:description\" content=\"Moutarde bio aux herbes sauvages - les herbes sont r\u00e9colt\u00e9es par un sp\u00e9cialiste. Chez Bio-Senf, il existe plus de 25 sortes de moutarde. \u00c0 commander ici en ligne dans la boutique.\" \/>\n<meta property=\"og:url\" content=\"https:\/\/bio-senf.ch\/fr\/shop\/zofiger-bio-moutarde-herbes-sauvages\/\" \/>\n<meta property=\"og:site_name\" content=\"Bio-Senf\" \/>\n<meta property=\"article:modified_time\" content=\"2025-01-30T20:36:36+00:00\" \/>\n<meta property=\"og:image\" content=\"https:\/\/bio-senf.ch\/wp-content\/uploads\/20250129_143212-scaled-e1738269336678.jpg\" \/>\n\t<meta property=\"og:image:width\" content=\"1000\" \/>\n\t<meta property=\"og:image:height\" content=\"1333\" \/>\n\t<meta property=\"og:image:type\" content=\"image\/jpeg\" \/>\n<meta name=\"twitter:card\" content=\"summary_large_image\" \/>\n<meta name=\"twitter:label1\" content=\"Dur\u00e9e de lecture estim\u00e9e\" \/>\n\t<meta name=\"twitter:data1\" content=\"2 minutes\" \/>\n<script type=\"application\/ld+json\" class=\"yoast-schema-graph\">{\"@context\":\"https:\/\/schema.org\",\"@graph\":[{\"@type\":\"WebPage\",\"@id\":\"https:\/\/bio-senf.ch\/fr\/shop\/zofiger-bio-moutarde-herbes-sauvages\/\",\"url\":\"https:\/\/bio-senf.ch\/fr\/shop\/zofiger-bio-moutarde-herbes-sauvages\/\",\"name\":\"Moutarde bio aux herbes sauvages - Bio-Senf\",\"isPartOf\":{\"@id\":\"https:\/\/bio-senf.ch\/fr\/#website\"},\"primaryImageOfPage\":{\"@id\":\"https:\/\/bio-senf.ch\/fr\/shop\/zofiger-bio-moutarde-herbes-sauvages\/#primaryimage\"},\"image\":{\"@id\":\"https:\/\/bio-senf.ch\/fr\/shop\/zofiger-bio-moutarde-herbes-sauvages\/#primaryimage\"},\"thumbnailUrl\":\"https:\/\/bio-senf.ch\/wp-content\/uploads\/20250129_143212-scaled-e1738269336678.jpg\",\"datePublished\":\"2016-03-08T16:01:18+00:00\",\"dateModified\":\"2025-01-30T20:36:36+00:00\",\"description\":\"Moutarde bio aux herbes sauvages - les herbes sont r\u00e9colt\u00e9es par un sp\u00e9cialiste. Chez Bio-Senf, il existe plus de 25 sortes de moutarde. \u00c0 commander ici en ligne dans la boutique.\",\"breadcrumb\":{\"@id\":\"https:\/\/bio-senf.ch\/fr\/shop\/zofiger-bio-moutarde-herbes-sauvages\/#breadcrumb\"},\"inLanguage\":\"fr-FR\",\"potentialAction\":[{\"@type\":\"ReadAction\",\"target\":[\"https:\/\/bio-senf.ch\/fr\/shop\/zofiger-bio-moutarde-herbes-sauvages\/\"]}]},{\"@type\":\"ImageObject\",\"inLanguage\":\"fr-FR\",\"@id\":\"https:\/\/bio-senf.ch\/fr\/shop\/zofiger-bio-moutarde-herbes-sauvages\/#primaryimage\",\"url\":\"https:\/\/bio-senf.ch\/wp-content\/uploads\/20250129_143212-scaled-e1738269336678.jpg\",\"contentUrl\":\"https:\/\/bio-senf.ch\/wp-content\/uploads\/20250129_143212-scaled-e1738269336678.jpg\",\"width\":1000,\"height\":1333,\"caption\":\"Moutarde bio aux herbes sauvage\"},{\"@type\":\"BreadcrumbList\",\"@id\":\"https:\/\/bio-senf.ch\/fr\/shop\/zofiger-bio-moutarde-herbes-sauvages\/#breadcrumb\",\"itemListElement\":[{\"@type\":\"ListItem\",\"position\":1,\"name\":\"Startseite\",\"item\":\"https:\/\/bio-senf.ch\/fr\/\"},{\"@type\":\"ListItem\",\"position\":2,\"name\":\"Boutique\",\"item\":\"https:\/\/bio-senf.ch\/boutique\/?lang=fr\"},{\"@type\":\"ListItem\",\"position\":3,\"name\":\"Moutarde bio aux herbes sauvages\"}]},{\"@type\":\"WebSite\",\"@id\":\"https:\/\/bio-senf.ch\/fr\/#website\",\"url\":\"https:\/\/bio-senf.ch\/fr\/\",\"name\":\"Bio-Senf\",\"description\":\"Wir geben \u00fcberall unseren Senf dazu\",\"potentialAction\":[{\"@type\":\"SearchAction\",\"target\":{\"@type\":\"EntryPoint\",\"urlTemplate\":\"https:\/\/bio-senf.ch\/fr\/?s={search_term_string}\"},\"query-input\":{\"@type\":\"PropertyValueSpecification\",\"valueRequired\":true,\"valueName\":\"search_term_string\"}}],\"inLanguage\":\"fr-FR\"}]}<\/script>\n<!-- \/ Yoast SEO plugin. -->","yoast_head_json":{"title":"Moutarde bio aux herbes sauvages - Bio-Senf","description":"Moutarde bio aux herbes sauvages - les herbes sont r\u00e9colt\u00e9es par un sp\u00e9cialiste. Chez Bio-Senf, il existe plus de 25 sortes de moutarde. \u00c0 commander ici en ligne dans la boutique.","robots":{"index":"index","follow":"follow","max-snippet":"max-snippet:-1","max-image-preview":"max-image-preview:large","max-video-preview":"max-video-preview:-1"},"canonical":"https:\/\/bio-senf.ch\/fr\/shop\/zofiger-bio-moutarde-herbes-sauvages\/","og_locale":"fr_FR","og_type":"article","og_title":"Moutarde bio aux herbes sauvages - Bio-Senf","og_description":"Moutarde bio aux herbes sauvages - les herbes sont r\u00e9colt\u00e9es par un sp\u00e9cialiste. Chez Bio-Senf, il existe plus de 25 sortes de moutarde. \u00c0 commander ici en ligne dans la boutique.","og_url":"https:\/\/bio-senf.ch\/fr\/shop\/zofiger-bio-moutarde-herbes-sauvages\/","og_site_name":"Bio-Senf","article_modified_time":"2025-01-30T20:36:36+00:00","og_image":[{"width":1000,"height":1333,"url":"https:\/\/bio-senf.ch\/wp-content\/uploads\/20250129_143212-scaled-e1738269336678.jpg","type":"image\/jpeg"}],"twitter_card":"summary_large_image","twitter_misc":{"Dur\u00e9e de lecture estim\u00e9e":"2 minutes"},"schema":{"@context":"https:\/\/schema.org","@graph":[{"@type":"WebPage","@id":"https:\/\/bio-senf.ch\/fr\/shop\/zofiger-bio-moutarde-herbes-sauvages\/","url":"https:\/\/bio-senf.ch\/fr\/shop\/zofiger-bio-moutarde-herbes-sauvages\/","name":"Moutarde bio aux herbes sauvages - Bio-Senf","isPartOf":{"@id":"https:\/\/bio-senf.ch\/fr\/#website"},"primaryImageOfPage":{"@id":"https:\/\/bio-senf.ch\/fr\/shop\/zofiger-bio-moutarde-herbes-sauvages\/#primaryimage"},"image":{"@id":"https:\/\/bio-senf.ch\/fr\/shop\/zofiger-bio-moutarde-herbes-sauvages\/#primaryimage"},"thumbnailUrl":"https:\/\/bio-senf.ch\/wp-content\/uploads\/20250129_143212-scaled-e1738269336678.jpg","datePublished":"2016-03-08T16:01:18+00:00","dateModified":"2025-01-30T20:36:36+00:00","description":"Moutarde bio aux herbes sauvages - les herbes sont r\u00e9colt\u00e9es par un sp\u00e9cialiste. Chez Bio-Senf, il existe plus de 25 sortes de moutarde. \u00c0 commander ici en ligne dans la boutique.","breadcrumb":{"@id":"https:\/\/bio-senf.ch\/fr\/shop\/zofiger-bio-moutarde-herbes-sauvages\/#breadcrumb"},"inLanguage":"fr-FR","potentialAction":[{"@type":"ReadAction","target":["https:\/\/bio-senf.ch\/fr\/shop\/zofiger-bio-moutarde-herbes-sauvages\/"]}]},{"@type":"ImageObject","inLanguage":"fr-FR","@id":"https:\/\/bio-senf.ch\/fr\/shop\/zofiger-bio-moutarde-herbes-sauvages\/#primaryimage","url":"https:\/\/bio-senf.ch\/wp-content\/uploads\/20250129_143212-scaled-e1738269336678.jpg","contentUrl":"https:\/\/bio-senf.ch\/wp-content\/uploads\/20250129_143212-scaled-e1738269336678.jpg","width":1000,"height":1333,"caption":"Moutarde bio aux herbes sauvage"},{"@type":"BreadcrumbList","@id":"https:\/\/bio-senf.ch\/fr\/shop\/zofiger-bio-moutarde-herbes-sauvages\/#breadcrumb","itemListElement":[{"@type":"ListItem","position":1,"name":"Startseite","item":"https:\/\/bio-senf.ch\/fr\/"},{"@type":"ListItem","position":2,"name":"Boutique","item":"https:\/\/bio-senf.ch\/boutique\/?lang=fr"},{"@type":"ListItem","position":3,"name":"Moutarde bio aux herbes sauvages"}]},{"@type":"WebSite","@id":"https:\/\/bio-senf.ch\/fr\/#website","url":"https:\/\/bio-senf.ch\/fr\/","name":"Bio-Senf","description":"Wir geben \u00fcberall unseren Senf dazu","potentialAction":[{"@type":"SearchAction","target":{"@type":"EntryPoint","urlTemplate":"https:\/\/bio-senf.ch\/fr\/?s={search_term_string}"},"query-input":{"@type":"PropertyValueSpecification","valueRequired":true,"valueName":"search_term_string"}}],"inLanguage":"fr-FR"}]}},"_links":{"self":[{"href":"https:\/\/bio-senf.ch\/fr\/wp-json\/wp\/v2\/product\/4884","targetHints":{"allow":["GET"]}}],"collection":[{"href":"https:\/\/bio-senf.ch\/fr\/wp-json\/wp\/v2\/product"}],"about":[{"href":"https:\/\/bio-senf.ch\/fr\/wp-json\/wp\/v2\/types\/product"}],"wp:featuredmedia":[{"embeddable":true,"href":"https:\/\/bio-senf.ch\/fr\/wp-json\/wp\/v2\/media\/6290"}],"wp:attachment":[{"href":"https:\/\/bio-senf.ch\/fr\/wp-json\/wp\/v2\/media?parent=4884"}],"wp:term":[{"taxonomy":"product_brand","embeddable":true,"href":"https:\/\/bio-senf.ch\/fr\/wp-json\/wp\/v2\/product_brand?post=4884"},{"taxonomy":"product_cat","embeddable":true,"href":"https:\/\/bio-senf.ch\/fr\/wp-json\/wp\/v2\/product_cat?post=4884"},{"taxonomy":"product_tag","embeddable":true,"href":"https:\/\/bio-senf.ch\/fr\/wp-json\/wp\/v2\/product_tag?post=4884"}],"curies":[{"name":"wp","href":"https:\/\/api.w.org\/{rel}","templated":true}]}}