{"id":4882,"date":"2016-03-08T17:10:58","date_gmt":"2016-03-08T16:10:58","guid":{"rendered":"https:\/\/bio-senf.ch\/shop\/zofiger-bio-senf-alpenkraeuter\/"},"modified":"2025-01-31T08:43:14","modified_gmt":"2025-01-31T07:43:14","slug":"moutarde-bio-aux-herbes-des-alpes","status":"publish","type":"product","link":"https:\/\/bio-senf.ch\/fr\/shop\/moutarde-bio-aux-herbes-des-alpes\/","title":{"rendered":"Moutarde bio aux herbes des Alpes"},"content":{"rendered":"<p><strong>Moutarde bio aux herbes des Alpes &#8211; L&rsquo;original depuis 2014 : <\/strong><br \/>\nDes herbes de cuisine s\u00e9ch\u00e9es provenant des Alpes grisonnes conf\u00e8rent \u00e0 cette moutarde son ar\u00f4me particulier.<br \/>\nLes graines de moutarde sont r\u00e9colt\u00e9es par des agriculteurs biologiques suisses innovants des cantons d&rsquo;Argovie, de Vaud et de Zurich. La moutarde bio aux herbes des Alpes ne contient pas de sucre, car l&rsquo;ingr\u00e9dient jus de poire pasteuris\u00e9 naturel suffit ! Le vinaigre de cidre et le jus de poire ne sont pas filtr\u00e9s, c&rsquo;est pourquoi ils r\u00e9pondent \u00e0 toutes les exigences de la cuisine v\u00e9g\u00e9tarienne et v\u00e9g\u00e9talienne. Je broie l&rsquo;ensemble du m\u00e9lange dans un moulin en granit pour obtenir une moutarde fine. Les amateurs de Slow Food trouveront ici une moutarde fabriqu\u00e9e lentement de mani\u00e8re traditionnelle. C&rsquo;est-\u00e0-dire que le grain de moutarde entier (grain complet) est moulu pour cette moutarde.<br \/>\nUn piquant discret attend votre langue.<\/p>\n<p>L&rsquo;assaisonnement sp\u00e9cial pour le plateau de fromages, le tofu, les viandes froides, les terrines, la volaille, tr\u00e8s appropri\u00e9 pour les sauces \u00e0 salade et les choux de Bruxelles.<br \/>\nParfait pour accompagner les saucisses \u00e0 r\u00f4tir (de veau, de porc, de mouton et de lapin) ou les cervelas.<br \/>\nIl convient parfaitement \u00e0 la polenta<\/p>\n<p>Ingr\u00e9dients : vinaigre de cidre, jus de poire, <strong>graines de moutarde<\/strong> jaune + brune, m\u00e9lange d&rsquo;herbes des Alpes (2%), sel des Alpes, \u00e9pices<\/p>\n<p>Contenu : 150 g<\/p>\n<p>incl. 2.6% de TVA<\/p>\n<p>CH-Bio-038<\/p>\n<p>Les herbes du jardin sont choy\u00e9es par le sp\u00e9cialiste des herbes.<br \/>\nNenad Mlinarevic (Cuisinier de l&rsquo;ann\u00e9e 2016) recommande la moutarde bio aux herbes des Alpes pour assaisonner les choux de Bruxelles (Sonntagszeitung 5 mars 2017).<\/p>\n<p>D&rsquo;autres cuisiniers s&rsquo;en servent pour faire mariner leurs r\u00f4tis. O\u00f9 utilisez-vous cette moutarde fine ?<\/p>\n<p><strong>R\u00c9COMPENSES : <\/strong><\/p>\n<p><strong>Concours BIO SUISSE : Bourgeon Gourmet 2020 &#8211; <\/strong>sur 6 points possibles, cette moutarde a obtenu la note maximale !<br \/>\nUne autre moutarde bio a obtenu cette note : le caviar de moutarde bio au miel.<br \/>\nDeux autres moutardes bio ont obtenu la note 5 : la moutarde bio au miel et la moutarde de Dijon.<\/p>\n<p>Concours BIO SUISSE : Bourgeon BioGoumet 2017<\/p>\n<p>Concours suisse des produits du terroir 2017 : M\u00e9daille d&rsquo;argent<\/p>\n<table style=\"width: 28.0234%;\">\n<tbody>\n<tr>\n<td style=\"width: 13.8449%;\"><strong>Valeurs nutritives<\/strong><\/td>\n<td style=\"width: 18.1723%;\">pour 100g<\/td>\n<\/tr>\n<tr>\n<td style=\"width: 13.8449%;\">Valeur \u00e9nerg\u00e9tique<\/td>\n<td style=\"width: 18.1723%;\">529 kJ \/ 126 kcal<\/td>\n<\/tr>\n<tr>\n<td style=\"width: 13.8449%;\">Graisse, total<\/td>\n<td style=\"width: 18.1723%;\">6.24<\/td>\n<\/tr>\n<tr>\n<td style=\"width: 13.8449%;\">dont satur\u00e9s acides gras<\/td>\n<td style=\"width: 18.1723%;\">0.43<\/td>\n<\/tr>\n<tr>\n<td style=\"width: 13.8449%;\">Glucides<\/td>\n<td style=\"width: 18.1723%;\">9.92<\/td>\n<\/tr>\n<tr>\n<td style=\"width: 13.8449%;\">dont sucre (de fruits)<\/td>\n<td style=\"width: 18.1723%;\">5.29<\/td>\n<\/tr>\n<tr>\n<td style=\"width: 13.8449%;\">Prot\u00e9ine<\/td>\n<td style=\"width: 18.1723%;\">5.51<\/td>\n<\/tr>\n<tr>\n<td style=\"width: 13.8449%;\">Sel<\/td>\n<td style=\"width: 18.1723%;\">1.36<\/td>\n<\/tr>\n<\/tbody>\n<\/table>\n","protected":false},"excerpt":{"rendered":"<p>Dans la moutarde bio aux herbes des Alpes, de fines herbes des Alpes et une moutarde subtilement \u00e9pic\u00e9e d\u00e9veloppent leur ar\u00f4me particulier en bouche et au palais.<\/p>\n","protected":false},"featured_media":6288,"template":"","meta":[],"product_brand":[],"product_cat":[609,561,560],"product_tag":[535,665,666,566,567,538,552,667,557,545,570,537,663,668,669,539,631,632,633,634,635,547,536,664,575,546,558,549,610,573,542,548,543],"class_list":{"0":"post-4882","1":"product","2":"type-product","3":"status-publish","4":"has-post-thumbnail","6":"product_cat-moutardes-herbes","7":"product_cat-spezielle-fr","8":"product_cat-prix-du-concours","9":"product_tag-aargauer-spezalitaet-fr","10":"product_tag-bio-alpenkraeuter-fr","11":"product_tag-bio-alpenkraeutersenf-fr","12":"product_tag-biogourmet-fr","13":"product_tag-biogourmet-bourgeon-fr","14":"product_tag-bourgeon-fr","15":"product_tag-cadeau-fr","16":"product_tag-cadeau-bio","17":"product_tag-cadeau-pour-les-employes-fr-3","18":"product_tag-cadeau-vegane-fr","19":"product_tag-concours-terroir-fr-2","20":"product_tag-delikatesssenf-fr","21":"product_tag-herbes-des-alpes","22":"product_tag-herbes-des-alpes-grisonnes","23":"product_tag-herbes-des-grisons","24":"product_tag-knospensenf-fr","25":"product_tag-landliebe-fr","26":"product_tag-landliebe-rezept-fr","27":"product_tag-landliebe-senf-fr","28":"product_tag-landlieberezept-fr","29":"product_tag-landliebesenf-fr","30":"product_tag-manufactur-de-zofingue","31":"product_tag-moutarde-fine-fr","32":"product_tag-moutarde-herbes-des-alpes","33":"product_tag-moutarde-sans-sucre-fr","34":"product_tag-moutarde-bio-de-zofingue","35":"product_tag-noel","36":"product_tag-zuckerfrei-fr","37":"product_tag-sel-des-alpes","38":"product_tag-slow-food-fr","39":"product_tag-specialite-a-la-moutarde","40":"product_tag-specialite-de-zofingue","41":"product_tag-vegane","43":"first","44":"instock","45":"featured","46":"taxable","47":"shipping-taxable","48":"purchasable","49":"product-type-simple"},"yoast_head":"<!-- This site is optimized with the Yoast SEO plugin v27.1.1 - https:\/\/yoast.com\/product\/yoast-seo-wordpress\/ -->\n<title>Moutarde bio aux herbes des Alpes - Bio-Senf<\/title>\n<meta name=\"description\" content=\"Moutarde bio aux herbes des Alpes. L&#039;original depuis 2014. Chez Bio-Senf, il existe plus de 25 vari\u00e9t\u00e9s de moutarde Bourgeon.\" \/>\n<meta name=\"robots\" content=\"index, follow, max-snippet:-1, max-image-preview:large, max-video-preview:-1\" \/>\n<link rel=\"canonical\" href=\"https:\/\/bio-senf.ch\/fr\/shop\/moutarde-bio-aux-herbes-des-alpes\/\" \/>\n<meta property=\"og:locale\" content=\"fr_FR\" \/>\n<meta property=\"og:type\" content=\"article\" \/>\n<meta property=\"og:title\" content=\"Moutarde bio aux herbes des Alpes - Bio-Senf\" \/>\n<meta property=\"og:description\" content=\"Moutarde bio aux herbes des Alpes. L&#039;original depuis 2014. Chez Bio-Senf, il existe plus de 25 vari\u00e9t\u00e9s de moutarde Bourgeon.\" \/>\n<meta property=\"og:url\" content=\"https:\/\/bio-senf.ch\/fr\/shop\/moutarde-bio-aux-herbes-des-alpes\/\" \/>\n<meta property=\"og:site_name\" content=\"Bio-Senf\" \/>\n<meta property=\"article:modified_time\" content=\"2025-01-31T07:43:14+00:00\" \/>\n<meta property=\"og:image\" content=\"https:\/\/bio-senf.ch\/wp-content\/uploads\/20250129_143147-scaled-e1738268816781.jpg\" \/>\n\t<meta property=\"og:image:width\" content=\"1000\" \/>\n\t<meta property=\"og:image:height\" content=\"1333\" \/>\n\t<meta property=\"og:image:type\" content=\"image\/jpeg\" \/>\n<meta name=\"twitter:card\" content=\"summary_large_image\" \/>\n<meta name=\"twitter:label1\" content=\"Dur\u00e9e de lecture estim\u00e9e\" \/>\n\t<meta name=\"twitter:data1\" content=\"3 minutes\" \/>\n<script type=\"application\/ld+json\" class=\"yoast-schema-graph\">{\"@context\":\"https:\/\/schema.org\",\"@graph\":[{\"@type\":\"WebPage\",\"@id\":\"https:\/\/bio-senf.ch\/fr\/shop\/moutarde-bio-aux-herbes-des-alpes\/\",\"url\":\"https:\/\/bio-senf.ch\/fr\/shop\/moutarde-bio-aux-herbes-des-alpes\/\",\"name\":\"Moutarde bio aux herbes des Alpes - Bio-Senf\",\"isPartOf\":{\"@id\":\"https:\/\/bio-senf.ch\/fr\/#website\"},\"primaryImageOfPage\":{\"@id\":\"https:\/\/bio-senf.ch\/fr\/shop\/moutarde-bio-aux-herbes-des-alpes\/#primaryimage\"},\"image\":{\"@id\":\"https:\/\/bio-senf.ch\/fr\/shop\/moutarde-bio-aux-herbes-des-alpes\/#primaryimage\"},\"thumbnailUrl\":\"https:\/\/bio-senf.ch\/wp-content\/uploads\/20250129_143147-scaled-e1738268816781.jpg\",\"datePublished\":\"2016-03-08T16:10:58+00:00\",\"dateModified\":\"2025-01-31T07:43:14+00:00\",\"description\":\"Moutarde bio aux herbes des Alpes. L'original depuis 2014. Chez Bio-Senf, il existe plus de 25 vari\u00e9t\u00e9s de moutarde Bourgeon.\",\"breadcrumb\":{\"@id\":\"https:\/\/bio-senf.ch\/fr\/shop\/moutarde-bio-aux-herbes-des-alpes\/#breadcrumb\"},\"inLanguage\":\"fr-FR\",\"potentialAction\":[{\"@type\":\"ReadAction\",\"target\":[\"https:\/\/bio-senf.ch\/fr\/shop\/moutarde-bio-aux-herbes-des-alpes\/\"]}]},{\"@type\":\"ImageObject\",\"inLanguage\":\"fr-FR\",\"@id\":\"https:\/\/bio-senf.ch\/fr\/shop\/moutarde-bio-aux-herbes-des-alpes\/#primaryimage\",\"url\":\"https:\/\/bio-senf.ch\/wp-content\/uploads\/20250129_143147-scaled-e1738268816781.jpg\",\"contentUrl\":\"https:\/\/bio-senf.ch\/wp-content\/uploads\/20250129_143147-scaled-e1738268816781.jpg\",\"width\":1000,\"height\":1333,\"caption\":\"Moutarde bio aux herbes des Alpes\"},{\"@type\":\"BreadcrumbList\",\"@id\":\"https:\/\/bio-senf.ch\/fr\/shop\/moutarde-bio-aux-herbes-des-alpes\/#breadcrumb\",\"itemListElement\":[{\"@type\":\"ListItem\",\"position\":1,\"name\":\"Startseite\",\"item\":\"https:\/\/bio-senf.ch\/fr\/\"},{\"@type\":\"ListItem\",\"position\":2,\"name\":\"Boutique\",\"item\":\"https:\/\/bio-senf.ch\/boutique\/?lang=fr\"},{\"@type\":\"ListItem\",\"position\":3,\"name\":\"Moutarde bio aux herbes des Alpes\"}]},{\"@type\":\"WebSite\",\"@id\":\"https:\/\/bio-senf.ch\/fr\/#website\",\"url\":\"https:\/\/bio-senf.ch\/fr\/\",\"name\":\"Bio-Senf\",\"description\":\"Wir geben \u00fcberall unseren Senf dazu\",\"potentialAction\":[{\"@type\":\"SearchAction\",\"target\":{\"@type\":\"EntryPoint\",\"urlTemplate\":\"https:\/\/bio-senf.ch\/fr\/?s={search_term_string}\"},\"query-input\":{\"@type\":\"PropertyValueSpecification\",\"valueRequired\":true,\"valueName\":\"search_term_string\"}}],\"inLanguage\":\"fr-FR\"}]}<\/script>\n<!-- \/ Yoast SEO plugin. -->","yoast_head_json":{"title":"Moutarde bio aux herbes des Alpes - Bio-Senf","description":"Moutarde bio aux herbes des Alpes. L'original depuis 2014. Chez Bio-Senf, il existe plus de 25 vari\u00e9t\u00e9s de moutarde Bourgeon.","robots":{"index":"index","follow":"follow","max-snippet":"max-snippet:-1","max-image-preview":"max-image-preview:large","max-video-preview":"max-video-preview:-1"},"canonical":"https:\/\/bio-senf.ch\/fr\/shop\/moutarde-bio-aux-herbes-des-alpes\/","og_locale":"fr_FR","og_type":"article","og_title":"Moutarde bio aux herbes des Alpes - Bio-Senf","og_description":"Moutarde bio aux herbes des Alpes. L'original depuis 2014. Chez Bio-Senf, il existe plus de 25 vari\u00e9t\u00e9s de moutarde Bourgeon.","og_url":"https:\/\/bio-senf.ch\/fr\/shop\/moutarde-bio-aux-herbes-des-alpes\/","og_site_name":"Bio-Senf","article_modified_time":"2025-01-31T07:43:14+00:00","og_image":[{"width":1000,"height":1333,"url":"https:\/\/bio-senf.ch\/wp-content\/uploads\/20250129_143147-scaled-e1738268816781.jpg","type":"image\/jpeg"}],"twitter_card":"summary_large_image","twitter_misc":{"Dur\u00e9e de lecture estim\u00e9e":"3 minutes"},"schema":{"@context":"https:\/\/schema.org","@graph":[{"@type":"WebPage","@id":"https:\/\/bio-senf.ch\/fr\/shop\/moutarde-bio-aux-herbes-des-alpes\/","url":"https:\/\/bio-senf.ch\/fr\/shop\/moutarde-bio-aux-herbes-des-alpes\/","name":"Moutarde bio aux herbes des Alpes - Bio-Senf","isPartOf":{"@id":"https:\/\/bio-senf.ch\/fr\/#website"},"primaryImageOfPage":{"@id":"https:\/\/bio-senf.ch\/fr\/shop\/moutarde-bio-aux-herbes-des-alpes\/#primaryimage"},"image":{"@id":"https:\/\/bio-senf.ch\/fr\/shop\/moutarde-bio-aux-herbes-des-alpes\/#primaryimage"},"thumbnailUrl":"https:\/\/bio-senf.ch\/wp-content\/uploads\/20250129_143147-scaled-e1738268816781.jpg","datePublished":"2016-03-08T16:10:58+00:00","dateModified":"2025-01-31T07:43:14+00:00","description":"Moutarde bio aux herbes des Alpes. L'original depuis 2014. Chez Bio-Senf, il existe plus de 25 vari\u00e9t\u00e9s de moutarde Bourgeon.","breadcrumb":{"@id":"https:\/\/bio-senf.ch\/fr\/shop\/moutarde-bio-aux-herbes-des-alpes\/#breadcrumb"},"inLanguage":"fr-FR","potentialAction":[{"@type":"ReadAction","target":["https:\/\/bio-senf.ch\/fr\/shop\/moutarde-bio-aux-herbes-des-alpes\/"]}]},{"@type":"ImageObject","inLanguage":"fr-FR","@id":"https:\/\/bio-senf.ch\/fr\/shop\/moutarde-bio-aux-herbes-des-alpes\/#primaryimage","url":"https:\/\/bio-senf.ch\/wp-content\/uploads\/20250129_143147-scaled-e1738268816781.jpg","contentUrl":"https:\/\/bio-senf.ch\/wp-content\/uploads\/20250129_143147-scaled-e1738268816781.jpg","width":1000,"height":1333,"caption":"Moutarde bio aux herbes des Alpes"},{"@type":"BreadcrumbList","@id":"https:\/\/bio-senf.ch\/fr\/shop\/moutarde-bio-aux-herbes-des-alpes\/#breadcrumb","itemListElement":[{"@type":"ListItem","position":1,"name":"Startseite","item":"https:\/\/bio-senf.ch\/fr\/"},{"@type":"ListItem","position":2,"name":"Boutique","item":"https:\/\/bio-senf.ch\/boutique\/?lang=fr"},{"@type":"ListItem","position":3,"name":"Moutarde bio aux herbes des Alpes"}]},{"@type":"WebSite","@id":"https:\/\/bio-senf.ch\/fr\/#website","url":"https:\/\/bio-senf.ch\/fr\/","name":"Bio-Senf","description":"Wir geben \u00fcberall unseren Senf dazu","potentialAction":[{"@type":"SearchAction","target":{"@type":"EntryPoint","urlTemplate":"https:\/\/bio-senf.ch\/fr\/?s={search_term_string}"},"query-input":{"@type":"PropertyValueSpecification","valueRequired":true,"valueName":"search_term_string"}}],"inLanguage":"fr-FR"}]}},"_links":{"self":[{"href":"https:\/\/bio-senf.ch\/fr\/wp-json\/wp\/v2\/product\/4882","targetHints":{"allow":["GET"]}}],"collection":[{"href":"https:\/\/bio-senf.ch\/fr\/wp-json\/wp\/v2\/product"}],"about":[{"href":"https:\/\/bio-senf.ch\/fr\/wp-json\/wp\/v2\/types\/product"}],"wp:featuredmedia":[{"embeddable":true,"href":"https:\/\/bio-senf.ch\/fr\/wp-json\/wp\/v2\/media\/6288"}],"wp:attachment":[{"href":"https:\/\/bio-senf.ch\/fr\/wp-json\/wp\/v2\/media?parent=4882"}],"wp:term":[{"taxonomy":"product_brand","embeddable":true,"href":"https:\/\/bio-senf.ch\/fr\/wp-json\/wp\/v2\/product_brand?post=4882"},{"taxonomy":"product_cat","embeddable":true,"href":"https:\/\/bio-senf.ch\/fr\/wp-json\/wp\/v2\/product_cat?post=4882"},{"taxonomy":"product_tag","embeddable":true,"href":"https:\/\/bio-senf.ch\/fr\/wp-json\/wp\/v2\/product_tag?post=4882"}],"curies":[{"name":"wp","href":"https:\/\/api.w.org\/{rel}","templated":true}]}}