{"id":4878,"date":"2016-03-08T17:17:53","date_gmt":"2016-03-08T16:17:53","guid":{"rendered":"https:\/\/bio-senf.ch\/shop\/zofiger-bio-senf-estragon\/"},"modified":"2025-01-31T08:38:32","modified_gmt":"2025-01-31T07:38:32","slug":"zofiger-bio-senf-estragon","status":"publish","type":"product","link":"https:\/\/bio-senf.ch\/fr\/shop\/zofiger-bio-senf-estragon\/","title":{"rendered":"Moutarde bio \u00e0 l&rsquo;estragon"},"content":{"rendered":"<section class='av_textblock_section av-2kzia8-d79574f7653b9b957226e13e803782c2 ' itemscope=\"itemscope\" itemtype=\"https:\/\/schema.org\/CreativeWork\" ><div class='avia_textblock' itemprop=\"text\" ><p><strong>Moutarde bio \u00e0 l&rsquo;estragon :<\/strong><br \/>\nD\u00e9licieux m\u00e9lange de moutarde fine assaisonn\u00e9 d&rsquo;estragon en bourgeon.<\/p>\n<p>La moutarde bio \u00e0 l&rsquo;estragon a un go\u00fbt doux et aromatique avec une fine note anis\u00e9e.<br \/>\nCe classique de la haute cuisine fran\u00e7aise affine les plats de poisson et de volaille.<br \/>\nSoupe au vin blanc avec moutarde \u00e0 l&rsquo;estragon &#8211; Recette Landliebe \u00e9dition 2\/2021<\/p>\n<p>Cette moutarde ne contient pas de sucre. Le vinaigre de cidre n&rsquo;est pas filtr\u00e9, c&rsquo;est pourquoi il r\u00e9pond \u00e0 toutes les exigences de la cuisine v\u00e9g\u00e9tarienne et v\u00e9g\u00e9talienne.<br \/>\nLes amateurs de Slow Food y trouveront une moutarde moulue par leurs soins. C&rsquo;est-\u00e0-dire que le grain de moutarde entier est moulu pour cette moutarde et reste dans la moutarde.<\/p>\n<p><span style=\"text-decoration: underline;\">Ingr\u00e9dients<\/span>: vinaigre de cidre, <strong>graines de moutarde<\/strong> jaune + brune, jus de pommes, eau, estragon fra\u00eeche (2%), sel des Alpes, \u00e9pices<\/p>\n<p>Contenu : 150g<\/p>\n<p>CH-Bio-038<\/p>\n<p>incl. 2.6% de TVA<\/p>\n<p><strong>Valeurs nutritives pour 100 g<\/strong><\/p>\n<p>\u00c9nergie 535 kJ \/ 128 kcal<br \/>\nMati\u00e8re grasse 6,5 g<br \/>\ndont acides gras satur\u00e9s 0.3 g<br \/>\nGlucides 9,6 g<br \/>\ndont (fructose) sucre 4.0 g<br \/>\nProt\u00e9ines 5,9 g<br \/>\nsel 1,2 g<\/p>\n<p><span style=\"color: #ff0000;\"><strong>R\u00e9compenses<\/strong><\/span><\/p>\n<p><a href=\"http:\/\/www.concours-terroir.ch\/modules\/concours\/?LinkID=449\" target=\"_blank\" rel=\"noopener\">Concours suisse des produits du terroir 2015<\/a>: M\u00e9daille d&rsquo;argent<\/p>\n<p><strong>Histoire<\/strong><br \/>\nA l&rsquo;origine, l&rsquo;estragon est probablement originaire d&rsquo;Extr\u00eame-Orient. Dans la Chine ancienne, il \u00e9tait d\u00e9j\u00e0 mentionn\u00e9 comme \u00e9pice entre 1000 et 2000 av.<br \/>\nIl est \u00e9galement pr\u00e9sent \u00e0 l&rsquo;\u00e9tat sauvage depuis longtemps dans le sud de l&rsquo;Europe. Mais il semble que les Romains ne l&rsquo;utilisent pas. Les Arabes l&rsquo;utilisaient toutefois volontiers comme \u00e9pice. Ils l&rsquo;ont appel\u00e9 \u00ab tarhun \u00bb, qui est devenu \u00ab dragon \u00bb lors de son voyage ult\u00e9rieur en Europe.<br \/>\nEn Italie, l&rsquo;estragon est mentionn\u00e9 pour la premi\u00e8re fois au 13e si\u00e8cle.<br \/>\nEn Europe centrale, l&rsquo;estragon n&rsquo;est apparu qu&rsquo;au 16e si\u00e8cle. Tabernaemontanus (mort en 1590) le mentionne sous le nom de \u00ab draconaire \u00bb.<br \/>\nLe \u00ab drakon \u00bb est devenu en France \u00ab estragon \u00bb, qui s&rsquo;est ensuite impos\u00e9 comme nom en Suisse.<\/p>\n<p><strong>\u00c9pices de cuisine<\/strong><br \/>\nL&rsquo;estragon joue son r\u00f4le le plus important dans la cuisine, surtout fran\u00e7aise et m\u00e9diterran\u00e9enne.<br \/>\nComme l&rsquo;estragon a un ar\u00f4me tr\u00e8s fort, il faut l&rsquo;utiliser avec parcimonie, sinon il deviendrait trop dominant et risquerait de noyer tout le reste.<br \/>\nDans la cuisine fran\u00e7aise, l&rsquo;estragon fait partie de ce que l&rsquo;on appelle les \u00ab fines herbes \u00bb : persil, cerfeuil, ciboulette et estragon.<br \/>\nTraditionnellement, l&rsquo;estragon est \u00e9galement utilis\u00e9 pour assaisonner les cornichons marin\u00e9s et les courges.<\/p>\n<p><strong>Ce qu&rsquo;il faut savoir<br \/>\n<\/strong><\/p>\n<p>Son utilisation en tant qu&rsquo;\u00e9pice n&rsquo;est pas seulement utile pour son go\u00fbt, mais aussi parce qu&rsquo;elle renforce les organes digestifs et aide ainsi \u00e0 dig\u00e9rer les plats lourds. Ainsi, la moutarde bio \u00e0 l&rsquo;estragon aide doublement : d&rsquo;une part gr\u00e2ce \u00e0 l&rsquo;estragon et d&rsquo;autre part gr\u00e2ce \u00e0 la moutarde ! Mais peu de gens savent que l&rsquo;estragon a aussi des vertus m\u00e9dicinales. Elle est toutefois rarement utilis\u00e9e comme plante m\u00e9dicinale.<\/p>\n<\/div><\/section>\n","protected":false},"excerpt":{"rendered":"<p>Un estragon fin m\u00e9lang\u00e9 \u00e0 une moutarde d\u00e9licate rehaussera \u00e9galement vos talents culinaires !<\/p>\n","protected":false},"featured_media":6294,"template":"","meta":[],"product_brand":[],"product_cat":[609,561,560],"product_tag":[535,654,538,652,537,656,657,539,653,631,632,633,634,635,547,655,536,575,546,549,573,542,548],"class_list":{"0":"post-4878","1":"product","2":"type-product","3":"status-publish","4":"has-post-thumbnail","6":"product_cat-moutardes-herbes","7":"product_cat-spezielle-fr","8":"product_cat-prix-du-concours","9":"product_tag-aargauer-spezalitaet-fr","10":"product_tag-bio-estragonsenf-fr","11":"product_tag-bourgeon-fr","12":"product_tag-concours-terroirs","13":"product_tag-delikatesssenf-fr","14":"product_tag-estragon-fr","15":"product_tag-estragonsenf-fr","16":"product_tag-knospensenf-fr","17":"product_tag-lestragon-bio","18":"product_tag-landliebe-fr","19":"product_tag-landliebe-rezept-fr","20":"product_tag-landliebe-senf-fr","21":"product_tag-landlieberezept-fr","22":"product_tag-landliebesenf-fr","23":"product_tag-manufactur-de-zofingue","24":"product_tag-moutarde-a-lestragon-bio-fr","25":"product_tag-moutarde-fine-fr","26":"product_tag-moutarde-sans-sucre-fr","27":"product_tag-moutarde-bio-de-zofingue","28":"product_tag-zuckerfrei-fr","29":"product_tag-slow-food-fr","30":"product_tag-specialite-a-la-moutarde","31":"product_tag-specialite-de-zofingue","33":"first","34":"instock","35":"taxable","36":"shipping-taxable","37":"purchasable","38":"product-type-simple"},"yoast_head":"<!-- This site is optimized with the Yoast SEO plugin v27.1.1 - https:\/\/yoast.com\/product\/yoast-seo-wordpress\/ -->\n<title>Moutarde bio \u00e0 l&#039;estragon - Bio-Senf<\/title>\n<meta name=\"description\" content=\"Moutarde bio \u00e0 l&#039;estragon traditionel. Chez Bio-Senf, il existe plus de 25 vari\u00e9t\u00e9s de moutarde Bourgeon. A commander ici en ligne dans la boutique.\" \/>\n<meta name=\"robots\" content=\"index, follow, max-snippet:-1, max-image-preview:large, max-video-preview:-1\" \/>\n<link rel=\"canonical\" href=\"https:\/\/bio-senf.ch\/fr\/shop\/zofiger-bio-senf-estragon\/\" \/>\n<meta property=\"og:locale\" content=\"fr_FR\" \/>\n<meta property=\"og:type\" content=\"article\" \/>\n<meta property=\"og:title\" content=\"Moutarde bio \u00e0 l&#039;estragon - Bio-Senf\" \/>\n<meta property=\"og:description\" content=\"Moutarde bio \u00e0 l&#039;estragon traditionel. Chez Bio-Senf, il existe plus de 25 vari\u00e9t\u00e9s de moutarde Bourgeon. A commander ici en ligne dans la boutique.\" \/>\n<meta property=\"og:url\" content=\"https:\/\/bio-senf.ch\/fr\/shop\/zofiger-bio-senf-estragon\/\" \/>\n<meta property=\"og:site_name\" content=\"Bio-Senf\" \/>\n<meta property=\"article:modified_time\" content=\"2025-01-31T07:38:32+00:00\" \/>\n<meta property=\"og:image\" content=\"https:\/\/bio-senf.ch\/wp-content\/uploads\/20250129_143302-scaled-e1738267441421.jpg\" \/>\n\t<meta property=\"og:image:width\" content=\"1000\" \/>\n\t<meta property=\"og:image:height\" content=\"1333\" \/>\n\t<meta property=\"og:image:type\" content=\"image\/jpeg\" \/>\n<meta name=\"twitter:card\" content=\"summary_large_image\" \/>\n<meta name=\"twitter:label1\" content=\"Dur\u00e9e de lecture estim\u00e9e\" \/>\n\t<meta name=\"twitter:data1\" content=\"3 minutes\" \/>\n<script type=\"application\/ld+json\" class=\"yoast-schema-graph\">{\"@context\":\"https:\/\/schema.org\",\"@graph\":[{\"@type\":\"WebPage\",\"@id\":\"https:\/\/bio-senf.ch\/fr\/shop\/zofiger-bio-senf-estragon\/\",\"url\":\"https:\/\/bio-senf.ch\/fr\/shop\/zofiger-bio-senf-estragon\/\",\"name\":\"Moutarde bio \u00e0 l'estragon - Bio-Senf\",\"isPartOf\":{\"@id\":\"https:\/\/bio-senf.ch\/fr\/#website\"},\"primaryImageOfPage\":{\"@id\":\"https:\/\/bio-senf.ch\/fr\/shop\/zofiger-bio-senf-estragon\/#primaryimage\"},\"image\":{\"@id\":\"https:\/\/bio-senf.ch\/fr\/shop\/zofiger-bio-senf-estragon\/#primaryimage\"},\"thumbnailUrl\":\"https:\/\/bio-senf.ch\/wp-content\/uploads\/20250129_143302-scaled-e1738267441421.jpg\",\"datePublished\":\"2016-03-08T16:17:53+00:00\",\"dateModified\":\"2025-01-31T07:38:32+00:00\",\"description\":\"Moutarde bio \u00e0 l'estragon traditionel. Chez Bio-Senf, il existe plus de 25 vari\u00e9t\u00e9s de moutarde Bourgeon. A commander ici en ligne dans la boutique.\",\"breadcrumb\":{\"@id\":\"https:\/\/bio-senf.ch\/fr\/shop\/zofiger-bio-senf-estragon\/#breadcrumb\"},\"inLanguage\":\"fr-FR\",\"potentialAction\":[{\"@type\":\"ReadAction\",\"target\":[\"https:\/\/bio-senf.ch\/fr\/shop\/zofiger-bio-senf-estragon\/\"]}]},{\"@type\":\"ImageObject\",\"inLanguage\":\"fr-FR\",\"@id\":\"https:\/\/bio-senf.ch\/fr\/shop\/zofiger-bio-senf-estragon\/#primaryimage\",\"url\":\"https:\/\/bio-senf.ch\/wp-content\/uploads\/20250129_143302-scaled-e1738267441421.jpg\",\"contentUrl\":\"https:\/\/bio-senf.ch\/wp-content\/uploads\/20250129_143302-scaled-e1738267441421.jpg\",\"width\":1000,\"height\":1333,\"caption\":\"Moutarde bio estragon\"},{\"@type\":\"BreadcrumbList\",\"@id\":\"https:\/\/bio-senf.ch\/fr\/shop\/zofiger-bio-senf-estragon\/#breadcrumb\",\"itemListElement\":[{\"@type\":\"ListItem\",\"position\":1,\"name\":\"Startseite\",\"item\":\"https:\/\/bio-senf.ch\/fr\/\"},{\"@type\":\"ListItem\",\"position\":2,\"name\":\"Boutique\",\"item\":\"https:\/\/bio-senf.ch\/boutique\/?lang=fr\"},{\"@type\":\"ListItem\",\"position\":3,\"name\":\"Moutarde bio \u00e0 l&#8217;estragon\"}]},{\"@type\":\"WebSite\",\"@id\":\"https:\/\/bio-senf.ch\/fr\/#website\",\"url\":\"https:\/\/bio-senf.ch\/fr\/\",\"name\":\"Bio-Senf\",\"description\":\"Wir geben \u00fcberall unseren Senf dazu\",\"potentialAction\":[{\"@type\":\"SearchAction\",\"target\":{\"@type\":\"EntryPoint\",\"urlTemplate\":\"https:\/\/bio-senf.ch\/fr\/?s={search_term_string}\"},\"query-input\":{\"@type\":\"PropertyValueSpecification\",\"valueRequired\":true,\"valueName\":\"search_term_string\"}}],\"inLanguage\":\"fr-FR\"}]}<\/script>\n<!-- \/ Yoast SEO plugin. -->","yoast_head_json":{"title":"Moutarde bio \u00e0 l'estragon - Bio-Senf","description":"Moutarde bio \u00e0 l'estragon traditionel. Chez Bio-Senf, il existe plus de 25 vari\u00e9t\u00e9s de moutarde Bourgeon. A commander ici en ligne dans la boutique.","robots":{"index":"index","follow":"follow","max-snippet":"max-snippet:-1","max-image-preview":"max-image-preview:large","max-video-preview":"max-video-preview:-1"},"canonical":"https:\/\/bio-senf.ch\/fr\/shop\/zofiger-bio-senf-estragon\/","og_locale":"fr_FR","og_type":"article","og_title":"Moutarde bio \u00e0 l'estragon - Bio-Senf","og_description":"Moutarde bio \u00e0 l'estragon traditionel. Chez Bio-Senf, il existe plus de 25 vari\u00e9t\u00e9s de moutarde Bourgeon. A commander ici en ligne dans la boutique.","og_url":"https:\/\/bio-senf.ch\/fr\/shop\/zofiger-bio-senf-estragon\/","og_site_name":"Bio-Senf","article_modified_time":"2025-01-31T07:38:32+00:00","og_image":[{"width":1000,"height":1333,"url":"https:\/\/bio-senf.ch\/wp-content\/uploads\/20250129_143302-scaled-e1738267441421.jpg","type":"image\/jpeg"}],"twitter_card":"summary_large_image","twitter_misc":{"Dur\u00e9e de lecture estim\u00e9e":"3 minutes"},"schema":{"@context":"https:\/\/schema.org","@graph":[{"@type":"WebPage","@id":"https:\/\/bio-senf.ch\/fr\/shop\/zofiger-bio-senf-estragon\/","url":"https:\/\/bio-senf.ch\/fr\/shop\/zofiger-bio-senf-estragon\/","name":"Moutarde bio \u00e0 l'estragon - Bio-Senf","isPartOf":{"@id":"https:\/\/bio-senf.ch\/fr\/#website"},"primaryImageOfPage":{"@id":"https:\/\/bio-senf.ch\/fr\/shop\/zofiger-bio-senf-estragon\/#primaryimage"},"image":{"@id":"https:\/\/bio-senf.ch\/fr\/shop\/zofiger-bio-senf-estragon\/#primaryimage"},"thumbnailUrl":"https:\/\/bio-senf.ch\/wp-content\/uploads\/20250129_143302-scaled-e1738267441421.jpg","datePublished":"2016-03-08T16:17:53+00:00","dateModified":"2025-01-31T07:38:32+00:00","description":"Moutarde bio \u00e0 l'estragon traditionel. Chez Bio-Senf, il existe plus de 25 vari\u00e9t\u00e9s de moutarde Bourgeon. A commander ici en ligne dans la boutique.","breadcrumb":{"@id":"https:\/\/bio-senf.ch\/fr\/shop\/zofiger-bio-senf-estragon\/#breadcrumb"},"inLanguage":"fr-FR","potentialAction":[{"@type":"ReadAction","target":["https:\/\/bio-senf.ch\/fr\/shop\/zofiger-bio-senf-estragon\/"]}]},{"@type":"ImageObject","inLanguage":"fr-FR","@id":"https:\/\/bio-senf.ch\/fr\/shop\/zofiger-bio-senf-estragon\/#primaryimage","url":"https:\/\/bio-senf.ch\/wp-content\/uploads\/20250129_143302-scaled-e1738267441421.jpg","contentUrl":"https:\/\/bio-senf.ch\/wp-content\/uploads\/20250129_143302-scaled-e1738267441421.jpg","width":1000,"height":1333,"caption":"Moutarde bio estragon"},{"@type":"BreadcrumbList","@id":"https:\/\/bio-senf.ch\/fr\/shop\/zofiger-bio-senf-estragon\/#breadcrumb","itemListElement":[{"@type":"ListItem","position":1,"name":"Startseite","item":"https:\/\/bio-senf.ch\/fr\/"},{"@type":"ListItem","position":2,"name":"Boutique","item":"https:\/\/bio-senf.ch\/boutique\/?lang=fr"},{"@type":"ListItem","position":3,"name":"Moutarde bio \u00e0 l&#8217;estragon"}]},{"@type":"WebSite","@id":"https:\/\/bio-senf.ch\/fr\/#website","url":"https:\/\/bio-senf.ch\/fr\/","name":"Bio-Senf","description":"Wir geben \u00fcberall unseren Senf dazu","potentialAction":[{"@type":"SearchAction","target":{"@type":"EntryPoint","urlTemplate":"https:\/\/bio-senf.ch\/fr\/?s={search_term_string}"},"query-input":{"@type":"PropertyValueSpecification","valueRequired":true,"valueName":"search_term_string"}}],"inLanguage":"fr-FR"}]}},"_links":{"self":[{"href":"https:\/\/bio-senf.ch\/fr\/wp-json\/wp\/v2\/product\/4878","targetHints":{"allow":["GET"]}}],"collection":[{"href":"https:\/\/bio-senf.ch\/fr\/wp-json\/wp\/v2\/product"}],"about":[{"href":"https:\/\/bio-senf.ch\/fr\/wp-json\/wp\/v2\/types\/product"}],"wp:featuredmedia":[{"embeddable":true,"href":"https:\/\/bio-senf.ch\/fr\/wp-json\/wp\/v2\/media\/6294"}],"wp:attachment":[{"href":"https:\/\/bio-senf.ch\/fr\/wp-json\/wp\/v2\/media?parent=4878"}],"wp:term":[{"taxonomy":"product_brand","embeddable":true,"href":"https:\/\/bio-senf.ch\/fr\/wp-json\/wp\/v2\/product_brand?post=4878"},{"taxonomy":"product_cat","embeddable":true,"href":"https:\/\/bio-senf.ch\/fr\/wp-json\/wp\/v2\/product_cat?post=4878"},{"taxonomy":"product_tag","embeddable":true,"href":"https:\/\/bio-senf.ch\/fr\/wp-json\/wp\/v2\/product_tag?post=4878"}],"curies":[{"name":"wp","href":"https:\/\/api.w.org\/{rel}","templated":true}]}}