{"id":4877,"date":"2016-03-08T17:19:59","date_gmt":"2016-03-08T16:19:59","guid":{"rendered":"https:\/\/bio-senf.ch\/shop\/zofiger-bio-senf-mild\/"},"modified":"2025-01-31T08:37:22","modified_gmt":"2025-01-31T07:37:22","slug":"zofiger-bio-moutarde-douce","status":"publish","type":"product","link":"https:\/\/bio-senf.ch\/fr\/shop\/zofiger-bio-moutarde-douce\/","title":{"rendered":"Moutarde douce bio"},"content":{"rendered":"<section class='av_textblock_section av-l6cl4lkh-6f92ed32965ebae39afe992d78f2d262 ' itemscope=\"itemscope\" itemtype=\"https:\/\/schema.org\/CreativeWork\" ><div class='avia_textblock' itemprop=\"text\" ><p><strong>Moutarde douce bio : <\/strong><br \/>\nMoutarde douce bio et suave \u00e0 base d&rsquo;un d\u00e9licat m\u00e9lange de moutarde suisse. Elle pourrait tout \u00e0 fait passer pour de la moutarde \u00e0 la pomme, car plus de 50% de ses ingr\u00e9dients proviennent de la pomme. Cette moutarde ne contient pas de sucre. Le jus de pomme et le vinaigre de cidre ne sont pas filtr\u00e9s, c&rsquo;est pourquoi ils r\u00e9pondent \u00e0 toutes les exigences de la cuisine v\u00e9g\u00e9tarienne et v\u00e9g\u00e9talienne.<\/p>\n<p>Le compagnon id\u00e9al de la cuisine chaude et froide : pour le fromage, le tofu, les grillades, les viandes froides et chaudes, la fondue de viande, le bouilli, le poisson, la volaille et aussi la sauce \u00e0 salade.<\/p>\n<p>Ingr\u00e9dients : vinaigre de pomme, moutarde jaune, jus de pomme et de poire, eau, verjus, sel des Alpes, \u00e9pices<\/p>\n<p>Contenu : 150 g<\/p>\n<p>incl. 2.5% de TVA<\/p>\n<p>CH-Bio-086<\/p>\n<p><strong>Valeurs nutritives pour 100 g<\/strong><\/p>\n<p>\u00c9nergie 640 kJ \/ 153 kcal<br \/>\nMati\u00e8re grasse 8,2 g<br \/>\ndont acides gras satur\u00e9s 0.4 g<br \/>\nGlucides 10,4 g<br \/>\ndont (fructose) sucre 4.1 g<br \/>\nProt\u00e9ines 7,2 g<br \/>\nsel 1,1 g<\/p>\n<\/div><\/section>\n","protected":false},"excerpt":{"rendered":"<p>Moutarde fine pour un usage quotidien. Donne \u00e0 vos talents culinaires une saveur suppl\u00e9mentaire et subtile.<\/p>\n","protected":false},"featured_media":6300,"template":"","meta":[],"product_brand":[],"product_cat":[534],"product_tag":[535,603,580,538,537,583,539,547,584,585,536,575,546,549,542,548],"class_list":{"0":"post-4877","1":"product","2":"type-product","3":"status-publish","4":"has-post-thumbnail","6":"product_cat-moutardes-normales","7":"product_tag-aargauer-spezalitaet-fr","8":"product_tag-apfelsenf-fr","9":"product_tag-bio-senf-mild-fr","10":"product_tag-bourgeon-fr","11":"product_tag-delikatesssenf-fr","12":"product_tag-haussenf-fr","13":"product_tag-knospensenf-fr","14":"product_tag-manufactur-de-zofingue","15":"product_tag-moutarde-bio-douce","16":"product_tag-moutarde-bio-douce-fr","17":"product_tag-moutarde-fine-fr","18":"product_tag-moutarde-sans-sucre-fr","19":"product_tag-moutarde-bio-de-zofingue","20":"product_tag-zuckerfrei-fr","21":"product_tag-specialite-a-la-moutarde","22":"product_tag-specialite-de-zofingue","24":"first","25":"instock","26":"taxable","27":"shipping-taxable","28":"purchasable","29":"product-type-simple"},"yoast_head":"<!-- This site is optimized with the Yoast SEO plugin v27.5 - https:\/\/yoast.com\/product\/yoast-seo-wordpress\/ -->\n<title>Moutarde douce bio - Bio-Senf<\/title>\n<meta name=\"description\" content=\"Moutarde bio douce condiment fin pour la fondue \u00e0 la viande, le bouilli, le poisson, la volaille et aussi la sauce \u00e0 salade.\" \/>\n<meta name=\"robots\" content=\"index, follow, max-snippet:-1, max-image-preview:large, max-video-preview:-1\" \/>\n<link rel=\"canonical\" href=\"https:\/\/bio-senf.ch\/fr\/shop\/zofiger-bio-moutarde-douce\/\" \/>\n<meta property=\"og:locale\" content=\"fr_FR\" \/>\n<meta property=\"og:type\" content=\"article\" \/>\n<meta property=\"og:title\" content=\"Moutarde douce bio - Bio-Senf\" \/>\n<meta property=\"og:description\" content=\"Moutarde bio douce condiment fin pour la fondue \u00e0 la viande, le bouilli, le poisson, la volaille et aussi la sauce \u00e0 salade.\" \/>\n<meta property=\"og:url\" content=\"https:\/\/bio-senf.ch\/fr\/shop\/zofiger-bio-moutarde-douce\/\" \/>\n<meta property=\"og:site_name\" content=\"Bio-Senf\" \/>\n<meta property=\"article:modified_time\" content=\"2025-01-31T07:37:22+00:00\" \/>\n<meta property=\"og:image\" content=\"https:\/\/bio-senf.ch\/wp-content\/uploads\/20250129_143543-scaled-e1738266315700.jpg\" \/>\n\t<meta property=\"og:image:width\" content=\"1000\" \/>\n\t<meta property=\"og:image:height\" content=\"1333\" \/>\n\t<meta property=\"og:image:type\" content=\"image\/jpeg\" \/>\n<meta name=\"twitter:card\" content=\"summary_large_image\" \/>\n<script type=\"application\/ld+json\" class=\"yoast-schema-graph\">{\"@context\":\"https:\\\/\\\/schema.org\",\"@graph\":[{\"@type\":\"WebPage\",\"@id\":\"https:\\\/\\\/bio-senf.ch\\\/fr\\\/shop\\\/zofiger-bio-moutarde-douce\\\/\",\"url\":\"https:\\\/\\\/bio-senf.ch\\\/fr\\\/shop\\\/zofiger-bio-moutarde-douce\\\/\",\"name\":\"Moutarde douce bio - Bio-Senf\",\"isPartOf\":{\"@id\":\"https:\\\/\\\/bio-senf.ch\\\/fr\\\/#website\"},\"primaryImageOfPage\":{\"@id\":\"https:\\\/\\\/bio-senf.ch\\\/fr\\\/shop\\\/zofiger-bio-moutarde-douce\\\/#primaryimage\"},\"image\":{\"@id\":\"https:\\\/\\\/bio-senf.ch\\\/fr\\\/shop\\\/zofiger-bio-moutarde-douce\\\/#primaryimage\"},\"thumbnailUrl\":\"https:\\\/\\\/bio-senf.ch\\\/wp-content\\\/uploads\\\/20250129_143543-scaled-e1738266315700.jpg\",\"datePublished\":\"2016-03-08T16:19:59+00:00\",\"dateModified\":\"2025-01-31T07:37:22+00:00\",\"description\":\"Moutarde bio douce condiment fin pour la fondue \u00e0 la viande, le bouilli, le poisson, la volaille et aussi la sauce \u00e0 salade.\",\"breadcrumb\":{\"@id\":\"https:\\\/\\\/bio-senf.ch\\\/fr\\\/shop\\\/zofiger-bio-moutarde-douce\\\/#breadcrumb\"},\"inLanguage\":\"fr-FR\",\"potentialAction\":[{\"@type\":\"ReadAction\",\"target\":[\"https:\\\/\\\/bio-senf.ch\\\/fr\\\/shop\\\/zofiger-bio-moutarde-douce\\\/\"]}]},{\"@type\":\"ImageObject\",\"inLanguage\":\"fr-FR\",\"@id\":\"https:\\\/\\\/bio-senf.ch\\\/fr\\\/shop\\\/zofiger-bio-moutarde-douce\\\/#primaryimage\",\"url\":\"https:\\\/\\\/bio-senf.ch\\\/wp-content\\\/uploads\\\/20250129_143543-scaled-e1738266315700.jpg\",\"contentUrl\":\"https:\\\/\\\/bio-senf.ch\\\/wp-content\\\/uploads\\\/20250129_143543-scaled-e1738266315700.jpg\",\"width\":1000,\"height\":1333,\"caption\":\"Moutarde bio doux\"},{\"@type\":\"BreadcrumbList\",\"@id\":\"https:\\\/\\\/bio-senf.ch\\\/fr\\\/shop\\\/zofiger-bio-moutarde-douce\\\/#breadcrumb\",\"itemListElement\":[{\"@type\":\"ListItem\",\"position\":1,\"name\":\"Startseite\",\"item\":\"https:\\\/\\\/bio-senf.ch\\\/fr\\\/\"},{\"@type\":\"ListItem\",\"position\":2,\"name\":\"Boutique\",\"item\":\"https:\\\/\\\/bio-senf.ch\\\/boutique\\\/?lang=fr\"},{\"@type\":\"ListItem\",\"position\":3,\"name\":\"Moutarde douce bio\"}]},{\"@type\":\"WebSite\",\"@id\":\"https:\\\/\\\/bio-senf.ch\\\/fr\\\/#website\",\"url\":\"https:\\\/\\\/bio-senf.ch\\\/fr\\\/\",\"name\":\"Bio-Senf\",\"description\":\"Wir geben \u00fcberall unseren Senf dazu\",\"potentialAction\":[{\"@type\":\"SearchAction\",\"target\":{\"@type\":\"EntryPoint\",\"urlTemplate\":\"https:\\\/\\\/bio-senf.ch\\\/fr\\\/?s={search_term_string}\"},\"query-input\":{\"@type\":\"PropertyValueSpecification\",\"valueRequired\":true,\"valueName\":\"search_term_string\"}}],\"inLanguage\":\"fr-FR\"}]}<\/script>\n<!-- \/ Yoast SEO plugin. -->","yoast_head_json":{"title":"Moutarde douce bio - Bio-Senf","description":"Moutarde bio douce condiment fin pour la fondue \u00e0 la viande, le bouilli, le poisson, la volaille et aussi la sauce \u00e0 salade.","robots":{"index":"index","follow":"follow","max-snippet":"max-snippet:-1","max-image-preview":"max-image-preview:large","max-video-preview":"max-video-preview:-1"},"canonical":"https:\/\/bio-senf.ch\/fr\/shop\/zofiger-bio-moutarde-douce\/","og_locale":"fr_FR","og_type":"article","og_title":"Moutarde douce bio - Bio-Senf","og_description":"Moutarde bio douce condiment fin pour la fondue \u00e0 la viande, le bouilli, le poisson, la volaille et aussi la sauce \u00e0 salade.","og_url":"https:\/\/bio-senf.ch\/fr\/shop\/zofiger-bio-moutarde-douce\/","og_site_name":"Bio-Senf","article_modified_time":"2025-01-31T07:37:22+00:00","og_image":[{"width":1000,"height":1333,"url":"https:\/\/bio-senf.ch\/wp-content\/uploads\/20250129_143543-scaled-e1738266315700.jpg","type":"image\/jpeg"}],"twitter_card":"summary_large_image","schema":{"@context":"https:\/\/schema.org","@graph":[{"@type":"WebPage","@id":"https:\/\/bio-senf.ch\/fr\/shop\/zofiger-bio-moutarde-douce\/","url":"https:\/\/bio-senf.ch\/fr\/shop\/zofiger-bio-moutarde-douce\/","name":"Moutarde douce bio - Bio-Senf","isPartOf":{"@id":"https:\/\/bio-senf.ch\/fr\/#website"},"primaryImageOfPage":{"@id":"https:\/\/bio-senf.ch\/fr\/shop\/zofiger-bio-moutarde-douce\/#primaryimage"},"image":{"@id":"https:\/\/bio-senf.ch\/fr\/shop\/zofiger-bio-moutarde-douce\/#primaryimage"},"thumbnailUrl":"https:\/\/bio-senf.ch\/wp-content\/uploads\/20250129_143543-scaled-e1738266315700.jpg","datePublished":"2016-03-08T16:19:59+00:00","dateModified":"2025-01-31T07:37:22+00:00","description":"Moutarde bio douce condiment fin pour la fondue \u00e0 la viande, le bouilli, le poisson, la volaille et aussi la sauce \u00e0 salade.","breadcrumb":{"@id":"https:\/\/bio-senf.ch\/fr\/shop\/zofiger-bio-moutarde-douce\/#breadcrumb"},"inLanguage":"fr-FR","potentialAction":[{"@type":"ReadAction","target":["https:\/\/bio-senf.ch\/fr\/shop\/zofiger-bio-moutarde-douce\/"]}]},{"@type":"ImageObject","inLanguage":"fr-FR","@id":"https:\/\/bio-senf.ch\/fr\/shop\/zofiger-bio-moutarde-douce\/#primaryimage","url":"https:\/\/bio-senf.ch\/wp-content\/uploads\/20250129_143543-scaled-e1738266315700.jpg","contentUrl":"https:\/\/bio-senf.ch\/wp-content\/uploads\/20250129_143543-scaled-e1738266315700.jpg","width":1000,"height":1333,"caption":"Moutarde bio doux"},{"@type":"BreadcrumbList","@id":"https:\/\/bio-senf.ch\/fr\/shop\/zofiger-bio-moutarde-douce\/#breadcrumb","itemListElement":[{"@type":"ListItem","position":1,"name":"Startseite","item":"https:\/\/bio-senf.ch\/fr\/"},{"@type":"ListItem","position":2,"name":"Boutique","item":"https:\/\/bio-senf.ch\/boutique\/?lang=fr"},{"@type":"ListItem","position":3,"name":"Moutarde douce bio"}]},{"@type":"WebSite","@id":"https:\/\/bio-senf.ch\/fr\/#website","url":"https:\/\/bio-senf.ch\/fr\/","name":"Bio-Senf","description":"Wir geben \u00fcberall unseren Senf dazu","potentialAction":[{"@type":"SearchAction","target":{"@type":"EntryPoint","urlTemplate":"https:\/\/bio-senf.ch\/fr\/?s={search_term_string}"},"query-input":{"@type":"PropertyValueSpecification","valueRequired":true,"valueName":"search_term_string"}}],"inLanguage":"fr-FR"}]}},"_links":{"self":[{"href":"https:\/\/bio-senf.ch\/fr\/wp-json\/wp\/v2\/product\/4877","targetHints":{"allow":["GET"]}}],"collection":[{"href":"https:\/\/bio-senf.ch\/fr\/wp-json\/wp\/v2\/product"}],"about":[{"href":"https:\/\/bio-senf.ch\/fr\/wp-json\/wp\/v2\/types\/product"}],"wp:featuredmedia":[{"embeddable":true,"href":"https:\/\/bio-senf.ch\/fr\/wp-json\/wp\/v2\/media\/6300"}],"wp:attachment":[{"href":"https:\/\/bio-senf.ch\/fr\/wp-json\/wp\/v2\/media?parent=4877"}],"wp:term":[{"taxonomy":"product_brand","embeddable":true,"href":"https:\/\/bio-senf.ch\/fr\/wp-json\/wp\/v2\/product_brand?post=4877"},{"taxonomy":"product_cat","embeddable":true,"href":"https:\/\/bio-senf.ch\/fr\/wp-json\/wp\/v2\/product_cat?post=4877"},{"taxonomy":"product_tag","embeddable":true,"href":"https:\/\/bio-senf.ch\/fr\/wp-json\/wp\/v2\/product_tag?post=4877"}],"curies":[{"name":"wp","href":"https:\/\/api.w.org\/{rel}","templated":true}]}}