{"id":4875,"date":"2016-03-08T17:23:02","date_gmt":"2016-03-08T16:23:02","guid":{"rendered":"https:\/\/bio-senf.ch\/shop\/zofiger-bio-senf-mittelscharf\/"},"modified":"2025-01-31T08:34:16","modified_gmt":"2025-01-31T07:34:16","slug":"zofiger-bio-moutarde-mi-forte","status":"publish","type":"product","link":"https:\/\/bio-senf.ch\/fr\/shop\/zofiger-bio-moutarde-mi-forte\/","title":{"rendered":"Moutarde bio mi-forte"},"content":{"rendered":"<section class='av_textblock_section av-l6cl2kkn-7834bff5cf7912007d4e460f553561f0 ' itemscope=\"itemscope\" itemtype=\"https:\/\/schema.org\/CreativeWork\" ><div class='avia_textblock' itemprop=\"text\" ><p><strong>Moutarde bio mi-forte<\/strong><br \/>\nMoutarde mi-forte pour tous ceux qui veulent un peu plus de piquant !<\/p>\n<p>Cette moutarde est parfaite pour les diab\u00e9tiques, car elle est sans sucre &#8211; elle peut \u00eatre consomm\u00e9e par tous les autres gourmands !<br \/>\nLe vinaigre de cidre et le jus de pomme ne sont pas filtr\u00e9s, c&rsquo;est pourquoi ils r\u00e9pondent \u00e0 toutes les exigences de la cuisine v\u00e9g\u00e9tarienne et v\u00e9g\u00e9talienne.<br \/>\nLes amateurs de Slow Food y trouveront une moutarde moulue par leurs soins. C&rsquo;est-\u00e0-dire que le grain de moutarde entier est moulu pour cette moutarde et reste dans la moutarde.<\/p>\n<p>Ingr\u00e9dients : vinaigre de cidre, graines de moutarde brune, jus de pomme, eau, sel des Alpes, curcuma, poivre<\/p>\n<p>Contenu : 150 grammes<\/p>\n<p>CH-Bio-086<\/p>\n<p>incl. 2.5% de TVA<\/p>\n<p><strong><span style=\"color: #ff0000;\">R\u00e9compenses<\/span><\/strong><\/p>\n<p>Concours suisse des produits du terroir 2015 : m\u00e9daille de bronze<\/p>\n<p><strong>Valeurs nutritives pour 100 g<\/strong><\/p>\n<p>\u00c9nergie 767 kJ \/183 kcal<br \/>\nMati\u00e8re grasse 10.0 g<br \/>\ndont acides gras satur\u00e9s 0.7 g<br \/>\nGlucides 12,5 g<br \/>\ndont (fructose) sucre 6.2 g<br \/>\nProt\u00e9ines 8,7 g<br \/>\nSel 1,4 g<\/p>\n<\/div><\/section>\n","protected":false},"excerpt":{"rendered":"<p>M\u00e9lange de moutarde moyennement forte pour tous ceux qui veulent quelque chose de plus consistant.<\/p>\n","protected":false},"featured_media":6302,"template":"","meta":[],"product_brand":[],"product_cat":[534,560],"product_tag":[650,538,652,539,547,651,575,546,549,573],"class_list":{"0":"post-4875","1":"product","2":"type-product","3":"status-publish","4":"has-post-thumbnail","6":"product_cat-moutardes-normales","7":"product_cat-prix-du-concours","8":"product_tag-bio-senf-mittelscharf-fr","9":"product_tag-bourgeon-fr","10":"product_tag-concours-terroirs","11":"product_tag-knospensenf-fr","12":"product_tag-manufactur-de-zofingue","13":"product_tag-moutarde-bio-mi-forte","14":"product_tag-moutarde-sans-sucre-fr","15":"product_tag-moutarde-bio-de-zofingue","16":"product_tag-zuckerfrei-fr","17":"product_tag-slow-food-fr","19":"first","20":"instock","21":"taxable","22":"shipping-taxable","23":"purchasable","24":"product-type-simple"},"yoast_head":"<!-- This site is optimized with the Yoast SEO plugin v27.1.1 - https:\/\/yoast.com\/product\/yoast-seo-wordpress\/ -->\n<title>Moutarde bio mi-forte - Bio-Senf<\/title>\n<meta name=\"description\" content=\"Moutarde bio mi-forte. Chez Bio-Senf, il y a plus de 25 sortes de moutarde Bourgeon. \u00c0 commander ici en ligne dans la boutique. .\" \/>\n<meta name=\"robots\" content=\"index, follow, max-snippet:-1, max-image-preview:large, max-video-preview:-1\" \/>\n<link rel=\"canonical\" href=\"https:\/\/bio-senf.ch\/fr\/shop\/zofiger-bio-moutarde-mi-forte\/\" \/>\n<meta property=\"og:locale\" content=\"fr_FR\" \/>\n<meta property=\"og:type\" content=\"article\" \/>\n<meta property=\"og:title\" content=\"Moutarde bio mi-forte - Bio-Senf\" \/>\n<meta property=\"og:description\" content=\"Moutarde bio mi-forte. Chez Bio-Senf, il y a plus de 25 sortes de moutarde Bourgeon. \u00c0 commander ici en ligne dans la boutique. .\" \/>\n<meta property=\"og:url\" content=\"https:\/\/bio-senf.ch\/fr\/shop\/zofiger-bio-moutarde-mi-forte\/\" \/>\n<meta property=\"og:site_name\" content=\"Bio-Senf\" \/>\n<meta property=\"article:modified_time\" content=\"2025-01-31T07:34:16+00:00\" \/>\n<meta property=\"og:image\" content=\"https:\/\/bio-senf.ch\/wp-content\/uploads\/20250129_143609-scaled-e1738265728206.jpg\" \/>\n\t<meta property=\"og:image:width\" content=\"1000\" \/>\n\t<meta property=\"og:image:height\" content=\"1333\" \/>\n\t<meta property=\"og:image:type\" content=\"image\/jpeg\" \/>\n<meta name=\"twitter:card\" content=\"summary_large_image\" \/>\n<meta name=\"twitter:label1\" content=\"Dur\u00e9e de lecture estim\u00e9e\" \/>\n\t<meta name=\"twitter:data1\" content=\"1 minute\" \/>\n<script type=\"application\/ld+json\" class=\"yoast-schema-graph\">{\"@context\":\"https:\/\/schema.org\",\"@graph\":[{\"@type\":\"WebPage\",\"@id\":\"https:\/\/bio-senf.ch\/fr\/shop\/zofiger-bio-moutarde-mi-forte\/\",\"url\":\"https:\/\/bio-senf.ch\/fr\/shop\/zofiger-bio-moutarde-mi-forte\/\",\"name\":\"Moutarde bio mi-forte - Bio-Senf\",\"isPartOf\":{\"@id\":\"https:\/\/bio-senf.ch\/fr\/#website\"},\"primaryImageOfPage\":{\"@id\":\"https:\/\/bio-senf.ch\/fr\/shop\/zofiger-bio-moutarde-mi-forte\/#primaryimage\"},\"image\":{\"@id\":\"https:\/\/bio-senf.ch\/fr\/shop\/zofiger-bio-moutarde-mi-forte\/#primaryimage\"},\"thumbnailUrl\":\"https:\/\/bio-senf.ch\/wp-content\/uploads\/20250129_143609-scaled-e1738265728206.jpg\",\"datePublished\":\"2016-03-08T16:23:02+00:00\",\"dateModified\":\"2025-01-31T07:34:16+00:00\",\"description\":\"Moutarde bio mi-forte. Chez Bio-Senf, il y a plus de 25 sortes de moutarde Bourgeon. \u00c0 commander ici en ligne dans la boutique. .\",\"breadcrumb\":{\"@id\":\"https:\/\/bio-senf.ch\/fr\/shop\/zofiger-bio-moutarde-mi-forte\/#breadcrumb\"},\"inLanguage\":\"fr-FR\",\"potentialAction\":[{\"@type\":\"ReadAction\",\"target\":[\"https:\/\/bio-senf.ch\/fr\/shop\/zofiger-bio-moutarde-mi-forte\/\"]}]},{\"@type\":\"ImageObject\",\"inLanguage\":\"fr-FR\",\"@id\":\"https:\/\/bio-senf.ch\/fr\/shop\/zofiger-bio-moutarde-mi-forte\/#primaryimage\",\"url\":\"https:\/\/bio-senf.ch\/wp-content\/uploads\/20250129_143609-scaled-e1738265728206.jpg\",\"contentUrl\":\"https:\/\/bio-senf.ch\/wp-content\/uploads\/20250129_143609-scaled-e1738265728206.jpg\",\"width\":1000,\"height\":1333,\"caption\":\"Moutarde bio mi-forte\"},{\"@type\":\"BreadcrumbList\",\"@id\":\"https:\/\/bio-senf.ch\/fr\/shop\/zofiger-bio-moutarde-mi-forte\/#breadcrumb\",\"itemListElement\":[{\"@type\":\"ListItem\",\"position\":1,\"name\":\"Startseite\",\"item\":\"https:\/\/bio-senf.ch\/fr\/\"},{\"@type\":\"ListItem\",\"position\":2,\"name\":\"Boutique\",\"item\":\"https:\/\/bio-senf.ch\/boutique\/?lang=fr\"},{\"@type\":\"ListItem\",\"position\":3,\"name\":\"Moutarde bio mi-forte\"}]},{\"@type\":\"WebSite\",\"@id\":\"https:\/\/bio-senf.ch\/fr\/#website\",\"url\":\"https:\/\/bio-senf.ch\/fr\/\",\"name\":\"Bio-Senf\",\"description\":\"Wir geben \u00fcberall unseren Senf dazu\",\"potentialAction\":[{\"@type\":\"SearchAction\",\"target\":{\"@type\":\"EntryPoint\",\"urlTemplate\":\"https:\/\/bio-senf.ch\/fr\/?s={search_term_string}\"},\"query-input\":{\"@type\":\"PropertyValueSpecification\",\"valueRequired\":true,\"valueName\":\"search_term_string\"}}],\"inLanguage\":\"fr-FR\"}]}<\/script>\n<!-- \/ Yoast SEO plugin. -->","yoast_head_json":{"title":"Moutarde bio mi-forte - Bio-Senf","description":"Moutarde bio mi-forte. Chez Bio-Senf, il y a plus de 25 sortes de moutarde Bourgeon. \u00c0 commander ici en ligne dans la boutique. .","robots":{"index":"index","follow":"follow","max-snippet":"max-snippet:-1","max-image-preview":"max-image-preview:large","max-video-preview":"max-video-preview:-1"},"canonical":"https:\/\/bio-senf.ch\/fr\/shop\/zofiger-bio-moutarde-mi-forte\/","og_locale":"fr_FR","og_type":"article","og_title":"Moutarde bio mi-forte - Bio-Senf","og_description":"Moutarde bio mi-forte. Chez Bio-Senf, il y a plus de 25 sortes de moutarde Bourgeon. \u00c0 commander ici en ligne dans la boutique. .","og_url":"https:\/\/bio-senf.ch\/fr\/shop\/zofiger-bio-moutarde-mi-forte\/","og_site_name":"Bio-Senf","article_modified_time":"2025-01-31T07:34:16+00:00","og_image":[{"width":1000,"height":1333,"url":"https:\/\/bio-senf.ch\/wp-content\/uploads\/20250129_143609-scaled-e1738265728206.jpg","type":"image\/jpeg"}],"twitter_card":"summary_large_image","twitter_misc":{"Dur\u00e9e de lecture estim\u00e9e":"1 minute"},"schema":{"@context":"https:\/\/schema.org","@graph":[{"@type":"WebPage","@id":"https:\/\/bio-senf.ch\/fr\/shop\/zofiger-bio-moutarde-mi-forte\/","url":"https:\/\/bio-senf.ch\/fr\/shop\/zofiger-bio-moutarde-mi-forte\/","name":"Moutarde bio mi-forte - Bio-Senf","isPartOf":{"@id":"https:\/\/bio-senf.ch\/fr\/#website"},"primaryImageOfPage":{"@id":"https:\/\/bio-senf.ch\/fr\/shop\/zofiger-bio-moutarde-mi-forte\/#primaryimage"},"image":{"@id":"https:\/\/bio-senf.ch\/fr\/shop\/zofiger-bio-moutarde-mi-forte\/#primaryimage"},"thumbnailUrl":"https:\/\/bio-senf.ch\/wp-content\/uploads\/20250129_143609-scaled-e1738265728206.jpg","datePublished":"2016-03-08T16:23:02+00:00","dateModified":"2025-01-31T07:34:16+00:00","description":"Moutarde bio mi-forte. Chez Bio-Senf, il y a plus de 25 sortes de moutarde Bourgeon. \u00c0 commander ici en ligne dans la boutique. .","breadcrumb":{"@id":"https:\/\/bio-senf.ch\/fr\/shop\/zofiger-bio-moutarde-mi-forte\/#breadcrumb"},"inLanguage":"fr-FR","potentialAction":[{"@type":"ReadAction","target":["https:\/\/bio-senf.ch\/fr\/shop\/zofiger-bio-moutarde-mi-forte\/"]}]},{"@type":"ImageObject","inLanguage":"fr-FR","@id":"https:\/\/bio-senf.ch\/fr\/shop\/zofiger-bio-moutarde-mi-forte\/#primaryimage","url":"https:\/\/bio-senf.ch\/wp-content\/uploads\/20250129_143609-scaled-e1738265728206.jpg","contentUrl":"https:\/\/bio-senf.ch\/wp-content\/uploads\/20250129_143609-scaled-e1738265728206.jpg","width":1000,"height":1333,"caption":"Moutarde bio mi-forte"},{"@type":"BreadcrumbList","@id":"https:\/\/bio-senf.ch\/fr\/shop\/zofiger-bio-moutarde-mi-forte\/#breadcrumb","itemListElement":[{"@type":"ListItem","position":1,"name":"Startseite","item":"https:\/\/bio-senf.ch\/fr\/"},{"@type":"ListItem","position":2,"name":"Boutique","item":"https:\/\/bio-senf.ch\/boutique\/?lang=fr"},{"@type":"ListItem","position":3,"name":"Moutarde bio mi-forte"}]},{"@type":"WebSite","@id":"https:\/\/bio-senf.ch\/fr\/#website","url":"https:\/\/bio-senf.ch\/fr\/","name":"Bio-Senf","description":"Wir geben \u00fcberall unseren Senf dazu","potentialAction":[{"@type":"SearchAction","target":{"@type":"EntryPoint","urlTemplate":"https:\/\/bio-senf.ch\/fr\/?s={search_term_string}"},"query-input":{"@type":"PropertyValueSpecification","valueRequired":true,"valueName":"search_term_string"}}],"inLanguage":"fr-FR"}]}},"_links":{"self":[{"href":"https:\/\/bio-senf.ch\/fr\/wp-json\/wp\/v2\/product\/4875","targetHints":{"allow":["GET"]}}],"collection":[{"href":"https:\/\/bio-senf.ch\/fr\/wp-json\/wp\/v2\/product"}],"about":[{"href":"https:\/\/bio-senf.ch\/fr\/wp-json\/wp\/v2\/types\/product"}],"wp:featuredmedia":[{"embeddable":true,"href":"https:\/\/bio-senf.ch\/fr\/wp-json\/wp\/v2\/media\/6302"}],"wp:attachment":[{"href":"https:\/\/bio-senf.ch\/fr\/wp-json\/wp\/v2\/media?parent=4875"}],"wp:term":[{"taxonomy":"product_brand","embeddable":true,"href":"https:\/\/bio-senf.ch\/fr\/wp-json\/wp\/v2\/product_brand?post=4875"},{"taxonomy":"product_cat","embeddable":true,"href":"https:\/\/bio-senf.ch\/fr\/wp-json\/wp\/v2\/product_cat?post=4875"},{"taxonomy":"product_tag","embeddable":true,"href":"https:\/\/bio-senf.ch\/fr\/wp-json\/wp\/v2\/product_tag?post=4875"}],"curies":[{"name":"wp","href":"https:\/\/api.w.org\/{rel}","templated":true}]}}