{"id":4873,"date":"2016-03-08T17:26:33","date_gmt":"2016-03-08T16:26:33","guid":{"rendered":"https:\/\/bio-senf.ch\/shop\/zofiger-bio-senf-scharf\/"},"modified":"2025-01-31T08:32:05","modified_gmt":"2025-01-31T07:32:05","slug":"zofiger-bio-moutarde-epicee","status":"publish","type":"product","link":"https:\/\/bio-senf.ch\/fr\/shop\/zofiger-bio-moutarde-epicee\/","title":{"rendered":"Moutarde bio forte"},"content":{"rendered":"<section class='av_textblock_section av-l6cl050x-4da9e89112c882942b2cac6985dd5c26 ' itemscope=\"itemscope\" itemtype=\"https:\/\/schema.org\/CreativeWork\" ><div class='avia_textblock' itemprop=\"text\" ><p><strong>Moutarde forte bio : <\/strong><br \/>\nMoutarde \u00e0 gros grains, fine et piquante, compos\u00e9e d&rsquo;un d\u00e9licat m\u00e9lange de moutarde suisse Bourgeon.<br \/>\nLa nettet\u00e9 est parfaite. Son piquant pur de moutarde se d\u00e9ploie dans la bouche et le palais. Cette moutarde ne contient pas de sucre. Le jus de pomme et le vinaigre de cidre ne sont pas filtr\u00e9s, c&rsquo;est pourquoi ils r\u00e9pondent \u00e0 toutes les exigences de la cuisine v\u00e9g\u00e9tarienne et v\u00e9g\u00e9talienne.<br \/>\nLes amateurs de Slow Food y trouveront une moutarde moulue par leurs soins. C&rsquo;est-\u00e0-dire que le grain de moutarde entier est moulu pour cette moutarde et reste dans la moutarde.<\/p>\n<p>Le compagnon id\u00e9al de la cuisine chaude et froide : pour le fromage, le tofu, les grillades, les viandes froides et chaudes, la fondue de viande, le bouilli, le poisson, la volaille et aussi la sauce \u00e0 salade.<\/p>\n<p>Ingr\u00e9dients : moutarde brune, vinaigre de cidre, jus de pomme, eau, sel des Alpes, poivre<\/p>\n<p>Contenu : 150g<\/p>\n<p>incl. 2.6% de TVA<\/p>\n<p>CH-Bio-038<\/p>\n<p><strong>Valeurs nutritives pour 100 g<\/strong><\/p>\n<p>\u00c9nergie 767 kJ \/183 kcal<br \/>\nMati\u00e8re grasse 10.0 g<br \/>\ndont acides gras satur\u00e9s 0.7 g<br \/>\nGlucides 12,5 g<br \/>\ndont (fructose) sucre 3.4 g<br \/>\nProt\u00e9ines 8,7 g<br \/>\nsel 1,4 g<\/p>\n<\/div><\/section>\n","protected":false},"excerpt":{"rendered":"<p>Moutarde suisse fine et piquante avec un soup\u00e7on de chili<\/p>\n","protected":false},"featured_media":6304,"template":"","meta":[],"product_brand":[],"product_cat":[534],"product_tag":[535,538,545,537,539,547,540,536,541,575,544,546,549,573,542,548,543],"class_list":{"0":"post-4873","1":"product","2":"type-product","3":"status-publish","4":"has-post-thumbnail","6":"product_cat-moutardes-normales","7":"product_tag-aargauer-spezalitaet-fr","8":"product_tag-bourgeon-fr","9":"product_tag-cadeau-vegane-fr","10":"product_tag-delikatesssenf-fr","11":"product_tag-knospensenf-fr","12":"product_tag-manufactur-de-zofingue","13":"product_tag-moutarde-bio-forte","14":"product_tag-moutarde-fine-fr","15":"product_tag-moutarde-forte-fr-2","16":"product_tag-moutarde-sans-sucre-fr","17":"product_tag-moutarde-vegan","18":"product_tag-moutarde-bio-de-zofingue","19":"product_tag-zuckerfrei-fr","20":"product_tag-slow-food-fr","21":"product_tag-specialite-a-la-moutarde","22":"product_tag-specialite-de-zofingue","23":"product_tag-vegane","25":"first","26":"instock","27":"taxable","28":"shipping-taxable","29":"purchasable","30":"product-type-simple"},"yoast_head":"<!-- This site is optimized with the Yoast SEO plugin v27.1.1 - https:\/\/yoast.com\/product\/yoast-seo-wordpress\/ -->\n<title>Moutarde bio forte - Bio-Senf<\/title>\n<meta name=\"description\" content=\"Moutarde bio forte. Chez Bio-Senf, il y a plus de 25 sortes de moutarde Bourgeon. \u00c0 commander ici en ligne dans la boutique. .\" \/>\n<meta name=\"robots\" content=\"index, follow, max-snippet:-1, max-image-preview:large, max-video-preview:-1\" \/>\n<link rel=\"canonical\" href=\"https:\/\/bio-senf.ch\/fr\/shop\/zofiger-bio-moutarde-epicee\/\" \/>\n<meta property=\"og:locale\" content=\"fr_FR\" \/>\n<meta property=\"og:type\" content=\"article\" \/>\n<meta property=\"og:title\" content=\"Moutarde bio forte - Bio-Senf\" \/>\n<meta property=\"og:description\" content=\"Moutarde bio forte. Chez Bio-Senf, il y a plus de 25 sortes de moutarde Bourgeon. \u00c0 commander ici en ligne dans la boutique. .\" \/>\n<meta property=\"og:url\" content=\"https:\/\/bio-senf.ch\/fr\/shop\/zofiger-bio-moutarde-epicee\/\" \/>\n<meta property=\"og:site_name\" content=\"Bio-Senf\" \/>\n<meta property=\"article:modified_time\" content=\"2025-01-31T07:32:05+00:00\" \/>\n<meta property=\"og:image\" content=\"https:\/\/bio-senf.ch\/wp-content\/uploads\/20250129_143643-scaled-e1738225163973.jpg\" \/>\n\t<meta property=\"og:image:width\" content=\"1000\" \/>\n\t<meta property=\"og:image:height\" content=\"1333\" \/>\n\t<meta property=\"og:image:type\" content=\"image\/jpeg\" \/>\n<meta name=\"twitter:card\" content=\"summary_large_image\" \/>\n<meta name=\"twitter:label1\" content=\"Dur\u00e9e de lecture estim\u00e9e\" \/>\n\t<meta name=\"twitter:data1\" content=\"2 minutes\" \/>\n<script type=\"application\/ld+json\" class=\"yoast-schema-graph\">{\"@context\":\"https:\/\/schema.org\",\"@graph\":[{\"@type\":\"WebPage\",\"@id\":\"https:\/\/bio-senf.ch\/fr\/shop\/zofiger-bio-moutarde-epicee\/\",\"url\":\"https:\/\/bio-senf.ch\/fr\/shop\/zofiger-bio-moutarde-epicee\/\",\"name\":\"Moutarde bio forte - Bio-Senf\",\"isPartOf\":{\"@id\":\"https:\/\/bio-senf.ch\/fr\/#website\"},\"primaryImageOfPage\":{\"@id\":\"https:\/\/bio-senf.ch\/fr\/shop\/zofiger-bio-moutarde-epicee\/#primaryimage\"},\"image\":{\"@id\":\"https:\/\/bio-senf.ch\/fr\/shop\/zofiger-bio-moutarde-epicee\/#primaryimage\"},\"thumbnailUrl\":\"https:\/\/bio-senf.ch\/wp-content\/uploads\/20250129_143643-scaled-e1738225163973.jpg\",\"datePublished\":\"2016-03-08T16:26:33+00:00\",\"dateModified\":\"2025-01-31T07:32:05+00:00\",\"description\":\"Moutarde bio forte. Chez Bio-Senf, il y a plus de 25 sortes de moutarde Bourgeon. \u00c0 commander ici en ligne dans la boutique. .\",\"breadcrumb\":{\"@id\":\"https:\/\/bio-senf.ch\/fr\/shop\/zofiger-bio-moutarde-epicee\/#breadcrumb\"},\"inLanguage\":\"fr-FR\",\"potentialAction\":[{\"@type\":\"ReadAction\",\"target\":[\"https:\/\/bio-senf.ch\/fr\/shop\/zofiger-bio-moutarde-epicee\/\"]}]},{\"@type\":\"ImageObject\",\"inLanguage\":\"fr-FR\",\"@id\":\"https:\/\/bio-senf.ch\/fr\/shop\/zofiger-bio-moutarde-epicee\/#primaryimage\",\"url\":\"https:\/\/bio-senf.ch\/wp-content\/uploads\/20250129_143643-scaled-e1738225163973.jpg\",\"contentUrl\":\"https:\/\/bio-senf.ch\/wp-content\/uploads\/20250129_143643-scaled-e1738225163973.jpg\",\"width\":1000,\"height\":1333,\"caption\":\"Moutarde \u00e9pic\u00e9e\"},{\"@type\":\"BreadcrumbList\",\"@id\":\"https:\/\/bio-senf.ch\/fr\/shop\/zofiger-bio-moutarde-epicee\/#breadcrumb\",\"itemListElement\":[{\"@type\":\"ListItem\",\"position\":1,\"name\":\"Startseite\",\"item\":\"https:\/\/bio-senf.ch\/fr\/\"},{\"@type\":\"ListItem\",\"position\":2,\"name\":\"Boutique\",\"item\":\"https:\/\/bio-senf.ch\/boutique\/?lang=fr\"},{\"@type\":\"ListItem\",\"position\":3,\"name\":\"Moutarde bio forte\"}]},{\"@type\":\"WebSite\",\"@id\":\"https:\/\/bio-senf.ch\/fr\/#website\",\"url\":\"https:\/\/bio-senf.ch\/fr\/\",\"name\":\"Bio-Senf\",\"description\":\"Wir geben \u00fcberall unseren Senf dazu\",\"potentialAction\":[{\"@type\":\"SearchAction\",\"target\":{\"@type\":\"EntryPoint\",\"urlTemplate\":\"https:\/\/bio-senf.ch\/fr\/?s={search_term_string}\"},\"query-input\":{\"@type\":\"PropertyValueSpecification\",\"valueRequired\":true,\"valueName\":\"search_term_string\"}}],\"inLanguage\":\"fr-FR\"}]}<\/script>\n<!-- \/ Yoast SEO plugin. -->","yoast_head_json":{"title":"Moutarde bio forte - Bio-Senf","description":"Moutarde bio forte. Chez Bio-Senf, il y a plus de 25 sortes de moutarde Bourgeon. \u00c0 commander ici en ligne dans la boutique. .","robots":{"index":"index","follow":"follow","max-snippet":"max-snippet:-1","max-image-preview":"max-image-preview:large","max-video-preview":"max-video-preview:-1"},"canonical":"https:\/\/bio-senf.ch\/fr\/shop\/zofiger-bio-moutarde-epicee\/","og_locale":"fr_FR","og_type":"article","og_title":"Moutarde bio forte - Bio-Senf","og_description":"Moutarde bio forte. Chez Bio-Senf, il y a plus de 25 sortes de moutarde Bourgeon. \u00c0 commander ici en ligne dans la boutique. .","og_url":"https:\/\/bio-senf.ch\/fr\/shop\/zofiger-bio-moutarde-epicee\/","og_site_name":"Bio-Senf","article_modified_time":"2025-01-31T07:32:05+00:00","og_image":[{"width":1000,"height":1333,"url":"https:\/\/bio-senf.ch\/wp-content\/uploads\/20250129_143643-scaled-e1738225163973.jpg","type":"image\/jpeg"}],"twitter_card":"summary_large_image","twitter_misc":{"Dur\u00e9e de lecture estim\u00e9e":"2 minutes"},"schema":{"@context":"https:\/\/schema.org","@graph":[{"@type":"WebPage","@id":"https:\/\/bio-senf.ch\/fr\/shop\/zofiger-bio-moutarde-epicee\/","url":"https:\/\/bio-senf.ch\/fr\/shop\/zofiger-bio-moutarde-epicee\/","name":"Moutarde bio forte - Bio-Senf","isPartOf":{"@id":"https:\/\/bio-senf.ch\/fr\/#website"},"primaryImageOfPage":{"@id":"https:\/\/bio-senf.ch\/fr\/shop\/zofiger-bio-moutarde-epicee\/#primaryimage"},"image":{"@id":"https:\/\/bio-senf.ch\/fr\/shop\/zofiger-bio-moutarde-epicee\/#primaryimage"},"thumbnailUrl":"https:\/\/bio-senf.ch\/wp-content\/uploads\/20250129_143643-scaled-e1738225163973.jpg","datePublished":"2016-03-08T16:26:33+00:00","dateModified":"2025-01-31T07:32:05+00:00","description":"Moutarde bio forte. Chez Bio-Senf, il y a plus de 25 sortes de moutarde Bourgeon. \u00c0 commander ici en ligne dans la boutique. .","breadcrumb":{"@id":"https:\/\/bio-senf.ch\/fr\/shop\/zofiger-bio-moutarde-epicee\/#breadcrumb"},"inLanguage":"fr-FR","potentialAction":[{"@type":"ReadAction","target":["https:\/\/bio-senf.ch\/fr\/shop\/zofiger-bio-moutarde-epicee\/"]}]},{"@type":"ImageObject","inLanguage":"fr-FR","@id":"https:\/\/bio-senf.ch\/fr\/shop\/zofiger-bio-moutarde-epicee\/#primaryimage","url":"https:\/\/bio-senf.ch\/wp-content\/uploads\/20250129_143643-scaled-e1738225163973.jpg","contentUrl":"https:\/\/bio-senf.ch\/wp-content\/uploads\/20250129_143643-scaled-e1738225163973.jpg","width":1000,"height":1333,"caption":"Moutarde \u00e9pic\u00e9e"},{"@type":"BreadcrumbList","@id":"https:\/\/bio-senf.ch\/fr\/shop\/zofiger-bio-moutarde-epicee\/#breadcrumb","itemListElement":[{"@type":"ListItem","position":1,"name":"Startseite","item":"https:\/\/bio-senf.ch\/fr\/"},{"@type":"ListItem","position":2,"name":"Boutique","item":"https:\/\/bio-senf.ch\/boutique\/?lang=fr"},{"@type":"ListItem","position":3,"name":"Moutarde bio forte"}]},{"@type":"WebSite","@id":"https:\/\/bio-senf.ch\/fr\/#website","url":"https:\/\/bio-senf.ch\/fr\/","name":"Bio-Senf","description":"Wir geben \u00fcberall unseren Senf dazu","potentialAction":[{"@type":"SearchAction","target":{"@type":"EntryPoint","urlTemplate":"https:\/\/bio-senf.ch\/fr\/?s={search_term_string}"},"query-input":{"@type":"PropertyValueSpecification","valueRequired":true,"valueName":"search_term_string"}}],"inLanguage":"fr-FR"}]}},"_links":{"self":[{"href":"https:\/\/bio-senf.ch\/fr\/wp-json\/wp\/v2\/product\/4873","targetHints":{"allow":["GET"]}}],"collection":[{"href":"https:\/\/bio-senf.ch\/fr\/wp-json\/wp\/v2\/product"}],"about":[{"href":"https:\/\/bio-senf.ch\/fr\/wp-json\/wp\/v2\/types\/product"}],"wp:featuredmedia":[{"embeddable":true,"href":"https:\/\/bio-senf.ch\/fr\/wp-json\/wp\/v2\/media\/6304"}],"wp:attachment":[{"href":"https:\/\/bio-senf.ch\/fr\/wp-json\/wp\/v2\/media?parent=4873"}],"wp:term":[{"taxonomy":"product_brand","embeddable":true,"href":"https:\/\/bio-senf.ch\/fr\/wp-json\/wp\/v2\/product_brand?post=4873"},{"taxonomy":"product_cat","embeddable":true,"href":"https:\/\/bio-senf.ch\/fr\/wp-json\/wp\/v2\/product_cat?post=4873"},{"taxonomy":"product_tag","embeddable":true,"href":"https:\/\/bio-senf.ch\/fr\/wp-json\/wp\/v2\/product_tag?post=4873"}],"curies":[{"name":"wp","href":"https:\/\/api.w.org\/{rel}","templated":true}]}}