{"id":4871,"date":"2016-03-08T17:29:40","date_gmt":"2016-03-08T16:29:40","guid":{"rendered":"https:\/\/bio-senf.ch\/shop\/zofiger-bio-senf-scharf-und-chili\/"},"modified":"2025-01-31T08:28:06","modified_gmt":"2025-01-31T07:28:06","slug":"zofiger-bio-moutarde-poivre-et-chili","status":"publish","type":"product","link":"https:\/\/bio-senf.ch\/fr\/shop\/zofiger-bio-moutarde-poivre-et-chili\/","title":{"rendered":"Moutarde bio forte et au chili"},"content":{"rendered":"<section class='av_textblock_section av-l6ckx82l-b8582fb4de3544466ffd50e2357d3338 ' itemscope=\"itemscope\" itemtype=\"https:\/\/schema.org\/CreativeWork\" ><div class='avia_textblock' itemprop=\"text\" ><p><strong>Moutarde forte bio et au chili : en m\u00eame temps que la moutarde de Dijon, c&rsquo;est la moutarde la plus forte<\/strong><br \/>\nMoutarde forte bio et au chili compos\u00e9e d&rsquo;un d\u00e9licat m\u00e9lange de moutarde suisse avec un peu de chili suisse.<br \/>\nUn merveilleux piquant de moutarde avec une finale de piment se d\u00e9ploie dans la bouche et le palais. La portion suppl\u00e9mentaire de piquant pour les fans de piquant. Il r\u00e9pond \u00e0 toutes les exigences de la cuisine v\u00e9g\u00e9tarienne et v\u00e9g\u00e9talienne. Bien entendu, le vinaigre de cidre et le jus de pomme ne sont pas filtr\u00e9s.<br \/>\nLes amateurs de Slow Food y trouveront une moutarde moulue par leurs soins. C&rsquo;est-\u00e0-dire que le grain de moutarde entier est moulu pour cette moutarde et reste dans la moutarde.<\/p>\n<p>Le compagnon id\u00e9al de la cuisine chaude et froide : pour le fromage, le tofu, les grillades, les viandes froides et chaudes, la fondue de viande, le bouilli, le poisson, la volaille et pour la sauce \u00e0 salade.<\/p>\n<p>Ingr\u00e9dients : moutarde brune, vinaigre de cidre, jus de pomme, eau, chili (1,7%), sel des Alpes, \u00e9pices<\/p>\n<p>Contenu : 150g<\/p>\n<p>incl. 2.6% de TVA<\/p>\n<p>CH-Bio-038<\/p>\n<p><strong>Valeurs nutritives pour 100 g<\/strong><\/p>\n<p>\u00c9nergie 772 kJ \/184 kcal<br \/>\nMati\u00e8re grasse 10,1 g<br \/>\ndont acides gras satur\u00e9s 0. g<br \/>\nGlucides 13,0 g<br \/>\ndont (fructose) sucre 3.4 g<br \/>\nProt\u00e9ines 8,8 g<br \/>\nsel 1,4 g<\/p>\n<\/div><\/section>\n","protected":false},"excerpt":{"rendered":"<p>Moutarde Bourgeon extra forte avec un peu de piment. Le piquant suppl\u00e9mentaire pour les amateurs de piquant.<\/p>\n","protected":false},"featured_media":6308,"template":"","meta":[],"product_brand":[],"product_cat":[534],"product_tag":[535,538,647,646,537,648,539,649,547,540,541,575,544,546,549,573,542,548,543],"class_list":{"0":"post-4871","1":"product","2":"type-product","3":"status-publish","4":"has-post-thumbnail","6":"product_cat-moutardes-normales","7":"product_tag-aargauer-spezalitaet-fr","8":"product_tag-bourgeon-fr","9":"product_tag-chili-fr","10":"product_tag-chili-bio","11":"product_tag-delikatesssenf-fr","12":"product_tag-forte","13":"product_tag-knospensenf-fr","14":"product_tag-la-moutarde-la-plus-forte","15":"product_tag-manufactur-de-zofingue","16":"product_tag-moutarde-bio-forte","17":"product_tag-moutarde-forte-fr-2","18":"product_tag-moutarde-sans-sucre-fr","19":"product_tag-moutarde-vegan","20":"product_tag-moutarde-bio-de-zofingue","21":"product_tag-zuckerfrei-fr","22":"product_tag-slow-food-fr","23":"product_tag-specialite-a-la-moutarde","24":"product_tag-specialite-de-zofingue","25":"product_tag-vegane","27":"first","28":"instock","29":"taxable","30":"shipping-taxable","31":"purchasable","32":"product-type-simple"},"yoast_head":"<!-- This site is optimized with the Yoast SEO plugin v27.1.1 - https:\/\/yoast.com\/product\/yoast-seo-wordpress\/ -->\n<title>Moutarde bio forte et au chili - Bio-Senf<\/title>\n<meta name=\"description\" content=\"Moutarde bio forte et chili. Chez Bio-Senf, il y a plus de 25 sortes de moutarde Bourgeon. \u00c0 commander ici en ligne dans la boutique. .\" \/>\n<meta name=\"robots\" content=\"index, follow, max-snippet:-1, max-image-preview:large, max-video-preview:-1\" \/>\n<link rel=\"canonical\" href=\"https:\/\/bio-senf.ch\/fr\/shop\/zofiger-bio-moutarde-poivre-et-chili\/\" \/>\n<meta property=\"og:locale\" content=\"fr_FR\" \/>\n<meta property=\"og:type\" content=\"article\" \/>\n<meta property=\"og:title\" content=\"Moutarde bio forte et au chili - Bio-Senf\" \/>\n<meta property=\"og:description\" content=\"Moutarde bio forte et chili. Chez Bio-Senf, il y a plus de 25 sortes de moutarde Bourgeon. \u00c0 commander ici en ligne dans la boutique. .\" \/>\n<meta property=\"og:url\" content=\"https:\/\/bio-senf.ch\/fr\/shop\/zofiger-bio-moutarde-poivre-et-chili\/\" \/>\n<meta property=\"og:site_name\" content=\"Bio-Senf\" \/>\n<meta property=\"article:modified_time\" content=\"2025-01-31T07:28:06+00:00\" \/>\n<meta property=\"og:image\" content=\"https:\/\/bio-senf.ch\/wp-content\/uploads\/20250129_143724-scaled-e1738225088490.jpg\" \/>\n\t<meta property=\"og:image:width\" content=\"1000\" \/>\n\t<meta property=\"og:image:height\" content=\"1333\" \/>\n\t<meta property=\"og:image:type\" content=\"image\/jpeg\" \/>\n<meta name=\"twitter:card\" content=\"summary_large_image\" \/>\n<script type=\"application\/ld+json\" class=\"yoast-schema-graph\">{\"@context\":\"https:\/\/schema.org\",\"@graph\":[{\"@type\":\"WebPage\",\"@id\":\"https:\/\/bio-senf.ch\/fr\/shop\/zofiger-bio-moutarde-poivre-et-chili\/\",\"url\":\"https:\/\/bio-senf.ch\/fr\/shop\/zofiger-bio-moutarde-poivre-et-chili\/\",\"name\":\"Moutarde bio forte et au chili - Bio-Senf\",\"isPartOf\":{\"@id\":\"https:\/\/bio-senf.ch\/fr\/#website\"},\"primaryImageOfPage\":{\"@id\":\"https:\/\/bio-senf.ch\/fr\/shop\/zofiger-bio-moutarde-poivre-et-chili\/#primaryimage\"},\"image\":{\"@id\":\"https:\/\/bio-senf.ch\/fr\/shop\/zofiger-bio-moutarde-poivre-et-chili\/#primaryimage\"},\"thumbnailUrl\":\"https:\/\/bio-senf.ch\/wp-content\/uploads\/20250129_143724-scaled-e1738225088490.jpg\",\"datePublished\":\"2016-03-08T16:29:40+00:00\",\"dateModified\":\"2025-01-31T07:28:06+00:00\",\"description\":\"Moutarde bio forte et chili. Chez Bio-Senf, il y a plus de 25 sortes de moutarde Bourgeon. \u00c0 commander ici en ligne dans la boutique. .\",\"breadcrumb\":{\"@id\":\"https:\/\/bio-senf.ch\/fr\/shop\/zofiger-bio-moutarde-poivre-et-chili\/#breadcrumb\"},\"inLanguage\":\"fr-FR\",\"potentialAction\":[{\"@type\":\"ReadAction\",\"target\":[\"https:\/\/bio-senf.ch\/fr\/shop\/zofiger-bio-moutarde-poivre-et-chili\/\"]}]},{\"@type\":\"ImageObject\",\"inLanguage\":\"fr-FR\",\"@id\":\"https:\/\/bio-senf.ch\/fr\/shop\/zofiger-bio-moutarde-poivre-et-chili\/#primaryimage\",\"url\":\"https:\/\/bio-senf.ch\/wp-content\/uploads\/20250129_143724-scaled-e1738225088490.jpg\",\"contentUrl\":\"https:\/\/bio-senf.ch\/wp-content\/uploads\/20250129_143724-scaled-e1738225088490.jpg\",\"width\":1000,\"height\":1333,\"caption\":\"Moutarde au chili\"},{\"@type\":\"BreadcrumbList\",\"@id\":\"https:\/\/bio-senf.ch\/fr\/shop\/zofiger-bio-moutarde-poivre-et-chili\/#breadcrumb\",\"itemListElement\":[{\"@type\":\"ListItem\",\"position\":1,\"name\":\"Startseite\",\"item\":\"https:\/\/bio-senf.ch\/fr\/\"},{\"@type\":\"ListItem\",\"position\":2,\"name\":\"Boutique\",\"item\":\"https:\/\/bio-senf.ch\/boutique\/?lang=fr\"},{\"@type\":\"ListItem\",\"position\":3,\"name\":\"Moutarde bio forte et au chili\"}]},{\"@type\":\"WebSite\",\"@id\":\"https:\/\/bio-senf.ch\/fr\/#website\",\"url\":\"https:\/\/bio-senf.ch\/fr\/\",\"name\":\"Bio-Senf\",\"description\":\"Wir geben \u00fcberall unseren Senf dazu\",\"potentialAction\":[{\"@type\":\"SearchAction\",\"target\":{\"@type\":\"EntryPoint\",\"urlTemplate\":\"https:\/\/bio-senf.ch\/fr\/?s={search_term_string}\"},\"query-input\":{\"@type\":\"PropertyValueSpecification\",\"valueRequired\":true,\"valueName\":\"search_term_string\"}}],\"inLanguage\":\"fr-FR\"}]}<\/script>\n<!-- \/ Yoast SEO plugin. -->","yoast_head_json":{"title":"Moutarde bio forte et au chili - Bio-Senf","description":"Moutarde bio forte et chili. Chez Bio-Senf, il y a plus de 25 sortes de moutarde Bourgeon. \u00c0 commander ici en ligne dans la boutique. .","robots":{"index":"index","follow":"follow","max-snippet":"max-snippet:-1","max-image-preview":"max-image-preview:large","max-video-preview":"max-video-preview:-1"},"canonical":"https:\/\/bio-senf.ch\/fr\/shop\/zofiger-bio-moutarde-poivre-et-chili\/","og_locale":"fr_FR","og_type":"article","og_title":"Moutarde bio forte et au chili - Bio-Senf","og_description":"Moutarde bio forte et chili. Chez Bio-Senf, il y a plus de 25 sortes de moutarde Bourgeon. \u00c0 commander ici en ligne dans la boutique. .","og_url":"https:\/\/bio-senf.ch\/fr\/shop\/zofiger-bio-moutarde-poivre-et-chili\/","og_site_name":"Bio-Senf","article_modified_time":"2025-01-31T07:28:06+00:00","og_image":[{"width":1000,"height":1333,"url":"https:\/\/bio-senf.ch\/wp-content\/uploads\/20250129_143724-scaled-e1738225088490.jpg","type":"image\/jpeg"}],"twitter_card":"summary_large_image","schema":{"@context":"https:\/\/schema.org","@graph":[{"@type":"WebPage","@id":"https:\/\/bio-senf.ch\/fr\/shop\/zofiger-bio-moutarde-poivre-et-chili\/","url":"https:\/\/bio-senf.ch\/fr\/shop\/zofiger-bio-moutarde-poivre-et-chili\/","name":"Moutarde bio forte et au chili - Bio-Senf","isPartOf":{"@id":"https:\/\/bio-senf.ch\/fr\/#website"},"primaryImageOfPage":{"@id":"https:\/\/bio-senf.ch\/fr\/shop\/zofiger-bio-moutarde-poivre-et-chili\/#primaryimage"},"image":{"@id":"https:\/\/bio-senf.ch\/fr\/shop\/zofiger-bio-moutarde-poivre-et-chili\/#primaryimage"},"thumbnailUrl":"https:\/\/bio-senf.ch\/wp-content\/uploads\/20250129_143724-scaled-e1738225088490.jpg","datePublished":"2016-03-08T16:29:40+00:00","dateModified":"2025-01-31T07:28:06+00:00","description":"Moutarde bio forte et chili. Chez Bio-Senf, il y a plus de 25 sortes de moutarde Bourgeon. \u00c0 commander ici en ligne dans la boutique. .","breadcrumb":{"@id":"https:\/\/bio-senf.ch\/fr\/shop\/zofiger-bio-moutarde-poivre-et-chili\/#breadcrumb"},"inLanguage":"fr-FR","potentialAction":[{"@type":"ReadAction","target":["https:\/\/bio-senf.ch\/fr\/shop\/zofiger-bio-moutarde-poivre-et-chili\/"]}]},{"@type":"ImageObject","inLanguage":"fr-FR","@id":"https:\/\/bio-senf.ch\/fr\/shop\/zofiger-bio-moutarde-poivre-et-chili\/#primaryimage","url":"https:\/\/bio-senf.ch\/wp-content\/uploads\/20250129_143724-scaled-e1738225088490.jpg","contentUrl":"https:\/\/bio-senf.ch\/wp-content\/uploads\/20250129_143724-scaled-e1738225088490.jpg","width":1000,"height":1333,"caption":"Moutarde au chili"},{"@type":"BreadcrumbList","@id":"https:\/\/bio-senf.ch\/fr\/shop\/zofiger-bio-moutarde-poivre-et-chili\/#breadcrumb","itemListElement":[{"@type":"ListItem","position":1,"name":"Startseite","item":"https:\/\/bio-senf.ch\/fr\/"},{"@type":"ListItem","position":2,"name":"Boutique","item":"https:\/\/bio-senf.ch\/boutique\/?lang=fr"},{"@type":"ListItem","position":3,"name":"Moutarde bio forte et au chili"}]},{"@type":"WebSite","@id":"https:\/\/bio-senf.ch\/fr\/#website","url":"https:\/\/bio-senf.ch\/fr\/","name":"Bio-Senf","description":"Wir geben \u00fcberall unseren Senf dazu","potentialAction":[{"@type":"SearchAction","target":{"@type":"EntryPoint","urlTemplate":"https:\/\/bio-senf.ch\/fr\/?s={search_term_string}"},"query-input":{"@type":"PropertyValueSpecification","valueRequired":true,"valueName":"search_term_string"}}],"inLanguage":"fr-FR"}]}},"_links":{"self":[{"href":"https:\/\/bio-senf.ch\/fr\/wp-json\/wp\/v2\/product\/4871","targetHints":{"allow":["GET"]}}],"collection":[{"href":"https:\/\/bio-senf.ch\/fr\/wp-json\/wp\/v2\/product"}],"about":[{"href":"https:\/\/bio-senf.ch\/fr\/wp-json\/wp\/v2\/types\/product"}],"wp:featuredmedia":[{"embeddable":true,"href":"https:\/\/bio-senf.ch\/fr\/wp-json\/wp\/v2\/media\/6308"}],"wp:attachment":[{"href":"https:\/\/bio-senf.ch\/fr\/wp-json\/wp\/v2\/media?parent=4871"}],"wp:term":[{"taxonomy":"product_brand","embeddable":true,"href":"https:\/\/bio-senf.ch\/fr\/wp-json\/wp\/v2\/product_brand?post=4871"},{"taxonomy":"product_cat","embeddable":true,"href":"https:\/\/bio-senf.ch\/fr\/wp-json\/wp\/v2\/product_cat?post=4871"},{"taxonomy":"product_tag","embeddable":true,"href":"https:\/\/bio-senf.ch\/fr\/wp-json\/wp\/v2\/product_tag?post=4871"}],"curies":[{"name":"wp","href":"https:\/\/api.w.org\/{rel}","templated":true}]}}