{"id":4862,"date":"2018-03-15T19:53:40","date_gmt":"2018-03-15T18:53:40","guid":{"rendered":"https:\/\/bio-senf.ch\/shop\/zofiger-bio-senf-baerlauch\/"},"modified":"2025-01-31T08:23:46","modified_gmt":"2025-01-31T07:23:46","slug":"zofiger-bio-senf-baerlauch","status":"publish","type":"product","link":"https:\/\/bio-senf.ch\/fr\/shop\/zofiger-bio-senf-baerlauch\/","title":{"rendered":"Moutarde bio \u00e0 l&rsquo;ail des ours"},"content":{"rendered":"<section class='av_textblock_section av-2mtrce-cde6997ab91f0d4b6575c4083f125bdf ' itemscope=\"itemscope\" itemtype=\"https:\/\/schema.org\/CreativeWork\" ><div class='avia_textblock' itemprop=\"text\" ><p>La <strong>moutarde bio \u00e0 l&rsquo;ail des ours<\/strong> est une moutarde de saison. Il est disponible \u00e0 partir de <strong>la mi-mars<\/strong> et dans la limite des stocks disponibles. Maintenant, il est disponible.<\/p>\n<p>Je cueille moi-m\u00eame l&rsquo;ail des ours frais sur le terrain d&rsquo;un agriculteur Bourgeon.<br \/>\nJe le lave ensuite et le transforme le jour m\u00eame en moutarde de printemps.<\/p>\n<p>Un merveilleux piquant de moutarde combin\u00e9 \u00e0 l&rsquo;ail des ours frais se d\u00e9ploie dans la bouche et le palais. La moutarde de printemps id\u00e9ale &#8211; celle-ci n&rsquo;est disponible que dans la limite des stocks disponibles. <strong>La moutarde fra\u00eeche \u00e0 l&rsquo;ail des ours est de nouveau disponible d\u00e8s maintenant.<\/strong><\/p>\n<p>Cette moutarde ne contient pas de sucre. Le jus de poire et le vinaigre de poire ne sont pas filtr\u00e9s, c&rsquo;est pourquoi ils r\u00e9pondent \u00e0 toutes les exigences de la cuisine v\u00e9g\u00e9tarienne et v\u00e9g\u00e9talienne.<br \/>\nLes amateurs de Slow Food y trouveront une moutarde moulue par leurs soins. C&rsquo;est-\u00e0-dire que le grain de moutarde entier est moulu pour cette moutarde et reste contenu dans la moutarde.<\/p>\n<p>Ses ingr\u00e9dients sont les suivants : Vinaigre de poire, graines de moutarde jaune et brune, cidre doux de poire, ail des ours, sel des Alpes, ail en poudre, poivre, curcuma<br \/>\nLa moutarde est compos\u00e9e \u00e0 <strong>99%<\/strong> de <strong>produits<\/strong> issus de l&rsquo;<strong>agriculture suisse<\/strong>.<br \/>\nLe compagnon id\u00e9al du fromage, du tofu, des viandes froides et chaudes, des grillades, de la fondue de viande, du bouilli, du poisson, de la volaille et pour votre sauce \u00e0 salade.<\/p>\n<p>Contenu : 130 &#8211; 150 g<\/p>\n<p>incl. 2.6% de TVA<\/p>\n<p>CH-Bio-038<\/p>\n<p>La moutarde bio de printemps (ail des ours) est une moutarde de saison. C&rsquo;est-\u00e0-dire qu&rsquo;il sera disponible \u00e0 partir du mois de mars et jusqu&rsquo;\u00e0 \u00e9puisement des stocks. Ensuite, il faut \u00e0 nouveau attendre un an. Selon vos go\u00fbts, il vaut certainement la peine d&rsquo;en faire des r\u00e9serves.<\/p>\n<p>L&rsquo;ail des ours (Allium ursinum) est une esp\u00e8ce v\u00e9g\u00e9tale du genre Allium et est donc apparent\u00e9e \u00e0 la ciboulette, \u00e0 l&rsquo;oignon et \u00e0 l&rsquo;ail. R\u00e9pandue en Europe et dans certaines r\u00e9gions d&rsquo;Asie, surtout dans les for\u00eats, elle est fr\u00e9quente et d\u00e9bute t\u00f4t dans l&rsquo;ann\u00e9e. C&rsquo;est un l\u00e9gume sauvage tr\u00e8s appr\u00e9ci\u00e9, que l&rsquo;on cueille beaucoup &#8211; moi aussi. L&rsquo;ail des ours est \u00e9galement appel\u00e9 ail des ours, \u00e9pinard \u00e0 l&rsquo;ail, ail sauvage, ail des bois, ail des chiens.<\/p>\n<table style=\"border-collapse: collapse; width: 28.3678%; height: 163px;\">\n<tbody>\n<tr style=\"height: 39px;\">\n<td style=\"width: 15.3261%; height: 39px;\"><strong>Tableau des valeurs nutritives<\/strong><\/td>\n<td style=\"width: 13.0435%; height: 39px;\">pour 100 g<\/td>\n<\/tr>\n<tr style=\"height: 19px;\">\n<td style=\"width: 15.3261%; height: 19px;\">Valeur \u00e9nerg\u00e9tique<\/td>\n<td style=\"width: 13.0435%; height: 19px;\">539 kJ \/ 129 kcal<\/td>\n<\/tr>\n<tr style=\"height: 19px;\">\n<td style=\"width: 15.3261%; height: 19px;\">Graisse, total<\/td>\n<td style=\"width: 13.0435%; height: 19px;\">6.52<\/td>\n<\/tr>\n<tr style=\"height: 10px;\">\n<td style=\"width: 15.3261%; height: 10px;\">dont satur\u00e9s acides gras<\/td>\n<td style=\"width: 13.0435%; height: 10px;\">0.43<\/td>\n<\/tr>\n<tr style=\"height: 19px;\">\n<td style=\"width: 15.3261%; height: 19px;\">Glucides<\/td>\n<td style=\"width: 13.0435%; height: 19px;\">9.59<\/td>\n<\/tr>\n<tr style=\"height: 19px;\">\n<td style=\"width: 15.3261%; height: 19px;\">Sucre<\/td>\n<td style=\"width: 13.0435%; height: 19px;\">4.70<\/td>\n<\/tr>\n<tr style=\"height: 19px;\">\n<td style=\"width: 15.3261%; height: 19px;\">Prot\u00e9ine<\/td>\n<td style=\"width: 13.0435%; height: 19px;\">5.71<\/td>\n<\/tr>\n<tr style=\"height: 19px;\">\n<td style=\"width: 15.3261%; height: 19px;\">Sel<\/td>\n<td style=\"width: 13.0435%; height: 19px;\">1.65<\/td>\n<\/tr>\n<\/tbody>\n<\/table>\n<\/div><\/section>\n","protected":false},"excerpt":{"rendered":"<p>Moutarde de printemps suisse fine et d\u00e9licate avec de l&rsquo;ail des ours fra\u00eechement cueilli<\/p>\n","protected":false},"featured_media":5501,"template":"","meta":[],"product_brand":[],"product_cat":[609,561],"product_tag":[535,611,538,613,615,539,618,612,617,575,558,614,616,549,610,573],"class_list":{"0":"post-4862","1":"product","2":"type-product","3":"status-publish","4":"has-post-thumbnail","6":"product_cat-moutardes-herbes","7":"product_cat-spezielle-fr","8":"product_tag-aargauer-spezalitaet-fr","9":"product_tag-baerlauch-fr","10":"product_tag-bourgeon-fr","11":"product_tag-cadeau-de-noel-bio","12":"product_tag-fruehlingssenf-fr","13":"product_tag-knospensenf-fr","14":"product_tag-moutarde-fr","15":"product_tag-moutarde-a-lail-des-ours","16":"product_tag-moutarde-du-saison","17":"product_tag-moutarde-sans-sucre-fr","18":"product_tag-noel","19":"product_tag-printemps","20":"product_tag-saison-fr","21":"product_tag-zuckerfrei-fr","22":"product_tag-sel-des-alpes","23":"product_tag-slow-food-fr","25":"first","26":"instock","27":"taxable","28":"shipping-taxable","29":"purchasable","30":"product-type-simple"},"yoast_head":"<!-- This site is optimized with the Yoast SEO plugin v27.1.1 - https:\/\/yoast.com\/product\/yoast-seo-wordpress\/ -->\n<title>Moutarde bio \u00e0 l&#039;ail des ours - Bio-Senf<\/title>\n<meta name=\"description\" content=\"Moutarde bio Zofiger Moutarde bio de printemps (ail des ours) nouveau avec sel des Alpes. La manufacture de moutarde bio de Zofingue propose plus de 25 sortes de moutarde Bourgeon.\" \/>\n<meta name=\"robots\" content=\"index, follow, max-snippet:-1, max-image-preview:large, max-video-preview:-1\" \/>\n<link rel=\"canonical\" href=\"https:\/\/bio-senf.ch\/fr\/shop\/zofiger-bio-senf-baerlauch\/\" \/>\n<meta property=\"og:locale\" content=\"fr_FR\" \/>\n<meta property=\"og:type\" content=\"article\" \/>\n<meta property=\"og:title\" content=\"Moutarde bio \u00e0 l&#039;ail des ours - Bio-Senf\" \/>\n<meta property=\"og:description\" content=\"Moutarde bio Zofiger Moutarde bio de printemps (ail des ours) nouveau avec sel des Alpes. La manufacture de moutarde bio de Zofingue propose plus de 25 sortes de moutarde Bourgeon.\" \/>\n<meta property=\"og:url\" content=\"https:\/\/bio-senf.ch\/fr\/shop\/zofiger-bio-senf-baerlauch\/\" \/>\n<meta property=\"og:site_name\" content=\"Bio-Senf\" \/>\n<meta property=\"article:modified_time\" content=\"2025-01-31T07:23:46+00:00\" \/>\n<meta property=\"og:image\" content=\"https:\/\/bio-senf.ch\/wp-content\/uploads\/0-Baerlauch-773x1030.jpg\" \/>\n\t<meta property=\"og:image:width\" content=\"773\" \/>\n\t<meta property=\"og:image:height\" content=\"1030\" \/>\n\t<meta property=\"og:image:type\" content=\"image\/jpeg\" \/>\n<meta name=\"twitter:card\" content=\"summary_large_image\" \/>\n<meta name=\"twitter:label1\" content=\"Dur\u00e9e de lecture estim\u00e9e\" \/>\n\t<meta name=\"twitter:data1\" content=\"3 minutes\" \/>\n<script type=\"application\/ld+json\" class=\"yoast-schema-graph\">{\"@context\":\"https:\/\/schema.org\",\"@graph\":[{\"@type\":\"WebPage\",\"@id\":\"https:\/\/bio-senf.ch\/fr\/shop\/zofiger-bio-senf-baerlauch\/\",\"url\":\"https:\/\/bio-senf.ch\/fr\/shop\/zofiger-bio-senf-baerlauch\/\",\"name\":\"Moutarde bio \u00e0 l'ail des ours - Bio-Senf\",\"isPartOf\":{\"@id\":\"https:\/\/bio-senf.ch\/fr\/#website\"},\"primaryImageOfPage\":{\"@id\":\"https:\/\/bio-senf.ch\/fr\/shop\/zofiger-bio-senf-baerlauch\/#primaryimage\"},\"image\":{\"@id\":\"https:\/\/bio-senf.ch\/fr\/shop\/zofiger-bio-senf-baerlauch\/#primaryimage\"},\"thumbnailUrl\":\"https:\/\/bio-senf.ch\/wp-content\/uploads\/0-Baerlauch-scaled.jpg\",\"datePublished\":\"2018-03-15T18:53:40+00:00\",\"dateModified\":\"2025-01-31T07:23:46+00:00\",\"description\":\"Moutarde bio Zofiger Moutarde bio de printemps (ail des ours) nouveau avec sel des Alpes. La manufacture de moutarde bio de Zofingue propose plus de 25 sortes de moutarde Bourgeon.\",\"breadcrumb\":{\"@id\":\"https:\/\/bio-senf.ch\/fr\/shop\/zofiger-bio-senf-baerlauch\/#breadcrumb\"},\"inLanguage\":\"fr-FR\",\"potentialAction\":[{\"@type\":\"ReadAction\",\"target\":[\"https:\/\/bio-senf.ch\/fr\/shop\/zofiger-bio-senf-baerlauch\/\"]}]},{\"@type\":\"ImageObject\",\"inLanguage\":\"fr-FR\",\"@id\":\"https:\/\/bio-senf.ch\/fr\/shop\/zofiger-bio-senf-baerlauch\/#primaryimage\",\"url\":\"https:\/\/bio-senf.ch\/wp-content\/uploads\/0-Baerlauch-scaled.jpg\",\"contentUrl\":\"https:\/\/bio-senf.ch\/wp-content\/uploads\/0-Baerlauch-scaled.jpg\",\"width\":1920,\"height\":2560,\"caption\":\"B\u00e4rlauchsenf\"},{\"@type\":\"BreadcrumbList\",\"@id\":\"https:\/\/bio-senf.ch\/fr\/shop\/zofiger-bio-senf-baerlauch\/#breadcrumb\",\"itemListElement\":[{\"@type\":\"ListItem\",\"position\":1,\"name\":\"Startseite\",\"item\":\"https:\/\/bio-senf.ch\/fr\/\"},{\"@type\":\"ListItem\",\"position\":2,\"name\":\"Boutique\",\"item\":\"https:\/\/bio-senf.ch\/boutique\/?lang=fr\"},{\"@type\":\"ListItem\",\"position\":3,\"name\":\"Moutarde bio \u00e0 l&#8217;ail des ours\"}]},{\"@type\":\"WebSite\",\"@id\":\"https:\/\/bio-senf.ch\/fr\/#website\",\"url\":\"https:\/\/bio-senf.ch\/fr\/\",\"name\":\"Bio-Senf\",\"description\":\"Wir geben \u00fcberall unseren Senf dazu\",\"potentialAction\":[{\"@type\":\"SearchAction\",\"target\":{\"@type\":\"EntryPoint\",\"urlTemplate\":\"https:\/\/bio-senf.ch\/fr\/?s={search_term_string}\"},\"query-input\":{\"@type\":\"PropertyValueSpecification\",\"valueRequired\":true,\"valueName\":\"search_term_string\"}}],\"inLanguage\":\"fr-FR\"}]}<\/script>\n<!-- \/ Yoast SEO plugin. -->","yoast_head_json":{"title":"Moutarde bio \u00e0 l'ail des ours - Bio-Senf","description":"Moutarde bio Zofiger Moutarde bio de printemps (ail des ours) nouveau avec sel des Alpes. La manufacture de moutarde bio de Zofingue propose plus de 25 sortes de moutarde Bourgeon.","robots":{"index":"index","follow":"follow","max-snippet":"max-snippet:-1","max-image-preview":"max-image-preview:large","max-video-preview":"max-video-preview:-1"},"canonical":"https:\/\/bio-senf.ch\/fr\/shop\/zofiger-bio-senf-baerlauch\/","og_locale":"fr_FR","og_type":"article","og_title":"Moutarde bio \u00e0 l'ail des ours - Bio-Senf","og_description":"Moutarde bio Zofiger Moutarde bio de printemps (ail des ours) nouveau avec sel des Alpes. La manufacture de moutarde bio de Zofingue propose plus de 25 sortes de moutarde Bourgeon.","og_url":"https:\/\/bio-senf.ch\/fr\/shop\/zofiger-bio-senf-baerlauch\/","og_site_name":"Bio-Senf","article_modified_time":"2025-01-31T07:23:46+00:00","og_image":[{"width":773,"height":1030,"url":"https:\/\/bio-senf.ch\/wp-content\/uploads\/0-Baerlauch-773x1030.jpg","type":"image\/jpeg"}],"twitter_card":"summary_large_image","twitter_misc":{"Dur\u00e9e de lecture estim\u00e9e":"3 minutes"},"schema":{"@context":"https:\/\/schema.org","@graph":[{"@type":"WebPage","@id":"https:\/\/bio-senf.ch\/fr\/shop\/zofiger-bio-senf-baerlauch\/","url":"https:\/\/bio-senf.ch\/fr\/shop\/zofiger-bio-senf-baerlauch\/","name":"Moutarde bio \u00e0 l'ail des ours - Bio-Senf","isPartOf":{"@id":"https:\/\/bio-senf.ch\/fr\/#website"},"primaryImageOfPage":{"@id":"https:\/\/bio-senf.ch\/fr\/shop\/zofiger-bio-senf-baerlauch\/#primaryimage"},"image":{"@id":"https:\/\/bio-senf.ch\/fr\/shop\/zofiger-bio-senf-baerlauch\/#primaryimage"},"thumbnailUrl":"https:\/\/bio-senf.ch\/wp-content\/uploads\/0-Baerlauch-scaled.jpg","datePublished":"2018-03-15T18:53:40+00:00","dateModified":"2025-01-31T07:23:46+00:00","description":"Moutarde bio Zofiger Moutarde bio de printemps (ail des ours) nouveau avec sel des Alpes. La manufacture de moutarde bio de Zofingue propose plus de 25 sortes de moutarde Bourgeon.","breadcrumb":{"@id":"https:\/\/bio-senf.ch\/fr\/shop\/zofiger-bio-senf-baerlauch\/#breadcrumb"},"inLanguage":"fr-FR","potentialAction":[{"@type":"ReadAction","target":["https:\/\/bio-senf.ch\/fr\/shop\/zofiger-bio-senf-baerlauch\/"]}]},{"@type":"ImageObject","inLanguage":"fr-FR","@id":"https:\/\/bio-senf.ch\/fr\/shop\/zofiger-bio-senf-baerlauch\/#primaryimage","url":"https:\/\/bio-senf.ch\/wp-content\/uploads\/0-Baerlauch-scaled.jpg","contentUrl":"https:\/\/bio-senf.ch\/wp-content\/uploads\/0-Baerlauch-scaled.jpg","width":1920,"height":2560,"caption":"B\u00e4rlauchsenf"},{"@type":"BreadcrumbList","@id":"https:\/\/bio-senf.ch\/fr\/shop\/zofiger-bio-senf-baerlauch\/#breadcrumb","itemListElement":[{"@type":"ListItem","position":1,"name":"Startseite","item":"https:\/\/bio-senf.ch\/fr\/"},{"@type":"ListItem","position":2,"name":"Boutique","item":"https:\/\/bio-senf.ch\/boutique\/?lang=fr"},{"@type":"ListItem","position":3,"name":"Moutarde bio \u00e0 l&#8217;ail des ours"}]},{"@type":"WebSite","@id":"https:\/\/bio-senf.ch\/fr\/#website","url":"https:\/\/bio-senf.ch\/fr\/","name":"Bio-Senf","description":"Wir geben \u00fcberall unseren Senf dazu","potentialAction":[{"@type":"SearchAction","target":{"@type":"EntryPoint","urlTemplate":"https:\/\/bio-senf.ch\/fr\/?s={search_term_string}"},"query-input":{"@type":"PropertyValueSpecification","valueRequired":true,"valueName":"search_term_string"}}],"inLanguage":"fr-FR"}]}},"_links":{"self":[{"href":"https:\/\/bio-senf.ch\/fr\/wp-json\/wp\/v2\/product\/4862","targetHints":{"allow":["GET"]}}],"collection":[{"href":"https:\/\/bio-senf.ch\/fr\/wp-json\/wp\/v2\/product"}],"about":[{"href":"https:\/\/bio-senf.ch\/fr\/wp-json\/wp\/v2\/types\/product"}],"wp:featuredmedia":[{"embeddable":true,"href":"https:\/\/bio-senf.ch\/fr\/wp-json\/wp\/v2\/media\/5501"}],"wp:attachment":[{"href":"https:\/\/bio-senf.ch\/fr\/wp-json\/wp\/v2\/media?parent=4862"}],"wp:term":[{"taxonomy":"product_brand","embeddable":true,"href":"https:\/\/bio-senf.ch\/fr\/wp-json\/wp\/v2\/product_brand?post=4862"},{"taxonomy":"product_cat","embeddable":true,"href":"https:\/\/bio-senf.ch\/fr\/wp-json\/wp\/v2\/product_cat?post=4862"},{"taxonomy":"product_tag","embeddable":true,"href":"https:\/\/bio-senf.ch\/fr\/wp-json\/wp\/v2\/product_tag?post=4862"}],"curies":[{"name":"wp","href":"https:\/\/api.w.org\/{rel}","templated":true}]}}