{"id":4827,"date":"2019-11-13T19:52:59","date_gmt":"2019-11-13T18:52:59","guid":{"rendered":"https:\/\/bio-senf.ch\/shop\/zofiger-bio-senf-birne\/"},"modified":"2022-08-02T11:53:44","modified_gmt":"2022-08-02T09:53:44","slug":"zofiger-bio-moutarde-poire","status":"publish","type":"product","link":"https:\/\/bio-senf.ch\/fr\/shop\/zofiger-bio-moutarde-poire\/","title":{"rendered":"Moutarde bio \u00e0 la poire"},"content":{"rendered":"<p><strong>Moutarde bio \u00e0 la poire avec sel des Alpes<\/strong><br \/>\nDes poires Bourgeon fra\u00eeches de Roggliswil (LU) sont transform\u00e9es chez moi en poires s\u00e9ch\u00e9es Bourgeon et s\u00e9ch\u00e9es.<br \/>\nLe jus de poire provient de la commune voisine de Brittnau (AG) et le vinaigre de poire du Knonauer Amt (ZH).<br \/>\nLes graines de moutarde sont cultiv\u00e9es par des agriculteurs suisses. Et tout nouveau : le sel provient des Alpes suisses.<br \/>\nLe r\u00e9sultat est une moutarde \u00e0 la poire raffin\u00e9e qui s&rsquo;accorde avec beaucoup de choses. Quelques possibilit\u00e9s sont pr\u00e9sent\u00e9es ci-dessous.<\/p>\n<p>L&rsquo;assaisonnement id\u00e9al pour le fromage, le tofu, les viandes froides, la fondue de viande, le bouilli, le saumon, la volaille et pour les sauces \u00e0 salade.<br \/>\nDe m\u00eame, le risotto ou les pommes de terre peuvent \u00eatre assaisonn\u00e9s de toutes sortes de fa\u00e7ons.<\/p>\n<p>Cette moutarde ne contient pas de sucre. Le jus de poire et le vinaigre de poire ne sont pas filtr\u00e9s, c&rsquo;est pourquoi ils r\u00e9pondent \u00e0 toutes les exigences de la cuisine v\u00e9g\u00e9tarienne et v\u00e9g\u00e9talienne.<\/p>\n<p>Vinaigre de poire, jus de poire, poires s\u00e9ch\u00e9es, m\u00e9lange de graines de moutarde, sel des Alpes, curcuma<\/p>\n<p>Contenu : 150 g<\/p>\n<p>CH-Bio-086<\/p>\n<p>incl. 2.5% de TVA<\/p>\n<p>Les fruits poussent \u00e0 diff\u00e9rents endroits sur des arbres haute-tige Pro Specie Rara.<br \/>\nLa moutarde est finement moulue sur mon moulin \u00e0 pierre &#8211; le r\u00e9sultat est savoureux. Une moutarde l\u00e9g\u00e8rement sucr\u00e9e, avec un arri\u00e8re-go\u00fbt finement piquant.<\/p>\n<p><strong>Valeurs nutritives pour 100 g<\/strong><\/p>\n<p>\u00c9nergie 744 kJ \/ 177 kcal<br \/>\nMati\u00e8re grasse 8.0 g<br \/>\nGlucides 17,7 g<br \/>\nProt\u00e9ines 7,0 g<br \/>\nsel 1.0 g<\/p>\n<p>&nbsp;<\/p>\n","protected":false},"excerpt":{"rendered":"<p>Une moutarde \u00e0 la poire fine et sucr\u00e9e associ\u00e9e au fromage &#8211; le r\u00eave !<\/p>\n","protected":false},"featured_media":4828,"template":"","meta":[],"product_brand":[],"product_cat":[576],"product_tag":[535,538,537,578,539,577,536,579,542,548],"class_list":{"0":"post-4827","1":"product","2":"type-product","3":"status-publish","4":"has-post-thumbnail","6":"product_cat-moutardes-fruits-et-noix","7":"product_tag-aargauer-spezalitaet-fr","8":"product_tag-bourgeon-fr","9":"product_tag-delikatesssenf-fr","10":"product_tag-gourmet-senf-fr","11":"product_tag-knospensenf-fr","12":"product_tag-moutarde-aux-poires-bio","13":"product_tag-moutarde-fine-fr","14":"product_tag-moutarde-gourmet","15":"product_tag-specialite-a-la-moutarde","16":"product_tag-specialite-de-zofingue","18":"first","19":"instock","20":"taxable","21":"shipping-taxable","22":"purchasable","23":"product-type-simple"},"yoast_head":"<!-- This site is optimized with the Yoast SEO plugin v27.1.1 - https:\/\/yoast.com\/product\/yoast-seo-wordpress\/ -->\n<title>Moutarde bio \u00e0 la poire - Bio-Senf<\/title>\n<meta name=\"description\" content=\"Moutarde bio Zofiger Moutarde bio \u00e0 la poire forte. Moutarde fine aux poires et au piment - parfaite pour le fromage, les sauces \u00e0 salade, le tofu, la marinade de viande.\" \/>\n<meta name=\"robots\" content=\"index, follow, max-snippet:-1, max-image-preview:large, max-video-preview:-1\" \/>\n<link rel=\"canonical\" href=\"https:\/\/bio-senf.ch\/fr\/shop\/zofiger-bio-moutarde-poire\/\" \/>\n<meta property=\"og:locale\" content=\"fr_FR\" \/>\n<meta property=\"og:type\" content=\"article\" \/>\n<meta property=\"og:title\" content=\"Moutarde bio \u00e0 la poire - Bio-Senf\" \/>\n<meta property=\"og:description\" content=\"Moutarde bio Zofiger Moutarde bio \u00e0 la poire forte. Moutarde fine aux poires et au piment - parfaite pour le fromage, les sauces \u00e0 salade, le tofu, la marinade de viande.\" \/>\n<meta property=\"og:url\" content=\"https:\/\/bio-senf.ch\/fr\/shop\/zofiger-bio-moutarde-poire\/\" \/>\n<meta property=\"og:site_name\" content=\"Bio-Senf\" \/>\n<meta property=\"article:modified_time\" content=\"2022-08-02T09:53:44+00:00\" \/>\n<meta property=\"og:image\" content=\"https:\/\/bio-senf.ch\/wp-content\/uploads\/0-Birne-2-scaled-e1573671585804.jpg\" \/>\n\t<meta property=\"og:image:width\" content=\"759\" \/>\n\t<meta property=\"og:image:height\" content=\"1200\" \/>\n\t<meta property=\"og:image:type\" content=\"image\/jpeg\" \/>\n<meta name=\"twitter:card\" content=\"summary_large_image\" \/>\n<meta name=\"twitter:label1\" content=\"Dur\u00e9e de lecture estim\u00e9e\" \/>\n\t<meta name=\"twitter:data1\" content=\"1 minute\" \/>\n<script type=\"application\/ld+json\" class=\"yoast-schema-graph\">{\"@context\":\"https:\/\/schema.org\",\"@graph\":[{\"@type\":\"WebPage\",\"@id\":\"https:\/\/bio-senf.ch\/fr\/shop\/zofiger-bio-moutarde-poire\/\",\"url\":\"https:\/\/bio-senf.ch\/fr\/shop\/zofiger-bio-moutarde-poire\/\",\"name\":\"Moutarde bio \u00e0 la poire - Bio-Senf\",\"isPartOf\":{\"@id\":\"https:\/\/bio-senf.ch\/fr\/#website\"},\"primaryImageOfPage\":{\"@id\":\"https:\/\/bio-senf.ch\/fr\/shop\/zofiger-bio-moutarde-poire\/#primaryimage\"},\"image\":{\"@id\":\"https:\/\/bio-senf.ch\/fr\/shop\/zofiger-bio-moutarde-poire\/#primaryimage\"},\"thumbnailUrl\":\"https:\/\/bio-senf.ch\/wp-content\/uploads\/0-Birne-2-scaled-e1573671585804.jpg\",\"datePublished\":\"2019-11-13T18:52:59+00:00\",\"dateModified\":\"2022-08-02T09:53:44+00:00\",\"description\":\"Moutarde bio Zofiger Moutarde bio \u00e0 la poire forte. Moutarde fine aux poires et au piment - parfaite pour le fromage, les sauces \u00e0 salade, le tofu, la marinade de viande.\",\"breadcrumb\":{\"@id\":\"https:\/\/bio-senf.ch\/fr\/shop\/zofiger-bio-moutarde-poire\/#breadcrumb\"},\"inLanguage\":\"fr-FR\",\"potentialAction\":[{\"@type\":\"ReadAction\",\"target\":[\"https:\/\/bio-senf.ch\/fr\/shop\/zofiger-bio-moutarde-poire\/\"]}]},{\"@type\":\"ImageObject\",\"inLanguage\":\"fr-FR\",\"@id\":\"https:\/\/bio-senf.ch\/fr\/shop\/zofiger-bio-moutarde-poire\/#primaryimage\",\"url\":\"https:\/\/bio-senf.ch\/wp-content\/uploads\/0-Birne-2-scaled-e1573671585804.jpg\",\"contentUrl\":\"https:\/\/bio-senf.ch\/wp-content\/uploads\/0-Birne-2-scaled-e1573671585804.jpg\",\"width\":759,\"height\":1200,\"caption\":\"Zofiger Manufaktur Moutarde bio \u00e0 la poire\"},{\"@type\":\"BreadcrumbList\",\"@id\":\"https:\/\/bio-senf.ch\/fr\/shop\/zofiger-bio-moutarde-poire\/#breadcrumb\",\"itemListElement\":[{\"@type\":\"ListItem\",\"position\":1,\"name\":\"Startseite\",\"item\":\"https:\/\/bio-senf.ch\/fr\/\"},{\"@type\":\"ListItem\",\"position\":2,\"name\":\"Boutique\",\"item\":\"https:\/\/bio-senf.ch\/boutique\/?lang=fr\"},{\"@type\":\"ListItem\",\"position\":3,\"name\":\"Moutarde bio \u00e0 la poire\"}]},{\"@type\":\"WebSite\",\"@id\":\"https:\/\/bio-senf.ch\/fr\/#website\",\"url\":\"https:\/\/bio-senf.ch\/fr\/\",\"name\":\"Bio-Senf\",\"description\":\"Wir geben \u00fcberall unseren Senf dazu\",\"potentialAction\":[{\"@type\":\"SearchAction\",\"target\":{\"@type\":\"EntryPoint\",\"urlTemplate\":\"https:\/\/bio-senf.ch\/fr\/?s={search_term_string}\"},\"query-input\":{\"@type\":\"PropertyValueSpecification\",\"valueRequired\":true,\"valueName\":\"search_term_string\"}}],\"inLanguage\":\"fr-FR\"}]}<\/script>\n<!-- \/ Yoast SEO plugin. -->","yoast_head_json":{"title":"Moutarde bio \u00e0 la poire - Bio-Senf","description":"Moutarde bio Zofiger Moutarde bio \u00e0 la poire forte. Moutarde fine aux poires et au piment - parfaite pour le fromage, les sauces \u00e0 salade, le tofu, la marinade de viande.","robots":{"index":"index","follow":"follow","max-snippet":"max-snippet:-1","max-image-preview":"max-image-preview:large","max-video-preview":"max-video-preview:-1"},"canonical":"https:\/\/bio-senf.ch\/fr\/shop\/zofiger-bio-moutarde-poire\/","og_locale":"fr_FR","og_type":"article","og_title":"Moutarde bio \u00e0 la poire - Bio-Senf","og_description":"Moutarde bio Zofiger Moutarde bio \u00e0 la poire forte. Moutarde fine aux poires et au piment - parfaite pour le fromage, les sauces \u00e0 salade, le tofu, la marinade de viande.","og_url":"https:\/\/bio-senf.ch\/fr\/shop\/zofiger-bio-moutarde-poire\/","og_site_name":"Bio-Senf","article_modified_time":"2022-08-02T09:53:44+00:00","og_image":[{"width":759,"height":1200,"url":"https:\/\/bio-senf.ch\/wp-content\/uploads\/0-Birne-2-scaled-e1573671585804.jpg","type":"image\/jpeg"}],"twitter_card":"summary_large_image","twitter_misc":{"Dur\u00e9e de lecture estim\u00e9e":"1 minute"},"schema":{"@context":"https:\/\/schema.org","@graph":[{"@type":"WebPage","@id":"https:\/\/bio-senf.ch\/fr\/shop\/zofiger-bio-moutarde-poire\/","url":"https:\/\/bio-senf.ch\/fr\/shop\/zofiger-bio-moutarde-poire\/","name":"Moutarde bio \u00e0 la poire - Bio-Senf","isPartOf":{"@id":"https:\/\/bio-senf.ch\/fr\/#website"},"primaryImageOfPage":{"@id":"https:\/\/bio-senf.ch\/fr\/shop\/zofiger-bio-moutarde-poire\/#primaryimage"},"image":{"@id":"https:\/\/bio-senf.ch\/fr\/shop\/zofiger-bio-moutarde-poire\/#primaryimage"},"thumbnailUrl":"https:\/\/bio-senf.ch\/wp-content\/uploads\/0-Birne-2-scaled-e1573671585804.jpg","datePublished":"2019-11-13T18:52:59+00:00","dateModified":"2022-08-02T09:53:44+00:00","description":"Moutarde bio Zofiger Moutarde bio \u00e0 la poire forte. Moutarde fine aux poires et au piment - parfaite pour le fromage, les sauces \u00e0 salade, le tofu, la marinade de viande.","breadcrumb":{"@id":"https:\/\/bio-senf.ch\/fr\/shop\/zofiger-bio-moutarde-poire\/#breadcrumb"},"inLanguage":"fr-FR","potentialAction":[{"@type":"ReadAction","target":["https:\/\/bio-senf.ch\/fr\/shop\/zofiger-bio-moutarde-poire\/"]}]},{"@type":"ImageObject","inLanguage":"fr-FR","@id":"https:\/\/bio-senf.ch\/fr\/shop\/zofiger-bio-moutarde-poire\/#primaryimage","url":"https:\/\/bio-senf.ch\/wp-content\/uploads\/0-Birne-2-scaled-e1573671585804.jpg","contentUrl":"https:\/\/bio-senf.ch\/wp-content\/uploads\/0-Birne-2-scaled-e1573671585804.jpg","width":759,"height":1200,"caption":"Zofiger Manufaktur Moutarde bio \u00e0 la poire"},{"@type":"BreadcrumbList","@id":"https:\/\/bio-senf.ch\/fr\/shop\/zofiger-bio-moutarde-poire\/#breadcrumb","itemListElement":[{"@type":"ListItem","position":1,"name":"Startseite","item":"https:\/\/bio-senf.ch\/fr\/"},{"@type":"ListItem","position":2,"name":"Boutique","item":"https:\/\/bio-senf.ch\/boutique\/?lang=fr"},{"@type":"ListItem","position":3,"name":"Moutarde bio \u00e0 la poire"}]},{"@type":"WebSite","@id":"https:\/\/bio-senf.ch\/fr\/#website","url":"https:\/\/bio-senf.ch\/fr\/","name":"Bio-Senf","description":"Wir geben \u00fcberall unseren Senf dazu","potentialAction":[{"@type":"SearchAction","target":{"@type":"EntryPoint","urlTemplate":"https:\/\/bio-senf.ch\/fr\/?s={search_term_string}"},"query-input":{"@type":"PropertyValueSpecification","valueRequired":true,"valueName":"search_term_string"}}],"inLanguage":"fr-FR"}]}},"_links":{"self":[{"href":"https:\/\/bio-senf.ch\/fr\/wp-json\/wp\/v2\/product\/4827","targetHints":{"allow":["GET"]}}],"collection":[{"href":"https:\/\/bio-senf.ch\/fr\/wp-json\/wp\/v2\/product"}],"about":[{"href":"https:\/\/bio-senf.ch\/fr\/wp-json\/wp\/v2\/types\/product"}],"wp:featuredmedia":[{"embeddable":true,"href":"https:\/\/bio-senf.ch\/fr\/wp-json\/wp\/v2\/media\/4828"}],"wp:attachment":[{"href":"https:\/\/bio-senf.ch\/fr\/wp-json\/wp\/v2\/media?parent=4827"}],"wp:term":[{"taxonomy":"product_brand","embeddable":true,"href":"https:\/\/bio-senf.ch\/fr\/wp-json\/wp\/v2\/product_brand?post=4827"},{"taxonomy":"product_cat","embeddable":true,"href":"https:\/\/bio-senf.ch\/fr\/wp-json\/wp\/v2\/product_cat?post=4827"},{"taxonomy":"product_tag","embeddable":true,"href":"https:\/\/bio-senf.ch\/fr\/wp-json\/wp\/v2\/product_tag?post=4827"}],"curies":[{"name":"wp","href":"https:\/\/api.w.org\/{rel}","templated":true}]}}