{"id":4825,"date":"2020-11-20T13:56:01","date_gmt":"2020-11-20T12:56:01","guid":{"rendered":"https:\/\/bio-senf.ch\/shop\/zofiger-bio-senfkaviar-honig\/"},"modified":"2025-01-31T08:15:17","modified_gmt":"2025-01-31T07:15:17","slug":"zofiger-bio-senfkaviar-honig","status":"publish","type":"product","link":"https:\/\/bio-senf.ch\/fr\/shop\/zofiger-bio-senfkaviar-honig\/","title":{"rendered":"Moutarde bio caviar au miel de graines de moutarde enti\u00e8res"},"content":{"rendered":"<section class='av_textblock_section av-ki7uvq4a-bc32b5fc310d49d16c2c1c9e1d906e65 ' itemscope=\"itemscope\" itemtype=\"https:\/\/schema.org\/CreativeWork\" ><div class='avia_textblock' itemprop=\"text\" ><p><strong>La moutarde bio caviar au miel de graines de moutarde enti\u00e8res <\/strong><br \/>\nLe nom de moutarde bio caviar est d\u00e9riv\u00e9 de l&rsquo;aspect de la moutarde. Il ressemble \u00e0 l&rsquo;apparence du caviar &#8211; mais, \u00e0 l&rsquo;exception de l&rsquo;aliment, il est d&rsquo;origine purement v\u00e9g\u00e9tale. Cette moutarde ne contient pas de sucre cristallis\u00e9.<br \/>\nCette moutarde bio de qualit\u00e9 Bourgeon, douce et piquante, a \u00e9t\u00e9 affin\u00e9e avec du d\u00e9licieux miel de fleurs Bourgeon suisse de la vall\u00e9e de Frick.<br \/>\nSon piquant de moutarde est obtenu gr\u00e2ce \u00e0 un m\u00e9lange de graines de moutarde bio.<br \/>\nUn plaisir magnifique en bouche &#8211; \u00e7a claque merveilleusement en m\u00e2chant le caviar de moutarde imbib\u00e9 de miel.<\/p>\n<p>La moutarde bio caviar au miel \u00e0 base de graines de moutarde enti\u00e8res.<br \/>\nCette moutarde a obtenu la note de 6 (sur six points possibles) au dernier concours gourmet de Bio Suisse.<\/p>\n<p>Tous les deux ans, le concours des produits du terroir suisse se d\u00e9roule en automne \u00e0 Courtet\u00e9lle JU. En 2o21, cette moutarde a \u00e9t\u00e9 r\u00e9compens\u00e9e par une m\u00e9daille d&rsquo;argent.<\/p>\n<p>Le compagnon id\u00e9al du fromage, de la raclette, de la fondue, pour d\u00e9corer l&rsquo;assiette, du tofu, des viandes froides et chaudes, de la fondue de viande, du bouilli, du poisson, de la volaille et pour la sauce \u00e0 salade ou tout simplement sur un morceau de pain (frais ou grill\u00e9).<\/p>\n<p>R\u00e9pond \u00e0 toutes les exigences de la cuisine v\u00e9g\u00e9tarienne ou des crudit\u00e9s. On n&rsquo;y trouve pas de sucre cristallis\u00e9.<br \/>\nLes amis de Slow Food trouveront ici une moutarde qui n&rsquo;a pas \u00e9t\u00e9 moulue. C&rsquo;est-\u00e0-dire que le grain de moutarde entier est utilis\u00e9 pour cette moutarde.<\/p>\n<p>La moutarde bio caviar au miel \u00e0 base de graines de moutarde enti\u00e8res ne contient aucun produit d&rsquo;origine animale, donc pas d&rsquo;\u0153ufs de poisson non plus ! Il ressemble \u00e0 ces \u0153ufs de poisson, d&rsquo;o\u00f9 son nom de caviar de moutarde !<\/p>\n<p>Contenu : 150g<\/p>\n<p><span style=\"text-decoration: underline;\">Ingr\u00e9dients<\/span>:<br \/>\nVinaigre de pomme, eau, graines de moutarde jaune et brune, 24% miel d&rsquo;abeille suisse, sel, \u00e9pices<\/p>\n<p>CH-Bio-038<\/p>\n<p>incl. 2.6% de TVA<\/p>\n<p><strong><span style=\"color: #ff0000;\">R\u00c9COMPENSES<\/span>: <\/strong><\/p>\n<p><strong>Concours suisse des produits du terroir 2021 : m\u00e9daille d&rsquo;argent<\/strong><\/p>\n<p><strong>Concours BIO SUISSE 2020 : Bourgeon Gourmet 2020<\/strong><\/p>\n<p>La moutarde bio caviar au miel est \u00e9galement un r\u00e9gal pour les amateurs de crudit\u00e9s !<\/p>\n<p>L&rsquo;apiculteur bio du Fricktal se d\u00e9place avec ses colonies d&rsquo;abeilles. C&rsquo;est-\u00e0-dire qu&rsquo;il place les colonies d&rsquo;abeilles l\u00e0 o\u00f9 il pense que se trouvent les meilleures fleurs savoureuses avec leur pollen (nourriture pour les jeunes abeilles). Les abeilles laborieuses r\u00e9coltent le nectar des fleurs, qu&rsquo;elles transforment en miel fin.<br \/>\nVous d\u00e9couvrez le go\u00fbt subtil du miel dans votre palais.<\/p>\n<table style=\"border-collapse: collapse; width: 33.9112%;\">\n<tbody>\n<tr>\n<td style=\"width: 16.413%;\"><strong>Valeurs nutritives<\/strong><\/td>\n<td style=\"width: 17.5%;\">pour 100g<\/td>\n<\/tr>\n<tr>\n<td style=\"width: 16.413%;\">Valeur \u00e9nerg\u00e9tique<\/td>\n<td style=\"width: 17.5%;\">835 kJ \/ 198 kcal<\/td>\n<\/tr>\n<tr>\n<td style=\"width: 16.413%;\">Graisse, total<\/td>\n<td style=\"width: 17.5%;\">7.08<\/td>\n<\/tr>\n<tr>\n<td style=\"width: 16.413%;\">dont satur\u00e9s acides gras<\/td>\n<td style=\"width: 17.5%;\">0.48<\/td>\n<\/tr>\n<tr>\n<td style=\"width: 16.413%;\">Glucides<\/td>\n<td style=\"width: 17.5%;\">25.89<\/td>\n<\/tr>\n<tr>\n<td style=\"width: 16.413%;\">dont sucre (de fruits)<\/td>\n<td style=\"width: 17.5%;\">20.70<\/td>\n<\/tr>\n<tr>\n<td style=\"width: 16.413%;\">Prot\u00e9ine<\/td>\n<td style=\"width: 17.5%;\">6.23<\/td>\n<\/tr>\n<tr>\n<td style=\"width: 16.413%;\">Sel<\/td>\n<td style=\"width: 17.5%;\">1.24<\/td>\n<\/tr>\n<\/tbody>\n<\/table>\n<\/div><\/section>\n","protected":false},"excerpt":{"rendered":"<p>Moutarde bio au miel et aux fleurs de montagne, d\u00e9licatement \u00e9pic\u00e9e et l\u00e9g\u00e8rement sucr\u00e9e &#8211; un r\u00e9gal !<\/p>\n","protected":false},"featured_media":6268,"template":"","meta":[],"product_brand":[],"product_cat":[561,560],"product_tag":[535,565,566,567,538,552,667,551,613,557,556,570,568,539,554,572,571,563,569,562,564,574,536,575,549,573,542,548],"class_list":{"0":"post-4825","1":"product","2":"type-product","3":"status-publish","4":"has-post-thumbnail","6":"product_cat-spezielle-fr","7":"product_cat-prix-du-concours","8":"product_tag-aargauer-spezalitaet-fr","9":"product_tag-bio-senf-honig-fr","10":"product_tag-biogourmet-fr","11":"product_tag-biogourmet-bourgeon-fr","12":"product_tag-bourgeon-fr","13":"product_tag-cadeau-fr","14":"product_tag-cadeau-bio","15":"product_tag-cadeau-danniversaire-fr","16":"product_tag-cadeau-de-noel-bio","17":"product_tag-cadeau-pour-les-employes-fr-3","18":"product_tag-cadeau-pour-les-employes-fr","19":"product_tag-concours-terroir-fr-2","20":"product_tag-concours-terroir-fr","21":"product_tag-knospensenf-fr","22":"product_tag-kundengeschenk-fr","23":"product_tag-medaille-dargent-fr","24":"product_tag-medaille-dargent","25":"product_tag-miel-fr","26":"product_tag-miel-fr-3","27":"product_tag-miel-de-fleurs-de-montagne","28":"product_tag-moutarde-au-miel-bio","29":"product_tag-moutarde-de-zofingue","30":"product_tag-moutarde-fine-fr","31":"product_tag-moutarde-sans-sucre-fr","32":"product_tag-zuckerfrei-fr","33":"product_tag-slow-food-fr","34":"product_tag-specialite-a-la-moutarde","35":"product_tag-specialite-de-zofingue","37":"first","38":"instock","39":"featured","40":"taxable","41":"shipping-taxable","42":"purchasable","43":"product-type-simple"},"yoast_head":"<!-- This site is optimized with the Yoast SEO plugin v27.1.1 - https:\/\/yoast.com\/product\/yoast-seo-wordpress\/ -->\n<title>Moutarde bio caviar au miel de graines de moutarde enti\u00e8res - Bio-Senf<\/title>\n<meta name=\"description\" content=\"Moutarde bio caviar de moutarde bio au miel. Chez Bio-Senf, il y a plus de 25 sortes de moutarde Bourgeon. \u00c0 commander ici en ligne dans la boutique. .\" \/>\n<meta name=\"robots\" content=\"index, follow, max-snippet:-1, max-image-preview:large, max-video-preview:-1\" \/>\n<link rel=\"canonical\" href=\"https:\/\/bio-senf.ch\/fr\/shop\/zofiger-bio-senfkaviar-honig\/\" \/>\n<meta property=\"og:locale\" content=\"fr_FR\" \/>\n<meta property=\"og:type\" content=\"article\" \/>\n<meta property=\"og:title\" content=\"Moutarde bio caviar au miel de graines de moutarde enti\u00e8res - Bio-Senf\" \/>\n<meta property=\"og:description\" content=\"Moutarde bio caviar de moutarde bio au miel. Chez Bio-Senf, il y a plus de 25 sortes de moutarde Bourgeon. \u00c0 commander ici en ligne dans la boutique. .\" \/>\n<meta property=\"og:url\" content=\"https:\/\/bio-senf.ch\/fr\/shop\/zofiger-bio-senfkaviar-honig\/\" \/>\n<meta property=\"og:site_name\" content=\"Bio-Senf\" \/>\n<meta property=\"article:modified_time\" content=\"2025-01-31T07:15:17+00:00\" \/>\n<meta property=\"og:image\" content=\"https:\/\/bio-senf.ch\/wp-content\/uploads\/20250129_142007-scaled-e1738252776402.jpg\" \/>\n\t<meta property=\"og:image:width\" content=\"1000\" \/>\n\t<meta property=\"og:image:height\" content=\"1333\" \/>\n\t<meta property=\"og:image:type\" content=\"image\/jpeg\" \/>\n<meta name=\"twitter:card\" content=\"summary_large_image\" \/>\n<meta name=\"twitter:label1\" content=\"Dur\u00e9e de lecture estim\u00e9e\" \/>\n\t<meta name=\"twitter:data1\" content=\"3 minutes\" \/>\n<script type=\"application\/ld+json\" class=\"yoast-schema-graph\">{\"@context\":\"https:\/\/schema.org\",\"@graph\":[{\"@type\":\"WebPage\",\"@id\":\"https:\/\/bio-senf.ch\/fr\/shop\/zofiger-bio-senfkaviar-honig\/\",\"url\":\"https:\/\/bio-senf.ch\/fr\/shop\/zofiger-bio-senfkaviar-honig\/\",\"name\":\"Moutarde bio caviar au miel de graines de moutarde enti\u00e8res - Bio-Senf\",\"isPartOf\":{\"@id\":\"https:\/\/bio-senf.ch\/fr\/#website\"},\"primaryImageOfPage\":{\"@id\":\"https:\/\/bio-senf.ch\/fr\/shop\/zofiger-bio-senfkaviar-honig\/#primaryimage\"},\"image\":{\"@id\":\"https:\/\/bio-senf.ch\/fr\/shop\/zofiger-bio-senfkaviar-honig\/#primaryimage\"},\"thumbnailUrl\":\"https:\/\/bio-senf.ch\/wp-content\/uploads\/20250129_142007-scaled-e1738252776402.jpg\",\"datePublished\":\"2020-11-20T12:56:01+00:00\",\"dateModified\":\"2025-01-31T07:15:17+00:00\",\"description\":\"Moutarde bio caviar de moutarde bio au miel. Chez Bio-Senf, il y a plus de 25 sortes de moutarde Bourgeon. \u00c0 commander ici en ligne dans la boutique. .\",\"breadcrumb\":{\"@id\":\"https:\/\/bio-senf.ch\/fr\/shop\/zofiger-bio-senfkaviar-honig\/#breadcrumb\"},\"inLanguage\":\"fr-FR\",\"potentialAction\":[{\"@type\":\"ReadAction\",\"target\":[\"https:\/\/bio-senf.ch\/fr\/shop\/zofiger-bio-senfkaviar-honig\/\"]}]},{\"@type\":\"ImageObject\",\"inLanguage\":\"fr-FR\",\"@id\":\"https:\/\/bio-senf.ch\/fr\/shop\/zofiger-bio-senfkaviar-honig\/#primaryimage\",\"url\":\"https:\/\/bio-senf.ch\/wp-content\/uploads\/20250129_142007-scaled-e1738252776402.jpg\",\"contentUrl\":\"https:\/\/bio-senf.ch\/wp-content\/uploads\/20250129_142007-scaled-e1738252776402.jpg\",\"width\":1000,\"height\":1333,\"caption\":\"Caviar de moutarde au miel et aux graines\"},{\"@type\":\"BreadcrumbList\",\"@id\":\"https:\/\/bio-senf.ch\/fr\/shop\/zofiger-bio-senfkaviar-honig\/#breadcrumb\",\"itemListElement\":[{\"@type\":\"ListItem\",\"position\":1,\"name\":\"Startseite\",\"item\":\"https:\/\/bio-senf.ch\/fr\/\"},{\"@type\":\"ListItem\",\"position\":2,\"name\":\"Boutique\",\"item\":\"https:\/\/bio-senf.ch\/boutique\/?lang=fr\"},{\"@type\":\"ListItem\",\"position\":3,\"name\":\"Moutarde bio caviar au miel de graines de moutarde enti\u00e8res\"}]},{\"@type\":\"WebSite\",\"@id\":\"https:\/\/bio-senf.ch\/fr\/#website\",\"url\":\"https:\/\/bio-senf.ch\/fr\/\",\"name\":\"Bio-Senf\",\"description\":\"Wir geben \u00fcberall unseren Senf dazu\",\"potentialAction\":[{\"@type\":\"SearchAction\",\"target\":{\"@type\":\"EntryPoint\",\"urlTemplate\":\"https:\/\/bio-senf.ch\/fr\/?s={search_term_string}\"},\"query-input\":{\"@type\":\"PropertyValueSpecification\",\"valueRequired\":true,\"valueName\":\"search_term_string\"}}],\"inLanguage\":\"fr-FR\"}]}<\/script>\n<!-- \/ Yoast SEO plugin. -->","yoast_head_json":{"title":"Moutarde bio caviar au miel de graines de moutarde enti\u00e8res - Bio-Senf","description":"Moutarde bio caviar de moutarde bio au miel. Chez Bio-Senf, il y a plus de 25 sortes de moutarde Bourgeon. \u00c0 commander ici en ligne dans la boutique. .","robots":{"index":"index","follow":"follow","max-snippet":"max-snippet:-1","max-image-preview":"max-image-preview:large","max-video-preview":"max-video-preview:-1"},"canonical":"https:\/\/bio-senf.ch\/fr\/shop\/zofiger-bio-senfkaviar-honig\/","og_locale":"fr_FR","og_type":"article","og_title":"Moutarde bio caviar au miel de graines de moutarde enti\u00e8res - Bio-Senf","og_description":"Moutarde bio caviar de moutarde bio au miel. Chez Bio-Senf, il y a plus de 25 sortes de moutarde Bourgeon. \u00c0 commander ici en ligne dans la boutique. .","og_url":"https:\/\/bio-senf.ch\/fr\/shop\/zofiger-bio-senfkaviar-honig\/","og_site_name":"Bio-Senf","article_modified_time":"2025-01-31T07:15:17+00:00","og_image":[{"width":1000,"height":1333,"url":"https:\/\/bio-senf.ch\/wp-content\/uploads\/20250129_142007-scaled-e1738252776402.jpg","type":"image\/jpeg"}],"twitter_card":"summary_large_image","twitter_misc":{"Dur\u00e9e de lecture estim\u00e9e":"3 minutes"},"schema":{"@context":"https:\/\/schema.org","@graph":[{"@type":"WebPage","@id":"https:\/\/bio-senf.ch\/fr\/shop\/zofiger-bio-senfkaviar-honig\/","url":"https:\/\/bio-senf.ch\/fr\/shop\/zofiger-bio-senfkaviar-honig\/","name":"Moutarde bio caviar au miel de graines de moutarde enti\u00e8res - Bio-Senf","isPartOf":{"@id":"https:\/\/bio-senf.ch\/fr\/#website"},"primaryImageOfPage":{"@id":"https:\/\/bio-senf.ch\/fr\/shop\/zofiger-bio-senfkaviar-honig\/#primaryimage"},"image":{"@id":"https:\/\/bio-senf.ch\/fr\/shop\/zofiger-bio-senfkaviar-honig\/#primaryimage"},"thumbnailUrl":"https:\/\/bio-senf.ch\/wp-content\/uploads\/20250129_142007-scaled-e1738252776402.jpg","datePublished":"2020-11-20T12:56:01+00:00","dateModified":"2025-01-31T07:15:17+00:00","description":"Moutarde bio caviar de moutarde bio au miel. Chez Bio-Senf, il y a plus de 25 sortes de moutarde Bourgeon. \u00c0 commander ici en ligne dans la boutique. .","breadcrumb":{"@id":"https:\/\/bio-senf.ch\/fr\/shop\/zofiger-bio-senfkaviar-honig\/#breadcrumb"},"inLanguage":"fr-FR","potentialAction":[{"@type":"ReadAction","target":["https:\/\/bio-senf.ch\/fr\/shop\/zofiger-bio-senfkaviar-honig\/"]}]},{"@type":"ImageObject","inLanguage":"fr-FR","@id":"https:\/\/bio-senf.ch\/fr\/shop\/zofiger-bio-senfkaviar-honig\/#primaryimage","url":"https:\/\/bio-senf.ch\/wp-content\/uploads\/20250129_142007-scaled-e1738252776402.jpg","contentUrl":"https:\/\/bio-senf.ch\/wp-content\/uploads\/20250129_142007-scaled-e1738252776402.jpg","width":1000,"height":1333,"caption":"Caviar de moutarde au miel et aux graines"},{"@type":"BreadcrumbList","@id":"https:\/\/bio-senf.ch\/fr\/shop\/zofiger-bio-senfkaviar-honig\/#breadcrumb","itemListElement":[{"@type":"ListItem","position":1,"name":"Startseite","item":"https:\/\/bio-senf.ch\/fr\/"},{"@type":"ListItem","position":2,"name":"Boutique","item":"https:\/\/bio-senf.ch\/boutique\/?lang=fr"},{"@type":"ListItem","position":3,"name":"Moutarde bio caviar au miel de graines de moutarde enti\u00e8res"}]},{"@type":"WebSite","@id":"https:\/\/bio-senf.ch\/fr\/#website","url":"https:\/\/bio-senf.ch\/fr\/","name":"Bio-Senf","description":"Wir geben \u00fcberall unseren Senf dazu","potentialAction":[{"@type":"SearchAction","target":{"@type":"EntryPoint","urlTemplate":"https:\/\/bio-senf.ch\/fr\/?s={search_term_string}"},"query-input":{"@type":"PropertyValueSpecification","valueRequired":true,"valueName":"search_term_string"}}],"inLanguage":"fr-FR"}]}},"_links":{"self":[{"href":"https:\/\/bio-senf.ch\/fr\/wp-json\/wp\/v2\/product\/4825","targetHints":{"allow":["GET"]}}],"collection":[{"href":"https:\/\/bio-senf.ch\/fr\/wp-json\/wp\/v2\/product"}],"about":[{"href":"https:\/\/bio-senf.ch\/fr\/wp-json\/wp\/v2\/types\/product"}],"wp:featuredmedia":[{"embeddable":true,"href":"https:\/\/bio-senf.ch\/fr\/wp-json\/wp\/v2\/media\/6268"}],"wp:attachment":[{"href":"https:\/\/bio-senf.ch\/fr\/wp-json\/wp\/v2\/media?parent=4825"}],"wp:term":[{"taxonomy":"product_brand","embeddable":true,"href":"https:\/\/bio-senf.ch\/fr\/wp-json\/wp\/v2\/product_brand?post=4825"},{"taxonomy":"product_cat","embeddable":true,"href":"https:\/\/bio-senf.ch\/fr\/wp-json\/wp\/v2\/product_cat?post=4825"},{"taxonomy":"product_tag","embeddable":true,"href":"https:\/\/bio-senf.ch\/fr\/wp-json\/wp\/v2\/product_tag?post=4825"}],"curies":[{"name":"wp","href":"https:\/\/api.w.org\/{rel}","templated":true}]}}