{"id":4820,"date":"2021-03-09T10:02:54","date_gmt":"2021-03-09T09:02:54","guid":{"rendered":"https:\/\/bio-senf.ch\/shop\/zofiger-bio-senf-geschenkpackung-creme-farbig\/"},"modified":"2024-12-29T14:29:54","modified_gmt":"2024-12-29T13:29:54","slug":"zofiger-bio-senf-geschenkpackung-creme-farbig","status":"publish","type":"product","link":"https:\/\/bio-senf.ch\/fr\/shop\/zofiger-bio-senf-geschenkpackung-creme-farbig\/","title":{"rendered":"paquet cadeau couleur cr\u00e8me &#8211; color\u00e9"},"content":{"rendered":"<section class='av_textblock_section av-2mtrce-cde6997ab91f0d4b6575c4083f125bdf ' itemscope=\"itemscope\" itemtype=\"https:\/\/schema.org\/CreativeWork\" ><div class='avia_textblock' itemprop=\"text\" ><p><strong>Paquet cadeau couleur jaune <\/strong><\/p>\n<p>Pour les cadeaux aux collaborateurs &#8211; par exemple \u00e0 leur anniversaire, pour les cadeaux aux amis ou comme cadeau de No\u00ebl comestible, il existe la possibilit\u00e9 d&rsquo;un paquet cadeau de trois.<br \/>\nLa photo contient trois pots de moutarde &#8211; ils ne sont PAS inclus dans le prix !<\/p>\n<p>Le format est toujours le m\u00eame. Le coffret cadeau est disponible dans les couleurs suivantes &#8211; jusqu&rsquo;\u00e0 \u00e9puisement des stocks :<\/p>\n<p>Bleu &#8211; n&rsquo;est plus livrable<br \/>\nVert<br \/>\nRouge &#8211; n&rsquo;est plus livrable<br \/>\nCr\u00e8me (dans le style de couleur de la cr\u00e8me caramel)<br \/>\nJaune &#8211; n&rsquo;est plus livrable<br \/>\nBlanc<\/p>\n<p>Il y a de la place pour trois pots de moutarde bio Zofiger Manufaktur au maximum. Bien entendu, vous \u00eates libre de choisir le nombre de pi\u00e8ces de verre que vous souhaitez offrir dans le paquet cadeau. Vous pouvez y emballer de un \u00e0 trois verres. Si vous commandez moins de trois pots de moutarde, vous pourriez (faire) emballer d&rsquo;autres cadeaux selon votre choix.<\/p>\n<p>Vous pouvez choisir librement les vari\u00e9t\u00e9s de moutarde bio ou les m\u00e9langer de mani\u00e8re sauvage.<br \/>\nSauvage, c&rsquo;est-\u00e0-dire que vous commandez un certain nombre de paquets cadeaux et je les m\u00e9lange avec des trois vari\u00e9t\u00e9s populaires.<\/p>\n<p>Le prix s&rsquo;entend en plus des verres \u00e0 offrir.<\/p>\n<p>Apr\u00e8s r\u00e9ception du paquet cadeau, je vous prie d&rsquo;enlever le mat\u00e9riel de bourrage \u00e0 l&rsquo;int\u00e9rieur de l&#8217;emballage.<\/p>\n<\/div><\/section>\n","protected":false},"excerpt":{"rendered":"<p>Paquet cadeau pour trois moutardes maximum<\/p>\n","protected":false},"featured_media":4821,"template":"","meta":[],"product_brand":[],"product_cat":[550],"product_tag":[552,551,556,557,554,555,558,553,548],"class_list":{"0":"post-4820","1":"product","2":"type-product","3":"status-publish","4":"has-post-thumbnail","6":"product_cat-unkategorisiert-fr","7":"product_tag-cadeau-fr","8":"product_tag-cadeau-danniversaire-fr","9":"product_tag-cadeau-pour-les-employes-fr","10":"product_tag-cadeau-pour-les-employes-fr-3","11":"product_tag-kundengeschenk-fr","12":"product_tag-kundenpraesent-fr","13":"product_tag-noel","14":"product_tag-paquet-cadeau","15":"product_tag-specialite-de-zofingue","17":"first","18":"instock","19":"taxable","20":"shipping-taxable","21":"purchasable","22":"product-type-simple"},"yoast_head":"<!-- This site is optimized with the Yoast SEO plugin v27.1.1 - https:\/\/yoast.com\/product\/yoast-seo-wordpress\/ -->\n<title>paquet cadeau couleur cr\u00e8me - color\u00e9 - Bio-Senf<\/title>\n<meta name=\"description\" content=\"Paquet cadeau pour les cadeaux aux collaborateurs ou les cadeaux aux amis et connaissances. A commander ici en ligne dans la boutique. .\" \/>\n<meta name=\"robots\" content=\"index, follow, max-snippet:-1, max-image-preview:large, max-video-preview:-1\" \/>\n<link rel=\"canonical\" href=\"https:\/\/bio-senf.ch\/fr\/shop\/zofiger-bio-senf-geschenkpackung-creme-farbig\/\" \/>\n<meta property=\"og:locale\" content=\"fr_FR\" \/>\n<meta property=\"og:type\" content=\"article\" \/>\n<meta property=\"og:title\" content=\"paquet cadeau couleur cr\u00e8me - color\u00e9 - Bio-Senf\" \/>\n<meta property=\"og:description\" content=\"Paquet cadeau pour les cadeaux aux collaborateurs ou les cadeaux aux amis et connaissances. A commander ici en ligne dans la boutique. .\" \/>\n<meta property=\"og:url\" content=\"https:\/\/bio-senf.ch\/fr\/shop\/zofiger-bio-senf-geschenkpackung-creme-farbig\/\" \/>\n<meta property=\"og:site_name\" content=\"Bio-Senf\" \/>\n<meta property=\"article:modified_time\" content=\"2024-12-29T13:29:54+00:00\" \/>\n<meta property=\"og:image\" content=\"https:\/\/bio-senf.ch\/wp-content\/uploads\/DSC_0009-e1530651198744.jpg\" \/>\n\t<meta property=\"og:image:width\" content=\"600\" \/>\n\t<meta property=\"og:image:height\" content=\"400\" \/>\n\t<meta property=\"og:image:type\" content=\"image\/jpeg\" \/>\n<meta name=\"twitter:card\" content=\"summary_large_image\" \/>\n<meta name=\"twitter:label1\" content=\"Dur\u00e9e de lecture estim\u00e9e\" \/>\n\t<meta name=\"twitter:data1\" content=\"2 minutes\" \/>\n<script type=\"application\/ld+json\" class=\"yoast-schema-graph\">{\"@context\":\"https:\/\/schema.org\",\"@graph\":[{\"@type\":\"WebPage\",\"@id\":\"https:\/\/bio-senf.ch\/fr\/shop\/zofiger-bio-senf-geschenkpackung-creme-farbig\/\",\"url\":\"https:\/\/bio-senf.ch\/fr\/shop\/zofiger-bio-senf-geschenkpackung-creme-farbig\/\",\"name\":\"paquet cadeau couleur cr\u00e8me - color\u00e9 - Bio-Senf\",\"isPartOf\":{\"@id\":\"https:\/\/bio-senf.ch\/fr\/#website\"},\"primaryImageOfPage\":{\"@id\":\"https:\/\/bio-senf.ch\/fr\/shop\/zofiger-bio-senf-geschenkpackung-creme-farbig\/#primaryimage\"},\"image\":{\"@id\":\"https:\/\/bio-senf.ch\/fr\/shop\/zofiger-bio-senf-geschenkpackung-creme-farbig\/#primaryimage\"},\"thumbnailUrl\":\"https:\/\/bio-senf.ch\/wp-content\/uploads\/DSC_0009-e1530651198744.jpg\",\"datePublished\":\"2021-03-09T09:02:54+00:00\",\"dateModified\":\"2024-12-29T13:29:54+00:00\",\"description\":\"Paquet cadeau pour les cadeaux aux collaborateurs ou les cadeaux aux amis et connaissances. A commander ici en ligne dans la boutique. .\",\"breadcrumb\":{\"@id\":\"https:\/\/bio-senf.ch\/fr\/shop\/zofiger-bio-senf-geschenkpackung-creme-farbig\/#breadcrumb\"},\"inLanguage\":\"fr-FR\",\"potentialAction\":[{\"@type\":\"ReadAction\",\"target\":[\"https:\/\/bio-senf.ch\/fr\/shop\/zofiger-bio-senf-geschenkpackung-creme-farbig\/\"]}]},{\"@type\":\"ImageObject\",\"inLanguage\":\"fr-FR\",\"@id\":\"https:\/\/bio-senf.ch\/fr\/shop\/zofiger-bio-senf-geschenkpackung-creme-farbig\/#primaryimage\",\"url\":\"https:\/\/bio-senf.ch\/wp-content\/uploads\/DSC_0009-e1530651198744.jpg\",\"contentUrl\":\"https:\/\/bio-senf.ch\/wp-content\/uploads\/DSC_0009-e1530651198744.jpg\",\"width\":600,\"height\":400,\"caption\":\"Collaborateurs, amis, paquet cadeauCadeau pour amis, collaborateurs, associations, partenaires commerciaux, clients\"},{\"@type\":\"BreadcrumbList\",\"@id\":\"https:\/\/bio-senf.ch\/fr\/shop\/zofiger-bio-senf-geschenkpackung-creme-farbig\/#breadcrumb\",\"itemListElement\":[{\"@type\":\"ListItem\",\"position\":1,\"name\":\"Startseite\",\"item\":\"https:\/\/bio-senf.ch\/fr\/\"},{\"@type\":\"ListItem\",\"position\":2,\"name\":\"Boutique\",\"item\":\"https:\/\/bio-senf.ch\/boutique\/?lang=fr\"},{\"@type\":\"ListItem\",\"position\":3,\"name\":\"paquet cadeau couleur cr\u00e8me &#8211; color\u00e9\"}]},{\"@type\":\"WebSite\",\"@id\":\"https:\/\/bio-senf.ch\/fr\/#website\",\"url\":\"https:\/\/bio-senf.ch\/fr\/\",\"name\":\"Bio-Senf\",\"description\":\"Wir geben \u00fcberall unseren Senf dazu\",\"potentialAction\":[{\"@type\":\"SearchAction\",\"target\":{\"@type\":\"EntryPoint\",\"urlTemplate\":\"https:\/\/bio-senf.ch\/fr\/?s={search_term_string}\"},\"query-input\":{\"@type\":\"PropertyValueSpecification\",\"valueRequired\":true,\"valueName\":\"search_term_string\"}}],\"inLanguage\":\"fr-FR\"}]}<\/script>\n<!-- \/ Yoast SEO plugin. -->","yoast_head_json":{"title":"paquet cadeau couleur cr\u00e8me - color\u00e9 - Bio-Senf","description":"Paquet cadeau pour les cadeaux aux collaborateurs ou les cadeaux aux amis et connaissances. A commander ici en ligne dans la boutique. .","robots":{"index":"index","follow":"follow","max-snippet":"max-snippet:-1","max-image-preview":"max-image-preview:large","max-video-preview":"max-video-preview:-1"},"canonical":"https:\/\/bio-senf.ch\/fr\/shop\/zofiger-bio-senf-geschenkpackung-creme-farbig\/","og_locale":"fr_FR","og_type":"article","og_title":"paquet cadeau couleur cr\u00e8me - color\u00e9 - Bio-Senf","og_description":"Paquet cadeau pour les cadeaux aux collaborateurs ou les cadeaux aux amis et connaissances. A commander ici en ligne dans la boutique. .","og_url":"https:\/\/bio-senf.ch\/fr\/shop\/zofiger-bio-senf-geschenkpackung-creme-farbig\/","og_site_name":"Bio-Senf","article_modified_time":"2024-12-29T13:29:54+00:00","og_image":[{"width":600,"height":400,"url":"https:\/\/bio-senf.ch\/wp-content\/uploads\/DSC_0009-e1530651198744.jpg","type":"image\/jpeg"}],"twitter_card":"summary_large_image","twitter_misc":{"Dur\u00e9e de lecture estim\u00e9e":"2 minutes"},"schema":{"@context":"https:\/\/schema.org","@graph":[{"@type":"WebPage","@id":"https:\/\/bio-senf.ch\/fr\/shop\/zofiger-bio-senf-geschenkpackung-creme-farbig\/","url":"https:\/\/bio-senf.ch\/fr\/shop\/zofiger-bio-senf-geschenkpackung-creme-farbig\/","name":"paquet cadeau couleur cr\u00e8me - color\u00e9 - Bio-Senf","isPartOf":{"@id":"https:\/\/bio-senf.ch\/fr\/#website"},"primaryImageOfPage":{"@id":"https:\/\/bio-senf.ch\/fr\/shop\/zofiger-bio-senf-geschenkpackung-creme-farbig\/#primaryimage"},"image":{"@id":"https:\/\/bio-senf.ch\/fr\/shop\/zofiger-bio-senf-geschenkpackung-creme-farbig\/#primaryimage"},"thumbnailUrl":"https:\/\/bio-senf.ch\/wp-content\/uploads\/DSC_0009-e1530651198744.jpg","datePublished":"2021-03-09T09:02:54+00:00","dateModified":"2024-12-29T13:29:54+00:00","description":"Paquet cadeau pour les cadeaux aux collaborateurs ou les cadeaux aux amis et connaissances. A commander ici en ligne dans la boutique. .","breadcrumb":{"@id":"https:\/\/bio-senf.ch\/fr\/shop\/zofiger-bio-senf-geschenkpackung-creme-farbig\/#breadcrumb"},"inLanguage":"fr-FR","potentialAction":[{"@type":"ReadAction","target":["https:\/\/bio-senf.ch\/fr\/shop\/zofiger-bio-senf-geschenkpackung-creme-farbig\/"]}]},{"@type":"ImageObject","inLanguage":"fr-FR","@id":"https:\/\/bio-senf.ch\/fr\/shop\/zofiger-bio-senf-geschenkpackung-creme-farbig\/#primaryimage","url":"https:\/\/bio-senf.ch\/wp-content\/uploads\/DSC_0009-e1530651198744.jpg","contentUrl":"https:\/\/bio-senf.ch\/wp-content\/uploads\/DSC_0009-e1530651198744.jpg","width":600,"height":400,"caption":"Collaborateurs, amis, paquet cadeauCadeau pour amis, collaborateurs, associations, partenaires commerciaux, clients"},{"@type":"BreadcrumbList","@id":"https:\/\/bio-senf.ch\/fr\/shop\/zofiger-bio-senf-geschenkpackung-creme-farbig\/#breadcrumb","itemListElement":[{"@type":"ListItem","position":1,"name":"Startseite","item":"https:\/\/bio-senf.ch\/fr\/"},{"@type":"ListItem","position":2,"name":"Boutique","item":"https:\/\/bio-senf.ch\/boutique\/?lang=fr"},{"@type":"ListItem","position":3,"name":"paquet cadeau couleur cr\u00e8me &#8211; color\u00e9"}]},{"@type":"WebSite","@id":"https:\/\/bio-senf.ch\/fr\/#website","url":"https:\/\/bio-senf.ch\/fr\/","name":"Bio-Senf","description":"Wir geben \u00fcberall unseren Senf dazu","potentialAction":[{"@type":"SearchAction","target":{"@type":"EntryPoint","urlTemplate":"https:\/\/bio-senf.ch\/fr\/?s={search_term_string}"},"query-input":{"@type":"PropertyValueSpecification","valueRequired":true,"valueName":"search_term_string"}}],"inLanguage":"fr-FR"}]}},"_links":{"self":[{"href":"https:\/\/bio-senf.ch\/fr\/wp-json\/wp\/v2\/product\/4820","targetHints":{"allow":["GET"]}}],"collection":[{"href":"https:\/\/bio-senf.ch\/fr\/wp-json\/wp\/v2\/product"}],"about":[{"href":"https:\/\/bio-senf.ch\/fr\/wp-json\/wp\/v2\/types\/product"}],"wp:featuredmedia":[{"embeddable":true,"href":"https:\/\/bio-senf.ch\/fr\/wp-json\/wp\/v2\/media\/4821"}],"wp:attachment":[{"href":"https:\/\/bio-senf.ch\/fr\/wp-json\/wp\/v2\/media?parent=4820"}],"wp:term":[{"taxonomy":"product_brand","embeddable":true,"href":"https:\/\/bio-senf.ch\/fr\/wp-json\/wp\/v2\/product_brand?post=4820"},{"taxonomy":"product_cat","embeddable":true,"href":"https:\/\/bio-senf.ch\/fr\/wp-json\/wp\/v2\/product_cat?post=4820"},{"taxonomy":"product_tag","embeddable":true,"href":"https:\/\/bio-senf.ch\/fr\/wp-json\/wp\/v2\/product_tag?post=4820"}],"curies":[{"name":"wp","href":"https:\/\/api.w.org\/{rel}","templated":true}]}}