{"id":4969,"date":"2022-08-02T09:28:09","date_gmt":"2022-08-02T07:28:09","guid":{"rendered":"https:\/\/bio-senf.ch\/histoire\/production\/"},"modified":"2022-08-02T09:28:09","modified_gmt":"2022-08-02T07:28:09","slug":"production","status":"publish","type":"page","link":"https:\/\/bio-senf.ch\/fr\/histoire\/production\/","title":{"rendered":"Production"},"content":{"rendered":"<p>Toutes les moutardes sont fabriqu\u00e9es avec <strong><br \/>\n <em>produits bio et suisses <\/em><br \/>\n<\/strong>fabriqu\u00e9es. Malheureusement, tous les ingr\u00e9dients ne sont pas cultiv\u00e9s en Suisse. Je me les procure dans des magasins sp\u00e9cialis\u00e9s.<br \/>\nLes aliments bio sont marqu\u00e9s d&rsquo;un ast\u00e9risque <strong>* <\/strong>(c&rsquo;est-\u00e0-dire qu&rsquo;il s&rsquo;agit de produits suisses) dans la liste des ingr\u00e9dients. Les produits \u00e9trangers ont encore le sigle international du pays derri\u00e8re eux.<\/p>\n<p>Ma moutarde bio est fabriqu\u00e9e avec le grain entier &#8211; on pourrait donc la qualifier de moutarde compl\u00e8te.<br \/>\nCertaines de mes moutardes bio sont aussi une exp\u00e9rience pour les <strong>amateurs de crudit\u00e9s.<\/strong> <\/p>\n<p>Le vinaigre de cidre et le vinaigre de poir\u00e9 sont fabriqu\u00e9s \u00e0 froid, c&rsquo;est-\u00e0-dire qu&rsquo;ils n&rsquo;ont JAMAIS \u00e9t\u00e9 chauff\u00e9s et qu&rsquo;ils n&rsquo;ont JAMAIS subi de filtre animal (g\u00e9latine). Il serait donc \u00e9galement d\u00e9licieux pour les personnes v\u00e9g\u00e9taliennes.<br \/>\nSur demande, je peux aussi fabriquer des moutardes<strong> SANS vinaigre <\/strong>, qui se conservent alors un peu moins longtemps !<\/p>\n<p>Je propose des produits de niche en petites portions pour les connaisseurs. Ma moutarde bio est unique et authentique.<br \/>\nIl ne subit JAMAIS de traitement thermique. Il est produit par un proc\u00e9d\u00e9 \u00e0 froid. Et donc moulu lentement de mani\u00e8re traditionnelle &#8211; c&rsquo;est-\u00e0-dire avec un moulin \u00e0 pierre de 700 kg.<\/p>\n<p><strong><span style=\"text-decoration: underline;\"><em>Histoire de la moutarde<\/em><\/span><\/strong><\/p>\n<p>La moutarde traverse toute l&rsquo;histoire de l&rsquo;humanit\u00e9 jusqu&rsquo;\u00e0 nos jours. Depuis plusieurs mill\u00e9naires, la moutarde est consid\u00e9r\u00e9e comme l&rsquo;une des \u00e9pices les plus r\u00e9pandues dans le monde. Pourtant, la Bible en parle d\u00e9j\u00e0. On pense que les Chinois le cultivaient d\u00e9j\u00e0 il y a 3000 ans. On pense \u00e9galement que la moutarde est originaire de l&rsquo;\u00c9gypte ancienne et qu&rsquo;elle a \u00e9t\u00e9 export\u00e9e en Europe par les Romains. Ils l&rsquo;utilisaient comme aliment ou comme m\u00e9dicament. On croyait qu&rsquo;il gu\u00e9rissait l&rsquo;hyst\u00e9rie, les morsures de serpent et la peste bubonique.<br \/>\nEn 795, Charlemagne a m\u00eame ordonn\u00e9 officiellement la culture de la moutarde en Allemagne. Et on raconte que Louis XI de France ne sortait jamais de chez lui sans son pot de moutarde &#8211; au cas o\u00f9 il devait passer la nuit chez des barbares qui s&rsquo;abstenaient de moutarde.<br \/>\n\u00c0 l&rsquo;\u00e9poque protohistorique, le jus de raisin ferment\u00e9 \u00e9tait consid\u00e9r\u00e9 comme une boisson populaire, souvent assaisonn\u00e9e de graines de moutarde. Le jus de raisin est connu sous le nom de mo\u00fbt, ce qui a donn\u00e9 naissance au mot mostrich de \u00ab mo\u00fbt br\u00fblant \u00bb. En fran\u00e7ais, on l&rsquo;appelle encore aujourd&rsquo;hui la mostarde.<\/p>\n<p><strong><em><span style=\"text-decoration: underline;\">L&rsquo;industrie fabrique la moutarde de la mani\u00e8re suivante :<\/span><\/em><\/strong><\/p>\n<p>Aujourd&rsquo;hui, les fabricants industriels de moutarde se procurent leurs mati\u00e8res premi\u00e8res sur le march\u00e9 mondial.<br \/>\nEn raison de leur \u00e9troite parent\u00e9 avec le colza, les graines de moutarde d&rsquo;outre-mer (Canada) sont de plus en plus soup\u00e7onn\u00e9es d&rsquo;\u00eatre contamin\u00e9es par du colza g\u00e9n\u00e9tiquement modifi\u00e9.<\/p>\n<p>La production moderne de moutarde n&rsquo;a plus rien d&rsquo;original : les huiles essentielles sont enti\u00e8rement extraites des graines et priv\u00e9es de leur piquant naturel pour \u00eatre r\u00e9introduites artificiellement plus tard, g\u00e9n\u00e9ralement avec du raifort.<br \/>\nLes propri\u00e9t\u00e9s saines de la moutarde sont alors g\u00e9n\u00e9ralement perdues.<\/p>\n","protected":false},"excerpt":{"rendered":"<p>Toutes les moutardes sont fabriqu\u00e9es avec produits bio et suisses fabriqu\u00e9es. Malheureusement, tous les ingr\u00e9dients ne sont pas cultiv\u00e9s en Suisse. Je me les procure dans des magasins sp\u00e9cialis\u00e9s. Les aliments bio sont marqu\u00e9s d&rsquo;un ast\u00e9risque * (c&rsquo;est-\u00e0-dire qu&rsquo;il s&rsquo;agit de produits suisses) dans la liste des ingr\u00e9dients. Les produits \u00e9trangers ont encore le sigle [&hellip;]<\/p>\n","protected":false},"author":3,"featured_media":0,"parent":4956,"menu_order":2,"comment_status":"closed","ping_status":"closed","template":"","meta":{"footnotes":""},"class_list":["post-4969","page","type-page","status-publish","hentry"],"yoast_head":"<!-- This site is optimized with the Yoast SEO plugin v27.1.1 - https:\/\/yoast.com\/product\/yoast-seo-wordpress\/ -->\n<title>Production - Bio-Senf<\/title>\n<meta name=\"description\" content=\"Fabrication de moutarde bio. Toutes les moutardes sont fabriqu\u00e9es avec des produits bio et suisses\" \/>\n<meta name=\"robots\" content=\"index, follow, max-snippet:-1, max-image-preview:large, max-video-preview:-1\" \/>\n<link rel=\"canonical\" href=\"https:\/\/bio-senf.ch\/fr\/histoire\/production\/\" \/>\n<meta property=\"og:locale\" content=\"fr_FR\" \/>\n<meta property=\"og:type\" content=\"article\" \/>\n<meta property=\"og:title\" content=\"Production - Bio-Senf\" \/>\n<meta property=\"og:description\" content=\"Fabrication de moutarde bio. Toutes les moutardes sont fabriqu\u00e9es avec des produits bio et suisses\" \/>\n<meta property=\"og:url\" content=\"https:\/\/bio-senf.ch\/fr\/histoire\/production\/\" \/>\n<meta property=\"og:site_name\" content=\"Bio-Senf\" \/>\n<meta name=\"twitter:card\" content=\"summary_large_image\" \/>\n<meta name=\"twitter:label1\" content=\"Dur\u00e9e de lecture estim\u00e9e\" \/>\n\t<meta name=\"twitter:data1\" content=\"3 minutes\" \/>\n<script type=\"application\/ld+json\" class=\"yoast-schema-graph\">{\"@context\":\"https:\/\/schema.org\",\"@graph\":[{\"@type\":\"WebPage\",\"@id\":\"https:\/\/bio-senf.ch\/fr\/histoire\/production\/\",\"url\":\"https:\/\/bio-senf.ch\/fr\/histoire\/production\/\",\"name\":\"Production - Bio-Senf\",\"isPartOf\":{\"@id\":\"https:\/\/bio-senf.ch\/fr\/#website\"},\"datePublished\":\"2022-08-02T07:28:09+00:00\",\"description\":\"Fabrication de moutarde bio. Toutes les moutardes sont fabriqu\u00e9es avec des produits bio et suisses\",\"breadcrumb\":{\"@id\":\"https:\/\/bio-senf.ch\/fr\/histoire\/production\/#breadcrumb\"},\"inLanguage\":\"fr-FR\",\"potentialAction\":[{\"@type\":\"ReadAction\",\"target\":[\"https:\/\/bio-senf.ch\/fr\/histoire\/production\/\"]}]},{\"@type\":\"BreadcrumbList\",\"@id\":\"https:\/\/bio-senf.ch\/fr\/histoire\/production\/#breadcrumb\",\"itemListElement\":[{\"@type\":\"ListItem\",\"position\":1,\"name\":\"Startseite\",\"item\":\"https:\/\/bio-senf.ch\/fr\/\"},{\"@type\":\"ListItem\",\"position\":2,\"name\":\"Histoire\",\"item\":\"https:\/\/bio-senf.ch\/fr\/histoire\/?lang=fr\"},{\"@type\":\"ListItem\",\"position\":3,\"name\":\"Production\"}]},{\"@type\":\"WebSite\",\"@id\":\"https:\/\/bio-senf.ch\/fr\/#website\",\"url\":\"https:\/\/bio-senf.ch\/fr\/\",\"name\":\"Bio-Senf\",\"description\":\"Wir geben \u00fcberall unseren Senf dazu\",\"potentialAction\":[{\"@type\":\"SearchAction\",\"target\":{\"@type\":\"EntryPoint\",\"urlTemplate\":\"https:\/\/bio-senf.ch\/fr\/?s={search_term_string}\"},\"query-input\":{\"@type\":\"PropertyValueSpecification\",\"valueRequired\":true,\"valueName\":\"search_term_string\"}}],\"inLanguage\":\"fr-FR\"}]}<\/script>\n<!-- \/ Yoast SEO plugin. -->","yoast_head_json":{"title":"Production - Bio-Senf","description":"Fabrication de moutarde bio. Toutes les moutardes sont fabriqu\u00e9es avec des produits bio et suisses","robots":{"index":"index","follow":"follow","max-snippet":"max-snippet:-1","max-image-preview":"max-image-preview:large","max-video-preview":"max-video-preview:-1"},"canonical":"https:\/\/bio-senf.ch\/fr\/histoire\/production\/","og_locale":"fr_FR","og_type":"article","og_title":"Production - Bio-Senf","og_description":"Fabrication de moutarde bio. Toutes les moutardes sont fabriqu\u00e9es avec des produits bio et suisses","og_url":"https:\/\/bio-senf.ch\/fr\/histoire\/production\/","og_site_name":"Bio-Senf","twitter_card":"summary_large_image","twitter_misc":{"Dur\u00e9e de lecture estim\u00e9e":"3 minutes"},"schema":{"@context":"https:\/\/schema.org","@graph":[{"@type":"WebPage","@id":"https:\/\/bio-senf.ch\/fr\/histoire\/production\/","url":"https:\/\/bio-senf.ch\/fr\/histoire\/production\/","name":"Production - Bio-Senf","isPartOf":{"@id":"https:\/\/bio-senf.ch\/fr\/#website"},"datePublished":"2022-08-02T07:28:09+00:00","description":"Fabrication de moutarde bio. Toutes les moutardes sont fabriqu\u00e9es avec des produits bio et suisses","breadcrumb":{"@id":"https:\/\/bio-senf.ch\/fr\/histoire\/production\/#breadcrumb"},"inLanguage":"fr-FR","potentialAction":[{"@type":"ReadAction","target":["https:\/\/bio-senf.ch\/fr\/histoire\/production\/"]}]},{"@type":"BreadcrumbList","@id":"https:\/\/bio-senf.ch\/fr\/histoire\/production\/#breadcrumb","itemListElement":[{"@type":"ListItem","position":1,"name":"Startseite","item":"https:\/\/bio-senf.ch\/fr\/"},{"@type":"ListItem","position":2,"name":"Histoire","item":"https:\/\/bio-senf.ch\/fr\/histoire\/?lang=fr"},{"@type":"ListItem","position":3,"name":"Production"}]},{"@type":"WebSite","@id":"https:\/\/bio-senf.ch\/fr\/#website","url":"https:\/\/bio-senf.ch\/fr\/","name":"Bio-Senf","description":"Wir geben \u00fcberall unseren Senf dazu","potentialAction":[{"@type":"SearchAction","target":{"@type":"EntryPoint","urlTemplate":"https:\/\/bio-senf.ch\/fr\/?s={search_term_string}"},"query-input":{"@type":"PropertyValueSpecification","valueRequired":true,"valueName":"search_term_string"}}],"inLanguage":"fr-FR"}]}},"_links":{"self":[{"href":"https:\/\/bio-senf.ch\/fr\/wp-json\/wp\/v2\/pages\/4969","targetHints":{"allow":["GET"]}}],"collection":[{"href":"https:\/\/bio-senf.ch\/fr\/wp-json\/wp\/v2\/pages"}],"about":[{"href":"https:\/\/bio-senf.ch\/fr\/wp-json\/wp\/v2\/types\/page"}],"author":[{"embeddable":true,"href":"https:\/\/bio-senf.ch\/fr\/wp-json\/wp\/v2\/users\/3"}],"replies":[{"embeddable":true,"href":"https:\/\/bio-senf.ch\/fr\/wp-json\/wp\/v2\/comments?post=4969"}],"version-history":[{"count":0,"href":"https:\/\/bio-senf.ch\/fr\/wp-json\/wp\/v2\/pages\/4969\/revisions"}],"up":[{"embeddable":true,"href":"https:\/\/bio-senf.ch\/fr\/wp-json\/wp\/v2\/pages\/4956"}],"wp:attachment":[{"href":"https:\/\/bio-senf.ch\/fr\/wp-json\/wp\/v2\/media?parent=4969"}],"curies":[{"name":"wp","href":"https:\/\/api.w.org\/{rel}","templated":true}]}}